{"id":10707,"date":"2022-07-19T08:30:02","date_gmt":"2022-07-19T08:32:31","guid":{"rendered":"https:\/\/factory.sale\/?post_type=product&#038;p=10707"},"modified":"2024-06-26T08:08:37","modified_gmt":"2024-06-26T08:08:37","slug":"aiamaja-concept-70-m%c2%b2","status":"publish","type":"product","link":"https:\/\/factory.sale\/et\/toode\/aiamaja-concept-70-m%c2%b2\/","title":{"rendered":"Aiamaja CONCEPT (7,0 m\u00b2)"},"content":{"rendered":"<p>[vc_row][vc_column][vc_column_text]Kas Sinu aias vedelevad laiali rattad, lapse \u00f5uem\u00e4nguasjad, niiduk v\u00f5i muud aiatarbed, t\u00f6\u00f6riistad? Sobiva aiamaja soetamisel lood enda koduaeda korra!<br \/>\nAiamaja panipaik CONCEPT pakub asjadele hoiustamist ja kaitseb Sinu vara iga ilma eest.<\/p>\n<p>Peale praktilise otstarbe t\u00e4itmise v\u00f5ib aiamaja kasutada m\u00f5nusa suvemajana, mis pakub kohta kus v\u00f5ib nautida m\u00f5nusaid suve\u00f5htuid, kui sinna paigutada n\u00e4iteks suvem\u00f6\u00f6bel. Kujutle kus perekond v\u00f5i s\u00f5brad on k\u00f5ik koos sumedal suve\u00f5htul, meeldivalt aega veetmas ning grillimas, ja isegi v\u00e4ike vihmasabin ei segaks \u2013 ideaalne!<\/p>\n<p>&nbsp;<\/p>\n<p><strong>Lisainformatsioon:<\/strong><\/p>\n<ul>\n<li>Seinam\u00f5\u00f5dud: 297\/237 cm<\/li>\n<li>Aknaklaas: karastatud pakett<\/li>\n<li>P\u00f5randapindala: 7 m2<\/li>\n<li>Katuseharja k\u00f5rgus: 233 cm<\/li>\n<li>Katusematerjal: katusekate t\u00f5rvapapp<\/li>\n<li>Seina paksus: 19mm<\/li>\n<li>Toode transporditakse osadena, mis on pakitud \u00fchte suurde pakki<\/li>\n<li>Pakim\u00f5\u00f5dud: pikkus 230 cm laius 116 cm k\u00f5rgus 68 cm<\/li>\n<li>Kaal: 435 kg<\/li>\n<\/ul>\n<p>&nbsp;<\/p>\n<p>&nbsp;<\/p>\n<p><strong>Naturaalse t\u00f6\u00f6tlemata puidu puhul tasub teada:<\/strong><\/p>\n<p>Aiamajad on asuvad ilmastikum\u00f5judele avatult v\u00e4liskeskkonnas, vihma ja p\u00e4ikese k\u00e4es. Puit imab vett ja selle niiskussisaldus muutub vastavalt \u00fcmbritseva keskkonna niiskussisalduse muutumisele. Niiskuse suurenedes puit paisub, niiskuse v\u00e4henedes kahaneb. Aias, kus on niiske ja soe, hakkab t\u00f6\u00f6tlemata puit tasapisi pehkima. Puidu h\u00e4vinemist on v\u00f5imalik takistada v\u00f5i v\u00e4hemalt aeglustada seda t\u00f6\u00f6deldes, nii s\u00e4ilib puitmaterjal palju kauem. \u00d5ige t\u00f6\u00f6tlemise korral on puit kaitstud paisumise, UV-kiirguse, hallituse ja sine eest.<\/p>\n<p>Soovitame ostmisel kindlasti naturaalsest puidust aiamaja t\u00f6\u00f6delda selle h\u00e4vinemise eest nii seest kui v\u00e4ljast<br \/>\nSoovitame katusekate v\u00e4ljavahetada kauakestva katte vastu kuna kaasas olev kate on ajutine, mille eluiga on 6-12 kuud<br \/>\nV\u00e4ljast v\u00e4rvitud aiamajad on seest naturaalsest t\u00f6\u00f6tlemata puidust, soovitame niiskust\u00f5kkega t\u00f6\u00f6delda<br \/>\nPakume aiamajade kokkupanekule lisaks t\u00f6\u00f6tlemist<\/p>\n<p>&nbsp;<\/p>\n<p><em>Tarne: 2-4 n\u00e4dalat<\/em><\/p>\n<p><em>K\u00fcsi transpordi ja paigalduse pakkumist<\/em><\/p>\n<p>[\/vc_column_text][\/vc_column][\/vc_row][vc_row][vc_column]<div class=\"video-wrapper \"><iframe loading=\"lazy\" title=\"www.gardenistas.eu\" width=\"500\" height=\"281\" src=\"https:\/\/www.youtube.com\/embed\/c3RgZ_j9jas?feature=oembed\" frameborder=\"0\" allow=\"accelerometer; autoplay; clipboard-write; encrypted-media; gyroscope; picture-in-picture; web-share\" referrerpolicy=\"strict-origin-when-cross-origin\" allowfullscreen><\/iframe><\/div>[\/vc_column][\/vc_row]<\/p>\n","protected":false},"excerpt":{"rendered":"<p>CONCEPT on v\u00f5imalik kasutada panipaigana kui ka suvemajana, kus on meeldiv aega veeta m\u00f5nusatel suvep\u00e4evadel.<br \/>\nStiilse v\u00e4limusega aiamaja sobib nii panipaigaks kui ka suvemajaks igasse aeda.<\/p>\n","protected":false},"featured_media":10696,"comment_status":"open","ping_status":"closed","template":"","meta":{"_acf_changed":false},"factory":[],"free-shipment":[],"product_brand":[],"product_cat":[924,2356],"product_tag":[1483,1020,1484],"class_list":{"0":"post-10707","1":"product","2":"type-product","3":"status-publish","4":"has-post-thumbnail","6":"product_cat-aiatooted","7":"product_cat-aiarajatised","8":"product_tag-garden-et","9":"product_tag-small-house-et","10":"product_tag-yard-et","12":"first","13":"instock","14":"sale","15":"taxable","16":"shipping-taxable","17":"purchasable","18":"product-type-simple"},"acf":[],"_links":{"self":[{"href":"https:\/\/factory.sale\/et\/wp-json\/wp\/v2\/product\/10707","targetHints":{"allow":["GET"]}}],"collection":[{"href":"https:\/\/factory.sale\/et\/wp-json\/wp\/v2\/product"}],"about":[{"href":"https:\/\/factory.sale\/et\/wp-json\/wp\/v2\/types\/product"}],"replies":[{"embeddable":true,"href":"https:\/\/factory.sale\/et\/wp-json\/wp\/v2\/comments?post=10707"}],"wp:featuredmedia":[{"embeddable":true,"href":"https:\/\/factory.sale\/et\/wp-json\/wp\/v2\/media\/10696"}],"wp:attachment":[{"href":"https:\/\/factory.sale\/et\/wp-json\/wp\/v2\/media?parent=10707"}],"wp:term":[{"taxonomy":"factory","embeddable":true,"href":"https:\/\/factory.sale\/et\/wp-json\/wp\/v2\/factory?post=10707"},{"taxonomy":"free-shipment","embeddable":true,"href":"https:\/\/factory.sale\/et\/wp-json\/wp\/v2\/free-shipment?post=10707"},{"taxonomy":"product_brand","embeddable":true,"href":"https:\/\/factory.sale\/et\/wp-json\/wp\/v2\/product_brand?post=10707"},{"taxonomy":"product_cat","embeddable":true,"href":"https:\/\/factory.sale\/et\/wp-json\/wp\/v2\/product_cat?post=10707"},{"taxonomy":"product_tag","embeddable":true,"href":"https:\/\/factory.sale\/et\/wp-json\/wp\/v2\/product_tag?post=10707"}],"curies":[{"name":"wp","href":"https:\/\/api.w.org\/{rel}","templated":true}]}}