{"id":10690,"date":"2022-07-19T08:03:05","date_gmt":"2022-07-19T08:08:22","guid":{"rendered":"https:\/\/factory.sale\/?post_type=product&#038;p=10690"},"modified":"2024-06-26T14:57:10","modified_gmt":"2024-06-26T14:57:10","slug":"aiamaja-emma-verandaga-159m%c2%b2","status":"publish","type":"product","link":"https:\/\/factory.sale\/et\/toode\/aiamaja-emma-verandaga-159m%c2%b2\/","title":{"rendered":"Aiamaja Emma verandaga (15,9m\u00b2)"},"content":{"rendered":"<p>K\u00f5ik vajalikud detailid ja tarvikud sisalduvad komplektis. Teil j\u00e4\u00e4b \u00fcle vaid valida sobiv koht ja valmistada ette aluspind paigalduseks. Komplektis kaasas uksed, aknad ja k\u00f5ik tehnilised joonised, mis lihtsustavad paigaldust. Kvaliteetsed materjalid, hoolas t\u00f6\u00f6 ja korrektne viimistlus tagavad maja p\u00fcsimise pikkade aastate v\u00e4ltel ning kindlustab teile hubased suve\u00f5htud paljudeks aastateks.<\/p>\n<p>&nbsp;<\/p>\n<p>&nbsp;<\/p>\n<p><strong>Lisainformatsioon:<\/strong><\/p>\n<ul>\n<li>P\u00f5hja pindala: 15,9 m\u00b2<\/li>\n<li>Seina v\u00e4lism\u00f5\u00f5dud: 560 x 284 cm<\/li>\n<li>Sisem\u00f5\u00f5dud: 270 x 270 cm (+veranda 274 x 270 cm)<\/li>\n<li>P\u00f5randa pindala: 7,3 m\u00b2 (+veranda 7,4 m\u00b2)<\/li>\n<li>Seinalaua paksus: 19 mm<\/li>\n<li>K\u00fclgseinte k\u00f5rgus: 243 cm<\/li>\n<li>Tagaseina k\u00f5rgus: 200 cm<\/li>\n<li>Katusekonstruktsioon: 19 mm<\/li>\n<li>Katuse pindala: 20,3 m\u00b2<\/li>\n<li>Katuse kaldenurk: 7 \u00b0<\/li>\n<li>Katuseharja k\u00f5rgus: 264 cm<\/li>\n<li>R\u00e4\u00e4sta laius (ees): 27 cm<\/li>\n<li>R\u00e4\u00e4sta laius (k\u00fclgedel): 20 cm<\/li>\n<li>R\u00e4\u00e4sta laius (taga): 25 cm<\/li>\n<li>Katuseprussid: 44 x 120 mm<\/li>\n<li>P\u00f5randa prussid: 44 x 94 mm<\/li>\n<li>P\u00f5randa materjal: 19 mm<\/li>\n<li>Viimistlus: naturaalne puit<\/li>\n<\/ul>\n<p>&nbsp;<\/p>\n<p><em>Katusekate ei kuulu komplekti!<\/em><\/p>\n<p>Aiamajad, kuurid ja paviljonid asuvad ilmastikum\u00f5judele avatult v\u00e4liskeskkonnas, vihma ja p\u00e4ikese k\u00e4es. Puit imab vett ja selle niiskussisaldus muutub vastavalt \u00fcmbritseva keskkonna niiskussisalduse muutumisele. Niiskuse suurenedes puit paisub, niiskuse v\u00e4henedes kahaneb. Aias, kus on niiske ja soe, hakkab t\u00f6\u00f6tlemata puit tasapisi pehkima. Puidu h\u00e4vinemist on v\u00f5imalik takistada v\u00f5i v\u00e4hemalt aeglustada seda t\u00f6\u00f6deldes, nii s\u00e4ilib puitmaterjal palju kauem. \u00d5ige t\u00f6\u00f6tlemise korral on puit kaitstud paisumise, UV-kiirguse, hallituse ja sine eest.<\/p>\n<p>&nbsp;<\/p>\n<p>&nbsp;<\/p>\n<p><em>Tarne: 1-4 n\u00e4dalat<\/em><\/p>\n<p><em>K\u00fcsi transpordi ja paigalduse pakkumist!<\/em><\/p>\n<p>&nbsp;<\/p>\n","protected":false},"excerpt":{"rendered":"<p>Praktiline ja huvitava v\u00e4limusega aiamaja sobib igasse aeda.<\/p>\n<p>Saadaval parempoolse kui ka vasakpoolse terassiga.<\/p>\n<p>Aiamajas saad v\u00f5\u00f5rustada k\u00fclalisi v\u00f5i teha sellest omale vaikne puhkenurk.<\/p>\n","protected":false},"featured_media":10679,"comment_status":"open","ping_status":"closed","template":"","meta":{"_acf_changed":false},"factory":[],"free-shipment":[],"product_brand":[],"product_cat":[924,2356],"product_tag":[1483,1020,1484],"class_list":{"0":"post-10690","1":"product","2":"type-product","3":"status-publish","4":"has-post-thumbnail","6":"product_cat-aiatooted","7":"product_cat-aiarajatised","8":"product_tag-garden-et","9":"product_tag-small-house-et","10":"product_tag-yard-et","12":"first","13":"instock","14":"sale","15":"taxable","16":"shipping-taxable","17":"purchasable","18":"product-type-simple"},"acf":[],"_links":{"self":[{"href":"https:\/\/factory.sale\/et\/wp-json\/wp\/v2\/product\/10690","targetHints":{"allow":["GET"]}}],"collection":[{"href":"https:\/\/factory.sale\/et\/wp-json\/wp\/v2\/product"}],"about":[{"href":"https:\/\/factory.sale\/et\/wp-json\/wp\/v2\/types\/product"}],"replies":[{"embeddable":true,"href":"https:\/\/factory.sale\/et\/wp-json\/wp\/v2\/comments?post=10690"}],"wp:featuredmedia":[{"embeddable":true,"href":"https:\/\/factory.sale\/et\/wp-json\/wp\/v2\/media\/10679"}],"wp:attachment":[{"href":"https:\/\/factory.sale\/et\/wp-json\/wp\/v2\/media?parent=10690"}],"wp:term":[{"taxonomy":"factory","embeddable":true,"href":"https:\/\/factory.sale\/et\/wp-json\/wp\/v2\/factory?post=10690"},{"taxonomy":"free-shipment","embeddable":true,"href":"https:\/\/factory.sale\/et\/wp-json\/wp\/v2\/free-shipment?post=10690"},{"taxonomy":"product_brand","embeddable":true,"href":"https:\/\/factory.sale\/et\/wp-json\/wp\/v2\/product_brand?post=10690"},{"taxonomy":"product_cat","embeddable":true,"href":"https:\/\/factory.sale\/et\/wp-json\/wp\/v2\/product_cat?post=10690"},{"taxonomy":"product_tag","embeddable":true,"href":"https:\/\/factory.sale\/et\/wp-json\/wp\/v2\/product_tag?post=10690"}],"curies":[{"name":"wp","href":"https:\/\/api.w.org\/{rel}","templated":true}]}}