{"id":10630,"date":"2022-07-18T13:53:23","date_gmt":"2022-07-18T13:53:23","guid":{"rendered":"https:\/\/factory.sale\/product\/harvia-vega-bc60-elektriline-sauna-keris\/"},"modified":"2024-06-27T16:00:12","modified_gmt":"2024-06-27T16:00:12","slug":"harvia-vega-bc60-elektriline-sauna-keris","status":"publish","type":"product","link":"https:\/\/factory.sale\/et\/toode\/harvia-vega-bc60-elektriline-sauna-keris\/","title":{"rendered":"HARVIA VEGA BC60, ELEKTRILINE SAUNA KERIS"},"content":{"rendered":"<p>&nbsp;<\/p>\n<p>Harvia Vega on elegantne saunakeris, mida on kerge kasutada. Kerise roostevaba v\u00e4liskorpus annab saunale moodsa ilme. Juhtimisnupud on ergonoomilise paigutusega: k\u00f5rgel kerise k\u00fcljel paiknevaid l\u00fcliteid on lihtne kasutada.<\/p>\n<p>Vega paigaldus on samuti lihtne: keris kinnitatakse eraldi seinaraamile. S\u00fcmmeetrilise disaini t\u00f5ttu saab kerise juhtnuppe lihtsalt paigutada nii paremale kui vasakule poole. Elektri\u00fchendused tehakse kerise k\u00fcljel, mis muudab paigaldamise lihtsaks. Kerise saab paigaldada madalale sauna seinale, see v\u00f5imaldab soojusel kogu saunas \u00fchtlaselt levida, tagades, et ka alumised pingid naudivad rohkelt soojust ja leili.<\/p>\n<p>Ei vaja eraldi juhtseadet.<\/p>\n<p>Lisateabe saamiseks lugege <a href=\"https:\/\/factory.sale\/wp-content\/uploads\/2022\/07\/BC_FISVENDERUETLVLTFRNLPLCSESBG_Y05-0114_24012022.pdf\">juhendit<\/a>. Ei sisalda saunakive<\/p>\n<p>Elektrisoojendi tehnilised andmed:<\/p>\n<p>Tootekood:\u00a0 \u00a0 \u00a0 \u00a0 \u00a0 \u00a0 \u00a0 \u00a0 \u00a0 \u00a0 \u00a0 \u00a0 \u00a0 \u00a0 \u00a0 \u00a0 \u00a0 \u00a0 \u00a0 \u00a0 \u00a0 \u00a0 \u00a0 \u00a0 \u00a0 \u00a0 \u00a0 \u00a0 \u00a0 \u00a0 \u00a0 \u00a0 HCB600400S<br \/>\nV\u00e4ljund kW:\u00a0 \u00a0 \u00a0 \u00a0 \u00a0 \u00a0 \u00a0 \u00a0 \u00a0 \u00a0 \u00a0 \u00a0 \u00a0 \u00a0 \u00a0 \u00a0 \u00a0 \u00a0 \u00a0 \u00a0 \u00a0 \u00a0 \u00a0 \u00a0 \u00a0 \u00a0 \u00a0 \u00a0 \u00a0 \u00a0 \u00a0 6<br \/>\nSaunaruum min &#8211; max suurus m3:\u00a0 \u00a0 \u00a0 \u00a0 \u00a0 \u00a0 \u00a0 \u00a0 \u00a0 \u00a0 \u00a0 5-8<br \/>\nM\u00f5\u00f5dud (KxLxS) mm:\u00a0 \u00a0 \u00a0 \u00a0 \u00a0 \u00a0 \u00a0 \u00a0 \u00a0 \u00a0 \u00a0 \u00a0 \u00a0 \u00a0 \u00a0 \u00a0 \u00a0 \u00a0 \u00a0 \u00a0 \u00a0 \u00a0540x480x310<br \/>\nKaal kg: 11<br \/>\nKivi kandev\u00f5ime max kg:\u00a0 \u00a0 \u00a0 \u00a0 \u00a0 \u00a0 \u00a0 \u00a0 \u00a0 \u00a0 \u00a0 \u00a0 \u00a0 \u00a0 \u00a0 \u00a0 \u00a0 \u00a0 \u00a0 20<br \/>\nMinimaalsed ohutuskaugused (lagi \/ k\u00fcljed): 1100 mm \/ 50 mm<br \/>\nToitepinge, faas:\u00a0 \u00a0 \u00a0 \u00a0 \u00a0 \u00a0 \u00a0 \u00a0 \u00a0 \u00a0 \u00a0 \u00a0 \u00a0 \u00a0 \u00a0 \u00a0 \u00a0 \u00a0 \u00a0 \u00a0 \u00a0 \u00a0 \u00a0 \u00a0 \u00a0 \u00a0 \u00a0400 V 3N~ \/ 230 V 1N~<br \/>\nKaitsme A:\u00a0 \u00a0 \u00a0 \u00a0 \u00a0 \u00a0 \u00a0 \u00a0 \u00a0 \u00a0 \u00a0 \u00a0 \u00a0 \u00a0 \u00a0 \u00a0 \u00a0 \u00a0 \u00a0 \u00a0 \u00a0 \u00a0 \u00a0 \u00a0 \u00a0 \u00a0 \u00a0 \u00a0 \u00a0 \u00a0 \u00a0 \u00a0 3 x 10 \/ 1 x 35<br \/>\n\u00dchenduskaabel, mm\u00b2:\u00a0 \u00a0 \u00a0 \u00a0 \u00a0 \u00a0 \u00a0 \u00a0 \u00a0 \u00a0 \u00a0 \u00a0 \u00a0 \u00a0 \u00a0 \u00a0 \u00a0 \u00a0 \u00a0 \u00a0 \u00a0 \u00a05 x 1,5 \/ 3 x 2,5<br \/>\nJuhtseade:\u00a0 \u00a0 \u00a0 \u00a0 \u00a0 \u00a0 \u00a0 \u00a0 \u00a0 \u00a0 \u00a0 \u00a0 \u00a0 \u00a0 \u00a0 \u00a0 \u00a0 \u00a0 \u00a0 \u00a0 \u00a0 \u00a0 \u00a0 \u00a0 \u00a0 \u00a0 \u00a0 \u00a0 \u00a0 \u00a0 \u00a0 \u00a0 sisseehitatud<br \/>\nVeepaagi maht, l:\u00a0 \u00a0 \u00a0 \u00a0 \u00a0 \u00a0 \u00a0 \u00a0 \u00a0 \u00a0 \u00a0 \u00a0 \u00a0 \u00a0 \u00a0 \u00a0 \u00a0 \u00a0 \u00a0 \u00a0 \u00a0 \u00a0 \u00a0 \u00a0 \u00a0 \u00a0 &#8211;<br \/>\nKivid:\u00a0 \u00a0 \u00a0 \u00a0 \u00a0 \u00a0 \u00a0 \u00a0 \u00a0 \u00a0 \u00a0 \u00a0 \u00a0 \u00a0 \u00a0 \u00a0 \u00a0 \u00a0 \u00a0 \u00a0 \u00a0 \u00a0 \u00a0 \u00a0 \u00a0 \u00a0 \u00a0 \u00a0 \u00a0 \u00a0 \u00a0 \u00a0 \u00a0 \u00a0 \u00a0 \u00a0 Kivid ei kuulu komplekti<\/p>\n","protected":false},"excerpt":{"rendered":"<p>Harvia Vega on kaasaegne ja lihtsalt kasutatav keris maailma suurima saunakeriste tootjalt<\/p>\n","protected":false},"featured_media":10615,"comment_status":"open","ping_status":"closed","template":"","meta":{"_acf_changed":false},"factory":[],"free-shipment":[],"product_brand":[],"product_cat":[1420,306,784],"product_tag":[808],"class_list":{"0":"post-10630","1":"product","2":"type-product","3":"status-publish","4":"has-post-thumbnail","6":"product_cat-harvia-et","7":"product_cat-saunakerised","8":"product_cat-sanitaartehnika","9":"product_tag-kerised","11":"first","12":"instock","13":"sale","14":"taxable","15":"shipping-taxable","16":"purchasable","17":"product-type-simple"},"acf":[],"_links":{"self":[{"href":"https:\/\/factory.sale\/et\/wp-json\/wp\/v2\/product\/10630","targetHints":{"allow":["GET"]}}],"collection":[{"href":"https:\/\/factory.sale\/et\/wp-json\/wp\/v2\/product"}],"about":[{"href":"https:\/\/factory.sale\/et\/wp-json\/wp\/v2\/types\/product"}],"replies":[{"embeddable":true,"href":"https:\/\/factory.sale\/et\/wp-json\/wp\/v2\/comments?post=10630"}],"wp:featuredmedia":[{"embeddable":true,"href":"https:\/\/factory.sale\/et\/wp-json\/wp\/v2\/media\/10615"}],"wp:attachment":[{"href":"https:\/\/factory.sale\/et\/wp-json\/wp\/v2\/media?parent=10630"}],"wp:term":[{"taxonomy":"factory","embeddable":true,"href":"https:\/\/factory.sale\/et\/wp-json\/wp\/v2\/factory?post=10630"},{"taxonomy":"free-shipment","embeddable":true,"href":"https:\/\/factory.sale\/et\/wp-json\/wp\/v2\/free-shipment?post=10630"},{"taxonomy":"product_brand","embeddable":true,"href":"https:\/\/factory.sale\/et\/wp-json\/wp\/v2\/product_brand?post=10630"},{"taxonomy":"product_cat","embeddable":true,"href":"https:\/\/factory.sale\/et\/wp-json\/wp\/v2\/product_cat?post=10630"},{"taxonomy":"product_tag","embeddable":true,"href":"https:\/\/factory.sale\/et\/wp-json\/wp\/v2\/product_tag?post=10630"}],"curies":[{"name":"wp","href":"https:\/\/api.w.org\/{rel}","templated":true}]}}