{"id":10626,"date":"2022-07-18T13:56:13","date_gmt":"2022-07-18T13:56:03","guid":{"rendered":"https:\/\/factory.sale\/?post_type=product&#038;p=10626"},"modified":"2024-06-27T20:29:27","modified_gmt":"2024-06-27T20:29:27","slug":"aiamaja-teemaja-133m%c2%b2","status":"publish","type":"product","link":"https:\/\/factory.sale\/et\/toode\/aiamaja-teemaja-133m%c2%b2\/","title":{"rendered":"Aiamaja\/Teemaja (13,3m\u00b2)"},"content":{"rendered":"<p>K\u00f5ik vajalikud detailid ja tarvikud sisalduvad komplektis. Teil j\u00e4\u00e4b \u00fcle vaid valida sobiv koht ja valmistada ette aluspind paigalduseks. Komplektis kaasas uksed, aknad ja k\u00f5ik tehnilised joonised, mis lihtsustavad paigaldust. Kvaliteetsed materjalid, hoolas t\u00f6\u00f6 ja korrektne viimistlus tagavad maja p\u00fcsimise pikkade aastate v\u00e4ltel ning kindlustab teile hubased suve\u00f5htud paljudeks aastateks.<\/p>\n<p>&nbsp;<\/p>\n<p>&nbsp;<\/p>\n<p><strong>Lisainformatsioon<\/strong>:<\/p>\n<ul>\n<li>P\u00f5hja pindala: 13.3 m\u00b2<\/li>\n<li>Seina v\u00e4lism\u00f5\u00f5dud: 364 x 364 cm<\/li>\n<li>Sisem\u00f5\u00f5dud: 351 x 351 cm<\/li>\n<li>P\u00f5randa pindala: 12.3 m\u00b2<\/li>\n<li>Seinalaua paksus: 19 mm<\/li>\n<li>Esiseina k\u00f5rgus: 203 cm<\/li>\n<li>K\u00fclgseinte k\u00f5rgus: 203 cm<\/li>\n<li>Tagaseina k\u00f5rgus: 203 cm<\/li>\n<li>Katusekonstruktsioon: 19 mm<\/li>\n<li>Katuse pindala: 17.2 m\u00b2<\/li>\n<li>Katuse kaldenurk: 15 \u00b0<\/li>\n<li>Katuseharja k\u00f5rgus: 266 cm<\/li>\n<li>R\u00e4\u00e4sta laius (ees): 20 cm<\/li>\n<li>R\u00e4\u00e4sta laius (k\u00fclgedel): 20 cm<\/li>\n<li>R\u00e4\u00e4sta laius (taga): 20 cm<\/li>\n<li>Katuseprussid: 44 x 70 mm<\/li>\n<li>P\u00f5randa prussid: 44 x 94 mm<\/li>\n<li>P\u00f5randa materjal: 19 mm<\/li>\n<li>Viimistlus: naturaalne puit<\/li>\n<\/ul>\n<p>&nbsp;<\/p>\n<p><em>Tootega ei ole kaasas katusekatet!<\/em><\/p>\n<p>&nbsp;<\/p>\n<p>Aiamajad, kuurid ja paviljonid asuvad ilmastikum\u00f5judele avatult v\u00e4liskeskkonnas, vihma ja p\u00e4ikese k\u00e4es. Puit imab vett ja selle niiskussisaldus muutub vastavalt \u00fcmbritseva keskkonna niiskussisalduse muutumisele. Niiskuse suurenedes puit paisub, niiskuse v\u00e4henedes kahaneb. Aias, kus on niiske ja soe, hakkab t\u00f6\u00f6tlemata puit tasapisi pehkima. Puidu h\u00e4vinemist on v\u00f5imalik takistada v\u00f5i v\u00e4hemalt aeglustada seda t\u00f6\u00f6deldes, nii s\u00e4ilib puitmaterjal palju kauem. \u00d5ige t\u00f6\u00f6tlemise korral on puit kaitstud paisumise, UV-kiirguse, hallituse ja sine eest.<\/p>\n","protected":false},"excerpt":{"rendered":"<p>Praktiline ja huvitava v\u00e4limusega aiamaja\/teemaja sobib igasse aeda.<\/p>\n<p>Aiamajas\/teemajas saad v\u00f5\u00f5rustada k\u00fclalisi v\u00f5i teha sellest omale vaikne puhkenurk.<\/p>\n<p>&nbsp;<\/p>\n","protected":false},"featured_media":10621,"comment_status":"open","ping_status":"closed","template":"","meta":{"_acf_changed":false},"factory":[],"free-shipment":[],"product_brand":[],"product_cat":[924,2356],"product_tag":[1483,1484],"class_list":{"0":"post-10626","1":"product","2":"type-product","3":"status-publish","4":"has-post-thumbnail","6":"product_cat-aiatooted","7":"product_cat-aiarajatised","8":"product_tag-garden-et","9":"product_tag-yard-et","11":"first","12":"instock","13":"sale","14":"taxable","15":"shipping-taxable","16":"purchasable","17":"product-type-simple"},"acf":[],"_links":{"self":[{"href":"https:\/\/factory.sale\/et\/wp-json\/wp\/v2\/product\/10626","targetHints":{"allow":["GET"]}}],"collection":[{"href":"https:\/\/factory.sale\/et\/wp-json\/wp\/v2\/product"}],"about":[{"href":"https:\/\/factory.sale\/et\/wp-json\/wp\/v2\/types\/product"}],"replies":[{"embeddable":true,"href":"https:\/\/factory.sale\/et\/wp-json\/wp\/v2\/comments?post=10626"}],"wp:featuredmedia":[{"embeddable":true,"href":"https:\/\/factory.sale\/et\/wp-json\/wp\/v2\/media\/10621"}],"wp:attachment":[{"href":"https:\/\/factory.sale\/et\/wp-json\/wp\/v2\/media?parent=10626"}],"wp:term":[{"taxonomy":"factory","embeddable":true,"href":"https:\/\/factory.sale\/et\/wp-json\/wp\/v2\/factory?post=10626"},{"taxonomy":"free-shipment","embeddable":true,"href":"https:\/\/factory.sale\/et\/wp-json\/wp\/v2\/free-shipment?post=10626"},{"taxonomy":"product_brand","embeddable":true,"href":"https:\/\/factory.sale\/et\/wp-json\/wp\/v2\/product_brand?post=10626"},{"taxonomy":"product_cat","embeddable":true,"href":"https:\/\/factory.sale\/et\/wp-json\/wp\/v2\/product_cat?post=10626"},{"taxonomy":"product_tag","embeddable":true,"href":"https:\/\/factory.sale\/et\/wp-json\/wp\/v2\/product_tag?post=10626"}],"curies":[{"name":"wp","href":"https:\/\/api.w.org\/{rel}","templated":true}]}}