{"id":10593,"date":"2022-07-19T11:56:12","date_gmt":"2022-07-19T12:01:22","guid":{"rendered":"https:\/\/factory.sale\/?post_type=product&#038;p=10593"},"modified":"2024-07-15T07:41:30","modified_gmt":"2024-07-15T04:41:30","slug":"pargipink-st2","status":"publish","type":"product","link":"https:\/\/factory.sale\/et\/toode\/pargipink-st2\/","title":{"rendered":"Pargipink \u201cSt\u201d"},"content":{"rendered":"<ul>\n<li>Kaasaegne ja samal ajal klassikaline pargipink.<\/li>\n<li>\u00c4\u00e4rmiselt vastupidav teras annab kindluse vastupidavusele.<\/li>\n<li>Puidust iste kolme ristk\u00fclikukujulisest sektsioonist raamiga.<\/li>\n<li>T\u00e4nu sellele on ST2 pargipink kergelt hooldatav.<\/li>\n<li>Selle tulemusena saame toote, mis teenib meid aastaid!<\/li>\n<\/ul>\n<p>&nbsp;<\/p>\n<p>&nbsp;<\/p>\n<p><strong>Lisainformatsioon:<\/strong><\/p>\n<ul>\n<li>Pingi pikkus: 170 cm<\/li>\n<li>Pingi laius: 36 cm<\/li>\n<li>Istme pikkus: 170 cm<\/li>\n<li>Istme laius: 36 cm<\/li>\n<li>Materjal: teras , puit<\/li>\n<li>Tsingitud, pulberv\u00e4rvitud<\/li>\n<li>Puidu toon: Mahagon, tiikpuu, palisander<\/li>\n<li>Sertifikaat: PN EN 1176<\/li>\n<li>Garantii 2 aastat<\/li>\n<\/ul>\n<p>&nbsp;<\/p>\n","protected":false},"excerpt":{"rendered":"<p><strong>Valmistatud \u00e4\u00e4rmiselt vastupidavast terasest, mis annab kindluse vastupidavusele!<\/strong><\/p>\n<p>T\u00e4nap\u00e4evase disainiga linnam\u00f6\u00f6bel muudab jalutusk\u00e4igud meeldivamaks ning pakub v\u00f5imalust aeg korraks maha v\u00f5tta.<br \/>\nKvaliteetne pink \u00fctleb, et siin on turvaline avada raamat oma lemmiktegelastega v\u00f5i nautida m\u00f5nusat ilma.<\/p>\n","protected":false},"featured_media":10585,"comment_status":"open","ping_status":"closed","template":"","meta":{"_acf_changed":false},"factory":[],"free-shipment":[],"product_brand":[],"product_cat":[1100,1114],"product_tag":[2713],"class_list":{"0":"post-10593","1":"product","2":"type-product","3":"status-publish","4":"has-post-thumbnail","6":"product_cat-linnamoobel","7":"product_cat-pingid","8":"product_tag-bench-et","10":"first","11":"instock","12":"sale","13":"taxable","14":"shipping-taxable","15":"purchasable","16":"product-type-simple"},"acf":[],"_links":{"self":[{"href":"https:\/\/factory.sale\/et\/wp-json\/wp\/v2\/product\/10593","targetHints":{"allow":["GET"]}}],"collection":[{"href":"https:\/\/factory.sale\/et\/wp-json\/wp\/v2\/product"}],"about":[{"href":"https:\/\/factory.sale\/et\/wp-json\/wp\/v2\/types\/product"}],"replies":[{"embeddable":true,"href":"https:\/\/factory.sale\/et\/wp-json\/wp\/v2\/comments?post=10593"}],"wp:featuredmedia":[{"embeddable":true,"href":"https:\/\/factory.sale\/et\/wp-json\/wp\/v2\/media\/10585"}],"wp:attachment":[{"href":"https:\/\/factory.sale\/et\/wp-json\/wp\/v2\/media?parent=10593"}],"wp:term":[{"taxonomy":"factory","embeddable":true,"href":"https:\/\/factory.sale\/et\/wp-json\/wp\/v2\/factory?post=10593"},{"taxonomy":"free-shipment","embeddable":true,"href":"https:\/\/factory.sale\/et\/wp-json\/wp\/v2\/free-shipment?post=10593"},{"taxonomy":"product_brand","embeddable":true,"href":"https:\/\/factory.sale\/et\/wp-json\/wp\/v2\/product_brand?post=10593"},{"taxonomy":"product_cat","embeddable":true,"href":"https:\/\/factory.sale\/et\/wp-json\/wp\/v2\/product_cat?post=10593"},{"taxonomy":"product_tag","embeddable":true,"href":"https:\/\/factory.sale\/et\/wp-json\/wp\/v2\/product_tag?post=10593"}],"curies":[{"name":"wp","href":"https:\/\/api.w.org\/{rel}","templated":true}]}}