{"id":105654,"date":"2025-06-13T19:39:20","date_gmt":"2025-06-13T16:39:20","guid":{"rendered":"https:\/\/factory.sale\/product\/seljatoega-valipink-anyksta\/"},"modified":"2025-06-13T19:40:24","modified_gmt":"2025-06-13T16:40:24","slug":"seljatoega-valipink-anyksta","status":"publish","type":"product","link":"https:\/\/factory.sale\/et\/toode\/seljatoega-valipink-anyksta\/","title":{"rendered":"Seljatoega v\u00e4lipink Anyk\u0161ta"},"content":{"rendered":"<p data-start=\"74\" data-end=\"238\">Konstruktsioon on valmistatud kuumtsingitud ja pulberv\u00e4rvitud terasest, paksus 6 mm.<br data-start=\"158\" data-end=\"161\" \/>Liistude m\u00f5\u00f5dud: 40 \u00d7 35 \u00d7 2000 mm \u2013 29 tk.<br data-start=\"204\" data-end=\"207\" \/>Troopiline lehtpuu, \u00f5litatud.<\/p>\n<p data-start=\"240\" data-end=\"343\">Pingi m\u00f5\u00f5dud: 2000 \u00d7 830 \u00d7 910 mm (k\u00f5rgus)<br data-start=\"282\" data-end=\"285\" \/>Paigaldus ankurdades.<br data-start=\"306\" data-end=\"309\" \/>V\u00f5imalik valmistada ka l\u00fchem pink.<\/p>\n","protected":false},"excerpt":{"rendered":"<p>ANYK\u0160TA seeria pink. Kliendi soovil on pingid saadaval ilma seljatoeta v\u00f5i seljatoega.<\/p>\n","protected":false},"featured_media":105649,"comment_status":"open","ping_status":"closed","template":"","meta":{"_acf_changed":false},"factory":[],"free-shipment":[],"product_brand":[],"product_cat":[1113,1099],"product_tag":[1096,2273,1098],"class_list":{"0":"post-105654","1":"product","2":"type-product","3":"status-publish","4":"has-post-thumbnail","6":"product_cat-benches-2","7":"product_cat-urban-furniture","8":"product_tag-bench","9":"product_tag-benches","10":"product_tag-urban-furniture","12":"first","13":"instock","14":"sale","15":"taxable","16":"shipping-taxable","17":"purchasable","18":"product-type-simple"},"acf":[],"_links":{"self":[{"href":"https:\/\/factory.sale\/et\/wp-json\/wp\/v2\/product\/105654","targetHints":{"allow":["GET"]}}],"collection":[{"href":"https:\/\/factory.sale\/et\/wp-json\/wp\/v2\/product"}],"about":[{"href":"https:\/\/factory.sale\/et\/wp-json\/wp\/v2\/types\/product"}],"replies":[{"embeddable":true,"href":"https:\/\/factory.sale\/et\/wp-json\/wp\/v2\/comments?post=105654"}],"wp:featuredmedia":[{"embeddable":true,"href":"https:\/\/factory.sale\/et\/wp-json\/wp\/v2\/media\/105649"}],"wp:attachment":[{"href":"https:\/\/factory.sale\/et\/wp-json\/wp\/v2\/media?parent=105654"}],"wp:term":[{"taxonomy":"factory","embeddable":true,"href":"https:\/\/factory.sale\/et\/wp-json\/wp\/v2\/factory?post=105654"},{"taxonomy":"free-shipment","embeddable":true,"href":"https:\/\/factory.sale\/et\/wp-json\/wp\/v2\/free-shipment?post=105654"},{"taxonomy":"product_brand","embeddable":true,"href":"https:\/\/factory.sale\/et\/wp-json\/wp\/v2\/product_brand?post=105654"},{"taxonomy":"product_cat","embeddable":true,"href":"https:\/\/factory.sale\/et\/wp-json\/wp\/v2\/product_cat?post=105654"},{"taxonomy":"product_tag","embeddable":true,"href":"https:\/\/factory.sale\/et\/wp-json\/wp\/v2\/product_tag?post=105654"}],"curies":[{"name":"wp","href":"https:\/\/api.w.org\/{rel}","templated":true}]}}