{"id":105645,"date":"2025-06-13T19:32:36","date_gmt":"2025-06-13T16:32:36","guid":{"rendered":"https:\/\/factory.sale\/product\/valiprugikast-varikatuse-tsingitud-terasest-sisuanuma-ja-tuhatoosiga-2\/"},"modified":"2025-10-28T10:12:57","modified_gmt":"2025-10-28T07:12:57","slug":"valiprugikast-varikatuse-tsingitud-terasest-sisuanuma-ja-tuhatoosiga-2","status":"publish","type":"product","link":"https:\/\/factory.sale\/et\/toode\/valiprugikast-varikatuse-tsingitud-terasest-sisuanuma-ja-tuhatoosiga-2\/","title":{"rendered":"V\u00e4lipr\u00fcgikast varikatuse, tsingitud terasest sisuanuma ja tuhatoosiga"},"content":{"rendered":"<p data-start=\"95\" data-end=\"245\">Konstruktsioon tsingitud ja v\u00e4rvitud terasest (v\u00e4rv ligikaudu RAL9006 v\u00f5i RAL7016).<br data-start=\"182\" data-end=\"185\" \/>Lehtpuust (jatoba) liistud<br data-start=\"215\" data-end=\"218\" \/>Ankurdatav ja lukustatav.<\/p>\n<p data-start=\"247\" data-end=\"261\">Maht: 55 l<\/p>\n<p data-start=\"263\" data-end=\"315\">Pr\u00fcgikasti m\u00f5\u00f5dud:<br data-start=\"285\" data-end=\"288\" \/>400 \u00d7 300 \u00d7 670 mm (k\u00f5rgus)<\/p>\n<p data-start=\"317\" data-end=\"368\">Sisuanuma m\u00f5\u00f5dud:<br data-start=\"338\" data-end=\"341\" \/>340 \u00d7 250 \u00d7 670 mm (k\u00f5rgus)<\/p>\n<p data-start=\"1047\" data-end=\"1093\">\n","protected":false},"excerpt":{"rendered":"<p>Tugevad ja kaunid pr\u00fcgikastid sobivad ideaalselt parkidesse v\u00f5i linnaruumi, et t\u00e4ita praktilist \u00fclesannet.<\/p>\n","protected":false},"featured_media":105643,"comment_status":"open","ping_status":"closed","template":"","meta":{"_acf_changed":false},"factory":[],"free-shipment":[],"product_brand":[],"product_cat":[1100,1116],"product_tag":[4470,4471,4472,4473],"class_list":{"0":"post-105645","1":"product","2":"type-product","3":"status-publish","4":"has-post-thumbnail","6":"product_cat-linnamoobel","7":"product_cat-prugikastid","8":"product_tag-city-furniture-et","9":"product_tag-dust-bin-et","10":"product_tag-outdoor-dust-bin-et","11":"product_tag-outdoor-wastebin-et","13":"first","14":"instock","15":"sale","16":"taxable","17":"shipping-taxable","18":"purchasable","19":"product-type-simple"},"acf":[],"_links":{"self":[{"href":"https:\/\/factory.sale\/et\/wp-json\/wp\/v2\/product\/105645","targetHints":{"allow":["GET"]}}],"collection":[{"href":"https:\/\/factory.sale\/et\/wp-json\/wp\/v2\/product"}],"about":[{"href":"https:\/\/factory.sale\/et\/wp-json\/wp\/v2\/types\/product"}],"replies":[{"embeddable":true,"href":"https:\/\/factory.sale\/et\/wp-json\/wp\/v2\/comments?post=105645"}],"wp:featuredmedia":[{"embeddable":true,"href":"https:\/\/factory.sale\/et\/wp-json\/wp\/v2\/media\/105643"}],"wp:attachment":[{"href":"https:\/\/factory.sale\/et\/wp-json\/wp\/v2\/media?parent=105645"}],"wp:term":[{"taxonomy":"factory","embeddable":true,"href":"https:\/\/factory.sale\/et\/wp-json\/wp\/v2\/factory?post=105645"},{"taxonomy":"free-shipment","embeddable":true,"href":"https:\/\/factory.sale\/et\/wp-json\/wp\/v2\/free-shipment?post=105645"},{"taxonomy":"product_brand","embeddable":true,"href":"https:\/\/factory.sale\/et\/wp-json\/wp\/v2\/product_brand?post=105645"},{"taxonomy":"product_cat","embeddable":true,"href":"https:\/\/factory.sale\/et\/wp-json\/wp\/v2\/product_cat?post=105645"},{"taxonomy":"product_tag","embeddable":true,"href":"https:\/\/factory.sale\/et\/wp-json\/wp\/v2\/product_tag?post=105645"}],"curies":[{"name":"wp","href":"https:\/\/api.w.org\/{rel}","templated":true}]}}