{"id":105639,"date":"2025-06-13T19:26:31","date_gmt":"2025-06-13T16:26:31","guid":{"rendered":"https:\/\/factory.sale\/product\/valiprugikast-varikatuse-tsingitud-terasest-sisuanuma-ja-tuhatoosiga\/"},"modified":"2025-10-28T10:49:18","modified_gmt":"2025-10-28T07:49:18","slug":"valiprugikast-varikatuse-tsingitud-terasest-sisuanuma-ja-tuhatoosiga","status":"publish","type":"product","link":"https:\/\/factory.sale\/et\/toode\/valiprugikast-varikatuse-tsingitud-terasest-sisuanuma-ja-tuhatoosiga\/","title":{"rendered":"V\u00e4lipr\u00fcgikast varikatuse, tsingitud terasest sisuanuma ja tuhatoosiga"},"content":{"rendered":"<p data-start=\"705\" data-end=\"996\">Konstruktsioon on valmistatud tsingitud ja pulberv\u00e4rvitud terasest (v\u00e4rv ligikaudu RAL9006).<br data-start=\"982\" data-end=\"985\" \/>Ankurdatud.<\/p>\n<p data-start=\"998\" data-end=\"1045\">Pr\u00fcgikasti m\u00f5\u00f5dud:<br data-start=\"1020\" data-end=\"1023\" \/>D530 \u00d7 880 mm (k\u00f5rgus)<\/p>\n<p data-start=\"1047\" data-end=\"1093\">Sisuanuma m\u00f5\u00f5dud:<br data-start=\"1068\" data-end=\"1071\" \/>D320 \u00d7 480 mm (k\u00f5rgus)<\/p>\n<p data-start=\"1047\" data-end=\"1093\">\n","protected":false},"excerpt":{"rendered":"<p>Tugevad ja kaunid pr\u00fcgikastid sobivad ideaalselt parkidesse v\u00f5i linnaruumi, et t\u00e4ita praktilist \u00fclesannet.<\/p>\n","protected":false},"featured_media":105637,"comment_status":"open","ping_status":"closed","template":"","meta":{"_acf_changed":false},"factory":[],"free-shipment":[],"product_brand":[],"product_cat":[1115,1099],"product_tag":[4466,4467,4468,4469],"class_list":{"0":"post-105639","1":"product","2":"type-product","3":"status-publish","4":"has-post-thumbnail","6":"product_cat-waste-bins-2","7":"product_cat-urban-furniture","8":"product_tag-city-furniture","9":"product_tag-dust-bin","10":"product_tag-outdoor-dust-bin","11":"product_tag-outdoor-wastebin","13":"first","14":"instock","15":"sale","16":"taxable","17":"shipping-taxable","18":"purchasable","19":"product-type-simple"},"acf":[],"_links":{"self":[{"href":"https:\/\/factory.sale\/et\/wp-json\/wp\/v2\/product\/105639","targetHints":{"allow":["GET"]}}],"collection":[{"href":"https:\/\/factory.sale\/et\/wp-json\/wp\/v2\/product"}],"about":[{"href":"https:\/\/factory.sale\/et\/wp-json\/wp\/v2\/types\/product"}],"replies":[{"embeddable":true,"href":"https:\/\/factory.sale\/et\/wp-json\/wp\/v2\/comments?post=105639"}],"wp:featuredmedia":[{"embeddable":true,"href":"https:\/\/factory.sale\/et\/wp-json\/wp\/v2\/media\/105637"}],"wp:attachment":[{"href":"https:\/\/factory.sale\/et\/wp-json\/wp\/v2\/media?parent=105639"}],"wp:term":[{"taxonomy":"factory","embeddable":true,"href":"https:\/\/factory.sale\/et\/wp-json\/wp\/v2\/factory?post=105639"},{"taxonomy":"free-shipment","embeddable":true,"href":"https:\/\/factory.sale\/et\/wp-json\/wp\/v2\/free-shipment?post=105639"},{"taxonomy":"product_brand","embeddable":true,"href":"https:\/\/factory.sale\/et\/wp-json\/wp\/v2\/product_brand?post=105639"},{"taxonomy":"product_cat","embeddable":true,"href":"https:\/\/factory.sale\/et\/wp-json\/wp\/v2\/product_cat?post=105639"},{"taxonomy":"product_tag","embeddable":true,"href":"https:\/\/factory.sale\/et\/wp-json\/wp\/v2\/product_tag?post=105639"}],"curies":[{"name":"wp","href":"https:\/\/api.w.org\/{rel}","templated":true}]}}