{"id":105633,"date":"2025-06-13T19:20:28","date_gmt":"2025-06-13T16:20:28","guid":{"rendered":"https:\/\/factory.sale\/product\/betoonist-pink-quadro-seljatoega\/"},"modified":"2025-06-13T19:20:28","modified_gmt":"2025-06-13T16:20:28","slug":"betoonist-pink-quadro-seljatoega","status":"publish","type":"product","link":"https:\/\/factory.sale\/et\/toode\/betoonist-pink-quadro-seljatoega\/","title":{"rendered":"Betoonist pink Quadro seljatoega"},"content":{"rendered":"<p>Betoonist pingid sobivad linna puhkealadele, parki v\u00f5i n\u00e4iteks avalike asutuste l\u00e4hedusse. Betoonist pingid on massiivsed ja vastupidavad, pealegi on need statsionaarsed, seega on need sellistes kohtades igati praktiline lahendus. Betoonist pingid sobivad ka aeda. Need on suurep\u00e4rane valik kaasaegse keskkonnakujunduse loomiseks.<\/p>\n<p>&nbsp;<\/p>\n<p>&nbsp;<\/p>\n<p>&nbsp;<\/p>\n<p><strong>Tooteteave:<\/strong><\/p>\n<ul>\n<li>Betoonist pingijalgade m\u00f5\u00f5tmed: 490 x 200 x k\u00f5rgus 450 mm<\/li>\n<li>Puit: troopiline lehtpuu, \u00f5litatud<\/li>\n<li>Troopilise puidu m\u00f5\u00f5tmed: 65 x 45 x 1800 mm \u2013 10 tk<\/li>\n<li>Terasosad &#8211; kuumtsingitud, 5 mm paksune teras<\/li>\n<li>Istme puidust osa pikkus: 1800 mm<\/li>\n<li>Pingi m\u00f5\u00f5tmed: 2000 x 490 x k\u00f5rgus 750 mm<\/li>\n<li>Kaal: 140 kg<\/li>\n<li>Betooniklass: C\u00a030\/37<\/li>\n<\/ul>\n<p>&nbsp;<\/p>\n<p>&nbsp;<\/p>\n<p><strong>Valikud:<\/strong><\/p>\n<ul>\n<li>Betoon ilma kaunistusteta<\/li>\n<li>Muud v\u00e4rvi kivikatted<\/li>\n<li>Puidu \u00f5li toonid<\/li>\n<li>Pink v\u00f5ib olla l\u00fchem<\/li>\n<\/ul>\n<p>&nbsp;<\/p>\n<p>&nbsp;<\/p>\n<p>* Sobib kokku<a href=\"https:\/\/factory.sale\/et\/toode\/betoonist-prugikast-fb004-kuba-h-kiviviimistlusega\/\" target=\"_blank\" rel=\"noopener\"> betoonist pr\u00fcgikastiga\u00a0FB004 KUBA H<\/a><\/p>\n","protected":false},"excerpt":{"rendered":"<p>Vaadake oma linnas ringi ja on t\u00f5en\u00e4oline, et n\u00e4ete v\u00e4hemalt \u00fchte pinki. See v\u00e4ike arhitektuuri element, mida iseloomustab k\u00f5rge funktsionaalsus, sobib nii era- kui ka avalikuks infrastruktuuriks.<\/p>\n","protected":false},"featured_media":105628,"comment_status":"open","ping_status":"closed","template":"","meta":{"_acf_changed":false},"factory":[],"free-shipment":[],"product_brand":[],"product_cat":[1114],"product_tag":[2713,4461,4459,4460],"class_list":{"0":"post-105633","1":"product","2":"type-product","3":"status-publish","4":"has-post-thumbnail","6":"product_cat-pingid","7":"product_tag-bench-et","8":"product_tag-concrete-et","9":"product_tag-park-bench-et","10":"product_tag-urban-furniture-et","12":"first","13":"instock","14":"sale","15":"taxable","16":"shipping-taxable","17":"purchasable","18":"product-type-simple"},"acf":[],"_links":{"self":[{"href":"https:\/\/factory.sale\/et\/wp-json\/wp\/v2\/product\/105633","targetHints":{"allow":["GET"]}}],"collection":[{"href":"https:\/\/factory.sale\/et\/wp-json\/wp\/v2\/product"}],"about":[{"href":"https:\/\/factory.sale\/et\/wp-json\/wp\/v2\/types\/product"}],"replies":[{"embeddable":true,"href":"https:\/\/factory.sale\/et\/wp-json\/wp\/v2\/comments?post=105633"}],"wp:featuredmedia":[{"embeddable":true,"href":"https:\/\/factory.sale\/et\/wp-json\/wp\/v2\/media\/105628"}],"wp:attachment":[{"href":"https:\/\/factory.sale\/et\/wp-json\/wp\/v2\/media?parent=105633"}],"wp:term":[{"taxonomy":"factory","embeddable":true,"href":"https:\/\/factory.sale\/et\/wp-json\/wp\/v2\/factory?post=105633"},{"taxonomy":"free-shipment","embeddable":true,"href":"https:\/\/factory.sale\/et\/wp-json\/wp\/v2\/free-shipment?post=105633"},{"taxonomy":"product_brand","embeddable":true,"href":"https:\/\/factory.sale\/et\/wp-json\/wp\/v2\/product_brand?post=105633"},{"taxonomy":"product_cat","embeddable":true,"href":"https:\/\/factory.sale\/et\/wp-json\/wp\/v2\/product_cat?post=105633"},{"taxonomy":"product_tag","embeddable":true,"href":"https:\/\/factory.sale\/et\/wp-json\/wp\/v2\/product_tag?post=105633"}],"curies":[{"name":"wp","href":"https:\/\/api.w.org\/{rel}","templated":true}]}}