{"id":105621,"date":"2025-06-13T19:12:43","date_gmt":"2025-06-13T16:12:43","guid":{"rendered":"https:\/\/factory.sale\/product\/arya-s-saun\/"},"modified":"2026-02-26T16:44:33","modified_gmt":"2026-02-26T13:44:33","slug":"arya-s-saun","status":"publish","type":"product","link":"https:\/\/factory.sale\/et\/toode\/arya-s-saun\/","title":{"rendered":"&#8220;ARYA S&#8221; saun"},"content":{"rendered":"<p class=\"text-2xl font-bold mt-1 text-text-100\">ARYA \u2013 V\u00e4lisaun<\/p>\n<p class=\"whitespace-normal break-words\">Puhtusele rajatud. Rahule m\u00f5eldud. Kestmiseks ehitatud.<\/p>\n<p>Nagu tema suurem \u00f5de, p\u00e4rineb nimi Arya sanskriti keelest ning t\u00e4hendab \u201c\u00fcllas\u201d v\u00f5i \u201cpuhas\u201d. Need v\u00e4\u00e4rtused peegelduvad iga ARYA S detailis \u2013 t\u00e4pselt t\u00f6\u00f6deldud termopuidust konstruktsioonis, rahustavates joonetes ja valgusk\u00fcllases, kompaktses sisemuses.<\/p>\n<p>Olgu see terrassil v\u00f5i j\u00e4rve \u00e4\u00e4res \u2013 ARYA S loob rahuliku nurgakese igap\u00e4evaseks taastumiseks. 4,1 m\u00b3 suurune sisemus sobib suurep\u00e4raselt isiklikuks saunaseansiks v\u00f5i kahekesi l\u00f5\u00f5gastumiseks. Kaheastmelised termohaavast pingid pakuvad ergonoomilist mugavust ning pronkstoonis karastatud klaaspinnad lasevad valguse sisse, s\u00e4ilitades samas privaatsuse.<\/p>\n<p>ARYA S t\u00f5estab, et luksus ja ruumikus ei s\u00f5ltu suurusest \u2013 need s\u00fcnnivad kogemusest.<\/p>\n<p>Peamised omadused<\/p>\n<ul>\n<li>Kompaktne, kvaliteetne v\u00e4likasutuseks m\u00f5eldud saun v\u00e4ikestesse ruumidesse<\/li>\n<li>Moodne p\u00f5hjamaine disain ja puhas esteetika<\/li>\n<li>Kaheastmelised termohaavast pingid mugavaks ja toetavaks istumiseks<\/li>\n<li>Termopuidust seinad ja katus pikaealisuse tagamiseks<\/li>\n<li>Pronksitooniga karastatud klaasuks ja -aken<\/li>\n<li>Viimistletud mustade detailidega elegantseks v\u00e4limuseks<\/li>\n<li>Tarnitakse t\u00e4iskomplektina koos selgete paigaldusjuhistega<\/li>\n<\/ul>\n<p>Tehnilised andmed<\/p>\n<ul>\n<li>V\u00e4lism\u00f5\u00f5dud: 149,6 \u00d7 201,9 \u00d7 216,1 cm<\/li>\n<li>Sisem\u00f5\u00f5dud: 141 \u00d7 150 \u00d7 193 cm<\/li>\n<li>Sisemaht: 4,1 m\u00b3<\/li>\n<li>Ukse suurus: 70 \u00d7 190 cm (8 mm pronksist karastatud klaas)<\/li>\n<li>Akna suurus: 70 \u00d7 190 cm (6 mm pronksist karastatud klaas)<\/li>\n<\/ul>\n<p>Standardkomplekt sisaldab<\/p>\n<ul>\n<li>40 mm termopuidust seinapaneelid<\/li>\n<li>40 mm termopuidust katus<\/li>\n<li>28 mm termopuidust p\u00f5rand<\/li>\n<li>28 mm termopuidust esiterrass<\/li>\n<li>Mustaks v\u00e4rvitud v\u00e4lisliistud<\/li>\n<li>44 \u00d7 90 mm pruuniks immutatud alusraam<\/li>\n<li>Kaheastmelised saunalavad termohaavast<\/li>\n<li>Mustaks v\u00e4rvitud lavade esipaneelid ja seljatugi<\/li>\n<li>Iseliimuv katusekate<\/li>\n<li>Mustad metallist harjaplekid<\/li>\n<li>K\u00f5ik vajalikud kruvid ja kinnitusvahendid<\/li>\n<li>Paigaldusjuhend<\/li>\n<\/ul>\n<p>NB! Keris ei kuulu komplekti.<\/p>\n<p>Soovituslikud kerised<\/p>\n<blockquote class=\"wp-embedded-content\" data-secret=\"PZz0gfHqP2\">    <div class=\"col-xl-3 col-6\">\n        <div class=\"product-card h-100\">\n            <div class=\"ratio ratio-4x3 overflow-hidden\">\n                <a href=\"https:\/\/factory.sale\/et\/toode\/harvia-m3-puukeris\/\">\n                    <img loading=\"lazy\" decoding=\"async\" width=\"768\" height=\"576\" src=\"https:\/\/factory.sale\/wp-content\/uploads\/2022\/06\/Harvia-M3-9kw.jpg\" class=\"img-fluid object-fit-contain w-100 h-100\" alt=\"Harvia M3 puukeris\" srcset=\"https:\/\/factory.sale\/wp-content\/uploads\/2022\/06\/Harvia-M3-9kw.jpg 800w, https:\/\/factory.sale\/wp-content\/uploads\/2022\/06\/Harvia-M3-9kw-150x113.jpg 150w, https:\/\/factory.sale\/wp-content\/uploads\/2022\/06\/Harvia-M3-9kw-300x225.jpg 300w, https:\/\/factory.sale\/wp-content\/uploads\/2022\/06\/Harvia-M3-9kw-600x450.jpg 600w\" sizes=\"auto, (max-width: 768px) 100vw, 768px\" \/>                <\/a>\n            <\/div>\n\n            <div class=\"px-xl-3 px-2 py-3 text-xl-start\">\n                <a class=\"product-title-link\" href=\"https:\/\/factory.sale\/et\/toode\/harvia-m3-puukeris\/\">\n                    <p class=\"d-none d-xl-block\">Harvia M3 puukeris<\/p>\n                    <p class=\"d-xl-none\">Harvia M3 puukeris<\/p>\n                <\/a>\n\n                <div class=\"price\">\n                                            <span class=\"new-price\"><span class=\"woocommerce-Price-amount amount\"><bdi><span class=\"woocommerce-Price-currencySymbol\">&euro;<\/span>365,70<\/bdi><\/span><\/span>\n                        <span class=\"old-price\"><span class=\"woocommerce-Price-amount amount\"><bdi><span class=\"woocommerce-Price-currencySymbol\">&euro;<\/span>392,40<\/bdi><\/span><\/span>\n                                    <\/div>\n\n                <div class=\"d-xl-grid d-none gap-4 d-xl-flex justify-content-start mt-2\">\n                    <button class=\"btn btn-product ajax-add-to-quote w-100 mt-1rem\"\n                            data-product-id=\"21564\">\n                        Add to quote\n                    <\/button>\n                <\/div>\n            <\/div>\n\n                            <div class=\"sale\">Sale -7%<\/div>\n                    <\/div>\n    <\/div>\n    <\/blockquote>\n<p><iframe loading=\"lazy\" class=\"wp-embedded-content\" sandbox=\"allow-scripts\" security=\"restricted\" style=\"position: absolute; visibility: hidden;\" title=\"&#8220;Harvia M3 puukeris&#8221; &#8212; Factory Sale\" src=\"https:\/\/factory.sale\/et\/toode\/harvia-m3-puukeris\/embed\/#?secret=tN4a3PMIan#?secret=PZz0gfHqP2\" data-secret=\"PZz0gfHqP2\" width=\"500\" height=\"282\" frameborder=\"0\" marginwidth=\"0\" marginheight=\"0\" scrolling=\"no\"><\/iframe><\/p>\n<blockquote class=\"wp-embedded-content\" data-secret=\"YTMM8ZQ18F\">    <div class=\"col-xl-3 col-6\">\n        <div class=\"product-card h-100\">\n            <div class=\"ratio ratio-4x3 overflow-hidden\">\n                <a href=\"https:\/\/factory.sale\/et\/toode\/harvia-vega-bc80-elektriline-sauna-keris\/\">\n                    <img loading=\"lazy\" decoding=\"async\" width=\"768\" height=\"576\" src=\"https:\/\/factory.sale\/wp-content\/uploads\/2022\/08\/Harvia-1.jpeg\" class=\"img-fluid object-fit-contain w-100 h-100\" alt=\"HARVIA VEGA BC80, ELEKTRILINE SAUNA KERIS\" srcset=\"https:\/\/factory.sale\/wp-content\/uploads\/2022\/08\/Harvia-1.jpeg 800w, https:\/\/factory.sale\/wp-content\/uploads\/2022\/08\/Harvia-1-150x113.jpeg 150w, https:\/\/factory.sale\/wp-content\/uploads\/2022\/08\/Harvia-1-300x225.jpeg 300w, https:\/\/factory.sale\/wp-content\/uploads\/2022\/08\/Harvia-1-600x450.jpeg 600w\" sizes=\"auto, (max-width: 768px) 100vw, 768px\" \/>                <\/a>\n            <\/div>\n\n            <div class=\"px-xl-3 px-2 py-3 text-xl-start\">\n                <a class=\"product-title-link\" href=\"https:\/\/factory.sale\/et\/toode\/harvia-vega-bc80-elektriline-sauna-keris\/\">\n                    <p class=\"d-none d-xl-block\">HARVIA VEGA BC80, ELEKTRILINE SAUNA KERIS<\/p>\n                    <p class=\"d-xl-none\">HARVIA VEGA BC80, ELEKTRILINE SAUNA KERIS<\/p>\n                <\/a>\n\n                <div class=\"price\">\n                                            <span class=\"new-price\"><span class=\"woocommerce-Price-amount amount\"><bdi><span class=\"woocommerce-Price-currencySymbol\">&euro;<\/span>259,00<\/bdi><\/span><\/span>\n                        <span class=\"old-price\"><span class=\"woocommerce-Price-amount amount\"><bdi><span class=\"woocommerce-Price-currencySymbol\">&euro;<\/span>310,90<\/bdi><\/span><\/span>\n                                    <\/div>\n\n                <div class=\"d-xl-grid d-none gap-4 d-xl-flex justify-content-start mt-2\">\n                    <button class=\"btn btn-product ajax-add-to-quote w-100 mt-1rem\"\n                            data-product-id=\"11125\">\n                        Add to quote\n                    <\/button>\n                <\/div>\n            <\/div>\n\n                            <div class=\"sale\">Sale -17%<\/div>\n                    <\/div>\n    <\/div>\n    <\/blockquote>\n<p><iframe loading=\"lazy\" class=\"wp-embedded-content\" sandbox=\"allow-scripts\" security=\"restricted\" style=\"position: absolute; visibility: hidden;\" title=\"&#8220;HARVIA VEGA BC80, ELEKTRILINE SAUNA KERIS&#8221; &#8212; Factory Sale\" src=\"https:\/\/factory.sale\/et\/toode\/harvia-vega-bc80-elektriline-sauna-keris\/embed\/#?secret=prxdMifQ7E#?secret=YTMM8ZQ18F\" data-secret=\"YTMM8ZQ18F\" width=\"500\" height=\"282\" frameborder=\"0\" marginwidth=\"0\" marginheight=\"0\" scrolling=\"no\"><\/iframe><\/p>\n<blockquote class=\"wp-embedded-content\" data-secret=\"3t9mmEcOlu\">    <div class=\"col-xl-3 col-6\">\n        <div class=\"product-card h-100\">\n            <div class=\"ratio ratio-4x3 overflow-hidden\">\n                <a href=\"https:\/\/factory.sale\/et\/toode\/elektrikeris-huum-drop-45-kw\/\">\n                    <img loading=\"lazy\" decoding=\"async\" width=\"768\" height=\"768\" src=\"https:\/\/factory.sale\/wp-content\/uploads\/2022\/08\/HUUM-DROP-electric-sauna-heater-factory-sale.webp\" class=\"img-fluid object-fit-contain w-100 h-100\" alt=\"Elektrikeris HUUM DROP 4 + TASUTA kerisekivid!\" srcset=\"https:\/\/factory.sale\/wp-content\/uploads\/2022\/08\/HUUM-DROP-electric-sauna-heater-factory-sale.webp 2304w, https:\/\/factory.sale\/wp-content\/uploads\/2022\/08\/HUUM-DROP-electric-sauna-heater-factory-sale-300x300.webp 300w, https:\/\/factory.sale\/wp-content\/uploads\/2022\/08\/HUUM-DROP-electric-sauna-heater-factory-sale-1024x1024.webp 1024w, https:\/\/factory.sale\/wp-content\/uploads\/2022\/08\/HUUM-DROP-electric-sauna-heater-factory-sale-150x150.webp 150w, https:\/\/factory.sale\/wp-content\/uploads\/2022\/08\/HUUM-DROP-electric-sauna-heater-factory-sale-1536x1536.webp 1536w, https:\/\/factory.sale\/wp-content\/uploads\/2022\/08\/HUUM-DROP-electric-sauna-heater-factory-sale-2048x2048.webp 2048w, https:\/\/factory.sale\/wp-content\/uploads\/2022\/08\/HUUM-DROP-electric-sauna-heater-factory-sale-600x600.webp 600w, https:\/\/factory.sale\/wp-content\/uploads\/2022\/08\/HUUM-DROP-electric-sauna-heater-factory-sale-100x100.webp 100w\" sizes=\"auto, (max-width: 768px) 100vw, 768px\" \/>                <\/a>\n            <\/div>\n\n            <div class=\"px-xl-3 px-2 py-3 text-xl-start\">\n                <a class=\"product-title-link\" href=\"https:\/\/factory.sale\/et\/toode\/elektrikeris-huum-drop-45-kw\/\">\n                    <p class=\"d-none d-xl-block\">Elektrikeris HUUM DROP 4 + TASUTA kerisekivid!<\/p>\n                    <p class=\"d-xl-none\">Elektrikeris HUUM DROP 4 + TASUTA kerisekivid!<\/p>\n                <\/a>\n\n                <div class=\"price\">\n                                            <span class=\"new-price\"><span class=\"woocommerce-Price-amount amount\"><bdi><span class=\"woocommerce-Price-currencySymbol\">&euro;<\/span>420,00<\/bdi><\/span><\/span>\n                        <span class=\"old-price\"><span class=\"woocommerce-Price-amount amount\"><bdi><span class=\"woocommerce-Price-currencySymbol\">&euro;<\/span>462,00<\/bdi><\/span><\/span>\n                                    <\/div>\n\n                <div class=\"d-xl-grid d-none gap-4 d-xl-flex justify-content-start mt-2\">\n                    <button class=\"btn btn-product ajax-add-to-quote w-100 mt-1rem\"\n                            data-product-id=\"4760\">\n                        Add to quote\n                    <\/button>\n                <\/div>\n            <\/div>\n\n                            <div class=\"sale\">Sale -9%<\/div>\n                    <\/div>\n    <\/div>\n    <\/blockquote>\n<p><iframe loading=\"lazy\" class=\"wp-embedded-content\" sandbox=\"allow-scripts\" security=\"restricted\" style=\"position: absolute; visibility: hidden;\" title=\"&#8220;Elektrikeris HUUM DROP 4&#8221; &#8212; Factory Sale\" src=\"https:\/\/factory.sale\/et\/toode\/elektrikeris-huum-drop-45-kw\/embed\/#?secret=cS1C7gwCDE#?secret=3t9mmEcOlu\" data-secret=\"3t9mmEcOlu\" width=\"500\" height=\"282\" frameborder=\"0\" marginwidth=\"0\" marginheight=\"0\" scrolling=\"no\"><\/iframe><\/p>\n<blockquote class=\"wp-embedded-content\" data-secret=\"8cUU8uPjfR\">    <div class=\"col-xl-3 col-6\">\n        <div class=\"product-card h-100\">\n            <div class=\"ratio ratio-4x3 overflow-hidden\">\n                <a href=\"https:\/\/factory.sale\/et\/toode\/elektrikeris-huum-drop-6-kw\/\">\n                    <img loading=\"lazy\" decoding=\"async\" width=\"768\" height=\"768\" src=\"https:\/\/factory.sale\/wp-content\/uploads\/2025\/09\/HUUM-DROP-electric-sauna-heater-factory-sale-6kw-768x768.webp\" class=\"img-fluid object-fit-contain w-100 h-100\" alt=\"Elektrikeris HUUM DROP 6\" srcset=\"https:\/\/factory.sale\/wp-content\/uploads\/2025\/09\/HUUM-DROP-electric-sauna-heater-factory-sale-6kw-768x768.webp 768w, https:\/\/factory.sale\/wp-content\/uploads\/2025\/09\/HUUM-DROP-electric-sauna-heater-factory-sale-6kw-300x300.webp 300w, https:\/\/factory.sale\/wp-content\/uploads\/2025\/09\/HUUM-DROP-electric-sauna-heater-factory-sale-6kw-1024x1024.webp 1024w, https:\/\/factory.sale\/wp-content\/uploads\/2025\/09\/HUUM-DROP-electric-sauna-heater-factory-sale-6kw-150x150.webp 150w, https:\/\/factory.sale\/wp-content\/uploads\/2025\/09\/HUUM-DROP-electric-sauna-heater-factory-sale-6kw-1536x1536.webp 1536w, https:\/\/factory.sale\/wp-content\/uploads\/2025\/09\/HUUM-DROP-electric-sauna-heater-factory-sale-6kw-2048x2048.webp 2048w, https:\/\/factory.sale\/wp-content\/uploads\/2025\/09\/HUUM-DROP-electric-sauna-heater-factory-sale-6kw-600x600.webp 600w, https:\/\/factory.sale\/wp-content\/uploads\/2025\/09\/HUUM-DROP-electric-sauna-heater-factory-sale-6kw-100x100.webp 100w\" sizes=\"auto, (max-width: 768px) 100vw, 768px\" \/>                <\/a>\n            <\/div>\n\n            <div class=\"px-xl-3 px-2 py-3 text-xl-start\">\n                <a class=\"product-title-link\" href=\"https:\/\/factory.sale\/et\/toode\/elektrikeris-huum-drop-6-kw\/\">\n                    <p class=\"d-none d-xl-block\">Elektrikeris HUUM DROP 6<\/p>\n                    <p class=\"d-xl-none\">Elektrikeris HUUM DROP 6<\/p>\n                <\/a>\n\n                <div class=\"price\">\n                                            <span class=\"new-price\"><span class=\"woocommerce-Price-amount amount\"><bdi><span class=\"woocommerce-Price-currencySymbol\">&euro;<\/span>470,00<\/bdi><\/span><\/span>\n                        <span class=\"old-price\"><span class=\"woocommerce-Price-amount amount\"><bdi><span class=\"woocommerce-Price-currencySymbol\">&euro;<\/span>517,00<\/bdi><\/span><\/span>\n                                    <\/div>\n\n                <div class=\"d-xl-grid d-none gap-4 d-xl-flex justify-content-start mt-2\">\n                    <button class=\"btn btn-product ajax-add-to-quote w-100 mt-1rem\"\n                            data-product-id=\"11560\">\n                        Add to quote\n                    <\/button>\n                <\/div>\n            <\/div>\n\n                            <div class=\"sale\">Sale -9%<\/div>\n                    <\/div>\n    <\/div>\n    <\/blockquote>\n<p><iframe loading=\"lazy\" class=\"wp-embedded-content\" sandbox=\"allow-scripts\" security=\"restricted\" style=\"position: absolute; visibility: hidden;\" title=\"&#8220;Elektrikeris HUUM DROP 6&#8221; &#8212; Factory Sale\" src=\"https:\/\/factory.sale\/et\/toode\/elektrikeris-huum-drop-6-kw\/embed\/#?secret=RSKDQep8iV#?secret=8cUU8uPjfR\" data-secret=\"8cUU8uPjfR\" width=\"500\" height=\"282\" frameborder=\"0\" marginwidth=\"0\" marginheight=\"0\" scrolling=\"no\"><\/iframe><\/p>\n<blockquote class=\"wp-embedded-content\" data-secret=\"UM4w7PJqdK\">    <div class=\"col-xl-3 col-6\">\n        <div class=\"product-card h-100\">\n            <div class=\"ratio ratio-4x3 overflow-hidden\">\n                <a href=\"https:\/\/factory.sale\/et\/toode\/elektriline-keris-huum-cliff-6-kw\/\">\n                    <img loading=\"lazy\" decoding=\"async\" width=\"768\" height=\"768\" src=\"https:\/\/factory.sale\/wp-content\/uploads\/2021\/03\/HUUM-cliff-electric-sauna-heater-6kw-factory-sale-768x768.webp\" class=\"img-fluid object-fit-contain w-100 h-100\" alt=\"Elektriline keris HUUM CLIFF 6 kW\" srcset=\"https:\/\/factory.sale\/wp-content\/uploads\/2021\/03\/HUUM-cliff-electric-sauna-heater-6kw-factory-sale-768x768.webp 768w, https:\/\/factory.sale\/wp-content\/uploads\/2021\/03\/HUUM-cliff-electric-sauna-heater-6kw-factory-sale-300x300.webp 300w, https:\/\/factory.sale\/wp-content\/uploads\/2021\/03\/HUUM-cliff-electric-sauna-heater-6kw-factory-sale-1024x1024.webp 1024w, https:\/\/factory.sale\/wp-content\/uploads\/2021\/03\/HUUM-cliff-electric-sauna-heater-6kw-factory-sale-150x150.webp 150w, https:\/\/factory.sale\/wp-content\/uploads\/2021\/03\/HUUM-cliff-electric-sauna-heater-6kw-factory-sale-1536x1536.webp 1536w, https:\/\/factory.sale\/wp-content\/uploads\/2021\/03\/HUUM-cliff-electric-sauna-heater-6kw-factory-sale-2048x2048.webp 2048w, https:\/\/factory.sale\/wp-content\/uploads\/2021\/03\/HUUM-cliff-electric-sauna-heater-6kw-factory-sale-600x600.webp 600w, https:\/\/factory.sale\/wp-content\/uploads\/2021\/03\/HUUM-cliff-electric-sauna-heater-6kw-factory-sale-100x100.webp 100w\" sizes=\"auto, (max-width: 768px) 100vw, 768px\" \/>                <\/a>\n            <\/div>\n\n            <div class=\"px-xl-3 px-2 py-3 text-xl-start\">\n                <a class=\"product-title-link\" href=\"https:\/\/factory.sale\/et\/toode\/elektriline-keris-huum-cliff-6-kw\/\">\n                    <p class=\"d-none d-xl-block\">Elektriline keris HUUM CLIFF 6 kW<\/p>\n                    <p class=\"d-xl-none\">Elektriline keris HUUM CLIFF 6 kW<\/p>\n                <\/a>\n\n                <div class=\"price\">\n                                            <span class=\"new-price\"><span class=\"woocommerce-Price-amount amount\"><bdi><span class=\"woocommerce-Price-currencySymbol\">&euro;<\/span>720,00<\/bdi><\/span><\/span>\n                        <span class=\"old-price\"><span class=\"woocommerce-Price-amount amount\"><bdi><span class=\"woocommerce-Price-currencySymbol\">&euro;<\/span>792,00<\/bdi><\/span><\/span>\n                                    <\/div>\n\n                <div class=\"d-xl-grid d-none gap-4 d-xl-flex justify-content-start mt-2\">\n                    <button class=\"btn btn-product ajax-add-to-quote w-100 mt-1rem\"\n                            data-product-id=\"4773\">\n                        Add to quote\n                    <\/button>\n                <\/div>\n            <\/div>\n\n                            <div class=\"sale\">Sale -9%<\/div>\n                    <\/div>\n    <\/div>\n    <\/blockquote>\n<p><iframe loading=\"lazy\" class=\"wp-embedded-content\" sandbox=\"allow-scripts\" security=\"restricted\" style=\"position: absolute; visibility: hidden;\" title=\"&#8220;Elektriline keris HUUM CLIFF 6 kW&#8221; &#8212; Factory Sale\" src=\"https:\/\/factory.sale\/et\/toode\/elektriline-keris-huum-cliff-6-kw\/embed\/#?secret=NSashL9XUC#?secret=UM4w7PJqdK\" data-secret=\"UM4w7PJqdK\" width=\"500\" height=\"282\" frameborder=\"0\" marginwidth=\"0\" marginheight=\"0\" scrolling=\"no\"><\/iframe><\/p>\n<blockquote class=\"wp-embedded-content\" data-secret=\"VQ950q8mt8\">    <div class=\"col-xl-3 col-6\">\n        <div class=\"product-card h-100\">\n            <div class=\"ratio ratio-4x3 overflow-hidden\">\n                <a href=\"https:\/\/factory.sale\/et\/toode\/elektrikeris-huum-hive-mini-6-kw\/\">\n                    <img loading=\"lazy\" decoding=\"async\" width=\"768\" height=\"768\" src=\"https:\/\/factory.sale\/wp-content\/uploads\/2021\/03\/huum-hive-mini-airtunnel-sauna-heater-factory-sale-3.webp\" class=\"img-fluid object-fit-contain w-100 h-100\" alt=\"Elektrikeris HUUM HIVE MINI 6 kW \u00f5hutunneliga\" srcset=\"https:\/\/factory.sale\/wp-content\/uploads\/2021\/03\/huum-hive-mini-airtunnel-sauna-heater-factory-sale-3.webp 2304w, https:\/\/factory.sale\/wp-content\/uploads\/2021\/03\/huum-hive-mini-airtunnel-sauna-heater-factory-sale-3-300x300.webp 300w, https:\/\/factory.sale\/wp-content\/uploads\/2021\/03\/huum-hive-mini-airtunnel-sauna-heater-factory-sale-3-1024x1024.webp 1024w, https:\/\/factory.sale\/wp-content\/uploads\/2021\/03\/huum-hive-mini-airtunnel-sauna-heater-factory-sale-3-150x150.webp 150w, https:\/\/factory.sale\/wp-content\/uploads\/2021\/03\/huum-hive-mini-airtunnel-sauna-heater-factory-sale-3-1536x1536.webp 1536w, https:\/\/factory.sale\/wp-content\/uploads\/2021\/03\/huum-hive-mini-airtunnel-sauna-heater-factory-sale-3-2048x2048.webp 2048w, https:\/\/factory.sale\/wp-content\/uploads\/2021\/03\/huum-hive-mini-airtunnel-sauna-heater-factory-sale-3-400x400.webp 400w, https:\/\/factory.sale\/wp-content\/uploads\/2021\/03\/huum-hive-mini-airtunnel-sauna-heater-factory-sale-3-600x600.webp 600w, https:\/\/factory.sale\/wp-content\/uploads\/2021\/03\/huum-hive-mini-airtunnel-sauna-heater-factory-sale-3-100x100.webp 100w\" sizes=\"auto, (max-width: 768px) 100vw, 768px\" \/>                <\/a>\n            <\/div>\n\n            <div class=\"px-xl-3 px-2 py-3 text-xl-start\">\n                <a class=\"product-title-link\" href=\"https:\/\/factory.sale\/et\/toode\/elektrikeris-huum-hive-mini-6-kw\/\">\n                    <p class=\"d-none d-xl-block\">Elektrikeris HUUM HIVE MINI 6 kW \u00f5hutunneliga<\/p>\n                    <p class=\"d-xl-none\">Elektrikeris HUUM HIVE MINI 6 kW \u00f5hutunneliga<\/p>\n                <\/a>\n\n                <div class=\"price\">\n                                            <span class=\"new-price\"><span class=\"woocommerce-Price-amount amount\"><bdi><span class=\"woocommerce-Price-currencySymbol\">&euro;<\/span>748,00<\/bdi><\/span><\/span>\n                        <span class=\"old-price\"><span class=\"woocommerce-Price-amount amount\"><bdi><span class=\"woocommerce-Price-currencySymbol\">&euro;<\/span>822,00<\/bdi><\/span><\/span>\n                                    <\/div>\n\n                <div class=\"d-xl-grid d-none gap-4 d-xl-flex justify-content-start mt-2\">\n                    <button class=\"btn btn-product ajax-add-to-quote w-100 mt-1rem\"\n                            data-product-id=\"4763\">\n                        Add to quote\n                    <\/button>\n                <\/div>\n            <\/div>\n\n                            <div class=\"sale\">Sale -9%<\/div>\n                    <\/div>\n    <\/div>\n    <\/blockquote>\n<p><iframe loading=\"lazy\" class=\"wp-embedded-content\" sandbox=\"allow-scripts\" security=\"restricted\" style=\"position: absolute; visibility: hidden;\" title=\"&#8220;Elektrikeris HUUM HIVE MINI 6 kW \u00f5hutunneliga&#8221; &#8212; Factory Sale\" src=\"https:\/\/factory.sale\/et\/toode\/elektrikeris-huum-hive-mini-6-kw\/embed\/#?secret=X1QUsYsmAO#?secret=VQ950q8mt8\" data-secret=\"VQ950q8mt8\" width=\"500\" height=\"282\" frameborder=\"0\" marginwidth=\"0\" marginheight=\"0\" scrolling=\"no\"><\/iframe><\/p>\n<p>ARYA S on m\u00f5eldud aastaringseks kasutamiseks, pakkudes soojust, rahu ja t\u00f5elist saunanaudingut iga ilmaga. Olgu v\u00e4ljas lumi v\u00f5i suviselt roheline, pakub see saun hubast keskkonda, mis t\u00f5stab sinu kodused puhkehetked uuele tasemele.<\/p>\n<p>Saun on turvaliseks ja t\u00f5husaks transpordiks hoolikalt pakitud.<br \/>\nPakendi m\u00f5\u00f5dud: 210 \u00d7 120 \u00d7 80 cm<\/p>\n<p>Naudi igap\u00e4evast saunarituaali, mis pakub rahu ja uut energiat. ARYA S on ideaalne viis tuua ajatult kaunis disain, looduslikud materjalid ja ehtsad saunatraditsioonid v\u00e4iksemasse \u00f5ueruumi.<\/p>\n<p>Plaanid tellida puhkekeskusesse v\u00f5i retriiti? Naudi 5% lisasoodustust, kui ostad korraga 4 v\u00f5i enam ARYA S sauna.<\/p>\n<p>&nbsp;<\/p>\n","protected":false},"excerpt":{"rendered":"<p>ARYA S \u2013 puhas sauna-luksus kompaktses vormis<\/p>\n<p>Koge p\u00f5hjamaise heaolu olemust ruumis\u00e4\u00e4stlikus disainis. ARYA S \u00fchendab esmaklassilised materjalid, elegantse lihtsuse ja t\u00e4isv\u00e4\u00e4rtusliku saunafunktsionaalsuse v\u00e4iksematesse \u00f5ueruumidesse \u2013 ideaalne linnaaeda, terrassile v\u00f5i j\u00e4rve\u00e4\u00e4rsesse puhkenurka.<\/p>\n","protected":false},"featured_media":105594,"comment_status":"open","ping_status":"closed","template":"","meta":{"_acf_changed":false},"factory":[],"free-shipment":[],"product_brand":[],"product_cat":[826,2257],"product_tag":[4446,4444,3847,4445,4448,4449,1908,4450,811,3848,4447],"class_list":{"0":"post-105621","1":"product","2":"type-product","3":"status-publish","4":"has-post-thumbnail","6":"product_cat-saunas-et","7":"product_cat-valisaun","8":"product_tag-backyard-wellness-et","9":"product_tag-garden-sauna-et","10":"product_tag-kompaktne-saun-et","11":"product_tag-luxury-sauna-et","12":"product_tag-minimalist-sauna-et","13":"product_tag-nordic-design-et","14":"product_tag-outdoor-sauna-et","15":"product_tag-private-retreat-et","16":"product_tag-sauna-et","17":"product_tag-termopuidust-saun","18":"product_tag-year-round-sauna-et","20":"first","21":"instock","22":"sale","23":"taxable","24":"shipping-taxable","25":"purchasable","26":"product-type-simple"},"acf":[],"_links":{"self":[{"href":"https:\/\/factory.sale\/et\/wp-json\/wp\/v2\/product\/105621","targetHints":{"allow":["GET"]}}],"collection":[{"href":"https:\/\/factory.sale\/et\/wp-json\/wp\/v2\/product"}],"about":[{"href":"https:\/\/factory.sale\/et\/wp-json\/wp\/v2\/types\/product"}],"replies":[{"embeddable":true,"href":"https:\/\/factory.sale\/et\/wp-json\/wp\/v2\/comments?post=105621"}],"wp:featuredmedia":[{"embeddable":true,"href":"https:\/\/factory.sale\/et\/wp-json\/wp\/v2\/media\/105594"}],"wp:attachment":[{"href":"https:\/\/factory.sale\/et\/wp-json\/wp\/v2\/media?parent=105621"}],"wp:term":[{"taxonomy":"factory","embeddable":true,"href":"https:\/\/factory.sale\/et\/wp-json\/wp\/v2\/factory?post=105621"},{"taxonomy":"free-shipment","embeddable":true,"href":"https:\/\/factory.sale\/et\/wp-json\/wp\/v2\/free-shipment?post=105621"},{"taxonomy":"product_brand","embeddable":true,"href":"https:\/\/factory.sale\/et\/wp-json\/wp\/v2\/product_brand?post=105621"},{"taxonomy":"product_cat","embeddable":true,"href":"https:\/\/factory.sale\/et\/wp-json\/wp\/v2\/product_cat?post=105621"},{"taxonomy":"product_tag","embeddable":true,"href":"https:\/\/factory.sale\/et\/wp-json\/wp\/v2\/product_tag?post=105621"}],"curies":[{"name":"wp","href":"https:\/\/api.w.org\/{rel}","templated":true}]}}