{"id":105532,"date":"2025-06-13T17:51:40","date_gmt":"2025-06-13T14:51:40","guid":{"rendered":"https:\/\/factory.sale\/product\/pacifico-kumblustunn\/"},"modified":"2025-08-15T09:18:12","modified_gmt":"2025-08-15T06:18:12","slug":"pacifico-kumblustunn","status":"publish","type":"product","link":"https:\/\/factory.sale\/et\/toode\/pacifico-kumblustunn\/","title":{"rendered":"&#8220;Pacifico&#8221; k\u00fcmblust\u00fcnn"},"content":{"rendered":"<p>Pacifico \u2013 Vaikuse ja luksuse kohtumispaik<\/p>\n<p>&#8220;Pacifico&#8221; \u2013 nimi, mis p\u00e4rineb itaalia keelest ning viitab rahule, vaikusele ja l\u00f5putule vabadusele. See on k\u00fcmblust\u00fcnn, mis ei rahuldu v\u00e4hemaga kui t\u00e4ielik l\u00f5\u00f5gastus \u2013 sinu tingimustel.<\/p>\n<p>Disainitud neile, kes hindavad ruumi, stiili ja hetki, mis kuuluvad ainult neile. Pacifico mahutab 4 inimest \u2013 ideaalne jagatud vaikuseks v\u00f5i s\u00f5pradega veedetud kvaliteetajaks. Ergonoomilised vormid ja s\u00fcgav akr\u00fc\u00fclist sisu 2 lamamisaseme ja 2 istumiskohaga pakub kehale tuge ja meeltele rahu. K\u00f5ik on viimistletud luksuse tasemel detailideni.<\/p>\n<p>Valikuliste lisade hulka kuuluvad roostevabast terasest h\u00fcdro- v\u00f5i \u00f5hkmassaa\u017ei d\u00fc\u00fcsid, 4-\u00fches juhtimiss\u00fcsteem, kohandatav LED-valgustus ja Gecko WiFi-kontroller. Esteetiliste t\u00e4iustuste seas on WPC- v\u00f5i termopuidust paneelid, pehme LED-valgusriba ning stiilsed astmed v\u00f5i peatoed, mis tagavad ekstra mugavuse.<\/p>\n<p>Sobitub igasse keskkonda. Elegantne ja kompaktne vorm v\u00f5imaldab paigaldust nii linnakorterite terrassidele, katusaedadesse, kui ka\u00a0suvekodudesse.<\/p>\n<p class=\"\" data-start=\"965\" data-end=\"987\"><strong data-start=\"965\" data-end=\"987\">Tehnilised andmed:<\/strong><\/p>\n<ul data-start=\"989\" data-end=\"1188\">\n<li class=\"\" data-start=\"989\" data-end=\"1010\">\n<p class=\"\" data-start=\"991\" data-end=\"1010\">T\u00fchikaal: ~230 kg<\/p>\n<\/li>\n<li class=\"\" data-start=\"1011\" data-end=\"1042\">\n<p class=\"\" data-start=\"1013\" data-end=\"1042\">V\u00e4lism\u00f5\u00f5dud: 2000 \u00d7 2000 mm<\/p>\n<\/li>\n<li class=\"\" data-start=\"1043\" data-end=\"1062\">\n<p class=\"\" data-start=\"1045\" data-end=\"1062\">K\u00f5rgus: 1100 mm<\/p>\n<\/li>\n<li class=\"\" data-start=\"1063\" data-end=\"1082\">\n<p class=\"\" data-start=\"1065\" data-end=\"1082\">Veemaht: ~950 L<\/p>\n<\/li>\n<li class=\"\" data-start=\"1083\" data-end=\"1146\">\n<p class=\"\" data-start=\"1085\" data-end=\"1146\">Ahi: v\u00e4line, puuk\u00fcttega (AISI 304 roostevaba teras)<\/p>\n<\/li>\n<li class=\"\" data-start=\"1147\" data-end=\"1188\">\n<p class=\"\" data-start=\"1149\" data-end=\"1188\">Pakendi m\u00f5\u00f5dud: 2050 \u00d7 2050 \u00d7 1300 mm<\/p>\n<\/li>\n<\/ul>\n<p class=\"\" data-start=\"1195\" data-end=\"1219\"><strong data-start=\"1195\" data-end=\"1219\">Komplektis sisaldub:<\/strong><\/p>\n<ul data-start=\"1221\" data-end=\"1550\">\n<li class=\"\" data-start=\"1221\" data-end=\"1292\">\n<p class=\"\" data-start=\"1223\" data-end=\"1292\">Akr\u00fc\u00fclist siseosa (valge v\u00f5i hall) kahe istme ja kahe lamamiskohaga<\/p>\n<\/li>\n<li class=\"\" data-start=\"1293\" data-end=\"1349\">\n<p class=\"\" data-start=\"1295\" data-end=\"1349\">V\u00e4line S304 roostevabast terasest puuk\u00fcttega keris<\/p>\n<\/li>\n<li class=\"\" data-start=\"1350\" data-end=\"1400\">\n<p class=\"\" data-start=\"1352\" data-end=\"1400\">2 m korsten koos kaitsev\u00f5rgu ja korstnam\u00fctsiga<\/p>\n<\/li>\n<li class=\"\" data-start=\"1401\" data-end=\"1449\">\n<p class=\"\" data-start=\"1403\" data-end=\"1449\">Mustaks v\u00e4rvitud nurgad ja kuusepuust vooder<\/p>\n<\/li>\n<li class=\"\" data-start=\"1450\" data-end=\"1486\">\n<p class=\"\" data-start=\"1452\" data-end=\"1486\">Pol\u00fcuretaanist soojusisolatsioon<\/p>\n<\/li>\n<li class=\"\" data-start=\"1487\" data-end=\"1516\">\n<p class=\"\" data-start=\"1489\" data-end=\"1516\">Pneumaatiline juhts\u00fcsteem<\/p>\n<\/li>\n<li class=\"\" data-start=\"1517\" data-end=\"1550\">\n<p class=\"\" data-start=\"1519\" data-end=\"1550\">Kaitsekarp ja \u00e4ravooluventiil<\/p>\n<\/li>\n<\/ul>\n<p class=\"\" data-start=\"0\" data-end=\"41\"><strong>T\u00e4iusta oma k\u00fcmblust\u00fcnni premium-lisadega:<\/strong><\/p>\n<p class=\"\" data-start=\"43\" data-end=\"214\">T\u00f5sta oma k\u00fcmbluselamus uuele tasemele h\u00fcdromassaa\u017ei, \u00f5humassaa\u017eis\u00fcsteemi ja kaasahaarava helis\u00fcsteemiga. Lisa meeleolu sensoorse juhtimise ja rahustava kosefunktsiooniga.<\/p>\n<p class=\"\" data-start=\"216\" data-end=\"461\">Naudi nutikat juhtimist Gecko s\u00fcsteemiga, mis pakub WiFi-\u00fchendust ja rakenduse kaudu juhtimist otse sinu nutitelefonist. Sisseehitatud elektrikeris hoiab vee alati soojana ja valmis, kui sina oled.<\/p>\n<p data-start=\"216\" data-end=\"461\"><img loading=\"lazy\" decoding=\"async\" class=\"alignnone wp-image-93266\" src=\"https:\/\/factory.sale\/wp-content\/uploads\/2024\/08\/hot-tub-accessories-factory.sale-3-300x212.jpg\" alt=\"\" width=\"712\" height=\"503\" srcset=\"https:\/\/factory.sale\/wp-content\/uploads\/2024\/08\/hot-tub-accessories-factory.sale-3-300x212.jpg 300w, https:\/\/factory.sale\/wp-content\/uploads\/2024\/08\/hot-tub-accessories-factory.sale-3-1024x724.jpg 1024w, https:\/\/factory.sale\/wp-content\/uploads\/2024\/08\/hot-tub-accessories-factory.sale-3-150x106.jpg 150w, https:\/\/factory.sale\/wp-content\/uploads\/2024\/08\/hot-tub-accessories-factory.sale-3-1536x1086.jpg 1536w, https:\/\/factory.sale\/wp-content\/uploads\/2024\/08\/hot-tub-accessories-factory.sale-3-600x424.jpg 600w, https:\/\/factory.sale\/wp-content\/uploads\/2024\/08\/hot-tub-accessories-factory.sale-3.jpg 2000w\" sizes=\"auto, (max-width: 712px) 100vw, 712px\" \/><\/p>\n<p><strong>Valikulised lisad:<\/strong><\/p>\n<ul>\n<li>H\u00fcdromassaa\u017ei s\u00fcsteem, roostevaba terasest otsikud 1,1 kw pumbaga (6, 8, 12,) (14 otsikuga on 1,5 kw pumbaga)<\/li>\n<li>H\u00fcdromassaa\u017ei s\u00fcsteem, 16\/18\/24 roostevabast terasest otsikud ( 2x 1,1 kW pumpa 345 l\/min)<\/li>\n<li>Mullis\u00fcsteem, 12 v\u00f5i 18 roostevabast terasest otsikut ( 750 W pump)<\/li>\n<li>Mullis\u00fcsteem, 24 roostevabast terasest otsikut ( 2 x 750 W pumpa)<\/li>\n<li>Helis\u00fcsteem Bluetooth \u00fchendusega + lisak\u00f5larite v\u00f5imalus<\/li>\n<li>Sensoorjuhtimiss\u00fcsteem musta v\u00f5i valget v\u00e4rvi 3-in-1 (h\u00fcdro + \u00f5hk + elektrik\u00fcte) ilma temperatuuri andurita<\/li>\n<li>Sensoorjuhtimiss\u00fcsteem valget v\u00e4rvi 4-in-1 (h\u00fcdro + \u00f5hk + LED+ elektrik\u00fcte ) koos temperatuuri anduriga<\/li>\n<li>Veekosk\/ juga<\/li>\n<li>Termokate<\/li>\n<li>Topsihoidjad, metallist, plastikust v\u00f5i puidust<\/li>\n<li>Kohandatav LED-valgustus. Eredamad LED stars ja mahedamad MINI LED<\/li>\n<li>LED valgusriba v\u00e4ljaspool, \u00fcmber k\u00fcmblust\u00fcnni<\/li>\n<li>Kuusepuidust v\u00e4livooder erinevate viimistlus v\u00f5imalustega<\/li>\n<li>Termopuidust v\u00e4lisvooder erinevate viimistlus v\u00f5imalustega &#8211; p\u00f5letatud termopuit rhombus-profiil laudisega<\/li>\n<li>WPC v\u00e4line viimistlus<\/li>\n<li>Peatoed<\/li>\n<li>R\u00e4tikuhoidja<\/li>\n<li>Termokatte t\u00f5stmismehhanism<\/li>\n<li>Gecko juhtimiss\u00fcsteem WIFI v\u00f5imekusega<\/li>\n<li>Elektrik\u00fctte v\u00f5imalused 3, 6 ja 9 kw<\/li>\n<li>K\u00fcttepuude hoidik<\/li>\n<li>Tuulevari<\/li>\n<li>Metallist nurga profiilidesse v\u00f5imalik enda logo laserl\u00f5ikusega l\u00f5igata<\/li>\n<li>Trepid, \u00fcmar profiil, sirge profiil (kasttrepp), \u00fcmar profiil XL trepp<\/li>\n<li>Veepuhastus liiva filtris\u00fcsteem koos UVC valgusega<\/li>\n<li>Skimmer, mis puhastab vee pinnalt. Koos ja ilma UV valgusega<\/li>\n<li>Filtris\u00fcsteemi kast<\/li>\n<li>K\u00fcttepuude hoidik, \u00fchepoolne (termopuit)<\/li>\n<li>K\u00fcttepuude hoidik, kahepoolne (termopuit)<\/li>\n<\/ul>\n<p><strong>Akr\u00fc\u00fclsisu v\u00e4rvivalikud:\u00a0<\/strong><\/p>\n<p><img loading=\"lazy\" decoding=\"async\" class=\"alignnone wp-image-104396\" src=\"https:\/\/factory.sale\/wp-content\/uploads\/2025\/05\/akruulsisud-factory.sale_-300x120.jpg\" alt=\"\" width=\"705\" height=\"282\" srcset=\"https:\/\/factory.sale\/wp-content\/uploads\/2025\/05\/akruulsisud-factory.sale_-300x120.jpg 300w, https:\/\/factory.sale\/wp-content\/uploads\/2025\/05\/akruulsisud-factory.sale_-150x60.jpg 150w, https:\/\/factory.sale\/wp-content\/uploads\/2025\/05\/akruulsisud-factory.sale_-600x240.jpg 600w, https:\/\/factory.sale\/wp-content\/uploads\/2025\/05\/akruulsisud-factory.sale_.jpg 750w\" sizes=\"auto, (max-width: 705px) 100vw, 705px\" \/><\/p>\n<p><strong>Voodrilaua erinevad valikud (materjali paksus u- 2cm):<\/strong><\/p>\n<p><img loading=\"lazy\" decoding=\"async\" class=\"alignnone wp-image-104201\" src=\"https:\/\/factory.sale\/wp-content\/uploads\/2025\/05\/Kumblustunni-viimistlus-factory-sale-300x120.webp\" alt=\"\" width=\"868\" height=\"347\" srcset=\"https:\/\/factory.sale\/wp-content\/uploads\/2025\/05\/Kumblustunni-viimistlus-factory-sale-300x120.webp 300w, https:\/\/factory.sale\/wp-content\/uploads\/2025\/05\/Kumblustunni-viimistlus-factory-sale-150x60.webp 150w, https:\/\/factory.sale\/wp-content\/uploads\/2025\/05\/Kumblustunni-viimistlus-factory-sale-600x240.webp 600w, https:\/\/factory.sale\/wp-content\/uploads\/2025\/05\/Kumblustunni-viimistlus-factory-sale.webp 750w\" sizes=\"auto, (max-width: 868px) 100vw, 868px\" \/><\/p>\n<p><strong>Treppide valik:<\/strong><\/p>\n<p><img loading=\"lazy\" decoding=\"async\" class=\"alignnone wp-image-104372\" src=\"https:\/\/factory.sale\/wp-content\/uploads\/2024\/09\/trepid-factory.sale-1-300x120.webp\" alt=\"\" width=\"710\" height=\"284\" srcset=\"https:\/\/factory.sale\/wp-content\/uploads\/2024\/09\/trepid-factory.sale-1-300x120.webp 300w, https:\/\/factory.sale\/wp-content\/uploads\/2024\/09\/trepid-factory.sale-1-150x60.webp 150w, https:\/\/factory.sale\/wp-content\/uploads\/2024\/09\/trepid-factory.sale-1-600x240.webp 600w, https:\/\/factory.sale\/wp-content\/uploads\/2024\/09\/trepid-factory.sale-1.webp 750w\" sizes=\"auto, (max-width: 710px) 100vw, 710px\" \/><\/p>\n<p><strong>Termokatte v\u00e4rvivalikud:<\/strong><\/p>\n<p><img loading=\"lazy\" decoding=\"async\" class=\"alignnone wp-image-93257\" src=\"https:\/\/factory.sale\/wp-content\/uploads\/2024\/08\/hot-tub-cover-colours-factory.sale_-1-300x120.webp\" alt=\"\" width=\"600\" height=\"240\" srcset=\"https:\/\/factory.sale\/wp-content\/uploads\/2024\/08\/hot-tub-cover-colours-factory.sale_-1-300x120.webp 300w, https:\/\/factory.sale\/wp-content\/uploads\/2024\/08\/hot-tub-cover-colours-factory.sale_-1-150x60.webp 150w, https:\/\/factory.sale\/wp-content\/uploads\/2024\/08\/hot-tub-cover-colours-factory.sale_-1-600x240.webp 600w, https:\/\/factory.sale\/wp-content\/uploads\/2024\/08\/hot-tub-cover-colours-factory.sale_-1.webp 750w\" sizes=\"auto, (max-width: 600px) 100vw, 600px\" \/><\/p>\n<p>Termokate \u2013 miks see on oluline?<\/p>\n<p>Termokate on h\u00e4davajalik, et hoida vee temperatuur stabiilsena, v\u00e4hendada energiakulu ja kaitsta k\u00fcmblust\u00fcnni mustuse ning tolmu eest. See suurendab turvalisust, eriti laste ja lemmikloomadega peredes, ning kaitseb k\u00fcmblust\u00fcnni ilmastikum\u00f5jude eest. Praktiline, kuluefektiivne ja keskkonnas\u00f5bralik lahendus sinu k\u00fcmblust\u00fcnnile.<\/p>\n<p>Rohkem teavet <a href=\"https:\/\/factory.sale\/wp-content\/uploads\/2024\/09\/Kumblustunni-GENERAL-USER-MANUAL-2024-factory.sale_.pdf\" target=\"_blank\" rel=\"noopener\">kasutusjuhendis<\/a><\/p>\n<p>&nbsp;<\/p>\n<p>Sukeldu l\u00f5\u00f5gastuste ja naudingute maailma Pacifico k\u00fcmblust\u00fcnniga\u2014t\u00f5eline luksuse ja meisterlikkuse kombinatsioon.<\/p>\n","protected":false},"excerpt":{"rendered":"<p class=\"\" data-start=\"98\" data-end=\"148\">Pacifico \u2013 Sinu privaatne luksus igal hetkel<br \/>\nSulle, kes naudib kontrolli oma aja ja r\u00fctmi \u00fcle. Sulle, kes v\u00e4\u00e4rtustab vaikust, disaini ja kvaliteeti. Pacifico ei ole lihtsalt k\u00fcmblust\u00fcnn \u2013 see on elustiili pikendus. Igal hooajal,\u00a0igas\u00a0hetkes.<\/p>\n","protected":false},"featured_media":105518,"comment_status":"open","ping_status":"closed","template":"","meta":{"_acf_changed":false},"factory":[],"free-shipment":[],"product_brand":[],"product_cat":[2587],"product_tag":[2842,4434,4435],"class_list":{"0":"post-105532","1":"product","2":"type-product","3":"status-publish","4":"has-post-thumbnail","6":"product_cat-klaasplastist-kumblustunnid","7":"product_tag-hot-tub-et","8":"product_tag-hot-tub-with-stove-et","9":"product_tag-luxury-hot-tub-et","11":"first","12":"instock","13":"sale","14":"taxable","15":"shipping-taxable","16":"purchasable","17":"product-type-simple"},"acf":[],"_links":{"self":[{"href":"https:\/\/factory.sale\/et\/wp-json\/wp\/v2\/product\/105532","targetHints":{"allow":["GET"]}}],"collection":[{"href":"https:\/\/factory.sale\/et\/wp-json\/wp\/v2\/product"}],"about":[{"href":"https:\/\/factory.sale\/et\/wp-json\/wp\/v2\/types\/product"}],"replies":[{"embeddable":true,"href":"https:\/\/factory.sale\/et\/wp-json\/wp\/v2\/comments?post=105532"}],"wp:featuredmedia":[{"embeddable":true,"href":"https:\/\/factory.sale\/et\/wp-json\/wp\/v2\/media\/105518"}],"wp:attachment":[{"href":"https:\/\/factory.sale\/et\/wp-json\/wp\/v2\/media?parent=105532"}],"wp:term":[{"taxonomy":"factory","embeddable":true,"href":"https:\/\/factory.sale\/et\/wp-json\/wp\/v2\/factory?post=105532"},{"taxonomy":"free-shipment","embeddable":true,"href":"https:\/\/factory.sale\/et\/wp-json\/wp\/v2\/free-shipment?post=105532"},{"taxonomy":"product_brand","embeddable":true,"href":"https:\/\/factory.sale\/et\/wp-json\/wp\/v2\/product_brand?post=105532"},{"taxonomy":"product_cat","embeddable":true,"href":"https:\/\/factory.sale\/et\/wp-json\/wp\/v2\/product_cat?post=105532"},{"taxonomy":"product_tag","embeddable":true,"href":"https:\/\/factory.sale\/et\/wp-json\/wp\/v2\/product_tag?post=105532"}],"curies":[{"name":"wp","href":"https:\/\/api.w.org\/{rel}","templated":true}]}}