{"id":10492,"date":"2023-08-08T07:21:23","date_gmt":"2023-08-08T07:21:45","guid":{"rendered":"https:\/\/factory.sale\/?post_type=product&#038;p=10492"},"modified":"2024-06-29T16:28:30","modified_gmt":"2024-06-29T16:28:30","slug":"pargipink-sparta","status":"publish","type":"product","link":"https:\/\/factory.sale\/et\/toode\/pargipink-sparta\/","title":{"rendered":"Pargipink \u201cSparta\u201d"},"content":{"rendered":"<ul>\n<li>Kaasaegne ja samal ajal klassikaline pargipink.<\/li>\n<li>M\u00f5eldud k\u00f5ige n\u00f5udlikumatele kasutajatele.<\/li>\n<li>Ergonoomiline ja esteetiliste v\u00e4\u00e4rtusega, v\u00f5imaldab igal pingi kasutajal paremini l\u00f5\u00f5gastuda.<\/li>\n<li>Seet\u00f5ttu t\u00e4idab Spartan pargipink suurep\u00e4raselt linnaruumi, haljasala v\u00f5i elamurajooni.<\/li>\n<\/ul>\n<p>&nbsp;<\/p>\n<p>&nbsp;<\/p>\n<p>&nbsp;<\/p>\n<p><strong>Lisainformatsioon:<\/strong><\/p>\n<ul>\n<li>Pingi pikkus: 194 cm<\/li>\n<li>Pingi laius: 55 cm<\/li>\n<li>Pingi k\u00f5rgus: 76 cm<\/li>\n<li>Istme pikkus: 170 cm<\/li>\n<li>Istme laius: 36 cm<\/li>\n<li>Istme k\u00f5rgus: 42 cm<\/li>\n<li>Materjal: teras , puit<\/li>\n<li>Tsingitud, pulberv\u00e4rvitud<\/li>\n<li>Puidu toon: Mahagon, tiikpuu, palisander<\/li>\n<li>Sertifikaat: PN EN 1176<\/li>\n<li>Garantii 2 aastat<\/li>\n<\/ul>\n<p>&nbsp;<\/p>\n","protected":false},"excerpt":{"rendered":"<p><strong>Pingi tugevad puitdetailid kinnituvad tsingitud terasest konstruktsioonile, mis on t\u00f6\u00f6deldud pulberv\u00e4rviga.<\/strong><\/p>\n<p>T\u00e4nap\u00e4evase disainiga linnam\u00f6\u00f6bel muudab jalutusk\u00e4igud meeldivamaks ning pakub v\u00f5imalust aeg korraks maha v\u00f5tta.<br \/>\nKvaliteetne pink \u00fctleb, et siin on turvaline avada raamat oma lemmiktegelastega v\u00f5i nautida m\u00f5nusat ilma.<\/p>\n","protected":false},"featured_media":10495,"comment_status":"open","ping_status":"closed","template":"","meta":{"_acf_changed":false},"factory":[],"free-shipment":[],"product_brand":[],"product_cat":[1099,1113],"product_tag":[1096],"class_list":{"0":"post-10492","1":"product","2":"type-product","3":"status-publish","4":"has-post-thumbnail","6":"product_cat-urban-furniture","7":"product_cat-benches-2","8":"product_tag-bench","10":"first","11":"instock","12":"taxable","13":"shipping-taxable","14":"purchasable","15":"product-type-simple"},"acf":[],"_links":{"self":[{"href":"https:\/\/factory.sale\/et\/wp-json\/wp\/v2\/product\/10492","targetHints":{"allow":["GET"]}}],"collection":[{"href":"https:\/\/factory.sale\/et\/wp-json\/wp\/v2\/product"}],"about":[{"href":"https:\/\/factory.sale\/et\/wp-json\/wp\/v2\/types\/product"}],"replies":[{"embeddable":true,"href":"https:\/\/factory.sale\/et\/wp-json\/wp\/v2\/comments?post=10492"}],"wp:featuredmedia":[{"embeddable":true,"href":"https:\/\/factory.sale\/et\/wp-json\/wp\/v2\/media\/10495"}],"wp:attachment":[{"href":"https:\/\/factory.sale\/et\/wp-json\/wp\/v2\/media?parent=10492"}],"wp:term":[{"taxonomy":"factory","embeddable":true,"href":"https:\/\/factory.sale\/et\/wp-json\/wp\/v2\/factory?post=10492"},{"taxonomy":"free-shipment","embeddable":true,"href":"https:\/\/factory.sale\/et\/wp-json\/wp\/v2\/free-shipment?post=10492"},{"taxonomy":"product_brand","embeddable":true,"href":"https:\/\/factory.sale\/et\/wp-json\/wp\/v2\/product_brand?post=10492"},{"taxonomy":"product_cat","embeddable":true,"href":"https:\/\/factory.sale\/et\/wp-json\/wp\/v2\/product_cat?post=10492"},{"taxonomy":"product_tag","embeddable":true,"href":"https:\/\/factory.sale\/et\/wp-json\/wp\/v2\/product_tag?post=10492"}],"curies":[{"name":"wp","href":"https:\/\/api.w.org\/{rel}","templated":true}]}}