{"id":104194,"date":"2026-03-08T08:41:59","date_gmt":"2026-03-11T05:41:59","guid":{"rendered":"https:\/\/factory.sale\/?post_type=product&#038;p=104194"},"modified":"2026-05-12T19:13:00","modified_gmt":"2026-05-12T16:13:00","slug":"tucson-horizontal-kumblustunn","status":"publish","type":"product","link":"https:\/\/factory.sale\/et\/toode\/tucson-horizontal-kumblustunn\/","title":{"rendered":"&#8220;Tucson Horizontal&#8221; k\u00fcmblust\u00fcnn"},"content":{"rendered":"<p>Naudi t\u00f5elist spaakogemust oma koduaias Tucson Horizontal k\u00fcmblust\u00fcnniga &#8211; inspireeritud loodusest.<\/p>\n<p>Tucson k\u00fcmblust\u00fcnn on saanud oma nime O&#8217;odham s\u00f5nast &#8220;Cuk \u1e62on&#8221;, mis t\u00e4hendab &#8220;musta m\u00e4e jalamil&#8221; v\u00f5i &#8220;allikas musta m\u00e4e jalamile&#8221;. Nii nagu Sentinel Peaki vulkaanilised m\u00e4ed, on see k\u00fcmblust\u00fcnn austusavaldus looduse ilule ja ajatu l\u00f5\u00f5gastuse kogemusele.<\/p>\n<p>Tucson k\u00fcmblust\u00fcnn \u00fchendab elegantsi ja praktilisuse. See mahutab kuni kuus inimest, sealhulgas \u00fche lamamiskoha ja viis istekohta. Integreeritud horisontaalne S304 roostevabast terasest ahi tagab t\u00f5husa soojuse s\u00e4ilitamise ja vastupidavuse. T\u00e4nu oma m\u00f5\u00f5tmetele sobib see suurep\u00e4raselt igasse \u00f5ue, pakkudes rahustavat ja luksuslikku l\u00f5\u00f5gastuspaika.<\/p>\n<p>Kohanda oma k\u00fcmblust\u00fcnn akr\u00fc\u00fclist sisu ja viimistlusv\u00f5imalustega, sealhulgas kuusk, p\u00f5letatud kuusk, termopuit v\u00f5i WPC paneelid. Tee oma kogemus t\u00e4iuslikuks valikuliste lisadega, nagu h\u00fcdromassaa\u017eiotsikud, helis\u00fcsteem, sensoorjuhtimine, veekosk ja joogitopsi hoidjad. K\u00e4sitsi valmistatud termokate aitab s\u00e4ilitada vee temperatuuri, tagades, et Tucson Out k\u00fcmblust\u00fcnn on alati valmis kasutamiseks.<\/p>\n<p><strong>Tehnilised andmed:<\/strong><\/p>\n<ul>\n<li>M\u00f5\u00f5tmed: L:2200mm P:2200mm K:1050mm<\/li>\n<li>Kaal: 400 kg<\/li>\n<li>Veemahutavus: 1100 L<\/li>\n<li>Ahi: Horisontaalne integreeritud S304 teras<\/li>\n<li>Pakendi m\u00f5\u00f5dud: 2300 x 2350 x 1300 mm<\/li>\n<\/ul>\n<p><strong>Hind sisaldab:<\/strong><\/p>\n<ul>\n<li>Horisontaalne integreeritud S304 ahi<\/li>\n<li>Akr\u00fc\u00fclist sisemus, kus 5 istekohta ja 1 lamamisase (hall v\u00f5i valge)<\/li>\n<li>Kuusepuidust vooder ja mustaks v\u00e4rvitud nurgad<\/li>\n<li>Isolatsioon suletud rakuga pol\u00fcuretaanvahuga<\/li>\n<li>Korsten 2 m, sealhulgas kaitse<\/li>\n<li>Pneumaatiline juhtimiss\u00fcsteem<\/li>\n<li>Kaitsmekarp ja \u00e4ravooluklapp<\/li>\n<\/ul>\n<p class=\"\" data-start=\"0\" data-end=\"41\"><strong>T\u00e4iusta oma k\u00fcmblust\u00fcnni premium-lisadega:<\/strong><\/p>\n<p class=\"\" data-start=\"43\" data-end=\"214\">T\u00f5sta oma k\u00fcmbluselamus uuele tasemele h\u00fcdromassaa\u017ei, \u00f5humassaa\u017eis\u00fcsteemi ja kaasahaarava helis\u00fcsteemiga. Lisa meeleolu sensoorse juhtimise ja rahustava kosefunktsiooniga.<\/p>\n<p class=\"\" data-start=\"216\" data-end=\"461\">Naudi nutikat juhtimist Gecko s\u00fcsteemiga, mis pakub WiFi-\u00fchendust ja rakenduse kaudu juhtimist otse sinu nutitelefonist. Sisseehitatud elektrik\u00fcte hoiab vee alati soojana ja valmis, kui sina oled.<\/p>\n<p data-start=\"216\" data-end=\"461\"><img loading=\"lazy\" decoding=\"async\" class=\"alignnone wp-image-93266\" src=\"https:\/\/factory.sale\/wp-content\/uploads\/2024\/08\/hot-tub-accessories-factory.sale-3-300x212.jpg\" alt=\"\" width=\"712\" height=\"503\" srcset=\"https:\/\/factory.sale\/wp-content\/uploads\/2024\/08\/hot-tub-accessories-factory.sale-3-300x212.jpg 300w, https:\/\/factory.sale\/wp-content\/uploads\/2024\/08\/hot-tub-accessories-factory.sale-3-1024x724.jpg 1024w, https:\/\/factory.sale\/wp-content\/uploads\/2024\/08\/hot-tub-accessories-factory.sale-3-150x106.jpg 150w, https:\/\/factory.sale\/wp-content\/uploads\/2024\/08\/hot-tub-accessories-factory.sale-3-1536x1086.jpg 1536w, https:\/\/factory.sale\/wp-content\/uploads\/2024\/08\/hot-tub-accessories-factory.sale-3-600x424.jpg 600w, https:\/\/factory.sale\/wp-content\/uploads\/2024\/08\/hot-tub-accessories-factory.sale-3.jpg 2000w\" sizes=\"auto, (max-width: 712px) 100vw, 712px\" \/><\/p>\n<p><strong>Akr\u00fc\u00fclsisu v\u00e4rvivalikud:\u00a0<\/strong><\/p>\n<p><img loading=\"lazy\" decoding=\"async\" class=\"alignnone wp-image-104210\" src=\"https:\/\/factory.sale\/wp-content\/uploads\/2025\/05\/Akruulist-sisu-varv-factory-sale-300x120.webp\" alt=\"\" width=\"616\" height=\"246\" srcset=\"https:\/\/factory.sale\/wp-content\/uploads\/2025\/05\/Akruulist-sisu-varv-factory-sale-300x120.webp 300w, https:\/\/factory.sale\/wp-content\/uploads\/2025\/05\/Akruulist-sisu-varv-factory-sale-150x60.webp 150w, https:\/\/factory.sale\/wp-content\/uploads\/2025\/05\/Akruulist-sisu-varv-factory-sale-600x240.webp 600w, https:\/\/factory.sale\/wp-content\/uploads\/2025\/05\/Akruulist-sisu-varv-factory-sale.webp 750w\" sizes=\"auto, (max-width: 616px) 100vw, 616px\" \/><\/p>\n<p><strong>Voodrilaua erinevad valikud (materjali paksus u- 2cm):<\/strong><\/p>\n<p><img loading=\"lazy\" decoding=\"async\" class=\"alignnone wp-image-104201\" src=\"https:\/\/factory.sale\/wp-content\/uploads\/2025\/05\/Kumblustunni-viimistlus-factory-sale-300x120.webp\" alt=\"\" width=\"868\" height=\"347\" srcset=\"https:\/\/factory.sale\/wp-content\/uploads\/2025\/05\/Kumblustunni-viimistlus-factory-sale-300x120.webp 300w, https:\/\/factory.sale\/wp-content\/uploads\/2025\/05\/Kumblustunni-viimistlus-factory-sale-150x60.webp 150w, https:\/\/factory.sale\/wp-content\/uploads\/2025\/05\/Kumblustunni-viimistlus-factory-sale-600x240.webp 600w, https:\/\/factory.sale\/wp-content\/uploads\/2025\/05\/Kumblustunni-viimistlus-factory-sale.webp 750w\" sizes=\"auto, (max-width: 868px) 100vw, 868px\" \/><\/p>\n<p><strong>Treppide valik:<\/strong><\/p>\n<p><img loading=\"lazy\" decoding=\"async\" class=\"alignnone wp-image-104372\" src=\"https:\/\/factory.sale\/wp-content\/uploads\/2024\/09\/trepid-factory.sale-1-300x120.webp\" alt=\"\" width=\"710\" height=\"284\" srcset=\"https:\/\/factory.sale\/wp-content\/uploads\/2024\/09\/trepid-factory.sale-1-300x120.webp 300w, https:\/\/factory.sale\/wp-content\/uploads\/2024\/09\/trepid-factory.sale-1-150x60.webp 150w, https:\/\/factory.sale\/wp-content\/uploads\/2024\/09\/trepid-factory.sale-1-600x240.webp 600w, https:\/\/factory.sale\/wp-content\/uploads\/2024\/09\/trepid-factory.sale-1.webp 750w\" sizes=\"auto, (max-width: 710px) 100vw, 710px\" \/><\/p>\n<p><strong>Termokatte v\u00e4rvivalikud:<\/strong><\/p>\n<p><img loading=\"lazy\" decoding=\"async\" class=\"alignnone wp-image-93257\" src=\"https:\/\/factory.sale\/wp-content\/uploads\/2024\/08\/hot-tub-cover-colours-factory.sale_-1-300x120.webp\" alt=\"\" width=\"600\" height=\"240\" srcset=\"https:\/\/factory.sale\/wp-content\/uploads\/2024\/08\/hot-tub-cover-colours-factory.sale_-1-300x120.webp 300w, https:\/\/factory.sale\/wp-content\/uploads\/2024\/08\/hot-tub-cover-colours-factory.sale_-1-150x60.webp 150w, https:\/\/factory.sale\/wp-content\/uploads\/2024\/08\/hot-tub-cover-colours-factory.sale_-1-600x240.webp 600w, https:\/\/factory.sale\/wp-content\/uploads\/2024\/08\/hot-tub-cover-colours-factory.sale_-1.webp 750w\" sizes=\"auto, (max-width: 600px) 100vw, 600px\" \/><\/p>\n<p>Termokate \u2013 miks see on oluline?<\/p>\n<p>Termokate on h\u00e4davajalik, et hoida vee temperatuur stabiilsena, v\u00e4hendada energiakulu ja kaitsta k\u00fcmblust\u00fcnni mustuse ning tolmu eest. See suurendab turvalisust, eriti laste ja lemmikloomadega peredes, ning kaitseb k\u00fcmblust\u00fcnni ilmastikum\u00f5jude eest. Praktiline, kuluefektiivne ja keskkonnas\u00f5bralik lahendus sinu k\u00fcmblust\u00fcnnile.<\/p>\n<p>&nbsp;<\/p>\n<p>Sukeldu l\u00f5\u00f5gastuste ja naudingute maailma Tucson Horizontal k\u00fcmblust\u00fcnniga\u2014t\u00f5eline luksuse ja meisterlikkuse kombinatsioon.<\/p>\n<p>Rohkem teavet <a href=\"https:\/\/factory.sale\/wp-content\/uploads\/2024\/09\/Kumblustunni-GENERAL-USER-MANUAL-2024-factory.sale_.pdf\" target=\"_blank\" rel=\"noopener\">kasutusjuhendis<\/a><\/p>\n","protected":false},"excerpt":{"rendered":"<p>Avasta unustamatu l\u00f5\u00f5gastuskogemus koos Tucson Horizontal k\u00fcmblust\u00fcnniga<\/p>\n<p>Tucson Horizontal k\u00fcmblust\u00fcnn \u00fchendab stiili ja funktsionaalsuse, pakkudes luksuslikku elamust kohandatavate funktsioonide ja tipptasemel meisterlikkusega. Olenemata sellest, kas otsid rahu ja vaikust v\u00f5i kohta oma s\u00f5pradega koosviibimisteks &#8211; Tucson Horizontal pakub seda k\u00f5ike oma elegantse disaini ja t\u00e4iustatud v\u00f5imalustega. Kohanda oma kogemust viimistluste ja lisadega, mis peegeldavad sinu ainulaadset maitset.<\/p>\n<p>Muuda oma kodu isiklikuks spaaks koos Tucson Horizontal k\u00fcmblust\u00fcnniga.<\/p>\n","protected":false},"featured_media":104219,"comment_status":"open","ping_status":"closed","template":"","meta":{"_acf_changed":false},"factory":[4999],"free-shipment":[5018],"product_brand":[5023],"product_cat":[2587,2209],"product_tag":[2842,4434,4435],"class_list":{"0":"post-104194","1":"product","2":"type-product","3":"status-publish","4":"has-post-thumbnail","6":"factory-mojodas-spa","7":"free-shipment-tasuta-saatmine","8":"product_brand-mojodas","9":"product_cat-klaasplastist-kumblustunnid","10":"product_cat-kumblustunnid","11":"product_tag-hot-tub-et","12":"product_tag-hot-tub-with-stove-et","13":"product_tag-luxury-hot-tub-et","15":"first","16":"instock","17":"sale","18":"taxable","19":"shipping-taxable","20":"purchasable","21":"product-type-simple"},"acf":[],"_links":{"self":[{"href":"https:\/\/factory.sale\/et\/wp-json\/wp\/v2\/product\/104194","targetHints":{"allow":["GET"]}}],"collection":[{"href":"https:\/\/factory.sale\/et\/wp-json\/wp\/v2\/product"}],"about":[{"href":"https:\/\/factory.sale\/et\/wp-json\/wp\/v2\/types\/product"}],"replies":[{"embeddable":true,"href":"https:\/\/factory.sale\/et\/wp-json\/wp\/v2\/comments?post=104194"}],"wp:featuredmedia":[{"embeddable":true,"href":"https:\/\/factory.sale\/et\/wp-json\/wp\/v2\/media\/104219"}],"wp:attachment":[{"href":"https:\/\/factory.sale\/et\/wp-json\/wp\/v2\/media?parent=104194"}],"wp:term":[{"taxonomy":"factory","embeddable":true,"href":"https:\/\/factory.sale\/et\/wp-json\/wp\/v2\/factory?post=104194"},{"taxonomy":"free-shipment","embeddable":true,"href":"https:\/\/factory.sale\/et\/wp-json\/wp\/v2\/free-shipment?post=104194"},{"taxonomy":"product_brand","embeddable":true,"href":"https:\/\/factory.sale\/et\/wp-json\/wp\/v2\/product_brand?post=104194"},{"taxonomy":"product_cat","embeddable":true,"href":"https:\/\/factory.sale\/et\/wp-json\/wp\/v2\/product_cat?post=104194"},{"taxonomy":"product_tag","embeddable":true,"href":"https:\/\/factory.sale\/et\/wp-json\/wp\/v2\/product_tag?post=104194"}],"curies":[{"name":"wp","href":"https:\/\/api.w.org\/{rel}","templated":true}]}}