{"id":10387,"date":"2022-07-14T11:58:05","date_gmt":"2022-07-20T13:09:04","guid":{"rendered":"https:\/\/factory.sale\/?post_type=product&#038;p=10387"},"modified":"2024-06-27T14:16:17","modified_gmt":"2024-06-27T14:16:17","slug":"pargipink-gldtr-iii","status":"publish","type":"product","link":"https:\/\/factory.sale\/et\/toode\/pargipink-gldtr-iii\/","title":{"rendered":"Pargipink &#8220;Gldtr III&#8221;"},"content":{"rendered":"<ul>\n<li>Kaasaegne ja samal ajal klassikaline pargipink.<\/li>\n<li>Uusim mudel pinkide perekonnas.<\/li>\n<li>M\u00f5eldud k\u00f5ige n\u00f5udlikumatele kasutajatele.<\/li>\n<li>Ergonoomiline ja esteetiliste v\u00e4\u00e4rtusega, v\u00f5imaldab igal pingi kasutajal paremini l\u00f5\u00f5gastuda.<\/li>\n<li>Seet\u00f5ttu t\u00e4idab Gladiatori pargipink suurep\u00e4raselt linnaruumi, haljasala v\u00f5i elamurajooni.<\/li>\n<\/ul>\n<p>&nbsp;<\/p>\n<p>&nbsp;<\/p>\n<p><strong>Lisainformatsioon:<\/strong><\/p>\n<ul>\n<li>Pingi pikkus: 170 cm<\/li>\n<li>Pingi laius: 34 cm<\/li>\n<li>Pingi k\u00f5rgus: 43 cm<\/li>\n<li>Istme pikkus: 170 cm<\/li>\n<li>Istme laius: 34 cm<\/li>\n<li>Istme k\u00f5rgus: 43 cm<\/li>\n<li>Materjal: teras , puit<\/li>\n<li>Tsingitud, pulberv\u00e4rvitud<\/li>\n<li>Puidu toon: Mahagon, tiikpuu, palisander<\/li>\n<li>Sertifikaat: PN EN 1176<\/li>\n<li>Garantii 2 aastat<\/li>\n<\/ul>\n<p>&nbsp;<\/p>\n<p>&nbsp;<\/p>\n<p>&nbsp;<\/p>\n<p><em>Minimaalne kogus 8 tk!<\/em><br \/>\n<em>Alates 8 tk transport tasuta!<\/em><\/p>\n","protected":false},"excerpt":{"rendered":"<p><strong>Pingi tugevad puitdetailid kinnituvad tsingitud terasest konstruktsioonile, mis on t\u00f6\u00f6deldud pulberv\u00e4rviga.<\/strong><\/p>\n<p>Kvaliteetne pink \u00fctleb, et siin on turvaline avada raamat oma lemmiktegelastega v\u00f5i nautida m\u00f5nusat ilma.<\/p>\n","protected":false},"featured_media":10396,"comment_status":"open","ping_status":"closed","template":"","meta":{"_acf_changed":false},"factory":[],"free-shipment":[],"product_brand":[],"product_cat":[1100,1114],"product_tag":[2713,4459,4460],"class_list":{"0":"post-10387","1":"product","2":"type-product","3":"status-publish","4":"has-post-thumbnail","6":"product_cat-linnamoobel","7":"product_cat-pingid","8":"product_tag-bench-et","9":"product_tag-park-bench-et","10":"product_tag-urban-furniture-et","12":"first","13":"instock","14":"sale","15":"taxable","16":"shipping-taxable","17":"purchasable","18":"product-type-simple"},"acf":[],"_links":{"self":[{"href":"https:\/\/factory.sale\/et\/wp-json\/wp\/v2\/product\/10387","targetHints":{"allow":["GET"]}}],"collection":[{"href":"https:\/\/factory.sale\/et\/wp-json\/wp\/v2\/product"}],"about":[{"href":"https:\/\/factory.sale\/et\/wp-json\/wp\/v2\/types\/product"}],"replies":[{"embeddable":true,"href":"https:\/\/factory.sale\/et\/wp-json\/wp\/v2\/comments?post=10387"}],"wp:featuredmedia":[{"embeddable":true,"href":"https:\/\/factory.sale\/et\/wp-json\/wp\/v2\/media\/10396"}],"wp:attachment":[{"href":"https:\/\/factory.sale\/et\/wp-json\/wp\/v2\/media?parent=10387"}],"wp:term":[{"taxonomy":"factory","embeddable":true,"href":"https:\/\/factory.sale\/et\/wp-json\/wp\/v2\/factory?post=10387"},{"taxonomy":"free-shipment","embeddable":true,"href":"https:\/\/factory.sale\/et\/wp-json\/wp\/v2\/free-shipment?post=10387"},{"taxonomy":"product_brand","embeddable":true,"href":"https:\/\/factory.sale\/et\/wp-json\/wp\/v2\/product_brand?post=10387"},{"taxonomy":"product_cat","embeddable":true,"href":"https:\/\/factory.sale\/et\/wp-json\/wp\/v2\/product_cat?post=10387"},{"taxonomy":"product_tag","embeddable":true,"href":"https:\/\/factory.sale\/et\/wp-json\/wp\/v2\/product_tag?post=10387"}],"curies":[{"name":"wp","href":"https:\/\/api.w.org\/{rel}","templated":true}]}}