{"id":103639,"date":"2025-04-19T10:52:50","date_gmt":"2025-04-19T08:06:53","guid":{"rendered":"https:\/\/factory.sale\/?post_type=product&#038;p=103639"},"modified":"2025-04-19T21:16:14","modified_gmt":"2025-04-19T18:16:14","slug":"original-iki-puukuttega-keris-10-25-m%c2%b3","status":"publish","type":"product","link":"https:\/\/factory.sale\/et\/toode\/original-iki-puukuttega-keris-10-25-m%c2%b3\/","title":{"rendered":"Original IKI puuk\u00fcttega keris, 10\u201325 m\u00b3"},"content":{"rendered":"<div class=\"video-wrapper \"><\/div>\n<p>&nbsp;<\/p>\n<p>&nbsp;<\/p>\n<p><strong>Tootekood: <\/strong>net3000<\/p>\n<p><strong>GTIN Code: <\/strong>6430041121541<\/p>\n<p>&nbsp;<\/p>\n<p>&nbsp;<\/p>\n<p>Original IKI puukeris on IKI Kiuas sarja klassikaline mudel \u2013 alus, millele k\u00f5ik teised IKI kerised on loodud.<\/p>\n<p>T\u00e4nu muljetavaldavale 240 kg kivimahule pakub Original IKI \u00fcletamatuid leile ka k\u00f5ige n\u00f5udlikumatele saunatajatele, v\u00f5imaldades samas ka pehmemaid leile kerise k\u00fclgedelt. Kiire, umbes \u00fche tunni pikkune soojenemisaeg tuleneb tulekolde ja kivide vahelisest ligikaudu 1 m\u00b2 suurusest kontaktpinnast. Kerise sees asuv soojusvahetustoru \u2013 sama t\u00fc\u00fcpi nagu elektrijaamades \u2013 h\u00f5\u00f5gub k\u00fctmisel punaselt ja edastab soojuse kiiresti kivideni. Keris sobib saunadele, mille ruumala on 10\u201325 m\u00b3. T\u00f5mmet saab reguleerida klaasuksel oleva nupuga. Keris tarnitakse koos alusega, mis on tehases p\u00fcsivalt kinnitatud.<\/p>\n<p>Ohutuskaugused v\u00f5rkkestast s\u00fcttivatele pindadele: k\u00fclgedele 10 cm, taha 10 cm ja \u00fcles 100 cm.<br \/>\nM\u00e4rkus: palja\/isoleerimata suitsutoru puhul peab ohutuskaugus olema 1 meeter \u00fclespoole ja 50 cm k\u00fclgedele. T\u00e4psemad andmed leiad paigaldusjuhendist.<\/p>\n<p>Kerise saab \u00fchendada suitsul\u00f5\u00f5ri sirge, 90\u00b0 v\u00f5i 45\u00b0 suitsutoruga. \u00a0Soovi korral saab kerist t\u00e4iendada ka Plus-osaga \u2013 kivikorviga, mis paigaldatakse kerise peale.<\/p>\n<p>&nbsp;<\/p>\n<p><strong>Tooteinfo:<\/strong><\/p>\n<ul>\n<li>Br\u00e4nd: IKI Kiuas<\/li>\n<li>Mudel: Original IKI<\/li>\n<\/ul>\n<p>&nbsp;<\/p>\n<p><strong>Toote m\u00f5\u00f5dud:<\/strong><\/p>\n<ul>\n<li>K\u00f5rgus (mm): 650<\/li>\n<li>Laius (mm): 600<\/li>\n<li>S\u00fcgavus (mm): 600<\/li>\n<li>L\u00e4bim\u00f5\u00f5t (mm): 60<\/li>\n<li>Kaal (kg): 65<\/li>\n<\/ul>\n<p>&nbsp;<\/p>\n<p><strong>Toote omadused:<\/strong><\/p>\n<ul>\n<li>V\u00e4rv: teras<\/li>\n<li>Materjal: teras<\/li>\n<li>T\u00fc\u00fcp: v\u00f5rkkeris<\/li>\n<li>Veepaak: puudub<\/li>\n<li>Tulekolde l\u00e4bim\u00f5\u00f5t: 33 cm<\/li>\n<li>Tulekolde pikkus: 60 cm<\/li>\n<li>Suitsutoru valikud: sirge, 90\u00b0 v\u00f5i 45\u00b0<\/li>\n<li>Uks: klaasuks puidust k\u00e4epidemega (ukse k\u00e4elisus vahetatav)<\/li>\n<li>Maksimaalne kivikogus (kg): 240<\/li>\n<\/ul>\n<p>&nbsp;<\/p>\n<p><strong>Paigaldus ja kasutamine:<\/strong><\/p>\n<ul>\n<li>Minimaalne sauna ruumala (m\u00b3): 10<\/li>\n<li>Maksimaalne sauna ruumala (m\u00b3): 25<\/li>\n<li>Ohutuskaugus laeni (mm): 1000<\/li>\n<li>Ohutuskaugus k\u00fclgedele (mm): 100<\/li>\n<li>Ohutuskaugus taha (mm): 100<\/li>\n<\/ul>\n<p><em>M\u00e4rkus: Kivide komplekt ei kuulu kerise standardvarustusse ja tuleb tellida eraldi.<\/em><\/p>\n<p>&nbsp;<\/p>\n<p>&nbsp;<\/p>\n<p><a href=\"https:\/\/factory.sale\/wp-content\/uploads\/2025\/04\/IKI_wood_burning_stoves_installation_instructions-2025-1.pdf\" target=\"_blank\" rel=\"noopener\">Kasutus &#8211; ja paigaldusjuhend<\/a><\/p>\n","protected":false},"excerpt":{"rendered":"<p>Original IKI puukeris on IKI Kiuas sarja klassikaline mudel \u2013 alus, millele k\u00f5ik teised IKI kerised on loodud.<\/p>\n<p><img loading=\"lazy\" decoding=\"async\" class=\"alignnone size-medium wp-image-95779\" src=\"https:\/\/factory.sale\/wp-content\/uploads\/2024\/12\/finland-quality-factory.sale_-300x236.webp\" alt=\"\" width=\"300\" height=\"236\" srcset=\"https:\/\/factory.sale\/wp-content\/uploads\/2024\/12\/finland-quality-factory.sale_-300x236.webp 300w, https:\/\/factory.sale\/wp-content\/uploads\/2024\/12\/finland-quality-factory.sale_-150x118.webp 150w, https:\/\/factory.sale\/wp-content\/uploads\/2024\/12\/finland-quality-factory.sale_.webp 594w\" sizes=\"auto, (max-width: 300px) 100vw, 300px\" \/><\/p>\n","protected":false},"featured_media":103627,"comment_status":"open","ping_status":"closed","template":"","meta":{"_acf_changed":false},"factory":[],"free-shipment":[],"product_brand":[],"product_cat":[4369,306],"product_tag":[811,2176],"class_list":{"0":"post-103639","1":"product","2":"type-product","3":"status-publish","4":"has-post-thumbnail","6":"product_cat-iki-et","7":"product_cat-saunakerised","8":"product_tag-sauna-et","9":"product_tag-sauna-heater-et","11":"first","12":"instock","13":"sale","14":"taxable","15":"shipping-taxable","16":"purchasable","17":"product-type-simple"},"acf":[],"_links":{"self":[{"href":"https:\/\/factory.sale\/et\/wp-json\/wp\/v2\/product\/103639","targetHints":{"allow":["GET"]}}],"collection":[{"href":"https:\/\/factory.sale\/et\/wp-json\/wp\/v2\/product"}],"about":[{"href":"https:\/\/factory.sale\/et\/wp-json\/wp\/v2\/types\/product"}],"replies":[{"embeddable":true,"href":"https:\/\/factory.sale\/et\/wp-json\/wp\/v2\/comments?post=103639"}],"wp:featuredmedia":[{"embeddable":true,"href":"https:\/\/factory.sale\/et\/wp-json\/wp\/v2\/media\/103627"}],"wp:attachment":[{"href":"https:\/\/factory.sale\/et\/wp-json\/wp\/v2\/media?parent=103639"}],"wp:term":[{"taxonomy":"factory","embeddable":true,"href":"https:\/\/factory.sale\/et\/wp-json\/wp\/v2\/factory?post=103639"},{"taxonomy":"free-shipment","embeddable":true,"href":"https:\/\/factory.sale\/et\/wp-json\/wp\/v2\/free-shipment?post=103639"},{"taxonomy":"product_brand","embeddable":true,"href":"https:\/\/factory.sale\/et\/wp-json\/wp\/v2\/product_brand?post=103639"},{"taxonomy":"product_cat","embeddable":true,"href":"https:\/\/factory.sale\/et\/wp-json\/wp\/v2\/product_cat?post=103639"},{"taxonomy":"product_tag","embeddable":true,"href":"https:\/\/factory.sale\/et\/wp-json\/wp\/v2\/product_tag?post=103639"}],"curies":[{"name":"wp","href":"https:\/\/api.w.org\/{rel}","templated":true}]}}