{"id":103569,"date":"2025-04-14T22:34:39","date_gmt":"2025-04-14T19:42:21","guid":{"rendered":"https:\/\/factory.sale\/?post_type=product&#038;p=103569"},"modified":"2025-04-15T18:57:40","modified_gmt":"2025-04-15T15:57:40","slug":"loyly-iki-jr-puukuttega-keris-8-14-m%c2%b3","status":"publish","type":"product","link":"https:\/\/factory.sale\/et\/toode\/loyly-iki-jr-puukuttega-keris-8-14-m%c2%b3\/","title":{"rendered":"L\u00f6yly-IKI Jr puuk\u00fcttega keris, 8\u201314 m\u00b3"},"content":{"rendered":"<div class=\"video-wrapper \"><iframe loading=\"lazy\" title=\"IKI Wood burning stoves\" width=\"500\" height=\"281\" src=\"https:\/\/www.youtube.com\/embed\/3d1x-KUvbKo?feature=oembed\" frameborder=\"0\" allow=\"accelerometer; autoplay; clipboard-write; encrypted-media; gyroscope; picture-in-picture; web-share\" referrerpolicy=\"strict-origin-when-cross-origin\" allowfullscreen><\/iframe><\/div>\n<p>&nbsp;<\/p>\n<p><strong>Tootekood:<\/strong> IKI137<\/p>\n<p><strong>GTIN-kood:<\/strong> 6430041130062<\/p>\n<p>&nbsp;<\/p>\n<p>Kompaktne, kuid t\u00f5eliselt sisukas L\u00f6yly-IKI Jr soojendab nii keha kui meelt \u2013 t\u00f5eline Soome saunavaimu kandja. 48 cm l\u00e4bim\u00f5\u00f5duga puukeris mahub ka v\u00e4iksematesse saunaruumidesse, kuid k\u00fctab efektiivselt 8\u201314 m\u00b3 suuruseid saunu. \u00dcmar klaasuks laseb tule kumal hubaselt sauna valgustada ning 160 kg kivimass tagab pehmed ja niisked leilid. Keris tarnitakse koos alusega, mis on tehases p\u00fcsivalt kerise k\u00fclge polditud.<\/p>\n<p>Keris on \u00fchendatav suitsul\u00f5\u00f5riga sirge, 90\u00b0 v\u00f5i 45\u00b0 suitsutoruga \u2013 vali sobiv torut\u00fc\u00fcp tellimisel valikumen\u00fc\u00fcst. Suitsutoru v\u00e4lisl\u00e4bim\u00f5\u00f5t on 115 mm. Kerist saab soovi korral t\u00e4iendada Plus-osaga ehk lisakivikorriga, mis paigaldatakse kerise peale.<\/p>\n<p>&nbsp;<\/p>\n<p>&nbsp;<\/p>\n<p><strong>Toote m\u00f5\u00f5dud:<\/strong><\/p>\n<ul>\n<li>K\u00f5rgus (mm): 755<\/li>\n<li>Laius (mm): 480<\/li>\n<li>S\u00fcgavus (mm): 480<\/li>\n<li>L\u00e4bim\u00f5\u00f5t (mm): 480<\/li>\n<li>Suitsul\u00f5\u00f5ri l\u00e4bim\u00f5\u00f5t (mm): 115<\/li>\n<li>Kaal (kg): 65<\/li>\n<\/ul>\n<p>&nbsp;<\/p>\n<p><strong>Toote omadused:<\/strong><\/p>\n<ul>\n<li>Br\u00e4nd: IKI Kiuas<\/li>\n<li>V\u00e4rv: teras<\/li>\n<li>T\u00fc\u00fcp: v\u00f5rkkeris<\/li>\n<li>Veepaak: puudub<\/li>\n<li>Tulekolde l\u00e4bim\u00f5\u00f5t: 27 cm<\/li>\n<li>Tulekolde pikkus: 50 cm<\/li>\n<li>Klaasuks puidust k\u00e4epidemega, ukse k\u00e4tisus vahetatav<\/li>\n<li>Maksimaalne kivikogus (kg): 160<\/li>\n<\/ul>\n<p>&nbsp;<\/p>\n<p>&nbsp;<\/p>\n<p><strong>Paigaldus ja kasutamine:<\/strong><\/p>\n<ul>\n<li>Minimaalne sauna ruumala (m\u00b3): 8<\/li>\n<li>Maksimaalne sauna ruumala (m\u00b3): 14<\/li>\n<\/ul>\n<p><em>M\u00e4rkus: Kivide komplekt ei kuulu kerise standardvarustusse ja tuleb tellida eraldi.<\/em><\/p>\n<p>&nbsp;<\/p>\n<p>&nbsp;<\/p>\n<p><a href=\"https:\/\/factory.sale\/wp-content\/uploads\/2025\/04\/IKI_wood_burning_stoves_installation_instructions-2025-1.pdf\" target=\"_blank\" rel=\"noopener\">Kasutus-ja paigaldusjuhend<\/a><\/p>\n","protected":false},"excerpt":{"rendered":"<p>Kompaktne, kuid t\u00f5eliselt sisukas L\u00f6yly-IKI Jr soojendab nii keha kui meelt \u2013 t\u00f5eline Soome saunavaimu kandja. 48 cm l\u00e4bim\u00f5\u00f5duga puukeris mahub ka v\u00e4iksematesse saunaruumidesse, kuid k\u00fctab efektiivselt 8\u201314 m\u00b3 suuruseid saunu. \u00dcmar klaasuks laseb tule kumal hubaselt sauna valgustada ning 160 kg kivimass tagab pehmed ja niisked leilid. Keris tarnitakse koos alusega, mis on tehases p\u00fcsivalt kerise k\u00fclge polditud.<\/p>\n<p><img loading=\"lazy\" decoding=\"async\" class=\"alignnone size-medium wp-image-95779\" src=\"https:\/\/factory.sale\/wp-content\/uploads\/2024\/12\/finland-quality-factory.sale_-300x236.webp\" alt=\"\" width=\"300\" height=\"236\" srcset=\"https:\/\/factory.sale\/wp-content\/uploads\/2024\/12\/finland-quality-factory.sale_-300x236.webp 300w, https:\/\/factory.sale\/wp-content\/uploads\/2024\/12\/finland-quality-factory.sale_-150x118.webp 150w, https:\/\/factory.sale\/wp-content\/uploads\/2024\/12\/finland-quality-factory.sale_.webp 594w\" sizes=\"auto, (max-width: 300px) 100vw, 300px\" \/><\/p>\n","protected":false},"featured_media":103555,"comment_status":"open","ping_status":"closed","template":"","meta":{"_acf_changed":false},"factory":[],"free-shipment":[],"product_brand":[],"product_cat":[4369,306],"product_tag":[2173,811,2176],"class_list":{"0":"post-103569","1":"product","2":"type-product","3":"status-publish","4":"has-post-thumbnail","6":"product_cat-iki-et","7":"product_cat-saunakerised","8":"product_tag-heaters-et","9":"product_tag-sauna-et","10":"product_tag-sauna-heater-et","12":"first","13":"instock","14":"sale","15":"taxable","16":"shipping-taxable","17":"purchasable","18":"product-type-simple"},"acf":[],"_links":{"self":[{"href":"https:\/\/factory.sale\/et\/wp-json\/wp\/v2\/product\/103569","targetHints":{"allow":["GET"]}}],"collection":[{"href":"https:\/\/factory.sale\/et\/wp-json\/wp\/v2\/product"}],"about":[{"href":"https:\/\/factory.sale\/et\/wp-json\/wp\/v2\/types\/product"}],"replies":[{"embeddable":true,"href":"https:\/\/factory.sale\/et\/wp-json\/wp\/v2\/comments?post=103569"}],"wp:featuredmedia":[{"embeddable":true,"href":"https:\/\/factory.sale\/et\/wp-json\/wp\/v2\/media\/103555"}],"wp:attachment":[{"href":"https:\/\/factory.sale\/et\/wp-json\/wp\/v2\/media?parent=103569"}],"wp:term":[{"taxonomy":"factory","embeddable":true,"href":"https:\/\/factory.sale\/et\/wp-json\/wp\/v2\/factory?post=103569"},{"taxonomy":"free-shipment","embeddable":true,"href":"https:\/\/factory.sale\/et\/wp-json\/wp\/v2\/free-shipment?post=103569"},{"taxonomy":"product_brand","embeddable":true,"href":"https:\/\/factory.sale\/et\/wp-json\/wp\/v2\/product_brand?post=103569"},{"taxonomy":"product_cat","embeddable":true,"href":"https:\/\/factory.sale\/et\/wp-json\/wp\/v2\/product_cat?post=103569"},{"taxonomy":"product_tag","embeddable":true,"href":"https:\/\/factory.sale\/et\/wp-json\/wp\/v2\/product_tag?post=103569"}],"curies":[{"name":"wp","href":"https:\/\/api.w.org\/{rel}","templated":true}]}}