{"id":103546,"date":"2025-04-14T20:58:44","date_gmt":"2025-04-14T18:07:41","guid":{"rendered":"https:\/\/factory.sale\/?post_type=product&#038;p=103546"},"modified":"2025-04-15T10:09:13","modified_gmt":"2025-04-15T07:09:13","slug":"kivi-iki-jr-puukuttega-keris-10-20-m%c2%b3","status":"publish","type":"product","link":"https:\/\/factory.sale\/et\/toode\/kivi-iki-jr-puukuttega-keris-10-20-m%c2%b3\/","title":{"rendered":"Kivi-IKI Jr puuk\u00fcttega keris, 10\u201320 m\u00b3"},"content":{"rendered":"<div class=\"video-wrapper \"><iframe loading=\"lazy\" title=\"IKI Wood burning stoves\" width=\"500\" height=\"281\" src=\"https:\/\/www.youtube.com\/embed\/3d1x-KUvbKo?feature=oembed\" frameborder=\"0\" allow=\"accelerometer; autoplay; clipboard-write; encrypted-media; gyroscope; picture-in-picture; web-share\" referrerpolicy=\"strict-origin-when-cross-origin\" allowfullscreen><\/iframe><\/div>\n<p>&nbsp;<\/p>\n<p><strong>Tootekood:<\/strong> NETKIVIIKIJR<\/p>\n<p><strong>GTIN-kood:<\/strong> 6430041121664<\/p>\n<p>&nbsp;<\/p>\n<p>Kivi-IKI Jr, originaalse KIVI-IKI puukerise &#8220;v\u00e4ikevend&#8221;, on loodud koost\u00f6\u00f6s dSign Vertti Kivi &amp; Co-ga ning j\u00e4tkab sama j\u00f5ulist disainitraditsiooni.<\/p>\n<p>Tugevad leilid koos kvaliteetsete materjalidega loovad kindla aluse pikaajaliseks saunanaudinguks 10\u201320 m\u00b3 suurustes saunades. Suure klaasukse t\u00f5ttu toimib KIVI-IKI puukeris ka saunaruumi valgustajana, tuues ruumi loomulikku kuma ja elavust. Klaaspind toob sauna elava tule liikumise, mis muudab leegi n\u00e4htavaks ja kohalolevaks osaks saunast, seades v\u00e4ljakutse traditsioonilisele kerisedisainile. Keris tarnitakse koos alusega, mis on tehases p\u00fcsivalt kerise k\u00fclge polditud.<\/p>\n<p>Ohutuskaugused s\u00fcttivatele pindadele: k\u00fclgedele 25 cm, taha 25 cm ja \u00fcles 80 cm.<br \/>\nNB! Isolatsioonita\/paljast suitsutorust tuleb arvestada ohutuskauguseks 100 cm \u00fcles ja 50 cm k\u00fclgedele. Tulekolde kaelusest k\u00fcljele peab j\u00e4\u00e4ma v\u00e4hemalt 30 cm.<\/p>\n<p>&nbsp;<\/p>\n<p><strong>Tooteinfo:<\/strong><\/p>\n<ul>\n<li>Br\u00e4nd: IKI Kiuas<\/li>\n<li>Mudel: Kivi-IKI<\/li>\n<\/ul>\n<p>&nbsp;<\/p>\n<p><strong>Toote m\u00f5\u00f5dud:<\/strong><\/p>\n<ul>\n<li>K\u00f5rgus (mm): 1160<\/li>\n<li>Laius (mm): 480<\/li>\n<li>S\u00fcgavus (mm): 480<\/li>\n<li>L\u00e4bim\u00f5\u00f5t (mm): 480<\/li>\n<li>Kaal (kg): 70<\/li>\n<\/ul>\n<p>&nbsp;<\/p>\n<p><strong>Toote omadused:<\/strong><\/p>\n<ul>\n<li>V\u00e4rv: teras<\/li>\n<li>Materjal: teras<\/li>\n<li>T\u00fc\u00fcp: v\u00f5rkkeris<\/li>\n<li>Veepaak: puudub<\/li>\n<li>Klaasukse k\u00f5rgus: 47,5 cm<\/li>\n<li>Klaasukse laius: 36 cm<\/li>\n<li>Ukse k\u00e4epide on puidust, k\u00e4tisus vahetatav<\/li>\n<li>Soojusv\u00f5imsus ruumi: 15,1 kW<\/li>\n<li>Uks: klaasuks<\/li>\n<li>Maksimaalne kivikogus (kg): 200<\/li>\n<\/ul>\n<p>&nbsp;<\/p>\n<p><strong>Suitsul\u00f5\u00f5ri \u00fchendusv\u00f5imalused:<\/strong><\/p>\n<ul>\n<li>Variant 1: sirge toruga otse kerise pealt lakke<\/li>\n<li>Variant 2: 90\u00b0 toruga kerise pealt seina<\/li>\n<li>Variant 3: 45\u00b0 toruga kerise pealt seina<\/li>\n<li>Variant 4: sirge toruga l\u00e4bi v\u00f5rgu seina<\/li>\n<\/ul>\n<p>&nbsp;<\/p>\n<p><strong>Paigaldus ja kasutamine:<\/strong><\/p>\n<ul>\n<li>Minimaalne sauna ruumala (m\u00b3): 10<\/li>\n<li>Maksimaalne sauna ruumala (m\u00b3): 20<\/li>\n<li>Ohutuskaugus laeni (mm): 800<\/li>\n<li>Ohutuskaugus k\u00fcljele (mm): 250<\/li>\n<li>Ohutuskaugus taha (mm): 250<\/li>\n<\/ul>\n<p><em>M\u00e4rkus: Kivide komplekt ei kuulu kerise standardvarustusse ja tuleb tellida eraldi.<\/em><\/p>\n<p>&nbsp;<\/p>\n<p>&nbsp;<\/p>\n<p>&nbsp;<\/p>\n<p><a href=\"https:\/\/factory.sale\/wp-content\/uploads\/2025\/04\/IKI_wood_burning_stoves_installation_instructions-2025-1.pdf\" target=\"_blank\" rel=\"noopener\">Kasutus- ja paigaldusjuhend<\/a><\/p>\n","protected":false},"excerpt":{"rendered":"<p>Kivi-IKI Jr, originaalse KIVI-IKI puukerise &#8220;v\u00e4ikevend&#8221;, on loodud koost\u00f6\u00f6s dSign Vertti Kivi &amp; Co-ga ning j\u00e4tkab sama j\u00f5ulist disainitraditsiooni.<\/p>\n<p><img loading=\"lazy\" decoding=\"async\" class=\"alignnone size-medium wp-image-95779\" src=\"https:\/\/factory.sale\/wp-content\/uploads\/2024\/12\/finland-quality-factory.sale_-300x236.webp\" alt=\"\" width=\"300\" height=\"236\" srcset=\"https:\/\/factory.sale\/wp-content\/uploads\/2024\/12\/finland-quality-factory.sale_-300x236.webp 300w, https:\/\/factory.sale\/wp-content\/uploads\/2024\/12\/finland-quality-factory.sale_-150x118.webp 150w, https:\/\/factory.sale\/wp-content\/uploads\/2024\/12\/finland-quality-factory.sale_.webp 594w\" sizes=\"auto, (max-width: 300px) 100vw, 300px\" \/><\/p>\n","protected":false},"featured_media":103532,"comment_status":"open","ping_status":"closed","template":"","meta":{"_acf_changed":false},"factory":[],"free-shipment":[],"product_brand":[],"product_cat":[4369,306],"product_tag":[811,2176],"class_list":{"0":"post-103546","1":"product","2":"type-product","3":"status-publish","4":"has-post-thumbnail","6":"product_cat-iki-et","7":"product_cat-saunakerised","8":"product_tag-sauna-et","9":"product_tag-sauna-heater-et","11":"first","12":"instock","13":"sale","14":"taxable","15":"shipping-taxable","16":"purchasable","17":"product-type-simple"},"acf":[],"_links":{"self":[{"href":"https:\/\/factory.sale\/et\/wp-json\/wp\/v2\/product\/103546","targetHints":{"allow":["GET"]}}],"collection":[{"href":"https:\/\/factory.sale\/et\/wp-json\/wp\/v2\/product"}],"about":[{"href":"https:\/\/factory.sale\/et\/wp-json\/wp\/v2\/types\/product"}],"replies":[{"embeddable":true,"href":"https:\/\/factory.sale\/et\/wp-json\/wp\/v2\/comments?post=103546"}],"wp:featuredmedia":[{"embeddable":true,"href":"https:\/\/factory.sale\/et\/wp-json\/wp\/v2\/media\/103532"}],"wp:attachment":[{"href":"https:\/\/factory.sale\/et\/wp-json\/wp\/v2\/media?parent=103546"}],"wp:term":[{"taxonomy":"factory","embeddable":true,"href":"https:\/\/factory.sale\/et\/wp-json\/wp\/v2\/factory?post=103546"},{"taxonomy":"free-shipment","embeddable":true,"href":"https:\/\/factory.sale\/et\/wp-json\/wp\/v2\/free-shipment?post=103546"},{"taxonomy":"product_brand","embeddable":true,"href":"https:\/\/factory.sale\/et\/wp-json\/wp\/v2\/product_brand?post=103546"},{"taxonomy":"product_cat","embeddable":true,"href":"https:\/\/factory.sale\/et\/wp-json\/wp\/v2\/product_cat?post=103546"},{"taxonomy":"product_tag","embeddable":true,"href":"https:\/\/factory.sale\/et\/wp-json\/wp\/v2\/product_tag?post=103546"}],"curies":[{"name":"wp","href":"https:\/\/api.w.org\/{rel}","templated":true}]}}