{"id":10353,"date":"2022-07-14T09:50:18","date_gmt":"2022-07-20T11:36:23","guid":{"rendered":"https:\/\/factory.sale\/?post_type=product&#038;p=10353"},"modified":"2025-03-17T23:15:16","modified_gmt":"2025-03-17T20:15:16","slug":"pargipink-cent-ii","status":"publish","type":"product","link":"https:\/\/factory.sale\/et\/toode\/pargipink-cent-ii\/","title":{"rendered":"Pargipink \u201cCent II\u201d"},"content":{"rendered":"<ul>\n<li>Pargipink \u201cCenturion II\u201d &#8211;\u00a0Kaasaegne ja samal ajal klassikaline pargipink.<\/li>\n<li>Pinkide versioon sobib ideaalselt nii m\u00e4nguv\u00e4ljakute ja m\u00e4nguv\u00e4ljakute l\u00e4heduses kui ka parkides ja elamurajoonides.<\/li>\n<li>Centurioni pink on vastupidav ja \u00e4\u00e4rmiselt mugav ning samas ka originaalse ja enneolematu disainiga.<\/li>\n<\/ul>\n<p>&nbsp;<\/p>\n<p><strong>Lisainformatsioon:<\/strong><\/p>\n<ul>\n<li>Pingi pikkus: 170 cm<\/li>\n<li>Pingi laius: 42 cm<\/li>\n<li>Pingi k\u00f5rgus: 56 cm<\/li>\n<li>Istme pikkus: 152 cm<\/li>\n<li>Istme laius: 36 cm<\/li>\n<li>Istme k\u00f5rgus: 44,5 cm<\/li>\n<li>Materjal: teras, puit<\/li>\n<li>Tsingitud, pulberv\u00e4rvitud<\/li>\n<li>Puidu toon: Mahagon, tiikpuu, palisander<\/li>\n<li>Sertifikaat: PN EN 1176<\/li>\n<li>Garantii 2 aastat<\/li>\n<\/ul>\n<p>&nbsp;<\/p>\n<p>&nbsp;<\/p>\n<p><em>Minimaalne kogus 8 tk!<\/em><br \/>\n<em>Alates 8 tk transport tasuta!<\/em><\/p>\n","protected":false},"excerpt":{"rendered":"<p><strong>Pingi tugevad puitdetailid kinnituvad tsingitud terasest konstruktsioonile, mis on t\u00f6\u00f6deldud pulberv\u00e4rviga.<\/strong><\/p>\n<p>Kvaliteetne pink \u00fctleb, et siin on turvaline avada raamat oma lemmiktegelastega v\u00f5i nautida m\u00f5nusat ilma.<\/p>\n","protected":false},"featured_media":10356,"comment_status":"open","ping_status":"closed","template":"","meta":{"_acf_changed":false},"factory":[],"free-shipment":[],"product_brand":[],"product_cat":[1100,1114],"product_tag":[2713],"class_list":{"0":"post-10353","1":"product","2":"type-product","3":"status-publish","4":"has-post-thumbnail","6":"product_cat-linnamoobel","7":"product_cat-pingid","8":"product_tag-bench-et","10":"first","11":"instock","12":"sale","13":"taxable","14":"shipping-taxable","15":"purchasable","16":"product-type-simple"},"acf":[],"_links":{"self":[{"href":"https:\/\/factory.sale\/et\/wp-json\/wp\/v2\/product\/10353","targetHints":{"allow":["GET"]}}],"collection":[{"href":"https:\/\/factory.sale\/et\/wp-json\/wp\/v2\/product"}],"about":[{"href":"https:\/\/factory.sale\/et\/wp-json\/wp\/v2\/types\/product"}],"replies":[{"embeddable":true,"href":"https:\/\/factory.sale\/et\/wp-json\/wp\/v2\/comments?post=10353"}],"wp:featuredmedia":[{"embeddable":true,"href":"https:\/\/factory.sale\/et\/wp-json\/wp\/v2\/media\/10356"}],"wp:attachment":[{"href":"https:\/\/factory.sale\/et\/wp-json\/wp\/v2\/media?parent=10353"}],"wp:term":[{"taxonomy":"factory","embeddable":true,"href":"https:\/\/factory.sale\/et\/wp-json\/wp\/v2\/factory?post=10353"},{"taxonomy":"free-shipment","embeddable":true,"href":"https:\/\/factory.sale\/et\/wp-json\/wp\/v2\/free-shipment?post=10353"},{"taxonomy":"product_brand","embeddable":true,"href":"https:\/\/factory.sale\/et\/wp-json\/wp\/v2\/product_brand?post=10353"},{"taxonomy":"product_cat","embeddable":true,"href":"https:\/\/factory.sale\/et\/wp-json\/wp\/v2\/product_cat?post=10353"},{"taxonomy":"product_tag","embeddable":true,"href":"https:\/\/factory.sale\/et\/wp-json\/wp\/v2\/product_tag?post=10353"}],"curies":[{"name":"wp","href":"https:\/\/api.w.org\/{rel}","templated":true}]}}