{"id":103518,"date":"2025-04-14T14:56:45","date_gmt":"2025-04-14T12:03:39","guid":{"rendered":"https:\/\/factory.sale\/?post_type=product&#038;p=103518"},"modified":"2025-04-14T17:36:56","modified_gmt":"2025-04-14T14:36:56","slug":"mini-iki-puukuttega-keris-5-12-m%c2%b3","status":"publish","type":"product","link":"https:\/\/factory.sale\/et\/toode\/mini-iki-puukuttega-keris-5-12-m%c2%b3\/","title":{"rendered":"Mini IKI puuk\u00fcttega keris, 5\u201312 m\u00b3"},"content":{"rendered":"<div class=\"video-wrapper \"><iframe loading=\"lazy\" title=\"IKI Wood burning stoves\" width=\"500\" height=\"281\" src=\"https:\/\/www.youtube.com\/embed\/3d1x-KUvbKo?feature=oembed\" frameborder=\"0\" allow=\"accelerometer; autoplay; clipboard-write; encrypted-media; gyroscope; picture-in-picture; web-share\" referrerpolicy=\"strict-origin-when-cross-origin\" allowfullscreen><\/iframe><\/div>\n<p>&nbsp;<\/p>\n<p><strong>Tootekood:<\/strong> NETMINIKI<\/p>\n<p><strong>GTIN-kood:<\/strong> 6430041121503<\/p>\n<p>&nbsp;<\/p>\n<p>&nbsp;<\/p>\n<p>Mini IKI on v\u00e4ikseim mudel IKI puuk\u00fcttega keriste valikus ning sobib 5\u201312 m\u00b3 suurustele saunadele. Vaatamata oma kompaktsele suurusele mahutab see muljetavaldavad 120 kg kive. Tulekollet pikendab keevitatud soojusvahetustoru, mis tagab suure kivimassi kiire kuumenemise. Mini IKI on \u00e4\u00e4rmiselt t\u00f5hus k\u00fctteseade v\u00e4ikestesse saunadesse ning tagab t\u00e4nu suurele kivimassile meeldiva leili ka alumistel pinkidel. T\u00f5mmet saab lihtsalt reguleerida ukse peal oleva nupuga. Keris tarnitakse koos alusega, mis on tehases p\u00fcsivalt kerise k\u00fclge kinnitatud.<\/p>\n<p>&nbsp;<\/p>\n<p>&nbsp;<\/p>\n<p><strong>Toote m\u00f5\u00f5dud:<\/strong><\/p>\n<ul>\n<li>K\u00f5rgus (mm): 580<\/li>\n<li>Laius (mm): 480<\/li>\n<li>S\u00fcgavus (mm): 480<\/li>\n<li>L\u00e4bim\u00f5\u00f5t (mm): 480<\/li>\n<li>Kaal (kg): 45<\/li>\n<\/ul>\n<p>&nbsp;<\/p>\n<p><strong>Toote omadused:<\/strong><\/p>\n<ul>\n<li>Br\u00e4nd: IKI Kiuas<\/li>\n<li>V\u00e4rv: teras<\/li>\n<li>Materjal: teras<\/li>\n<li>T\u00fc\u00fcp: v\u00f5rkkeris<\/li>\n<li>Veepaak: puudub<\/li>\n<li>Tulekolde l\u00e4bim\u00f5\u00f5t: 27 cm<\/li>\n<li>Tulekolde pikkus: 50 cm<\/li>\n<li>Kerise saab \u00fchendada suitsul\u00f5\u00f5ri sirge, 90\u00b0 v\u00f5i 45\u00b0 suitsutoruga<\/li>\n<li>Ukse t\u00fc\u00fcp: klaasuks puidust k\u00e4epidemega (ukse k\u00e4epide on vahetatav)<\/li>\n<li>Maksimaalne kivikogus (kg): 120<\/li>\n<\/ul>\n<p>&nbsp;<\/p>\n<p><strong>Paigaldus ja kasutamine:<\/strong><\/p>\n<ul>\n<li>Minimaalne sauna ruumala (m\u00b3): 5<\/li>\n<li>Maksimaalne sauna ruumala (m\u00b3): 12<\/li>\n<\/ul>\n<p>&nbsp;<\/p>\n<p><strong>Mini IKI ohutuskaugused s\u00fcttivatele pindadele:<\/strong><\/p>\n<ul>\n<li>K\u00fclgedele: 10 cm<\/li>\n<li>Taha: 10 cm<\/li>\n<li>\u00dcles: 100 cm<\/li>\n<\/ul>\n<p>&nbsp;<\/p>\n<p><em>NB! Palja\/isoleerimata suitsutoru puhul: 1 m \u00fcles ja 50 cm k\u00fclgedele<\/em><\/p>\n<p>Kerise saab \u00fchendada suitsul\u00f5\u00f5ri sirge, 45\u00b0 v\u00f5i 90\u00b0 toruga.<br \/>\nSoovi korral saab kerisele lisada Plus-osaga kivikorvi, mis asetatakse kerise peale<\/p>\n<p>M\u00e4rkus: IKI-keriste soojus talletub suure kivimassi sisse, mist\u00f5ttu klaas- v\u00f5i kivipindade olemasolu saunas ei m\u00f5juta oluliselt selle k\u00fctmist. Kui aga saunas on palju kivist v\u00f5i klaasist pindu v\u00f5i see j\u00e4\u00e4b soovitusliku ruumala \u00fclemisse vahemikku, soovitame valida v\u00f5imsama kerise.<\/p>\n<p>&nbsp;<\/p>\n<p><em>NB: Kivid ei kuulu kerise komplekti ja tuleb tellida eraldi.<\/em><\/p>\n<p>&nbsp;<\/p>\n<p>&nbsp;<\/p>\n<p><a href=\"https:\/\/factory.sale\/wp-content\/uploads\/2025\/04\/IKI_wood_burning_stoves_installation_instructions-2025-1.pdf\" target=\"_blank\" rel=\"noopener\">Kasutus- ja paigaldusjuhend<\/a><\/p>\n","protected":false},"excerpt":{"rendered":"<p>Mini IKI on v\u00e4ikseim mudel IKI puuk\u00fcttega keriste valikus ning sobib 5\u201312 m\u00b3 suurustele saunadele. Vaatamata oma kompaktsele suurusele mahutab see muljetavaldavad 120 kg kive. Tulekollet pikendab keevitatud soojusvahetustoru, mis tagab suure kivimassi kiire kuumenemise.<\/p>\n<p><img loading=\"lazy\" decoding=\"async\" class=\"alignnone size-medium wp-image-95779\" src=\"https:\/\/factory.sale\/wp-content\/uploads\/2024\/12\/finland-quality-factory.sale_-300x236.webp\" alt=\"\" width=\"300\" height=\"236\" srcset=\"https:\/\/factory.sale\/wp-content\/uploads\/2024\/12\/finland-quality-factory.sale_-300x236.webp 300w, https:\/\/factory.sale\/wp-content\/uploads\/2024\/12\/finland-quality-factory.sale_-150x118.webp 150w, https:\/\/factory.sale\/wp-content\/uploads\/2024\/12\/finland-quality-factory.sale_.webp 594w\" sizes=\"auto, (max-width: 300px) 100vw, 300px\" \/><\/p>\n","protected":false},"featured_media":103507,"comment_status":"open","ping_status":"closed","template":"","meta":{"_acf_changed":false},"factory":[],"free-shipment":[],"product_brand":[],"product_cat":[4368,265],"product_tag":[1145],"class_list":{"0":"post-103518","1":"product","2":"type-product","3":"status-publish","4":"has-post-thumbnail","6":"product_cat-iki","7":"product_cat-sauna-heaters","8":"product_tag-sauna-heater","10":"first","11":"instock","12":"sale","13":"taxable","14":"shipping-taxable","15":"purchasable","16":"product-type-simple"},"acf":[],"_links":{"self":[{"href":"https:\/\/factory.sale\/et\/wp-json\/wp\/v2\/product\/103518","targetHints":{"allow":["GET"]}}],"collection":[{"href":"https:\/\/factory.sale\/et\/wp-json\/wp\/v2\/product"}],"about":[{"href":"https:\/\/factory.sale\/et\/wp-json\/wp\/v2\/types\/product"}],"replies":[{"embeddable":true,"href":"https:\/\/factory.sale\/et\/wp-json\/wp\/v2\/comments?post=103518"}],"wp:featuredmedia":[{"embeddable":true,"href":"https:\/\/factory.sale\/et\/wp-json\/wp\/v2\/media\/103507"}],"wp:attachment":[{"href":"https:\/\/factory.sale\/et\/wp-json\/wp\/v2\/media?parent=103518"}],"wp:term":[{"taxonomy":"factory","embeddable":true,"href":"https:\/\/factory.sale\/et\/wp-json\/wp\/v2\/factory?post=103518"},{"taxonomy":"free-shipment","embeddable":true,"href":"https:\/\/factory.sale\/et\/wp-json\/wp\/v2\/free-shipment?post=103518"},{"taxonomy":"product_brand","embeddable":true,"href":"https:\/\/factory.sale\/et\/wp-json\/wp\/v2\/product_brand?post=103518"},{"taxonomy":"product_cat","embeddable":true,"href":"https:\/\/factory.sale\/et\/wp-json\/wp\/v2\/product_cat?post=103518"},{"taxonomy":"product_tag","embeddable":true,"href":"https:\/\/factory.sale\/et\/wp-json\/wp\/v2\/product_tag?post=103518"}],"curies":[{"name":"wp","href":"https:\/\/api.w.org\/{rel}","templated":true}]}}