{"id":103492,"date":"2025-04-14T01:51:05","date_gmt":"2025-04-13T22:59:13","guid":{"rendered":"https:\/\/factory.sale\/?post_type=product&#038;p=103492"},"modified":"2025-04-14T23:28:01","modified_gmt":"2025-04-14T20:28:01","slug":"kivi-iki-puukuttega-keris-15-30-m%c2%b3","status":"publish","type":"product","link":"https:\/\/factory.sale\/et\/toode\/kivi-iki-puukuttega-keris-15-30-m%c2%b3\/","title":{"rendered":"Kivi-IKI puuk\u00fcttega keris, 15\u201330 m\u00b3"},"content":{"rendered":"<div class=\"video-wrapper \"><iframe loading=\"lazy\" title=\"IKI Wood burning stoves\" width=\"500\" height=\"281\" src=\"https:\/\/www.youtube.com\/embed\/3d1x-KUvbKo?feature=oembed\" frameborder=\"0\" allow=\"accelerometer; autoplay; clipboard-write; encrypted-media; gyroscope; picture-in-picture; web-share\" referrerpolicy=\"strict-origin-when-cross-origin\" allowfullscreen><\/iframe><\/div>\n<p>&nbsp;<\/p>\n<p>&nbsp;<\/p>\n<p><strong>Tootekood:<\/strong> NETKIVIIKI<\/p>\n<p><strong>GTIN-kood:<\/strong> 6430041121688<\/p>\n<p>&nbsp;<\/p>\n<p>KIVI-IKI kerist esitleti esmakordselt 2009. aasta Habitare messil. Kerise suur klaaspind toob sauna tule elava liikumise kui kohaloleva elemendi, seades k\u00fcsim\u00e4rgi alla traditsioonilise kerisedisaini.<\/p>\n<p>T\u00e4nu l\u00e4bipaistvale konstruktsioonile toimib KIVI-IKI ka valgusallikana, lisades saunaruumi loomulikku kuma ja meeleolu. Kerise valmistamisel kasutatakse samu tugevaid materjale nagu teisteski IKI-Kiuas Oy puukeriste mudelites. Keris tarnitakse koos alusega, mis on tehases p\u00fcsivalt kerise k\u00fclge poltidega kinnitatud.<\/p>\n<p>Ohutuskaugused s\u00fcttivatele pindadele: k\u00fclgedele 25 cm, taha 25 cm ja \u00fcles 80 cm.<br \/>\nNB! Isolatsioonita v\u00f5i palja suitsutoru puhul peab ohutuskaugus olema 100 cm \u00fcles ja 50 cm k\u00fclgedele. Tulekolde kaelusest k\u00fcljele peab j\u00e4\u00e4ma v\u00e4hemalt 30 cm.<\/p>\n<p>&nbsp;<\/p>\n<p>&nbsp;<\/p>\n<p><strong>Kerise suitsul\u00f5\u00f5ri saab \u00fchendada mitmel viisil:<\/strong><\/p>\n<ul>\n<li>Variant 1: otse kerise pealt \u00fcles sirge toruga<\/li>\n<li>Variant 2: kerise pealt 90\u00b0 toruga seina<\/li>\n<li>Variant 3: kerise pealt 45\u00b0 toruga seina<\/li>\n<li>Variant 4: kerise v\u00f5rgukehast l\u00e4bi sirge toruga seina<\/li>\n<\/ul>\n<p>&nbsp;<\/p>\n<p><strong>Tooteinfo:<\/strong><\/p>\n<ul>\n<li>Br\u00e4nd: IKI Kiuas<\/li>\n<li>Mudel: Kivi-IKI<\/li>\n<\/ul>\n<p>&nbsp;<\/p>\n<p><strong>Toote m\u00f5\u00f5dud:<\/strong><\/p>\n<ul>\n<li>K\u00f5rgus (mm): 1510<\/li>\n<li>Laius (mm): 480<\/li>\n<li>S\u00fcgavus (mm): 480<\/li>\n<li>L\u00e4bim\u00f5\u00f5t (mm): 480<\/li>\n<li>Kaal (kg): 85<\/li>\n<\/ul>\n<p>&nbsp;<\/p>\n<p><strong>Toote omadused:<\/strong><\/p>\n<ul>\n<li>V\u00e4rv: teras<\/li>\n<li>Materjal: teras<\/li>\n<li>T\u00fc\u00fcp: v\u00f5rkkeris<\/li>\n<li>Veepaak: puudub<\/li>\n<li>Klaasukse k\u00f5rgus: 47,5 cm<\/li>\n<li>Klaasukse laius: 36 cm<\/li>\n<li>Ukse k\u00e4epide on puidust; ukse k\u00e4elisus vahetatav<\/li>\n<li>Soojusv\u00f5imsus ruumi: 15,9 kW<\/li>\n<li>Maksimaalne kivikogus (kg): 260<\/li>\n<\/ul>\n<p>&nbsp;<\/p>\n<p><strong>Paigaldamine ja kasutamine:<\/strong><\/p>\n<ul>\n<li>Minimaalne sauna ruumala (m\u00b3): 15<\/li>\n<li>Maksimaalne sauna ruumala (m\u00b3): 30<\/li>\n<li>Ohutuskaugus laeni (mm): 800<\/li>\n<li>Ohutuskaugus k\u00fcljele (mm): 250<\/li>\n<li>Ohutuskaugus taha (mm): 250<\/li>\n<li>Suitsul\u00f5\u00f5ri \u00fchenduse asukoht: pealt, tagant<\/li>\n<\/ul>\n<p><em>M\u00e4rkus: Kivide komplekt ei kuulu kerise standardvarustusse ja tuleb tellida eraldi.<\/em><\/p>\n<p>&nbsp;<\/p>\n<p>&nbsp;<\/p>\n<p><a href=\"https:\/\/factory.sale\/wp-content\/uploads\/2025\/04\/3-installation_instructions_KIVI-IKI.pdf\" target=\"_blank\" rel=\"noopener\">Kasutus-ja paigaldusjuhend<\/a><\/p>\n","protected":false},"excerpt":{"rendered":"<p>KIVI-IKI puukeris, mille on kujundanud dSign Vertti Kivi &amp; Co koost\u00f6\u00f6s IKI-Kiuas Oy-ga, s\u00fcndis soovist tuua sauna ruumi m\u00f5juv elamus ja l\u00e4bipaistvus elava tule kaudu.<\/p>\n<p><img loading=\"lazy\" decoding=\"async\" class=\"alignnone size-medium wp-image-95779\" src=\"https:\/\/factory.sale\/wp-content\/uploads\/2024\/12\/finland-quality-factory.sale_-300x236.webp\" alt=\"\" width=\"300\" height=\"236\" srcset=\"https:\/\/factory.sale\/wp-content\/uploads\/2024\/12\/finland-quality-factory.sale_-300x236.webp 300w, https:\/\/factory.sale\/wp-content\/uploads\/2024\/12\/finland-quality-factory.sale_-150x118.webp 150w, https:\/\/factory.sale\/wp-content\/uploads\/2024\/12\/finland-quality-factory.sale_.webp 594w\" sizes=\"auto, (max-width: 300px) 100vw, 300px\" \/><\/p>\n","protected":false},"featured_media":103477,"comment_status":"open","ping_status":"closed","template":"","meta":{"_acf_changed":false},"factory":[],"free-shipment":[],"product_brand":[],"product_cat":[4369,306],"product_tag":[811,1892],"class_list":{"0":"post-103492","1":"product","2":"type-product","3":"status-publish","4":"has-post-thumbnail","6":"product_cat-iki-et","7":"product_cat-saunakerised","8":"product_tag-sauna-et","9":"product_tag-stove-et","11":"first","12":"instock","13":"sale","14":"taxable","15":"shipping-taxable","16":"purchasable","17":"product-type-simple"},"acf":[],"_links":{"self":[{"href":"https:\/\/factory.sale\/et\/wp-json\/wp\/v2\/product\/103492","targetHints":{"allow":["GET"]}}],"collection":[{"href":"https:\/\/factory.sale\/et\/wp-json\/wp\/v2\/product"}],"about":[{"href":"https:\/\/factory.sale\/et\/wp-json\/wp\/v2\/types\/product"}],"replies":[{"embeddable":true,"href":"https:\/\/factory.sale\/et\/wp-json\/wp\/v2\/comments?post=103492"}],"wp:featuredmedia":[{"embeddable":true,"href":"https:\/\/factory.sale\/et\/wp-json\/wp\/v2\/media\/103477"}],"wp:attachment":[{"href":"https:\/\/factory.sale\/et\/wp-json\/wp\/v2\/media?parent=103492"}],"wp:term":[{"taxonomy":"factory","embeddable":true,"href":"https:\/\/factory.sale\/et\/wp-json\/wp\/v2\/factory?post=103492"},{"taxonomy":"free-shipment","embeddable":true,"href":"https:\/\/factory.sale\/et\/wp-json\/wp\/v2\/free-shipment?post=103492"},{"taxonomy":"product_brand","embeddable":true,"href":"https:\/\/factory.sale\/et\/wp-json\/wp\/v2\/product_brand?post=103492"},{"taxonomy":"product_cat","embeddable":true,"href":"https:\/\/factory.sale\/et\/wp-json\/wp\/v2\/product_cat?post=103492"},{"taxonomy":"product_tag","embeddable":true,"href":"https:\/\/factory.sale\/et\/wp-json\/wp\/v2\/product_tag?post=103492"}],"curies":[{"name":"wp","href":"https:\/\/api.w.org\/{rel}","templated":true}]}}