{"id":103467,"date":"2025-04-14T01:22:53","date_gmt":"2025-04-13T22:27:50","guid":{"rendered":"https:\/\/factory.sale\/?post_type=product&#038;p=103467"},"modified":"2025-04-14T02:12:43","modified_gmt":"2025-04-13T23:12:43","slug":"iki-sl-puukuttega-keris-14-30-m%c2%b3","status":"publish","type":"product","link":"https:\/\/factory.sale\/et\/toode\/iki-sl-puukuttega-keris-14-30-m%c2%b3\/","title":{"rendered":"IKI SL puuk\u00fcttega keris, 14\u201330 m\u00b3"},"content":{"rendered":"<div class=\"video-wrapper \"><iframe loading=\"lazy\" title=\"IKI Wood burning stoves\" width=\"500\" height=\"281\" src=\"https:\/\/www.youtube.com\/embed\/3d1x-KUvbKo?feature=oembed\" frameborder=\"0\" allow=\"accelerometer; autoplay; clipboard-write; encrypted-media; gyroscope; picture-in-picture; web-share\" referrerpolicy=\"strict-origin-when-cross-origin\" allowfullscreen><\/iframe><\/div>\n<p>&nbsp;<\/p>\n<p><strong>Tootekood:<\/strong> IKI123<\/p>\n<p><strong>GTIN-kood:<\/strong> 6430041124504<\/p>\n<p>&nbsp;<\/p>\n<p>&nbsp;<\/p>\n<p>SL-IKI puuk\u00fcttega kerisega saad sauna k\u00fctta mugavalt teisest ruumist v\u00f5i v\u00e4ljastpoolt.<\/p>\n<p>Selline paigaldusviis s\u00e4\u00e4stab sauna siseruumi, kuna kerisel on v\u00e4ikesed ohutuskaugused, ning aitab hoida sauna puhtana \u2013 halud lisatakse koldesse v\u00e4ljast. Keris v\u00f5imaldab kasutada kuni \u00fche meetri pikkuseid halge.<\/p>\n<p>K\u00f5ik IKI puukerised valmistatakse k\u00e4sit\u00f6\u00f6na Soomes.<\/p>\n<p>&nbsp;<\/p>\n<p><strong>Tooteinfo:<\/strong><\/p>\n<ul>\n<li>Br\u00e4nd: IKI Kiuas<\/li>\n<li>Sertifikaadid ja heakskiidud: CE-m\u00e4rgistus<\/li>\n<li>P\u00e4ritoluriik: Soome<\/li>\n<li>Garantii: 2 aastat<\/li>\n<\/ul>\n<p>&nbsp;<\/p>\n<p><strong>Toote m\u00f5\u00f5dud:<\/strong><\/p>\n<ul>\n<li>K\u00f5rgus (mm): 820<\/li>\n<li>L\u00e4bim\u00f5\u00f5t (mm): 600<\/li>\n<li>Kaal (kg): 75<\/li>\n<\/ul>\n<p>&nbsp;<\/p>\n<p><strong>Toote omadused:<\/strong><\/p>\n<ul>\n<li>V\u00e4rv: teras<\/li>\n<li>Materjal: roostevaba teras<\/li>\n<li>T\u00fc\u00fcp: v\u00f5rkkeris<\/li>\n<li>Veepaak: puudub<\/li>\n<li>Maksimaalne kivikogus (kg): 300<\/li>\n<\/ul>\n<p>&nbsp;<\/p>\n<p>&nbsp;<\/p>\n<p><strong>Paigaldus ja kasutamine:<\/strong><\/p>\n<ul>\n<li>Minimaalne sauna ruumala (m\u00b3): 14<\/li>\n<li>Maksimaalne sauna ruumala (m\u00b3): 30<\/li>\n<li>Ohutuskaugus laeni (mm): 1000<\/li>\n<li>Ohutuskaugus k\u00fcljele (mm): 100<\/li>\n<li>Ohutuskaugus ette (mm): 500<\/li>\n<li>Ohutuskaugus taha (mm): 100<\/li>\n<li>Suitsul\u00f5\u00f5ri \u00fchenduse asukoht: pealt<\/li>\n<\/ul>\n<p>&nbsp;<\/p>\n<p>&nbsp;<\/p>\n<p><strong>Pakendi m\u00f5\u00f5dud ja kaal:<\/strong><\/p>\n<ul>\n<li>Pakendi laius (mm): 800<\/li>\n<li>Pakendi k\u00f5rgus (mm): 1000<\/li>\n<li>Pakendi s\u00fcgavus (mm): 1200<\/li>\n<li>Saatmiskaal (kg): 85<\/li>\n<\/ul>\n<p>&nbsp;<\/p>\n<p>&nbsp;<\/p>\n<p>&nbsp;<\/p>\n<p><a href=\"https:\/\/factory.sale\/wp-content\/uploads\/2025\/04\/2-IKI-SL-wood_burning_stove_installation_instructions.pdf\" target=\"_blank\" rel=\"noopener\">Kasutusjuhend<\/a><\/p>\n","protected":false},"excerpt":{"rendered":"<p>SL-IKI puuk\u00fcttega kerisega saad sauna k\u00fctta mugavalt teisest ruumist v\u00f5i v\u00e4ljastpoolt.<\/p>\n<p><img loading=\"lazy\" decoding=\"async\" class=\"alignnone size-medium wp-image-95779\" src=\"https:\/\/factory.sale\/wp-content\/uploads\/2024\/12\/finland-quality-factory.sale_-300x236.webp\" alt=\"\" width=\"300\" height=\"236\" srcset=\"https:\/\/factory.sale\/wp-content\/uploads\/2024\/12\/finland-quality-factory.sale_-300x236.webp 300w, https:\/\/factory.sale\/wp-content\/uploads\/2024\/12\/finland-quality-factory.sale_-150x118.webp 150w, https:\/\/factory.sale\/wp-content\/uploads\/2024\/12\/finland-quality-factory.sale_.webp 594w\" sizes=\"auto, (max-width: 300px) 100vw, 300px\" \/><\/p>\n","protected":false},"featured_media":103459,"comment_status":"open","ping_status":"closed","template":"","meta":{"_acf_changed":false},"factory":[],"free-shipment":[],"product_brand":[],"product_cat":[4369,306],"product_tag":[811,2181,1892],"class_list":{"0":"post-103467","1":"product","2":"type-product","3":"status-publish","4":"has-post-thumbnail","6":"product_cat-iki-et","7":"product_cat-saunakerised","8":"product_tag-sauna-et","9":"product_tag-sauna-heaters-et","10":"product_tag-stove-et","12":"first","13":"instock","14":"sale","15":"taxable","16":"shipping-taxable","17":"purchasable","18":"product-type-simple"},"acf":[],"_links":{"self":[{"href":"https:\/\/factory.sale\/et\/wp-json\/wp\/v2\/product\/103467","targetHints":{"allow":["GET"]}}],"collection":[{"href":"https:\/\/factory.sale\/et\/wp-json\/wp\/v2\/product"}],"about":[{"href":"https:\/\/factory.sale\/et\/wp-json\/wp\/v2\/types\/product"}],"replies":[{"embeddable":true,"href":"https:\/\/factory.sale\/et\/wp-json\/wp\/v2\/comments?post=103467"}],"wp:featuredmedia":[{"embeddable":true,"href":"https:\/\/factory.sale\/et\/wp-json\/wp\/v2\/media\/103459"}],"wp:attachment":[{"href":"https:\/\/factory.sale\/et\/wp-json\/wp\/v2\/media?parent=103467"}],"wp:term":[{"taxonomy":"factory","embeddable":true,"href":"https:\/\/factory.sale\/et\/wp-json\/wp\/v2\/factory?post=103467"},{"taxonomy":"free-shipment","embeddable":true,"href":"https:\/\/factory.sale\/et\/wp-json\/wp\/v2\/free-shipment?post=103467"},{"taxonomy":"product_brand","embeddable":true,"href":"https:\/\/factory.sale\/et\/wp-json\/wp\/v2\/product_brand?post=103467"},{"taxonomy":"product_cat","embeddable":true,"href":"https:\/\/factory.sale\/et\/wp-json\/wp\/v2\/product_cat?post=103467"},{"taxonomy":"product_tag","embeddable":true,"href":"https:\/\/factory.sale\/et\/wp-json\/wp\/v2\/product_tag?post=103467"}],"curies":[{"name":"wp","href":"https:\/\/api.w.org\/{rel}","templated":true}]}}