{"id":103418,"date":"2025-04-13T23:29:47","date_gmt":"2025-04-13T20:38:59","guid":{"rendered":"https:\/\/factory.sale\/?post_type=product&#038;p=103418"},"modified":"2025-04-14T13:37:21","modified_gmt":"2025-04-14T10:37:21","slug":"misa-11308-puukuttega-keris-15-30-m%c2%b3","status":"publish","type":"product","link":"https:\/\/factory.sale\/et\/toode\/misa-11308-puukuttega-keris-15-30-m%c2%b3\/","title":{"rendered":"Misa 11308 puuk\u00fcttega keris, 15\u201330 m\u00b3"},"content":{"rendered":"<p><strong>Tootekood:<\/strong> MISA11308<\/p>\n<p><strong>GTIN-kood:<\/strong> 6418215113189<\/p>\n<p>&nbsp;<\/p>\n<p>Sauna s\u00fcda \u2013 ideaalne ka suurematesse kodu- v\u00f5i suvilasaunadesse. T\u00e4nu t\u00f5husale konstruktsioonile soojeneb keris kiiresti, v\u00f5imaldades sauna nautimist juba l\u00fchikese ajaga. Suur kivimaht tagab t\u00e4idlased ja nauditavad leilid. Kerise esiosa on musta emailiga kaetud, \u00fclej\u00e4\u00e4nud v\u00e4liskorpus on valmistatud roostevabast terasest. Standardvarustusse kuuluvad klaasuks ja reguleeritavad jalad. Suitsul\u00f5\u00f5ri saab \u00fchendada nii \u00fclevalt kui tagant. Saadaval on ka k\u00fclg\u00fchendusega mudelid (11308O ja 11308V). Kerisele on v\u00f5imalik lisada veepaak k\u00fcljele v\u00f5i peale (k\u00fclgpaak: mudel 17300, pealepaak: mudel 17321).<\/p>\n<p>&nbsp;<\/p>\n<p>V\u00e4hem puitu, rohkem soojust \u2013 kasutegur \u00fcle 74%!<\/p>\n<p>Aastatepikkuse arendust\u00f6\u00f6 ja praktilise kogemuse tulemusel loodud Misa kerised kuuluvad Soome parimate hulka \u2013 seda kinnitavad ka testitulemused. N\u00e4iteks k\u00f5igi traditsiooniliste Misa puuk\u00fcttega keriste kasutegur on \u00fcle 74%.<\/p>\n<p>&nbsp;<\/p>\n<p>&nbsp;<\/p>\n<p><strong>Tooteinfo:<\/strong><\/p>\n<ul>\n<li>Br\u00e4nd: Misa<\/li>\n<li>Mudel: 11308<\/li>\n<li>Sertifikaadid ja heakskiidud: Avainlippu, CE-m\u00e4rgistus<\/li>\n<li>P\u00e4ritoluriik: Soome<\/li>\n<\/ul>\n<p>&nbsp;<\/p>\n<p><strong>Toote m\u00f5\u00f5dud:<\/strong><\/p>\n<ul>\n<li>K\u00f5rgus (mm): 850<\/li>\n<li>Laius (mm): 450<\/li>\n<li>Kaal (kg): 80<\/li>\n<\/ul>\n<p>&nbsp;<\/p>\n<p><strong>Toote omadused:<\/strong><\/p>\n<ul>\n<li>V\u00e4rv: must, teras<\/li>\n<li>Materjal: teras<\/li>\n<li>Materjali t\u00e4psustus: roostevaba teras\/emailitud kest<\/li>\n<li>Veepaak komplektis: ei<\/li>\n<li>Nominaalv\u00f5imsus: 23,8 kW<\/li>\n<li>Sobib \u00fchendamiseks m\u00fc\u00fcritud korstnaga v\u00f5i Misa suitsul\u00f5\u00f5riga (toode 15125R)<\/li>\n<li>Klaasuks<\/li>\n<li>Reguleeritavad jalad<\/li>\n<li>Valmistatud k\u00e4sit\u00f6\u00f6na Soomes<\/li>\n<li>Maksimaalne kivikogus (kg): 50<\/li>\n<\/ul>\n<p>&nbsp;<\/p>\n<p><strong>Paigaldus ja kasutamine:<\/strong><\/p>\n<ul>\n<li>Minimaalne sauna ruumala (m\u00b3): 15<\/li>\n<li>Maksimaalne sauna ruumala (m\u00b3): 30<\/li>\n<li>Ohutuskaugus k\u00fcljele (mm): 430<\/li>\n<li>Ohutuskaugus ette (mm): 500<\/li>\n<li>Ohutuskaugus taha (mm): 430<\/li>\n<li>Suitsul\u00f5\u00f5ri \u00fchenduse asukoht: pealt, tagant<\/li>\n<\/ul>\n<p>&nbsp;<\/p>\n<p>&nbsp;<\/p>\n<p><a href=\"https:\/\/factory.sale\/wp-content\/uploads\/2025\/04\/MISA-11308.pdf\" target=\"_blank\" rel=\"noopener\">Kasutusjuhend<\/a><\/p>\n","protected":false},"excerpt":{"rendered":"<p>Misa puuk\u00fcttega kerised valmistatakse Soomes traditsioone austades. Tooted on disainitud kestvust, kasutusmugavust ja keskkonnas\u00f5bralikkust silmas pidades. K\u00f5ik Misa puuk\u00fcttega kerised on CE-sertifikaadiga ja kannavad Avainlippu m\u00e4rgist, mis t\u00e4histab Soome p\u00e4ritolu.<\/p>\n<p><img loading=\"lazy\" decoding=\"async\" class=\"alignnone size-medium wp-image-95779\" src=\"https:\/\/factory.sale\/wp-content\/uploads\/2024\/12\/finland-quality-factory.sale_-300x236.webp\" alt=\"\" width=\"300\" height=\"236\" srcset=\"https:\/\/factory.sale\/wp-content\/uploads\/2024\/12\/finland-quality-factory.sale_-300x236.webp 300w, https:\/\/factory.sale\/wp-content\/uploads\/2024\/12\/finland-quality-factory.sale_-150x118.webp 150w, https:\/\/factory.sale\/wp-content\/uploads\/2024\/12\/finland-quality-factory.sale_.webp 594w\" sizes=\"auto, (max-width: 300px) 100vw, 300px\" \/><\/p>\n","protected":false},"featured_media":103416,"comment_status":"open","ping_status":"closed","template":"","meta":{"_acf_changed":false},"factory":[],"free-shipment":[],"product_brand":[],"product_cat":[3428,306],"product_tag":[811,2176],"class_list":{"0":"post-103418","1":"product","2":"type-product","3":"status-publish","4":"has-post-thumbnail","6":"product_cat-misa-et","7":"product_cat-saunakerised","8":"product_tag-sauna-et","9":"product_tag-sauna-heater-et","11":"first","12":"instock","13":"sale","14":"taxable","15":"shipping-taxable","16":"purchasable","17":"product-type-simple"},"acf":[],"_links":{"self":[{"href":"https:\/\/factory.sale\/et\/wp-json\/wp\/v2\/product\/103418","targetHints":{"allow":["GET"]}}],"collection":[{"href":"https:\/\/factory.sale\/et\/wp-json\/wp\/v2\/product"}],"about":[{"href":"https:\/\/factory.sale\/et\/wp-json\/wp\/v2\/types\/product"}],"replies":[{"embeddable":true,"href":"https:\/\/factory.sale\/et\/wp-json\/wp\/v2\/comments?post=103418"}],"wp:featuredmedia":[{"embeddable":true,"href":"https:\/\/factory.sale\/et\/wp-json\/wp\/v2\/media\/103416"}],"wp:attachment":[{"href":"https:\/\/factory.sale\/et\/wp-json\/wp\/v2\/media?parent=103418"}],"wp:term":[{"taxonomy":"factory","embeddable":true,"href":"https:\/\/factory.sale\/et\/wp-json\/wp\/v2\/factory?post=103418"},{"taxonomy":"free-shipment","embeddable":true,"href":"https:\/\/factory.sale\/et\/wp-json\/wp\/v2\/free-shipment?post=103418"},{"taxonomy":"product_brand","embeddable":true,"href":"https:\/\/factory.sale\/et\/wp-json\/wp\/v2\/product_brand?post=103418"},{"taxonomy":"product_cat","embeddable":true,"href":"https:\/\/factory.sale\/et\/wp-json\/wp\/v2\/product_cat?post=103418"},{"taxonomy":"product_tag","embeddable":true,"href":"https:\/\/factory.sale\/et\/wp-json\/wp\/v2\/product_tag?post=103418"}],"curies":[{"name":"wp","href":"https:\/\/api.w.org\/{rel}","templated":true}]}}