{"id":103402,"date":"2025-04-13T22:29:19","date_gmt":"2025-04-13T20:12:03","guid":{"rendered":"https:\/\/factory.sale\/?post_type=product&#038;p=103402"},"modified":"2025-04-14T12:54:36","modified_gmt":"2025-04-14T09:54:36","slug":"loyly-loimu-puukuttega-keris-10-30-m%c2%b3","status":"publish","type":"product","link":"https:\/\/factory.sale\/et\/toode\/loyly-loimu-puukuttega-keris-10-30-m%c2%b3\/","title":{"rendered":"L\u00f6yly Loimu puuk\u00fcttega keris, 10\u201330 m\u00b3"},"content":{"rendered":"<p><strong>Tootekood:<\/strong> LOYLYLSP223P-XX<\/p>\n<p>&nbsp;<\/p>\n<p>&nbsp;<\/p>\n<p>Tulekolde ja suitsul\u00f5\u00f5ri moodustatud tulepind on nutikalt paigutatud kivimassi sisse, mist\u00f5ttu hakkab leili tulema juba varakult. Suur tulepind tagab, et keris soojeneb \u00fchtlaselt ja erakordselt t\u00f5husalt, s\u00e4ilitades soojuse kividel pikka aega isegi v\u00e4ikese puuhulgaga.<\/p>\n<p>Kerisel on efektne lai tulekolle, kuhu saab halud asetada ka laiupidi \u2013 nagu kaminas. See v\u00f5imaldab \u00fchtlasemat ja t\u00f5husamat p\u00f5lemist.<\/p>\n<p>Keris sobib saunadesse, mille ruumala on 10\u201330 m\u00b3.<\/p>\n<p>&nbsp;<\/p>\n<p><strong>Tooteinfo:<\/strong><\/p>\n<ul>\n<li>Tootja: L\u00f6yly<\/li>\n<li>Sertifikaadid ja heakskiidud: CE-m\u00e4rgistus<\/li>\n<li>Valmistusriik: Soome<\/li>\n<li>Garantii: 4 aastat<\/li>\n<\/ul>\n<p>&nbsp;<\/p>\n<p><strong>Toote m\u00f5\u00f5dud:<\/strong><\/p>\n<ul>\n<li>K\u00f5rgus (mm): 1280<\/li>\n<li>Laius (mm): 616<\/li>\n<li>S\u00fcgavus (mm): 695<\/li>\n<li>Suitsul\u00f5\u00f5ri l\u00e4bim\u00f5\u00f5t (mm): 115<\/li>\n<li>Kaal (kg): 130<\/li>\n<\/ul>\n<p>&nbsp;<\/p>\n<p><strong>Toote omadused:<\/strong><\/p>\n<ul>\n<li>V\u00e4rvivalik: must v\u00f5i roostevaba teras<\/li>\n<li>Materjal: roostevaba teras<\/li>\n<li>T\u00fc\u00fcp: v\u00f5rkkeris<\/li>\n<li>Veepaak: puudub<\/li>\n<li>Soovituslik kivisuurus: 10\u201315 cm<\/li>\n<li>Ukset\u00fc\u00fcp: klaasuks<\/li>\n<li>Ukse k\u00e4tisus vahetatav: jah<\/li>\n<li>Reguleeritavad jalad: 0\u20135 cm<\/li>\n<li>Tulekambri katte paksus (mm): 6<\/li>\n<li>Maksimaalne halupikkus: 45 cm<\/li>\n<li>Soovituslik halu l\u00e4bim\u00f5\u00f5t: 8\u201315 cm<\/li>\n<li>Nominaalv\u00f5imsus (kW): 25<\/li>\n<li>Merevee kindel: ei<\/li>\n<li>Tulekolde m\u00f5\u00f5tmed (K x L x S mm): 500 x 434 x 500<\/li>\n<li>N\u00f5utav suitsul\u00f5\u00f5ri temperatuuriklass: T600<\/li>\n<li>Suitsul\u00f5\u00f5ri ava kaugus tagaservast ava keskpunktini (mm): 136<\/li>\n<li>Suitsul\u00f5\u00f5ri ava k\u00f5rgus p\u00f5randast ava alumiseni (mm): 1195<\/li>\n<li>Maksimaalne kivikogus (kg): 450<\/li>\n<\/ul>\n<p>&nbsp;<\/p>\n<p><strong>Paigaldus ja kasutamine:<\/strong><\/p>\n<ul>\n<li>Minimaalne sauna ruumala (m\u00b3): 10<\/li>\n<li>Maksimaalne sauna ruumala (m\u00b3): 30<\/li>\n<li>Ohutuskaugus laeni (mm): 1000<\/li>\n<li>Ohutuskaugus k\u00fcljele (mm): 100<\/li>\n<li>Ohutuskaugus ette (mm): 1000<\/li>\n<li>Ohutuskaugus taha (mm): 100<\/li>\n<li>Suitsul\u00f5\u00f5ri \u00fchenduse asukoht: pealt<\/li>\n<\/ul>\n","protected":false},"excerpt":{"rendered":"<p>Koge sauna maagilist v\u00e4ge Loimu-kerisega! Loimu on muljetavaldav hiiglane, mille v\u00f5imsad leilid t\u00e4idavad h\u00f5lpsasti ka suurema sauna ruumi. Suur kivimass ja tulekolde hubane kuma loovad suitsusaunale omase meeleolu koos pika kestvuse ja niiskete leilidega.<\/p>\n","protected":false},"featured_media":103396,"comment_status":"open","ping_status":"closed","template":"","meta":{"_acf_changed":false},"factory":[],"free-shipment":[],"product_brand":[],"product_cat":[2454,306],"product_tag":[811,2176,1892],"class_list":{"0":"post-103402","1":"product","2":"type-product","3":"status-publish","4":"has-post-thumbnail","6":"product_cat-loyly-et","7":"product_cat-saunakerised","8":"product_tag-sauna-et","9":"product_tag-sauna-heater-et","10":"product_tag-stove-et","12":"first","13":"instock","14":"sale","15":"taxable","16":"shipping-taxable","17":"purchasable","18":"product-type-simple"},"acf":[],"_links":{"self":[{"href":"https:\/\/factory.sale\/et\/wp-json\/wp\/v2\/product\/103402","targetHints":{"allow":["GET"]}}],"collection":[{"href":"https:\/\/factory.sale\/et\/wp-json\/wp\/v2\/product"}],"about":[{"href":"https:\/\/factory.sale\/et\/wp-json\/wp\/v2\/types\/product"}],"replies":[{"embeddable":true,"href":"https:\/\/factory.sale\/et\/wp-json\/wp\/v2\/comments?post=103402"}],"wp:featuredmedia":[{"embeddable":true,"href":"https:\/\/factory.sale\/et\/wp-json\/wp\/v2\/media\/103396"}],"wp:attachment":[{"href":"https:\/\/factory.sale\/et\/wp-json\/wp\/v2\/media?parent=103402"}],"wp:term":[{"taxonomy":"factory","embeddable":true,"href":"https:\/\/factory.sale\/et\/wp-json\/wp\/v2\/factory?post=103402"},{"taxonomy":"free-shipment","embeddable":true,"href":"https:\/\/factory.sale\/et\/wp-json\/wp\/v2\/free-shipment?post=103402"},{"taxonomy":"product_brand","embeddable":true,"href":"https:\/\/factory.sale\/et\/wp-json\/wp\/v2\/product_brand?post=103402"},{"taxonomy":"product_cat","embeddable":true,"href":"https:\/\/factory.sale\/et\/wp-json\/wp\/v2\/product_cat?post=103402"},{"taxonomy":"product_tag","embeddable":true,"href":"https:\/\/factory.sale\/et\/wp-json\/wp\/v2\/product_tag?post=103402"}],"curies":[{"name":"wp","href":"https:\/\/api.w.org\/{rel}","templated":true}]}}