{"id":103382,"date":"2025-04-12T23:56:26","date_gmt":"2025-04-12T21:09:14","guid":{"rendered":"https:\/\/factory.sale\/?post_type=product&#038;p=103382"},"modified":"2025-04-13T11:18:22","modified_gmt":"2025-04-13T08:18:22","slug":"harvia-50-puukuttega-keris-20-50-m%c2%b3","status":"publish","type":"product","link":"https:\/\/factory.sale\/et\/toode\/harvia-50-puukuttega-keris-20-50-m%c2%b3\/","title":{"rendered":"Harvia 50 puuk\u00fcttega keris, 20\u201350 m\u00b3"},"content":{"rendered":"<div class=\"video-wrapper \"><\/div>\n<p>&nbsp;<\/p>\n<p>&nbsp;<\/p>\n<p><strong>Tootekood:<\/strong> HARWK500<\/p>\n<p><strong>GTIN-kood:<\/strong> 6417659001069<\/p>\n<p>&nbsp;<\/p>\n<p>&nbsp;<\/p>\n<p>Must Harvia 50 on stiilne puuk\u00fcttega keris, mis on loodud suurtele saunadele. See tugev konstruktsiooniga keris sobib suurep\u00e4raselt suurtele seltskondadele korraga leili pakkumiseks. Keris mahutab v\u00e4ga suure koguse kive, mis tagavad \u00fchtlase ja kvaliteetse leili ka avaramates ruumides \u2013 leil ei l\u00f5pe kindlasti otsa. Kerisel on uks, mille avanemissuund on vajadusel valitav.<\/p>\n<p>Kvaliteetne Harvia 50 on suure saunaruumi tippkeris ning m\u00f5eldud 20\u201350 m\u00b3 suurustele saunadele. See \u00fchiskasutuseks sobiv keris on suurep\u00e4rane valik n\u00e4iteks spordikeskustesse, laagritesse ja suurtesse teenindusasutustesse. Sellele kerisele on saadaval mitmesuguseid lisatarvikuid.<\/p>\n<p>&nbsp;<\/p>\n<p>&nbsp;<\/p>\n<p><strong>Tooteinfo:<\/strong><\/p>\n<ul>\n<li>Tootja: Harvia<\/li>\n<li>Mudel: 50<\/li>\n<li>Garantii: 2 aastat (katab materjali- ja tootmisvead)<\/li>\n<\/ul>\n<p>&nbsp;<\/p>\n<p>&nbsp;<\/p>\n<p><strong>Toote m\u00f5\u00f5dud:<\/strong><\/p>\n<ul>\n<li>K\u00f5rgus (mm): 1050<\/li>\n<li>Laius (mm): 510<\/li>\n<li>S\u00fcgavus (mm): 720<\/li>\n<li>Suitsul\u00f5\u00f5ri l\u00e4bim\u00f5\u00f5t (mm): 140<\/li>\n<li>Kaal (kg): 160<\/li>\n<\/ul>\n<p>&nbsp;<\/p>\n<p><strong>Toote omadused:<\/strong><\/p>\n<ul>\n<li>V\u00e4rv: must<\/li>\n<li>Veepaak: ei sisaldu<\/li>\n<li>T\u00e4isuks, mille avanemissuund on valitav<\/li>\n<li>Soovituslik kivisuurus: \u00d8 10\u201315 cm<\/li>\n<li>Tulekambri katte paksus: 10 mm<\/li>\n<li>Maksimaalne halupikkus: 61 cm<\/li>\n<li>Halupaksus: 8\u201315 cm<\/li>\n<li>Nominaalv\u00f5imsus: 40 kW<\/li>\n<li>N\u00f5utav suitsul\u00f5\u00f5ri temperatuuriklass: T600<\/li>\n<li>Taga\u00fchenduse k\u00f5rgus p\u00f5randast ava keskpunktini (X): 890 mm<\/li>\n<li>\u00dchenduse k\u00f5rgus p\u00f5randast ava alumise servani (Y): 1090 mm<\/li>\n<li>\u00dchenduse kaugus tagaservast ava keskpunktini (Z): 130 mm<\/li>\n<li>M\u00fc\u00fcritud seinte puhul: j\u00e4ta kerise ja seinte vahele v\u00e4hemalt 50 mm \u00f5huvahe. Kui paigaldatakse seinas\u00fcvendisse, j\u00e4ta 100 mm vahe<\/li>\n<li>Tegemist on minimaalsete ohutuskaugustega \u2013 tutvu kindlasti paigaldusjuhendiga<\/li>\n<\/ul>\n<p>&nbsp;<\/p>\n<p><strong>Saadaval palju lisatarvikuid, k\u00fcsi lisainformatsiooni!<\/strong><\/p>\n<p><em>M\u00e4rkus: Kivid ei kuulu standardkomplekti (saadaval eraldi tellimisel)<\/em><\/p>\n<p>&nbsp;<\/p>\n<p>&nbsp;<\/p>\n<p><strong>Tehnilised andmed:<\/strong><\/p>\n<ul>\n<li>Maksimaalne kivikogus (kg): 120<\/li>\n<\/ul>\n<p>&nbsp;<\/p>\n<p>&nbsp;<\/p>\n<p><strong>Paigaldus ja kasutamine:\u00a0<\/strong><\/p>\n<ul>\n<li>Minimaalne sauna ruumala (m\u00b3): 20<\/li>\n<li>Maksimaalne sauna ruumala (m\u00b3): 50<\/li>\n<li>Ohutuskaugus laeni (mm): 1250<\/li>\n<li>Ohutuskaugus k\u00fcljele (mm): 500<\/li>\n<li>Ohutuskaugus ette (mm): 500<\/li>\n<li>Ohutuskaugus taha (mm): 500<\/li>\n<li>Suitsul\u00f5\u00f5ri \u00fchenduse asukoht: pealt, tagant<\/li>\n<\/ul>\n<p>&nbsp;<\/p>\n<p>&nbsp;<\/p>\n<p>&nbsp;<\/p>\n<p><strong>Pakendi m\u00f5\u00f5dud ja kaal:<\/strong><\/p>\n<ul>\n<li>Pakendi laius (mm): 800<\/li>\n<li>Pakendi k\u00f5rgus (mm): 1240<\/li>\n<li>Pakendi s\u00fcgavus (mm): 1200<\/li>\n<li>Saatmiskaal (kg): 194,2<\/li>\n<\/ul>\n<p>&nbsp;<\/p>\n<p>&nbsp;<\/p>\n<p>&nbsp;<\/p>\n<p><img loading=\"lazy\" decoding=\"async\" class=\"alignnone wp-image-103373\" src=\"https:\/\/factory.sale\/wp-content\/uploads\/2025\/04\/Harvia-50-wood-burning-stove-20\u201350m\u00b3-factory-sale-2-300x246.webp\" alt=\"\" width=\"488\" height=\"400\" srcset=\"https:\/\/factory.sale\/wp-content\/uploads\/2025\/04\/Harvia-50-wood-burning-stove-20\u201350m\u00b3-factory-sale-2-300x246.webp 300w, https:\/\/factory.sale\/wp-content\/uploads\/2025\/04\/Harvia-50-wood-burning-stove-20\u201350m\u00b3-factory-sale-2-1024x838.webp 1024w, https:\/\/factory.sale\/wp-content\/uploads\/2025\/04\/Harvia-50-wood-burning-stove-20\u201350m\u00b3-factory-sale-2-150x123.webp 150w, https:\/\/factory.sale\/wp-content\/uploads\/2025\/04\/Harvia-50-wood-burning-stove-20\u201350m\u00b3-factory-sale-2-1536x1257.webp 1536w, https:\/\/factory.sale\/wp-content\/uploads\/2025\/04\/Harvia-50-wood-burning-stove-20\u201350m\u00b3-factory-sale-2-600x491.webp 600w, https:\/\/factory.sale\/wp-content\/uploads\/2025\/04\/Harvia-50-wood-burning-stove-20\u201350m\u00b3-factory-sale-2.webp 2048w\" sizes=\"auto, (max-width: 488px) 100vw, 488px\" \/><img loading=\"lazy\" decoding=\"async\" class=\"alignnone wp-image-103376\" src=\"https:\/\/factory.sale\/wp-content\/uploads\/2025\/04\/Harvia-50-wood-burning-stove-20\u201350m\u00b3-factory-sale-3-300x241.webp\" alt=\"\" width=\"489\" height=\"393\" srcset=\"https:\/\/factory.sale\/wp-content\/uploads\/2025\/04\/Harvia-50-wood-burning-stove-20\u201350m\u00b3-factory-sale-3-300x241.webp 300w, https:\/\/factory.sale\/wp-content\/uploads\/2025\/04\/Harvia-50-wood-burning-stove-20\u201350m\u00b3-factory-sale-3-1024x823.webp 1024w, https:\/\/factory.sale\/wp-content\/uploads\/2025\/04\/Harvia-50-wood-burning-stove-20\u201350m\u00b3-factory-sale-3-150x121.webp 150w, https:\/\/factory.sale\/wp-content\/uploads\/2025\/04\/Harvia-50-wood-burning-stove-20\u201350m\u00b3-factory-sale-3-1536x1234.webp 1536w, https:\/\/factory.sale\/wp-content\/uploads\/2025\/04\/Harvia-50-wood-burning-stove-20\u201350m\u00b3-factory-sale-3-600x482.webp 600w, https:\/\/factory.sale\/wp-content\/uploads\/2025\/04\/Harvia-50-wood-burning-stove-20\u201350m\u00b3-factory-sale-3.webp 1578w\" sizes=\"auto, (max-width: 489px) 100vw, 489px\" \/><\/p>\n<p>&nbsp;<\/p>\n<p>&nbsp;<\/p>\n<p>&nbsp;<\/p>\n<p><a href=\"https:\/\/factory.sale\/wp-content\/uploads\/2025\/04\/Instructions-Harvia-50.pdf\" target=\"_blank\" rel=\"noopener\">Kasutusjuhend<\/a><\/p>\n","protected":false},"excerpt":{"rendered":"<p>Must Harvia 50 on stiilne puuk\u00fcttega keris, mis on loodud suurtele saunadele. See tugev konstruktsiooniga keris sobib suurep\u00e4raselt suurtele seltskondadele korraga leili pakkumiseks. Keris mahutab v\u00e4ga suure koguse kive, mis tagavad \u00fchtlase ja kvaliteetse leili ka avaramates ruumides \u2013 leil ei l\u00f5pe kindlasti otsa. Kerisel on uks, mille avanemissuund on vajadusel valitav.<\/p>\n","protected":false},"featured_media":103371,"comment_status":"open","ping_status":"closed","template":"","meta":{"_acf_changed":false},"factory":[],"free-shipment":[],"product_brand":[],"product_cat":[1420,306],"product_tag":[1443,811,2176],"class_list":{"0":"post-103382","1":"product","2":"type-product","3":"status-publish","4":"has-post-thumbnail","6":"product_cat-harvia-et","7":"product_cat-saunakerised","8":"product_tag-harvia-et","9":"product_tag-sauna-et","10":"product_tag-sauna-heater-et","12":"first","13":"instock","14":"sale","15":"taxable","16":"shipping-taxable","17":"purchasable","18":"product-type-simple"},"acf":[],"_links":{"self":[{"href":"https:\/\/factory.sale\/et\/wp-json\/wp\/v2\/product\/103382","targetHints":{"allow":["GET"]}}],"collection":[{"href":"https:\/\/factory.sale\/et\/wp-json\/wp\/v2\/product"}],"about":[{"href":"https:\/\/factory.sale\/et\/wp-json\/wp\/v2\/types\/product"}],"replies":[{"embeddable":true,"href":"https:\/\/factory.sale\/et\/wp-json\/wp\/v2\/comments?post=103382"}],"wp:featuredmedia":[{"embeddable":true,"href":"https:\/\/factory.sale\/et\/wp-json\/wp\/v2\/media\/103371"}],"wp:attachment":[{"href":"https:\/\/factory.sale\/et\/wp-json\/wp\/v2\/media?parent=103382"}],"wp:term":[{"taxonomy":"factory","embeddable":true,"href":"https:\/\/factory.sale\/et\/wp-json\/wp\/v2\/factory?post=103382"},{"taxonomy":"free-shipment","embeddable":true,"href":"https:\/\/factory.sale\/et\/wp-json\/wp\/v2\/free-shipment?post=103382"},{"taxonomy":"product_brand","embeddable":true,"href":"https:\/\/factory.sale\/et\/wp-json\/wp\/v2\/product_brand?post=103382"},{"taxonomy":"product_cat","embeddable":true,"href":"https:\/\/factory.sale\/et\/wp-json\/wp\/v2\/product_cat?post=103382"},{"taxonomy":"product_tag","embeddable":true,"href":"https:\/\/factory.sale\/et\/wp-json\/wp\/v2\/product_tag?post=103382"}],"curies":[{"name":"wp","href":"https:\/\/api.w.org\/{rel}","templated":true}]}}