{"id":103360,"date":"2025-04-12T22:19:08","date_gmt":"2025-04-12T19:28:17","guid":{"rendered":"https:\/\/factory.sale\/?post_type=product&#038;p=103360"},"modified":"2025-04-13T10:39:52","modified_gmt":"2025-04-13T07:39:52","slug":"harvia-50-sl-puukuttega-keris-20-50-m%c2%b3","status":"publish","type":"product","link":"https:\/\/factory.sale\/et\/toode\/harvia-50-sl-puukuttega-keris-20-50-m%c2%b3\/","title":{"rendered":"Harvia 50 SL puuk\u00fcttega keris, 20\u201350 m\u00b3"},"content":{"rendered":"<div class=\"video-wrapper \"><\/div>\n<p>&nbsp;<\/p>\n<p><strong>Tootenumber:<\/strong> HARWK500SL<\/p>\n<p><strong>GTIN-kood:<\/strong> 6417659001182<\/p>\n<p>&nbsp;<\/p>\n<p>Harvia 50 SL on k\u00f5rgekvaliteediline ja mitmek\u00fclgne puuk\u00fcttega keris, mis on m\u00f5eldud suurtele saunadele ja v\u00f5imaldab leili v\u00f5tta ka suurematel gruppidel korraga. Tegemist on tunnelit\u00fc\u00fcpi kerisega, mis paigaldatakse sauna ning mille tulekolde luuk ulatub l\u00e4bi seina teise ruumi \u2013 seal saab seda kasutada kaminana, n\u00e4iteks vorstide v\u00f5i vahukommide grillimiseks.<\/p>\n<p>Grafiidimust Harvia 50 SL puukeris mahutab v\u00e4ga suure koguse kive, mis tagab \u00fchtlased ja pehmed leilid avaras ruumis. Keris v\u00f5imaldab valida ukse avanemissuuna vastavalt vajadusele. See \u00fchiskasutuseks m\u00f5eldud keris sobib ideaalselt n\u00e4iteks spordikeskustesse, spadesse ja suurte teenindusettev\u00f5tete saunadesse.<\/p>\n<p>&nbsp;<\/p>\n<p><strong>Tooteinfo:<\/strong><\/p>\n<ul>\n<li>Tootja: Harvia<\/li>\n<li>Mudel: 50<\/li>\n<li>Garantii: 2 aastat (katab materjali- ja tootmisvead)<\/li>\n<\/ul>\n<p>&nbsp;<\/p>\n<p><strong>Toote m\u00f5\u00f5dud:<\/strong><\/p>\n<ul>\n<li>K\u00f5rgus (mm): 1050<\/li>\n<li>Laius (mm): 510<\/li>\n<li>Suitsul\u00f5\u00f5ri l\u00e4bim\u00f5\u00f5t (mm): 140<\/li>\n<li>Kaal (kg): 175<\/li>\n<\/ul>\n<p>&nbsp;<\/p>\n<p><strong>Toote omadused:<\/strong><\/p>\n<ul>\n<li>V\u00e4rv: must<\/li>\n<li>Materjal: teras<\/li>\n<li>T\u00fc\u00fcp: l\u00e4bi seina k\u00f6etav suur keris<\/li>\n<li>Veepaak: ei sisaldu<\/li>\n<li>S\u00fcgavus + tulekolde pikendus: 71,5 + 19,5 cm<\/li>\n<li>T\u00e4isuks, mille avanemissuund on valitav<\/li>\n<li>Soovituslik kivisuurus: \u00d8 10\u201315 cm<\/li>\n<li>Tulekambri katte paksus: 10 mm<\/li>\n<li>Maksimaalne halupikkus: 61 cm<\/li>\n<li>Halupaksus: 8\u201315 cm<\/li>\n<li>Nominaalv\u00f5imsus: 40 kW<\/li>\n<li>N\u00f5utav suitsul\u00f5\u00f5ri temperatuuriklass: T600<\/li>\n<li>Suitsuv\u00e4ljalaske asukoht (pealt, tagaservast ava keskpunkti): 580 mm<\/li>\n<li>M\u00fc\u00fcritud seinte paigaldus (B): j\u00e4ta kiuasest seina v\u00e4hemalt 50 mm \u00f5huvahe. Kui paigaldatakse seinas\u00fcvendisse, j\u00e4ta v\u00e4hemalt 100 mm vahe<\/li>\n<li>Tegemist on minimaalsete ohutuskaugustega \u2013 tutvu t\u00e4psemalt paigaldusjuhendiga<\/li>\n<\/ul>\n<p>&nbsp;<\/p>\n<p><strong>Saadaval lisatarvikud, k\u00fcsi lisa!<\/strong><\/p>\n<p>M\u00e4rkus: Kivid ei kuulu standardkomplekti (tellitavad eraldi)<\/p>\n<p>&nbsp;<\/p>\n<p>&nbsp;<\/p>\n<p><strong>Paigaldus betoon-v\u00f5i tellisseinale:<\/strong><\/p>\n<ul>\n<li>Ava minimaalne laius: 350 mm<\/li>\n<li>Ava minimaalne k\u00f5rgus (m\u00f5\u00f5detuna p\u00f5randast): 615 mm<\/li>\n<li>Maksimaalne seinapaksus: 150 mm<\/li>\n<li>T\u00e4psemad juhised leiad kasutusjuhendist<\/li>\n<\/ul>\n<p>&nbsp;<\/p>\n<p>&nbsp;<\/p>\n<p><strong>Tehnilised andmed:<\/strong><\/p>\n<ul>\n<li>Maksimaalne kivide kogus (kg): 120<\/li>\n<\/ul>\n<p>&nbsp;<\/p>\n<p>&nbsp;<\/p>\n<p><strong>Paigaldus ja kasutamine:<\/strong><\/p>\n<ul>\n<li>Sauna minimaalne ruumala (m\u00b3): 20<\/li>\n<li>Sauna maksimaalne ruumala (m\u00b3): 50<\/li>\n<li>Ohutuskaugus laeni (mm): 1200<\/li>\n<li>Ohutuskaugus k\u00fcljele (mm): 500<\/li>\n<li>Suitsul\u00f5\u00f5ri \u00fchenduse asukoht: pealt<\/li>\n<\/ul>\n<p>&nbsp;<\/p>\n<p><strong>Pakendi m\u00f5\u00f5dud ja kaal:<\/strong><\/p>\n<ul>\n<li>Pakendi laius (mm): 800<\/li>\n<li>Pakendi k\u00f5rgus (mm): 1240<\/li>\n<li>Pakendi s\u00fcgavus (mm): 1200<\/li>\n<li>Saatmiskaal (kg): 206,5<\/li>\n<\/ul>\n<p>&nbsp;<\/p>\n<p>&nbsp;<\/p>\n<p><a href=\"https:\/\/factory.sale\/wp-content\/uploads\/2025\/04\/PKSL_FISVENDERUET_Y05-0148.pdf\" target=\"_blank\" rel=\"noopener\"><img loading=\"lazy\" decoding=\"async\" class=\"alignnone wp-image-103354\" src=\"https:\/\/factory.sale\/wp-content\/uploads\/2025\/04\/Harvia-50-SL-wood-burning-heater-20\u201350-m\u00b3-factory-sale-2-300x245.webp\" alt=\"\" width=\"500\" height=\"408\" srcset=\"https:\/\/factory.sale\/wp-content\/uploads\/2025\/04\/Harvia-50-SL-wood-burning-heater-20\u201350-m\u00b3-factory-sale-2-300x245.webp 300w, https:\/\/factory.sale\/wp-content\/uploads\/2025\/04\/Harvia-50-SL-wood-burning-heater-20\u201350-m\u00b3-factory-sale-2-1024x837.webp 1024w, https:\/\/factory.sale\/wp-content\/uploads\/2025\/04\/Harvia-50-SL-wood-burning-heater-20\u201350-m\u00b3-factory-sale-2-150x123.webp 150w, https:\/\/factory.sale\/wp-content\/uploads\/2025\/04\/Harvia-50-SL-wood-burning-heater-20\u201350-m\u00b3-factory-sale-2-1536x1255.webp 1536w, https:\/\/factory.sale\/wp-content\/uploads\/2025\/04\/Harvia-50-SL-wood-burning-heater-20\u201350-m\u00b3-factory-sale-2-600x490.webp 600w, https:\/\/factory.sale\/wp-content\/uploads\/2025\/04\/Harvia-50-SL-wood-burning-heater-20\u201350-m\u00b3-factory-sale-2.webp 1562w\" sizes=\"auto, (max-width: 500px) 100vw, 500px\" \/><\/a><\/p>\n<p><a href=\"https:\/\/factory.sale\/wp-content\/uploads\/2025\/04\/PKSL_FISVENDERUET_Y05-0148.pdf\" target=\"_blank\" rel=\"noopener\"><img loading=\"lazy\" decoding=\"async\" class=\"alignnone wp-image-103357\" src=\"https:\/\/factory.sale\/wp-content\/uploads\/2025\/04\/Harvia-50-SL-wood-burning-heater-20\u201350-m\u00b3-factory-sale-3-300x180.webp\" alt=\"\" width=\"495\" height=\"297\" srcset=\"https:\/\/factory.sale\/wp-content\/uploads\/2025\/04\/Harvia-50-SL-wood-burning-heater-20\u201350-m\u00b3-factory-sale-3-300x180.webp 300w, https:\/\/factory.sale\/wp-content\/uploads\/2025\/04\/Harvia-50-SL-wood-burning-heater-20\u201350-m\u00b3-factory-sale-3-1024x615.webp 1024w, https:\/\/factory.sale\/wp-content\/uploads\/2025\/04\/Harvia-50-SL-wood-burning-heater-20\u201350-m\u00b3-factory-sale-3-150x90.webp 150w, https:\/\/factory.sale\/wp-content\/uploads\/2025\/04\/Harvia-50-SL-wood-burning-heater-20\u201350-m\u00b3-factory-sale-3-600x360.webp 600w, https:\/\/factory.sale\/wp-content\/uploads\/2025\/04\/Harvia-50-SL-wood-burning-heater-20\u201350-m\u00b3-factory-sale-3.webp 1416w\" sizes=\"auto, (max-width: 495px) 100vw, 495px\" \/><\/a><\/p>\n<p>&nbsp;<\/p>\n<p>&nbsp;<\/p>\n<p><a href=\"https:\/\/factory.sale\/wp-content\/uploads\/2025\/04\/PKSL_FISVENDERUET_Y05-0148.pdf\" target=\"_blank\" rel=\"noopener\">Kasutusjuhised<\/a><\/p>\n","protected":false},"excerpt":{"rendered":"<p>Grafiidimust Harvia 50 SL puukeris mahutab v\u00e4ga suure koguse kive, mis tagab \u00fchtlased ja pehmed leilid avaras ruumis. Keris v\u00f5imaldab valida ukse avanemissuuna vastavalt vajadusele. See \u00fchiskasutuseks m\u00f5eldud keris sobib ideaalselt n\u00e4iteks spordikeskustesse, spadesse ja suurte teenindusettev\u00f5tete saunadesse.<\/p>\n","protected":false},"featured_media":103352,"comment_status":"open","ping_status":"closed","template":"","meta":{"_acf_changed":false},"factory":[],"free-shipment":[],"product_brand":[],"product_cat":[1419,265],"product_tag":[809,1145],"class_list":{"0":"post-103360","1":"product","2":"type-product","3":"status-publish","4":"has-post-thumbnail","6":"product_cat-harvia-3","7":"product_cat-sauna-heaters","8":"product_tag-sauna","9":"product_tag-sauna-heater","11":"first","12":"instock","13":"sale","14":"taxable","15":"shipping-taxable","16":"purchasable","17":"product-type-simple"},"acf":[],"_links":{"self":[{"href":"https:\/\/factory.sale\/et\/wp-json\/wp\/v2\/product\/103360","targetHints":{"allow":["GET"]}}],"collection":[{"href":"https:\/\/factory.sale\/et\/wp-json\/wp\/v2\/product"}],"about":[{"href":"https:\/\/factory.sale\/et\/wp-json\/wp\/v2\/types\/product"}],"replies":[{"embeddable":true,"href":"https:\/\/factory.sale\/et\/wp-json\/wp\/v2\/comments?post=103360"}],"wp:featuredmedia":[{"embeddable":true,"href":"https:\/\/factory.sale\/et\/wp-json\/wp\/v2\/media\/103352"}],"wp:attachment":[{"href":"https:\/\/factory.sale\/et\/wp-json\/wp\/v2\/media?parent=103360"}],"wp:term":[{"taxonomy":"factory","embeddable":true,"href":"https:\/\/factory.sale\/et\/wp-json\/wp\/v2\/factory?post=103360"},{"taxonomy":"free-shipment","embeddable":true,"href":"https:\/\/factory.sale\/et\/wp-json\/wp\/v2\/free-shipment?post=103360"},{"taxonomy":"product_brand","embeddable":true,"href":"https:\/\/factory.sale\/et\/wp-json\/wp\/v2\/product_brand?post=103360"},{"taxonomy":"product_cat","embeddable":true,"href":"https:\/\/factory.sale\/et\/wp-json\/wp\/v2\/product_cat?post=103360"},{"taxonomy":"product_tag","embeddable":true,"href":"https:\/\/factory.sale\/et\/wp-json\/wp\/v2\/product_tag?post=103360"}],"curies":[{"name":"wp","href":"https:\/\/api.w.org\/{rel}","templated":true}]}}