{"id":103319,"date":"2025-04-11T13:17:39","date_gmt":"2025-04-11T11:57:34","guid":{"rendered":"https:\/\/factory.sale\/?post_type=product&#038;p=103319"},"modified":"2025-04-12T04:47:21","modified_gmt":"2025-04-12T01:47:21","slug":"harvia-legend-300-duo-puukuttega-keris-15-30-m%c2%b3","status":"publish","type":"product","link":"https:\/\/factory.sale\/et\/toode\/harvia-legend-300-duo-puukuttega-keris-15-30-m%c2%b3\/","title":{"rendered":"Harvia Legend 300 Duo puuk\u00fcttega keris, 15\u201330 m\u00b3"},"content":{"rendered":"<div class=\"video-wrapper \"><\/div>\n<p>&nbsp;<\/p>\n<p>&nbsp;<\/p>\n<p><strong>Tootekood:<\/strong> HARWK300LDLUX<\/p>\n<p><strong>GTIN-kood:<\/strong> 6417659012409<\/p>\n<p>&nbsp;<\/p>\n<p>Harvia Legend 300 Duo on t\u00f5eliselt muljetavaldav k\u00e4sit\u00f6\u00f6na valmistatud keris, mis pakub luksuslikku saunaelamust. See keris annab v\u00f5imaluse nautida elava tule hubasust ja soojust kahes ruumis korraga. Must terasraam mahutab suure hulga kerisekive, mis tagavad pehme ja kauakestva leili. Harvia Legend 300 Duo paigaldatakse sauna ning selle tulekolde luuk ulatub l\u00e4bi seina teise ruumi \u2013 n\u00e4iteks elutuppa, kus seda saab kasutada ka kaminana. Keris sobib kokku stiilse Harvia Duo klaasseinaga, mis tagab kauni ja tervikliku paigalduse.<\/p>\n<p>Harvia Legend 300 Duo keris on suurep\u00e4rane valik l\u00f5\u00f5gastavateks hetkedeks. M\u00f5nusate leilide j\u00e4rel saad nautida kaminatuld, grillida vorsti v\u00f5i vahukomme ja v\u00f5tta k\u00f5rvale karastava joogi. Kerisel on kaasaegne konstruktsioon, mis tagab puhtama p\u00f5lemise ja v\u00f5imaldab v\u00e4iksemaid ohutuskauguseid s\u00fcttivatele pindadele. Paigaldamist lihtsustavad reguleeritavad jalad ning ukse k\u00e4epideme saab valida vastavalt vajadusele.<\/p>\n<p>&nbsp;<\/p>\n<p>&nbsp;<\/p>\n<p><strong>Tooteinfo:<\/strong><\/p>\n<ul>\n<li>Tootja: Harvia<\/li>\n<li>Mudel: Duo, Legend<\/li>\n<li>Garantii: 2 aastat (katab materjali- ja tootmisvead)<\/li>\n<\/ul>\n<p>&nbsp;<\/p>\n<p><strong>Toote m\u00f5\u00f5dud:<\/strong><\/p>\n<ul>\n<li>K\u00f5rgus (mm): 1040<\/li>\n<li>L\u00e4bim\u00f5\u00f5t (mm): 600<\/li>\n<li>Suitsul\u00f5\u00f5ri l\u00e4bim\u00f5\u00f5t (mm): 115<\/li>\n<li>Kaal (kg): 99<\/li>\n<\/ul>\n<p>&nbsp;<\/p>\n<p><strong>Toote omadused:<\/strong><\/p>\n<ul>\n<li>V\u00e4rv: must<\/li>\n<li>Materjal: teras<\/li>\n<li>T\u00fc\u00fcp: l\u00e4bi seina k\u00f6etav takkakiuas, suur keris, v\u00f5rkkeris<\/li>\n<li>Veepaak: ei ole kaasas<\/li>\n<li>Reguleeritavad jalad: 0\u20133 cm<\/li>\n<li>S\u00fcgavus + tulekolde pikendus: 66 + 12 cm<\/li>\n<li>K\u00e4sit\u00f6\u00f6na valminud Harvia seppade poolt<\/li>\n<li>Valurauast klaasuks, ukse avanemissuund valitav<\/li>\n<li>Soovituslik kivisuurus: \u00d8 10\u201315 cm<\/li>\n<li>Tulekambri katte paksus: 6 mm<\/li>\n<li>Maksimaalne halupikkus: 47 cm<\/li>\n<li>Halupaksus: 8\u201315 cm<\/li>\n<li>Nominaalv\u00f5imsus: 23,5 kW<\/li>\n<li>N\u00f5utav suitsul\u00f5\u00f5ri temperatuuriklass: T600<\/li>\n<li>Suitsuv\u00e4ljalaske k\u00f5rgus (taga, p\u00f5randast ava keskpunkti): 690 mm<\/li>\n<li>Suitsuv\u00e4ljalaske s\u00fcgavus (pealt, tagaservast ava keskpunkti): 210 \u00b1 5 mm<\/li>\n<li>M\u00fc\u00fcritud seintele (E): J\u00e4ta kerise ja seina vahele v\u00e4hemalt 50 mm \u00f5huvahe. Kui paigaldatakse seinas\u00fcvendisse, j\u00e4ta v\u00e4hemalt 100 mm.<\/li>\n<li>Ohutuskaugused on minimaalsed \u2013 tutvu kindlasti ka paigaldusjuhendiga.<\/li>\n<\/ul>\n<p>&nbsp;<\/p>\n<p><strong>Lisatarvikud:<\/strong><\/p>\n<ul>\n<li>Harvia Duo klaasseinad<\/li>\n<li>Kaitsepiire SASPO240<\/li>\n<li>Kaitse sein WL200<\/li>\n<li>Kaitsealus WL110<\/li>\n<li>Suitsutoru kaitse WL300<\/li>\n<li>Harvia Legend veesoojendi<\/li>\n<li>Harvia Legend saunatarvikud<\/li>\n<\/ul>\n<p><em>Ei kuulu standardkomplekti (saadaval eraldi tellimisel)<\/em><\/p>\n<p>&nbsp;<\/p>\n<p><strong>Paigaldus betoon- v\u00f5i tellisseinale:<\/strong><\/p>\n<ul>\n<li>Ava minimaalne laius: 405 mm<\/li>\n<li>Ava minimaalne k\u00f5rgus (m\u00f5\u00f5detuna p\u00f5randast): 485 mm<\/li>\n<li>Maksimaalne seinapaksus: 120 mm<\/li>\n<li>T\u00e4psem info kasutusjuhendis<\/li>\n<li>Klaasseina paigaldus: j\u00e4rgi klaasseina enda juhiseid<\/li>\n<\/ul>\n<p>&nbsp;<\/p>\n<p>&nbsp;<\/p>\n<p><strong>Tehnilised andmed:<\/strong><\/p>\n<ul>\n<li>Maksimaalne kivikogus (kg): 260<\/li>\n<\/ul>\n<p>&nbsp;<\/p>\n<p>&nbsp;<\/p>\n<p><strong>Paigaldus ja kasutamine:<\/strong><\/p>\n<ul>\n<li>Minimaalne sauna ruumala (m\u00b3): 15<\/li>\n<li>Maksimaalne sauna ruumala (m\u00b3): 30<\/li>\n<li>Ohutuskaugus laeni (mm): 1000<\/li>\n<li>Ohutuskaugus k\u00fclgedele (mm): 200<\/li>\n<li>Ohutuskaugus ette (mm): 700<\/li>\n<li>Ohutuskaugus taha (mm): 250<\/li>\n<li>Suitsul\u00f5\u00f5ri \u00fchendus: pealt, tagant<\/li>\n<\/ul>\n<p>&nbsp;<\/p>\n<p>&nbsp;<\/p>\n<p><strong>Pakendi m\u00f5\u00f5dud ja kaal:<\/strong><\/p>\n<ul>\n<li>Pakendi laius (mm): 810<\/li>\n<li>Pakendi k\u00f5rgus (mm): 1060<\/li>\n<li>Pakendi s\u00fcgavus (mm): 620<\/li>\n<li>Saatmiskaal (kg): 101,3<\/li>\n<\/ul>\n<p>&nbsp;<\/p>\n<p>&nbsp;<\/p>\n<p><img loading=\"lazy\" decoding=\"async\" class=\"alignnone wp-image-103308\" src=\"https:\/\/factory.sale\/wp-content\/uploads\/2025\/04\/Harvia-Legend-300-Duo-fireplace-heater-15\u201330-m\u00b3-factory-sale-7-300x157.webp\" alt=\"\" width=\"518\" height=\"271\" srcset=\"https:\/\/factory.sale\/wp-content\/uploads\/2025\/04\/Harvia-Legend-300-Duo-fireplace-heater-15\u201330-m\u00b3-factory-sale-7-300x157.webp 300w, https:\/\/factory.sale\/wp-content\/uploads\/2025\/04\/Harvia-Legend-300-Duo-fireplace-heater-15\u201330-m\u00b3-factory-sale-7-1024x536.webp 1024w, https:\/\/factory.sale\/wp-content\/uploads\/2025\/04\/Harvia-Legend-300-Duo-fireplace-heater-15\u201330-m\u00b3-factory-sale-7-150x79.webp 150w, https:\/\/factory.sale\/wp-content\/uploads\/2025\/04\/Harvia-Legend-300-Duo-fireplace-heater-15\u201330-m\u00b3-factory-sale-7-1536x804.webp 1536w, https:\/\/factory.sale\/wp-content\/uploads\/2025\/04\/Harvia-Legend-300-Duo-fireplace-heater-15\u201330-m\u00b3-factory-sale-7-600x314.webp 600w, https:\/\/factory.sale\/wp-content\/uploads\/2025\/04\/Harvia-Legend-300-Duo-fireplace-heater-15\u201330-m\u00b3-factory-sale-7.webp 2002w\" sizes=\"auto, (max-width: 518px) 100vw, 518px\" \/><\/p>\n<p><img loading=\"lazy\" decoding=\"async\" class=\"alignnone wp-image-103311\" src=\"https:\/\/factory.sale\/wp-content\/uploads\/2025\/04\/Harvia-Legend-300-Duo-fireplace-heater-15\u201330-m\u00b3-factory-sale-8-300x110.webp\" alt=\"\" width=\"526\" height=\"193\" srcset=\"https:\/\/factory.sale\/wp-content\/uploads\/2025\/04\/Harvia-Legend-300-Duo-fireplace-heater-15\u201330-m\u00b3-factory-sale-8-300x110.webp 300w, https:\/\/factory.sale\/wp-content\/uploads\/2025\/04\/Harvia-Legend-300-Duo-fireplace-heater-15\u201330-m\u00b3-factory-sale-8-1024x375.webp 1024w, https:\/\/factory.sale\/wp-content\/uploads\/2025\/04\/Harvia-Legend-300-Duo-fireplace-heater-15\u201330-m\u00b3-factory-sale-8-150x55.webp 150w, https:\/\/factory.sale\/wp-content\/uploads\/2025\/04\/Harvia-Legend-300-Duo-fireplace-heater-15\u201330-m\u00b3-factory-sale-8-1536x562.webp 1536w, https:\/\/factory.sale\/wp-content\/uploads\/2025\/04\/Harvia-Legend-300-Duo-fireplace-heater-15\u201330-m\u00b3-factory-sale-8-600x220.webp 600w, https:\/\/factory.sale\/wp-content\/uploads\/2025\/04\/Harvia-Legend-300-Duo-fireplace-heater-15\u201330-m\u00b3-factory-sale-8.webp 1994w\" sizes=\"auto, (max-width: 526px) 100vw, 526px\" \/><\/p>\n<p><img loading=\"lazy\" decoding=\"async\" class=\"alignnone wp-image-103314\" src=\"https:\/\/factory.sale\/wp-content\/uploads\/2025\/04\/Harvia-Legend-300-Duo-fireplace-heater-15\u201330-m\u00b3-factory-sale-9-300x216.webp\" alt=\"\" width=\"513\" height=\"369\" srcset=\"https:\/\/factory.sale\/wp-content\/uploads\/2025\/04\/Harvia-Legend-300-Duo-fireplace-heater-15\u201330-m\u00b3-factory-sale-9-300x216.webp 300w, https:\/\/factory.sale\/wp-content\/uploads\/2025\/04\/Harvia-Legend-300-Duo-fireplace-heater-15\u201330-m\u00b3-factory-sale-9-1024x738.webp 1024w, https:\/\/factory.sale\/wp-content\/uploads\/2025\/04\/Harvia-Legend-300-Duo-fireplace-heater-15\u201330-m\u00b3-factory-sale-9-150x108.webp 150w, https:\/\/factory.sale\/wp-content\/uploads\/2025\/04\/Harvia-Legend-300-Duo-fireplace-heater-15\u201330-m\u00b3-factory-sale-9-1536x1107.webp 1536w, https:\/\/factory.sale\/wp-content\/uploads\/2025\/04\/Harvia-Legend-300-Duo-fireplace-heater-15\u201330-m\u00b3-factory-sale-9-600x433.webp 600w, https:\/\/factory.sale\/wp-content\/uploads\/2025\/04\/Harvia-Legend-300-Duo-fireplace-heater-15\u201330-m\u00b3-factory-sale-9.webp 1670w\" sizes=\"auto, (max-width: 513px) 100vw, 513px\" \/><\/p>\n<p>&nbsp;<\/p>\n<p>&nbsp;<\/p>\n<p><a href=\"https:\/\/factory.sale\/wp-content\/uploads\/2025\/04\/asennus-ja-kayttoohje-1.pdf\" target=\"_blank\" rel=\"noopener\">Kasutus- ja paigaldusjuhend<\/a><\/p>\n","protected":false},"excerpt":{"rendered":"<p>Harvia Legend 300 Duo on t\u00f5eliselt muljetavaldav k\u00e4sit\u00f6\u00f6na valmistatud keris, mis pakub luksuslikku saunaelamust. See keris annab v\u00f5imaluse nautida elava tule hubasust ja soojust kahes ruumis korraga. Must terasraam mahutab suure hulga kerisekive, mis tagavad pehme ja kauakestva leili. Harvia Legend 300 Duo paigaldatakse sauna ning selle tulekolde luuk ulatub l\u00e4bi seina teise ruumi \u2013 n\u00e4iteks elutuppa, kus seda saab kasutada ka kaminana. Keris sobib kokku stiilse Harvia Duo klaasseinaga, mis tagab kauni ja tervikliku paigalduse.<\/p>\n","protected":false},"featured_media":103294,"comment_status":"open","ping_status":"closed","template":"","meta":{"_acf_changed":false},"factory":[],"free-shipment":[],"product_brand":[],"product_cat":[1420,306],"product_tag":[1443,811,2176],"class_list":{"0":"post-103319","1":"product","2":"type-product","3":"status-publish","4":"has-post-thumbnail","6":"product_cat-harvia-et","7":"product_cat-saunakerised","8":"product_tag-harvia-et","9":"product_tag-sauna-et","10":"product_tag-sauna-heater-et","12":"first","13":"instock","14":"sale","15":"taxable","16":"shipping-taxable","17":"purchasable","18":"product-type-simple"},"acf":[],"_links":{"self":[{"href":"https:\/\/factory.sale\/et\/wp-json\/wp\/v2\/product\/103319","targetHints":{"allow":["GET"]}}],"collection":[{"href":"https:\/\/factory.sale\/et\/wp-json\/wp\/v2\/product"}],"about":[{"href":"https:\/\/factory.sale\/et\/wp-json\/wp\/v2\/types\/product"}],"replies":[{"embeddable":true,"href":"https:\/\/factory.sale\/et\/wp-json\/wp\/v2\/comments?post=103319"}],"wp:featuredmedia":[{"embeddable":true,"href":"https:\/\/factory.sale\/et\/wp-json\/wp\/v2\/media\/103294"}],"wp:attachment":[{"href":"https:\/\/factory.sale\/et\/wp-json\/wp\/v2\/media?parent=103319"}],"wp:term":[{"taxonomy":"factory","embeddable":true,"href":"https:\/\/factory.sale\/et\/wp-json\/wp\/v2\/factory?post=103319"},{"taxonomy":"free-shipment","embeddable":true,"href":"https:\/\/factory.sale\/et\/wp-json\/wp\/v2\/free-shipment?post=103319"},{"taxonomy":"product_brand","embeddable":true,"href":"https:\/\/factory.sale\/et\/wp-json\/wp\/v2\/product_brand?post=103319"},{"taxonomy":"product_cat","embeddable":true,"href":"https:\/\/factory.sale\/et\/wp-json\/wp\/v2\/product_cat?post=103319"},{"taxonomy":"product_tag","embeddable":true,"href":"https:\/\/factory.sale\/et\/wp-json\/wp\/v2\/product_tag?post=103319"}],"curies":[{"name":"wp","href":"https:\/\/api.w.org\/{rel}","templated":true}]}}