{"id":103270,"date":"2025-04-11T12:34:05","date_gmt":"2025-04-11T09:43:14","guid":{"rendered":"https:\/\/factory.sale\/?post_type=product&#038;p=103270"},"modified":"2025-04-12T21:02:35","modified_gmt":"2025-04-12T18:02:35","slug":"harvia-36-pro-puukuttega-keris-14-36-m%c2%b3","status":"publish","type":"product","link":"https:\/\/factory.sale\/et\/toode\/harvia-36-pro-puukuttega-keris-14-36-m%c2%b3\/","title":{"rendered":"Harvia 36 Pro puuk\u00fcttega keris 14\u201336 m\u00b3"},"content":{"rendered":"<div class=\"video-wrapper \"><\/div>\n<p>&nbsp;<\/p>\n<p><strong>Tootekood:<\/strong> HARWKP360<\/p>\n<p><strong>GTIN kood:<\/strong> 6410082666836<\/p>\n<p>&nbsp;<\/p>\n<p>Kvaliteetne Harvia 36 Pro on fantastiline puuk\u00fcttega keris saunas\u00f5pradele, kes hindavad luksuslikku leili. See must keris on varustatud stiilse klaasuksega, mille kaudu saab nautida elava tule vaadet. Ukse avanemissuunda saab vajadusel valida. Tule praksumine lisab meeleolu, muutes saunakogemuse t\u00e4ielikult l\u00f5\u00f5gastavaks. Harvia 36 Pro annab rikkalikult leili, sobides ka suurematele seltskondadele \u2013 kuumusest puudust ei tule.<\/p>\n<p>&nbsp;<\/p>\n<p>&nbsp;<\/p>\n<p><strong>Tooteinfo:<\/strong><\/p>\n<ul>\n<li>Br\u00e4nd: Harvia<\/li>\n<li>Mudel: 36<\/li>\n<li>Garantii: 2 aastat (katab materjali- ja tootmisvead)<\/li>\n<\/ul>\n<p>&nbsp;<\/p>\n<p><strong>Toote m\u00f5\u00f5dud:<\/strong><\/p>\n<ul>\n<li>K\u00f5rgus (mm): 810<\/li>\n<li>Laius (mm): 510<\/li>\n<li>S\u00fcgavus (mm): 510<\/li>\n<li>Suitsul\u00f5\u00f5ri l\u00e4bim\u00f5\u00f5t (mm): 115<\/li>\n<li>Kaal (kg): 70<\/li>\n<\/ul>\n<p>&nbsp;<\/p>\n<p><strong>Omadused:<\/strong><\/p>\n<ul>\n<li>V\u00e4rv: Must<\/li>\n<li>Veepaak komplektis: Ei<\/li>\n<li>Reguleeritavad jalad: 0\u201330 mm<\/li>\n<li>Klaasuks, millel on v\u00f5imalus muuta avanemissuunda<\/li>\n<li>Soovituslik kivide suurus: \u00d8 10\u201315 cm<\/li>\n<li>Tulekambri katte paksus: 6 mm<\/li>\n<li>Max halupikkus: 39 cm<\/li>\n<li>Halupaksus: 8\u201315 cm<\/li>\n<li>Nominaalv\u00f5imsus: 31 kW<\/li>\n<li>N\u00f5utav suitsul\u00f5\u00f5ri temperatuuriklass: T600<\/li>\n<li>Taga\u00fchenduse k\u00f5rgus p\u00f5randast ava keskpunktini (X): 690 mm<\/li>\n<li>\u00dchenduse k\u00f5rgus p\u00f5randast ava alumise servani (Y): 750 mm<\/li>\n<li>\u00dchenduse kaugus tagaservast ava keskpunktini (Z): 130 mm<\/li>\n<li>Paigaldus m\u00fc\u00fcritise seina (E): J\u00e4ta kerise ja seina vahele v\u00e4hemalt 50 mm \u00f5huvahe. Kui paigaldatakse seinas\u00fcvendisse, j\u00e4ta v\u00e4hemalt 100 mm vahe.<\/li>\n<li>Miinimum turvakauguseid tuleb j\u00e4rgida. Vaata paigaldusjuhendit.<\/li>\n<\/ul>\n<p>&nbsp;<\/p>\n<p><strong>Saadaval lisatarvikud:<\/strong><\/p>\n<ul>\n<li>T\u00e4iskaitse sein (WL850)<\/li>\n<li>K\u00fclgkaitse sein (WL800)<\/li>\n<li>Kaitsealus (WL110)<\/li>\n<li>Erinevad veesoojendite mudelid<\/li>\n<li>Saunatarvikud<\/li>\n<\/ul>\n<p><em>M\u00e4rkus: Kivid ei kuulu standardkomplekti (saadaval eraldi tellimisel)<\/em><\/p>\n<p>&nbsp;<\/p>\n<p><strong>Tehnilised andmed:<\/strong><\/p>\n<ul>\n<li>Maksimaalne kivide maht (kg): 60<\/li>\n<\/ul>\n<p>&nbsp;<\/p>\n<p><strong>Paigaldus ja kasutamine:<\/strong><\/p>\n<ul>\n<li>Minimaalne sauna ruumala (m\u00b3): 14<\/li>\n<li>Maksimaalne sauna ruumala (m\u00b3): 36<\/li>\n<li>Ohutuskaugus laeni (mm): 1250<\/li>\n<li>Ohutuskaugus k\u00fclgedele (mm): 500<\/li>\n<li>Ohutuskaugus ette (mm): 500<\/li>\n<li>Ohutuskaugus taha (mm): 500<\/li>\n<li>Suitsul\u00f5\u00f5ri \u00fchenduse asukoht: \u00dclal, Taga<\/li>\n<\/ul>\n<p>&nbsp;<\/p>\n<p>&nbsp;<\/p>\n<p><strong>Pakendi m\u00f5\u00f5dud ja kaal:<\/strong><\/p>\n<ul>\n<li>Pakendi laius (mm): 580<\/li>\n<li>Pakendi k\u00f5rgus (mm): 890<\/li>\n<li>Pakendi s\u00fcgavus (mm): 560<\/li>\n<li>Saatmiskaal (kg): 70<\/li>\n<\/ul>\n<p>&nbsp;<\/p>\n<p>&nbsp;<\/p>\n<p><a href=\"https:\/\/factory.sale\/wp-content\/uploads\/2025\/04\/asennus-ja-kayttoohje.pdf\" target=\"_blank\" rel=\"noopener\">Paigaldus- ja kasutusjuhend<\/a><\/p>\n","protected":false},"excerpt":{"rendered":"<p>Harvia 36 Pro keris sobib suurematele saunadele. Sellel on reguleeritavad jalad, mis muudavad paigalduse lihtsamaks. See on m\u00f5eldud saunadele ruumalaga 14\u201336 m\u00b3. Kerisele on saadaval lai valik tarvikuid &#8211; uuri lisaks!<\/p>\n<p>&nbsp;<\/p>\n","protected":false},"featured_media":103258,"comment_status":"open","ping_status":"closed","template":"","meta":{"_acf_changed":false},"factory":[],"free-shipment":[],"product_brand":[],"product_cat":[1420,306],"product_tag":[1443,811,1892],"class_list":{"0":"post-103270","1":"product","2":"type-product","3":"status-publish","4":"has-post-thumbnail","6":"product_cat-harvia-et","7":"product_cat-saunakerised","8":"product_tag-harvia-et","9":"product_tag-sauna-et","10":"product_tag-stove-et","12":"first","13":"instock","14":"sale","15":"taxable","16":"shipping-taxable","17":"purchasable","18":"product-type-simple"},"acf":[],"_links":{"self":[{"href":"https:\/\/factory.sale\/et\/wp-json\/wp\/v2\/product\/103270","targetHints":{"allow":["GET"]}}],"collection":[{"href":"https:\/\/factory.sale\/et\/wp-json\/wp\/v2\/product"}],"about":[{"href":"https:\/\/factory.sale\/et\/wp-json\/wp\/v2\/types\/product"}],"replies":[{"embeddable":true,"href":"https:\/\/factory.sale\/et\/wp-json\/wp\/v2\/comments?post=103270"}],"wp:featuredmedia":[{"embeddable":true,"href":"https:\/\/factory.sale\/et\/wp-json\/wp\/v2\/media\/103258"}],"wp:attachment":[{"href":"https:\/\/factory.sale\/et\/wp-json\/wp\/v2\/media?parent=103270"}],"wp:term":[{"taxonomy":"factory","embeddable":true,"href":"https:\/\/factory.sale\/et\/wp-json\/wp\/v2\/factory?post=103270"},{"taxonomy":"free-shipment","embeddable":true,"href":"https:\/\/factory.sale\/et\/wp-json\/wp\/v2\/free-shipment?post=103270"},{"taxonomy":"product_brand","embeddable":true,"href":"https:\/\/factory.sale\/et\/wp-json\/wp\/v2\/product_brand?post=103270"},{"taxonomy":"product_cat","embeddable":true,"href":"https:\/\/factory.sale\/et\/wp-json\/wp\/v2\/product_cat?post=103270"},{"taxonomy":"product_tag","embeddable":true,"href":"https:\/\/factory.sale\/et\/wp-json\/wp\/v2\/product_tag?post=103270"}],"curies":[{"name":"wp","href":"https:\/\/api.w.org\/{rel}","templated":true}]}}