{"id":103100,"date":"2025-04-07T13:02:42","date_gmt":"2025-04-07T10:31:47","guid":{"rendered":"https:\/\/factory.sale\/?post_type=product&#038;p=103100"},"modified":"2025-04-26T13:03:22","modified_gmt":"2025-04-26T10:03:22","slug":"woodengold-tamm-kalasaba-tg-natur-70x350-mm-2","status":"publish","type":"product","link":"https:\/\/factory.sale\/et\/toode\/woodengold-tamm-kalasaba-tg-natur-70x350-mm-2\/","title":{"rendered":"Woodengold tamm kalasaba T&#038;G natur (70&#215;350 mm)"},"content":{"rendered":"<p>Natur- Lubatud tamme loomuliku puidutooni kergemad erinevused, lubatud v\u00e4ikesed silmoksad, ilma heledama maltpuiduta.<\/p>\n<p>Woodengold laudparketid on toodetud kestma muutlikus P\u00f5hjamaa kliimas. Kogu Woodengold tamme ja saare materjal on l\u00e4binud aeglase kuivatuse. Aluskihtides kasutatakse vaid k\u00f5rge kvaliteediga materjale. M\u00f5lemad n\u00e4itajad tagavad valmis p\u00f5randa stabiilsuse. Parkett on t\u00e4pse geomeetriaga. Hoidke ruumides suhteline \u00f5huniiskus aastaringi 40-60% RH.<\/p>\n<p>&nbsp;<\/p>\n<p>&nbsp;<\/p>\n<p><strong>Tehniline teave:<\/strong><\/p>\n<ul>\n<li>Laius: 70 mm<\/li>\n<li>Pikkus: 350 mm<\/li>\n<li>Paksus: 13 mm<\/li>\n<li>Puuliik: Tamm<\/li>\n<li>Selektsioon:natuur<\/li>\n<li>Pinnat\u00f6\u00f6tlus: \u00d5litus 12 tooni\/lakkimine 2-tooni.<\/li>\n<li>Muster: kalasaba<\/li>\n<li>K\u00fcljefaasid: 4-faasidega\/faasideta<\/li>\n<li>Konstruktsioon: 2-kihiline<\/li>\n<li>Pealiskiht: tamm 5 mm<\/li>\n<li>Harjamine: Kergelt harjatud\/sile<\/li>\n<li>Paigaldust\u00fc\u00fcp: mahaliimitav<\/li>\n<li>Pakend: kiletatud pappkarp 1,274 m2<\/li>\n<li>Tarneaeg: 6-8 n\u00e4dalat<\/li>\n<\/ul>\n<p>&nbsp;<\/p>\n<p>&nbsp;<\/p>\n<p><em>Hulgihind m2: alates 300m2 &#8211; 54.76 \u20ac (ilma KM)<\/em><\/p>\n<p>&nbsp;<\/p>\n<p>&nbsp;<\/p>\n<p><strong>V\u00f5imalik tellida ka \u00f5litatult, valikus 12 tooni UV \u00f5li:\u00a0<\/strong><\/p>\n<p><img loading=\"lazy\" decoding=\"async\" class=\"alignnone wp-image-103782\" src=\"https:\/\/factory.sale\/wp-content\/uploads\/2025\/04\/woodengold-oil-tones-factory-sale-300x225.webp\" sizes=\"auto, (max-width: 776px) 100vw, 776px\" srcset=\"https:\/\/factory.sale\/wp-content\/uploads\/2025\/04\/woodengold-oil-tones-factory-sale-300x225.webp 300w, https:\/\/factory.sale\/wp-content\/uploads\/2025\/04\/woodengold-oil-tones-factory-sale-1024x768.webp 1024w, https:\/\/factory.sale\/wp-content\/uploads\/2025\/04\/woodengold-oil-tones-factory-sale-150x113.webp 150w, https:\/\/factory.sale\/wp-content\/uploads\/2025\/04\/woodengold-oil-tones-factory-sale-1536x1152.webp 1536w, https:\/\/factory.sale\/wp-content\/uploads\/2025\/04\/woodengold-oil-tones-factory-sale-600x450.webp 600w, https:\/\/factory.sale\/wp-content\/uploads\/2025\/04\/woodengold-oil-tones-factory-sale.webp 2048w\" alt=\"\" width=\"776\" height=\"582\" \/><\/p>\n<p>&nbsp;<\/p>\n<p><strong>Lisaks v\u00f5imalik valida ka kahe laki tooni vahel (vaata galeriid)<\/strong><\/p>\n","protected":false},"excerpt":{"rendered":"<p>Woodengold parkett pakub kvaliteetset naturaalset puitp\u00f5randat, mis \u00fchendab ajatu elegantsi ja vastupidavuse. Ideaalne valik nii klassikalistesse kui ka modernsetesse interj\u00f6\u00f6ridesse.<\/p>\n<p>V\u00f5ta meiega \u00fchendust ja teeme Sinu projektile parima pakkumise.<\/p>\n<p><strong>Hind m\u00b2 kohta<\/strong><\/p>\n","protected":false},"featured_media":103095,"comment_status":"open","ping_status":"closed","template":"","meta":{"_acf_changed":false},"factory":[],"free-shipment":[],"product_brand":[],"product_cat":[1796,294,4333],"product_tag":[132,298],"class_list":{"0":"post-103100","1":"product","2":"type-product","3":"status-publish","4":"has-post-thumbnail","6":"product_cat-kalasaba-parkett","7":"product_cat-parkett","8":"product_cat-woodengold-et","9":"product_tag-floor-et-2","10":"product_tag-oak-et-2","12":"first","13":"instock","14":"sale","15":"taxable","16":"shipping-taxable","17":"purchasable","18":"product-type-simple"},"acf":[],"_links":{"self":[{"href":"https:\/\/factory.sale\/et\/wp-json\/wp\/v2\/product\/103100","targetHints":{"allow":["GET"]}}],"collection":[{"href":"https:\/\/factory.sale\/et\/wp-json\/wp\/v2\/product"}],"about":[{"href":"https:\/\/factory.sale\/et\/wp-json\/wp\/v2\/types\/product"}],"replies":[{"embeddable":true,"href":"https:\/\/factory.sale\/et\/wp-json\/wp\/v2\/comments?post=103100"}],"wp:featuredmedia":[{"embeddable":true,"href":"https:\/\/factory.sale\/et\/wp-json\/wp\/v2\/media\/103095"}],"wp:attachment":[{"href":"https:\/\/factory.sale\/et\/wp-json\/wp\/v2\/media?parent=103100"}],"wp:term":[{"taxonomy":"factory","embeddable":true,"href":"https:\/\/factory.sale\/et\/wp-json\/wp\/v2\/factory?post=103100"},{"taxonomy":"free-shipment","embeddable":true,"href":"https:\/\/factory.sale\/et\/wp-json\/wp\/v2\/free-shipment?post=103100"},{"taxonomy":"product_brand","embeddable":true,"href":"https:\/\/factory.sale\/et\/wp-json\/wp\/v2\/product_brand?post=103100"},{"taxonomy":"product_cat","embeddable":true,"href":"https:\/\/factory.sale\/et\/wp-json\/wp\/v2\/product_cat?post=103100"},{"taxonomy":"product_tag","embeddable":true,"href":"https:\/\/factory.sale\/et\/wp-json\/wp\/v2\/product_tag?post=103100"}],"curies":[{"name":"wp","href":"https:\/\/api.w.org\/{rel}","templated":true}]}}