{"id":103048,"date":"2025-04-06T23:33:33","date_gmt":"2025-04-06T20:33:35","guid":{"rendered":"https:\/\/factory.sale\/?post_type=product&#038;p=103048"},"modified":"2026-04-12T18:05:59","modified_gmt":"2026-04-12T15:05:59","slug":"yoshino-kumano-225m-kumblustunn-klaasplast-sisuga-ja-integreeritud-ahjuga","status":"publish","type":"product","link":"https:\/\/factory.sale\/et\/toode\/yoshino-kumano-225m-kumblustunn-klaasplast-sisuga-ja-integreeritud-ahjuga\/","title":{"rendered":"&#8220;Yoshino Kumano&#8221; 2,25m k\u00fcmblust\u00fcnn klaasplast sisuga ja integreeritud ahjuga"},"content":{"rendered":"<p>K\u00fcmblust\u00fcnn on inspireeritud Yoshino Kumano looduspargist Jaapanis \u2013 p\u00fchast ja rohelusest tulvil paigast, kus aeg voolab aeglaselt nagu m\u00e4gioja ning igal hetkel on oma t\u00e4hendus.<\/p>\n<p>Nii nagu Yoshino Kumano m\u00e4gede vahel kulgevad palver\u00e4nnuteed juhatavad inimesi sisemise rahuni, kutsub see k\u00fcmblust\u00fcnn sind v\u00f5tma aja maha ja sukelduma vaikusesse. T\u00fcnn on loodud neile, kes hindavad kohalolu, ajatut esteetikat ja ehtsat k\u00e4sit\u00f6\u00f6d.<\/p>\n<p><strong>Lihtne, ent l\u00e4bim\u00f5eldud disain<\/strong><\/p>\n<p>Disain on teadlikult hoitud lihtne, et see sobituks loomulikult igasse keskkonda \u2013 olgu see modernne terrass, metsa\u00e4\u00e4rne majake v\u00f5i mere\u00e4\u00e4rne suvekodu.<br \/>\nIga detail, alates vormist kuni materjalideni, v\u00e4ljendab vaoshoitud elegantsi, praktilisust ja kvaliteeti. V\u00e4limus ei p\u00fc\u00fca \u00fcleliigselt t\u00e4helepanu, vaid sulandub keskkonda, tuues esile rahu ja looduse loomuliku keskkonna.<\/p>\n<p><strong>Ehedus, mis kestab<\/strong><\/p>\n<p>See k\u00fcmblust\u00fcnn on loodud siin. Kodumaine tootmine ja p\u00f5hjamaise kliima erip\u00e4radega arvestatud, muudavad selle k\u00fcmblust\u00fcnni mitte ainult kauniks, vaid ka vastupidavaks.<\/p>\n<p>Integreeritud merealumiiniumist ahi tugevate keevis\u00f5mblustega tagab kiire ja t\u00f5husa k\u00fctte ning pikaealise t\u00f6\u00f6kindluse. Merealumiinium on korrosioonikindel ja sobiv ka soolase vee jaoks..<\/p>\n<p>Klaasfiiber sisu, mis on valatud paksu geelkihiga, muudab t\u00fcnni \u00e4\u00e4rmiselt tugevaks, ilmastikukindlaks ja sobivaks aastaringseks kasutamiseks.<\/p>\n<p>Viimistlus termot\u00f6\u00f6deldud puidust lisab soojust ja visuaalset pehmust, r\u00f5hutades k\u00e4sit\u00f6\u00f6na valminud toote loodusl\u00e4hedust ja autentsust.<\/p>\n<p><strong>Yoshino Kumano \u2013 rohkem kui nimi<\/strong><\/p>\n<p>Sinu valik, sinu tunne. Vesi, mis tervendab ja Vaikus, mis kosutab.<\/p>\n<p>&nbsp;<\/p>\n<p>Tootekood: Y2,25m<\/p>\n<p><strong>K\u00fcmblust\u00fcnni komplekt sisaldab:<\/strong><\/p>\n<ul>\n<li>klaasplastist sisu, v\u00f5imalik valida 3 eri v\u00e4rvitooni vahel: tumehall, helehall ja sinine<\/li>\n<li>termot\u00f6\u00f6deldud m\u00e4nni puidust korpus, viimistlus puidu\u00f5liga (must v\u00f5i pruun)<\/li>\n<li>aluskarkass ja kinniehitatud niiskuskindla vineeriga p\u00f5hi<\/li>\n<li>merealumiiniumist integreeritud klaasuksega ahi (35kw), v\u00f5imalik valida musta v\u00f5i roostevaba ahjupaneeliga<\/li>\n<li>2 m korstna komplekt koos korstna kuumakaitse ja korstnam\u00fctsiga<\/li>\n<li>\u00e4ravoolu kraan<\/li>\n<li>\u00fcmartrepp<\/li>\n<\/ul>\n<p><strong>Tehnilised andmed:<\/strong><\/p>\n<ul>\n<li>Materjal: 20 mm paksune termot\u00f6\u00f6deldud m\u00e4nd, viimistletud \u00f5liga<\/li>\n<li>V\u00e4line \u00d8: 2250 mm<\/li>\n<li>Sisemine \u00d8: 2030 mm<\/li>\n<li>K\u00f5rgus: 1120 mm<\/li>\n<li>Sisemine s\u00fcgavus: 880 mm<\/li>\n<li>Kaal: 220 kg<\/li>\n<li>Maht: 1500 liitrit<\/li>\n<li>Inimeste arv: 7-8<\/li>\n<li>K\u00fctteaeg 5-38\u00b0: 2-2,5h<\/li>\n<li>Integreeritud ahi: 35 kW<\/li>\n<li>K\u00fcttepuude pikkus: kuni 50cm<\/li>\n<\/ul>\n<p><strong>Lisavarustuse valik:<\/strong><\/p>\n<ul>\n<li>Termokate 10cm<\/li>\n<li>WPC plastiklauaga v\u00e4lisvooder<\/li>\n<li>PVC kate<\/li>\n<li>Pol\u00fcuretaansoojustus<\/li>\n<li>Peatugi<\/li>\n<li>Led valgus 1 lambiga<\/li>\n<li>Led valgus 2 lambiga<\/li>\n<li>Led valgus 4 lambiga<\/li>\n<li>Mullis\u00fcsteem 8 d\u00fc\u00fcsiga, 700W pump<\/li>\n<li>Mullis\u00fcsteem 16 d\u00fc\u00fcsiga, 900W pump<\/li>\n<li>Digitaalne termomeeter (integreeritud)<\/li>\n<li>Ujuv bluetooth termomeeter<\/li>\n<li>Korstna lisapikendus 1m<\/li>\n<li>S\u00e4demep\u00fc\u00fcdja<\/li>\n<li>Jalavann<\/li>\n<li>Puidust m\u00f5la vee segamiseks<\/li>\n<li>K\u00fcmblust\u00fcnnisisene filter<\/li>\n<li>Liiva filtreerimis s\u00fcsteem + filtripallid + korgid 2tk<\/li>\n<li>Filtris\u00fcsteemi kapp<\/li>\n<li>Dutrion tabletid vee puhastuseks, pakk<\/li>\n<li>Topsialus puidust<\/li>\n<li>Spa alus, plastik, musta v\u00e4rvusega<\/li>\n<\/ul>\n","protected":false},"excerpt":{"rendered":"<p><i><span style=\"font-weight: 400;\">L\u00fchike te<\/span><\/i><span style=\"font-weight: 400;\">\u201eYoshino Kumano\u201d k\u00fcmblust\u00fcnn \u2013 Looduse v\u00e4rske hingus ja vaikus, mis kosutab.<\/span><\/p>\n<p><span style=\"font-weight: 400;\">Kodumaine, p\u00f5hjamaisesse kliimasse valmistatud k\u00fcmblust\u00fcnn, mille disain on loodud minimalistlikus v\u00f5tmes, esteetiliselt vaoshoitud, tasakaalus ja ajatult kaunis.<\/span><\/p>\n<ul>\n<li style=\"font-weight: 400;\"><span style=\"font-weight: 400;\">Pikaajaline garantii<\/span><\/li>\n<li style=\"font-weight: 400;\"><span style=\"font-weight: 400;\">Tugevast geelist valatud klaasfiibrist vorm<\/span><\/li>\n<li style=\"font-weight: 400;\"><span style=\"font-weight: 400;\">Eesti metallimeistrite poolt valmistatud tugevate keevis\u00f5mblustega merealumiiniumist ahi<\/span><\/li>\n<li style=\"font-weight: 400;\"><span style=\"font-weight: 400;\">Termot\u00f6\u00f6deldud ja \u00f5liga immutatud m\u00e4nnipuidust v\u00e4lisvooder<\/span><\/li>\n<\/ul>\n","protected":false},"featured_media":103054,"comment_status":"open","ping_status":"closed","template":"","meta":{"_acf_changed":false},"factory":[],"free-shipment":[],"product_brand":[],"product_cat":[2587,2209],"product_tag":[2842],"class_list":{"0":"post-103048","1":"product","2":"type-product","3":"status-publish","4":"has-post-thumbnail","6":"product_cat-klaasplastist-kumblustunnid","7":"product_cat-kumblustunnid","8":"product_tag-hot-tub-et","10":"first","11":"instock","12":"sale","13":"taxable","14":"shipping-taxable","15":"purchasable","16":"product-type-simple"},"acf":[],"_links":{"self":[{"href":"https:\/\/factory.sale\/et\/wp-json\/wp\/v2\/product\/103048","targetHints":{"allow":["GET"]}}],"collection":[{"href":"https:\/\/factory.sale\/et\/wp-json\/wp\/v2\/product"}],"about":[{"href":"https:\/\/factory.sale\/et\/wp-json\/wp\/v2\/types\/product"}],"replies":[{"embeddable":true,"href":"https:\/\/factory.sale\/et\/wp-json\/wp\/v2\/comments?post=103048"}],"wp:featuredmedia":[{"embeddable":true,"href":"https:\/\/factory.sale\/et\/wp-json\/wp\/v2\/media\/103054"}],"wp:attachment":[{"href":"https:\/\/factory.sale\/et\/wp-json\/wp\/v2\/media?parent=103048"}],"wp:term":[{"taxonomy":"factory","embeddable":true,"href":"https:\/\/factory.sale\/et\/wp-json\/wp\/v2\/factory?post=103048"},{"taxonomy":"free-shipment","embeddable":true,"href":"https:\/\/factory.sale\/et\/wp-json\/wp\/v2\/free-shipment?post=103048"},{"taxonomy":"product_brand","embeddable":true,"href":"https:\/\/factory.sale\/et\/wp-json\/wp\/v2\/product_brand?post=103048"},{"taxonomy":"product_cat","embeddable":true,"href":"https:\/\/factory.sale\/et\/wp-json\/wp\/v2\/product_cat?post=103048"},{"taxonomy":"product_tag","embeddable":true,"href":"https:\/\/factory.sale\/et\/wp-json\/wp\/v2\/product_tag?post=103048"}],"curies":[{"name":"wp","href":"https:\/\/api.w.org\/{rel}","templated":true}]}}