{"id":10296,"date":"2022-07-15T09:54:48","date_gmt":"2022-07-20T19:14:07","guid":{"rendered":"https:\/\/factory.sale\/?post_type=product&#038;p=10296"},"modified":"2024-06-26T15:42:01","modified_gmt":"2024-06-26T15:42:01","slug":"pargipink-ldz-duo-i","status":"publish","type":"product","link":"https:\/\/factory.sale\/et\/toode\/pargipink-ldz-duo-i\/","title":{"rendered":"Pargipink &#8220;Ldz Duo I&#8221;"},"content":{"rendered":"<ul>\n<li>Mudel, mille \u00f5rnad kaunistused viitavad retro stiilile.<\/li>\n<li>Seet\u00f5ttu sobib see ideaalselt nii ajalooliseks kui ka kaasaegseks \u00fcmbruseks.<\/li>\n<li>Algse disainiga kaasneb istumismugavus ja kvaliteetne t\u00f6\u00f6.<\/li>\n<li>Pargipink ei sobi mitte ainult \u00f5ue, vaid toimib h\u00e4sti ka siseruumides.<\/li>\n<li>Malmi ja puidu kombinatsioon ei t\u00e4ida mitte ainult esteetilist funktsiooni, vaid tagab ka vastupidavuse aastateks.<\/li>\n<\/ul>\n<p>&nbsp;<\/p>\n<p><strong>Lisainformatsioon:<\/strong><\/p>\n<ul>\n<li>Pingi pikkus: 170 cm<\/li>\n<li>Pingi laius: 112 cm<\/li>\n<li>Pingi k\u00f5rgus: 71 cm<\/li>\n<li>Istme pikkus: 170 cm<\/li>\n<li>Istme laius: 40 cm<\/li>\n<li>Istme k\u00f5rgus: 40 cm<\/li>\n<li>Materjal: malm , puit<\/li>\n<li>Tsingitud, pulberv\u00e4rvitud<\/li>\n<li>Puidu toon: Mahagon, tiikpuu, palisander<\/li>\n<li>Sertifikaat: PN EN 1176<\/li>\n<li>Garantii 2 aastat<\/li>\n<\/ul>\n<p>&nbsp;<\/p>\n<p>&nbsp;<\/p>\n<p>&nbsp;<\/p>\n<p><em>Minimaalne kogus 8 tk!<\/em><br \/>\n<em>Alates 8 tk transport tasuta!<\/em><\/p>\n","protected":false},"excerpt":{"rendered":"<p><strong>Malmist pargipingi suurep\u00e4rane viimistlus ja materjalid tagavad vastupidavuse ka karmides ilmastikuoludes.<\/strong><\/p>\n<p>Kvaliteetne pink \u00fctleb, et siin on turvaline avada raamat oma lemmiktegelastega v\u00f5i nautida m\u00f5nusat ilma.<\/p>\n","protected":false},"featured_media":10288,"comment_status":"open","ping_status":"closed","template":"","meta":{"_acf_changed":false},"factory":[],"free-shipment":[],"product_brand":[],"product_cat":[1100,1114],"product_tag":[2713],"class_list":{"0":"post-10296","1":"product","2":"type-product","3":"status-publish","4":"has-post-thumbnail","6":"product_cat-linnamoobel","7":"product_cat-pingid","8":"product_tag-bench-et","10":"first","11":"instock","12":"sale","13":"taxable","14":"shipping-taxable","15":"purchasable","16":"product-type-simple"},"acf":[],"_links":{"self":[{"href":"https:\/\/factory.sale\/et\/wp-json\/wp\/v2\/product\/10296","targetHints":{"allow":["GET"]}}],"collection":[{"href":"https:\/\/factory.sale\/et\/wp-json\/wp\/v2\/product"}],"about":[{"href":"https:\/\/factory.sale\/et\/wp-json\/wp\/v2\/types\/product"}],"replies":[{"embeddable":true,"href":"https:\/\/factory.sale\/et\/wp-json\/wp\/v2\/comments?post=10296"}],"wp:featuredmedia":[{"embeddable":true,"href":"https:\/\/factory.sale\/et\/wp-json\/wp\/v2\/media\/10288"}],"wp:attachment":[{"href":"https:\/\/factory.sale\/et\/wp-json\/wp\/v2\/media?parent=10296"}],"wp:term":[{"taxonomy":"factory","embeddable":true,"href":"https:\/\/factory.sale\/et\/wp-json\/wp\/v2\/factory?post=10296"},{"taxonomy":"free-shipment","embeddable":true,"href":"https:\/\/factory.sale\/et\/wp-json\/wp\/v2\/free-shipment?post=10296"},{"taxonomy":"product_brand","embeddable":true,"href":"https:\/\/factory.sale\/et\/wp-json\/wp\/v2\/product_brand?post=10296"},{"taxonomy":"product_cat","embeddable":true,"href":"https:\/\/factory.sale\/et\/wp-json\/wp\/v2\/product_cat?post=10296"},{"taxonomy":"product_tag","embeddable":true,"href":"https:\/\/factory.sale\/et\/wp-json\/wp\/v2\/product_tag?post=10296"}],"curies":[{"name":"wp","href":"https:\/\/api.w.org\/{rel}","templated":true}]}}