{"id":102682,"date":"2025-04-04T01:08:33","date_gmt":"2025-04-03T22:18:07","guid":{"rendered":"https:\/\/factory.sale\/?post_type=product&#038;p=102682"},"modified":"2025-04-04T13:13:03","modified_gmt":"2025-04-04T10:13:03","slug":"woodengold-tamm-kalasaba-tg-natur","status":"publish","type":"product","link":"https:\/\/factory.sale\/et\/toode\/woodengold-tamm-kalasaba-tg-natur\/","title":{"rendered":"Woodengold tamm kalasaba T&#038;G natur"},"content":{"rendered":"<p>Natur- Lubatud tamme loomuliku puidutooni kergemad erinevused, lubatud oksakohad kuni ca 5mm, ilma heledama maltpuiduta.<\/p>\n<p>Woodengold laudparketid on toodetud kestma muutlikus P\u00f5hjamaa kliimas. Kogu Woodengold tamme ja saare materjal on l\u00e4binud aeglase kuivatuse. Aluskihtides kasutatakse vaid k\u00f5rge kvaliteediga materjale. M\u00f5lemad n\u00e4itajad tagavad valmis p\u00f5randa stabiilsuse. Parkett on t\u00e4pse geomeetriaga. Hoidke ruumides suhteline \u00f5huniiskus aastaringi 40-60% RH.<\/p>\n<p>&nbsp;<\/p>\n<p>&nbsp;<\/p>\n<p><strong>Tehniline teave:<\/strong><\/p>\n<ul>\n<li>Laius: 90mm<\/li>\n<li>Pikkus: 600mm<\/li>\n<li>Paksus: 15mm, 11mm<\/li>\n<li>Puuliik: Tamm<\/li>\n<li>Selektsioon: Natuur<\/li>\n<li>Pinnat\u00f6\u00f6tlus: \u00d5litus 13tooni\/lakkimine 2-tooni.<\/li>\n<li>Muster: kalasaba<\/li>\n<li>K\u00fcljefaasid: 4-faasi\/faasideta<\/li>\n<li>Konstruktsioon: 2-kihiline<\/li>\n<li>Pealiskiht: tamm 3,6mm<\/li>\n<li>Harjamine: Kergelt harjatud\/sile<\/li>\n<li>Paigaldust\u00fc\u00fcp: mahaliimitav<\/li>\n<li>Pakend: kiletatud pappkarp 1,08m2<\/li>\n<li>Tarneaeg: 8-10 n\u00e4dalat<\/li>\n<\/ul>\n","protected":false},"excerpt":{"rendered":"<p>Woodengold parkett pakub kvaliteetset naturaalset puitp\u00f5randat, mis \u00fchendab ajatu elegantsi ja vastupidavuse. Ideaalne valik nii klassikalistesse kui ka modernsetesse interj\u00f6\u00f6ridesse.<\/p>\n<p>V\u00f5ta meiega \u00fchendust ja teeme Sinu projektile parima pakkumise.<\/p>\n<p><strong>Hind m\u00b2 kohta<\/strong><\/p>\n","protected":false},"featured_media":102677,"comment_status":"open","ping_status":"closed","template":"","meta":{"_acf_changed":false},"factory":[],"free-shipment":[],"product_brand":[],"product_cat":[1796,294],"product_tag":[132],"class_list":{"0":"post-102682","1":"product","2":"type-product","3":"status-publish","4":"has-post-thumbnail","6":"product_cat-kalasaba-parkett","7":"product_cat-parkett","8":"product_tag-floor-et-2","10":"first","11":"instock","12":"sale","13":"taxable","14":"shipping-taxable","15":"purchasable","16":"product-type-simple"},"acf":[],"_links":{"self":[{"href":"https:\/\/factory.sale\/et\/wp-json\/wp\/v2\/product\/102682","targetHints":{"allow":["GET"]}}],"collection":[{"href":"https:\/\/factory.sale\/et\/wp-json\/wp\/v2\/product"}],"about":[{"href":"https:\/\/factory.sale\/et\/wp-json\/wp\/v2\/types\/product"}],"replies":[{"embeddable":true,"href":"https:\/\/factory.sale\/et\/wp-json\/wp\/v2\/comments?post=102682"}],"wp:featuredmedia":[{"embeddable":true,"href":"https:\/\/factory.sale\/et\/wp-json\/wp\/v2\/media\/102677"}],"wp:attachment":[{"href":"https:\/\/factory.sale\/et\/wp-json\/wp\/v2\/media?parent=102682"}],"wp:term":[{"taxonomy":"factory","embeddable":true,"href":"https:\/\/factory.sale\/et\/wp-json\/wp\/v2\/factory?post=102682"},{"taxonomy":"free-shipment","embeddable":true,"href":"https:\/\/factory.sale\/et\/wp-json\/wp\/v2\/free-shipment?post=102682"},{"taxonomy":"product_brand","embeddable":true,"href":"https:\/\/factory.sale\/et\/wp-json\/wp\/v2\/product_brand?post=102682"},{"taxonomy":"product_cat","embeddable":true,"href":"https:\/\/factory.sale\/et\/wp-json\/wp\/v2\/product_cat?post=102682"},{"taxonomy":"product_tag","embeddable":true,"href":"https:\/\/factory.sale\/et\/wp-json\/wp\/v2\/product_tag?post=102682"}],"curies":[{"name":"wp","href":"https:\/\/api.w.org\/{rel}","templated":true}]}}