{"id":102306,"date":"2026-03-12T16:33:53","date_gmt":"2025-03-27T13:33:53","guid":{"rendered":"https:\/\/factory.sale\/?post_type=product&#038;p=102306"},"modified":"2025-11-24T11:38:37","modified_gmt":"2025-11-24T08:38:37","slug":"must-parl-1-%e2%88%85-22-m-kumblustunn-integreeritud-kerisega-6-8-le-inimesele-termokate-hinnas","status":"publish","type":"product","link":"https:\/\/factory.sale\/et\/toode\/must-parl-1-%e2%88%85-22-m-kumblustunn-integreeritud-kerisega-6-8-le-inimesele-termokate-hinnas\/","title":{"rendered":"Must P\u00e4rl 1 \u2013 \u2205 2,2 m k\u00fcmblust\u00fcnn integreeritud ahjuga (6\u20138-le inimesele). Termokate hinnas!"},"content":{"rendered":"<p class=\"\" data-start=\"693\" data-end=\"743\"><strong data-start=\"693\" data-end=\"741\">Must P\u00e4rl 1 \u2013 sinu privaatne spa uues kuues.<\/strong><\/p>\n<p class=\"\" data-start=\"745\" data-end=\"990\">Must P\u00e4rl 1 on suurem versioon meie populaarseimast \u00fcmmargusest k\u00fcmblust\u00fcnnist. See mahutab mugavalt kuni 6\u20138 inimest ning selle s\u00fcdameks on 30 kW integreeritud puuk\u00fcttega ahi, mis on valmistatud kvaliteetsest roostevabast terasest (AISI 304).<\/p>\n<p class=\"\" data-start=\"992\" data-end=\"1254\">Sisemus on valmistatud luksusjahtidel kasutatavast vastupidavast mereklassiga Gelcoat klaasfiibrist. V\u00e4rvivalikusse kuuluvad elegantne kreemjas valge (RAL 9001), tumehall (RAL 7015) ja taevasinine (RAL 5012). Soovi korral saadaval ka lisana p\u00e4rl-hall viimistlus.<\/p>\n<p class=\"\" data-start=\"1256\" data-end=\"1541\">K\u00f5ik detailid on loodud sinu mugavuse ja murevaba kasutuse nimel \u2013 alates \u00f5litatud kuusevoodrist ja 2-meetrisest korstnast koos kuumakaitse ja m\u00fctsiga, kuni kuuseastmete ja ujuva termomeetrini v\u00e4lja. Ja et luksus oleks lihtne \u2013 igas Must P\u00e4rl 1 komplektis on juba hinnas termokate.<\/p>\n<h3 class=\"\" data-start=\"1548\" data-end=\"1573\"><strong data-start=\"1552\" data-end=\"1573\">Komplekti kuulub:<\/strong><\/h3>\n<ul data-start=\"1574\" data-end=\"2006\">\n<li class=\"\" data-start=\"1574\" data-end=\"1643\">\n<p class=\"\" data-start=\"1576\" data-end=\"1643\">Integreeritud puuk\u00fcttega ahi (30 kW), roostevaba teras AISI 304<\/p>\n<\/li>\n<li class=\"\" data-start=\"1644\" data-end=\"1665\">\n<p class=\"\" data-start=\"1646\" data-end=\"1665\">Vee \u00e4ravoolukraan<\/p>\n<\/li>\n<li class=\"\" data-start=\"1666\" data-end=\"1707\">\n<p class=\"\" data-start=\"1668\" data-end=\"1707\">Kuusepuidust vooder \u2013 \u00f5litatud v\u00f5i t\u00f6\u00f6tlemata<\/p>\n<\/li>\n<li class=\"\" data-start=\"1708\" data-end=\"1739\">\n<p class=\"\" data-start=\"1710\" data-end=\"1739\">2-osaline korsten (2 \u00d7 1 m)<\/p>\n<\/li>\n<li class=\"\" data-start=\"1740\" data-end=\"1771\">\n<p class=\"\" data-start=\"1742\" data-end=\"1771\">Korstna kuumakaitse ja m\u00fcts<\/p>\n<\/li>\n<li class=\"\" data-start=\"1772\" data-end=\"1816\">\n<p class=\"\" data-start=\"1774\" data-end=\"1816\">Roostevabast terasest veeavade liitmikud<\/p>\n<\/li>\n<li class=\"\" data-start=\"1817\" data-end=\"1834\">\n<p class=\"\" data-start=\"1819\" data-end=\"1834\">Kuusepuidust trepp<\/p>\n<\/li>\n<li class=\"\" data-start=\"1835\" data-end=\"1855\">\n<p class=\"\" data-start=\"1837\" data-end=\"1855\">Ujuv termomeeter<\/p>\n<\/li>\n<li class=\"\" data-start=\"1856\" data-end=\"1892\">\n<p class=\"\" data-start=\"1858\" data-end=\"1892\">Termokate (must, hall v\u00f5i pruun)<\/p>\n<\/li>\n<li class=\"\" data-start=\"1893\" data-end=\"2006\">\n<p class=\"\" data-start=\"1895\" data-end=\"2006\">Mereklassiga Gelcoat klaasfiibrist sisemus (RAL 9001 kreemjas valge, RAL 7015 tumehall, RAL 5012 taevasinine)<\/p>\n<\/li>\n<\/ul>\n<p><strong><img loading=\"lazy\" decoding=\"async\" class=\"alignnone size-medium wp-image-86082\" src=\"https:\/\/factory.sale\/wp-content\/uploads\/2024\/04\/Colors-300x240.jpg\" alt=\"\" width=\"300\" height=\"240\" srcset=\"https:\/\/factory.sale\/wp-content\/uploads\/2024\/04\/Colors-300x240.jpg 300w, https:\/\/factory.sale\/wp-content\/uploads\/2024\/04\/Colors-150x120.jpg 150w, https:\/\/factory.sale\/wp-content\/uploads\/2024\/04\/Colors-600x480.jpg 600w, https:\/\/factory.sale\/wp-content\/uploads\/2024\/04\/Colors.jpg 750w\" sizes=\"auto, (max-width: 300px) 100vw, 300px\" \/><\/strong><\/p>\n<ul>\n<li>Lisatasu eest on v\u00f5imalik valida akr\u00fc\u00fclist sisu. V\u00e4rvivalikud: Sinine RAL5012, Valge\/kreemjas RAL9001, Hall RAL7015, Must marmor, Sinine marmor, Kohvi marmor, roheline marmor, Valge marmor, Pruun marmor<\/li>\n<\/ul>\n<p><strong>\u00a0 \u00a0 \u00a0 \u00a0 <img loading=\"lazy\" decoding=\"async\" class=\"alignnone wp-image-100878\" src=\"https:\/\/factory.sale\/wp-content\/uploads\/2024\/04\/Marmortoonides-kumblustunni-sisud-factory.sale_-300x120.webp\" alt=\"\" width=\"595\" height=\"238\" srcset=\"https:\/\/factory.sale\/wp-content\/uploads\/2024\/04\/Marmortoonides-kumblustunni-sisud-factory.sale_-300x120.webp 300w, https:\/\/factory.sale\/wp-content\/uploads\/2024\/04\/Marmortoonides-kumblustunni-sisud-factory.sale_-150x60.webp 150w, https:\/\/factory.sale\/wp-content\/uploads\/2024\/04\/Marmortoonides-kumblustunni-sisud-factory.sale_-600x240.webp 600w, https:\/\/factory.sale\/wp-content\/uploads\/2024\/04\/Marmortoonides-kumblustunni-sisud-factory.sale_.webp 750w\" sizes=\"auto, (max-width: 595px) 100vw, 595px\" \/><\/strong><\/p>\n<h3 class=\"\" data-start=\"2232\" data-end=\"2258\"><strong data-start=\"2236\" data-end=\"2258\">Tehnilised andmed:<\/strong><\/h3>\n<ul data-start=\"2259\" data-end=\"2683\">\n<li class=\"\" data-start=\"2259\" data-end=\"2290\">\n<p class=\"\" data-start=\"2261\" data-end=\"2290\">Mahutavus: 6\u20138 t\u00e4iskasvanut<\/p>\n<\/li>\n<li class=\"\" data-start=\"2291\" data-end=\"2344\">\n<p class=\"\" data-start=\"2293\" data-end=\"2344\">Sisu materjal: mereklassiga klaasfiiber (Gelcoat)<\/p>\n<\/li>\n<li class=\"\" data-start=\"2345\" data-end=\"2370\">\n<p class=\"\" data-start=\"2347\" data-end=\"2370\">V\u00e4lisl\u00e4bim\u00f5\u00f5t: 220 cm<\/p>\n<\/li>\n<li class=\"\" data-start=\"2371\" data-end=\"2395\">\n<p class=\"\" data-start=\"2373\" data-end=\"2395\">Sisel\u00e4bim\u00f5\u00f5t: 200 cm<\/p>\n<\/li>\n<li class=\"\" data-start=\"2396\" data-end=\"2414\">\n<p class=\"\" data-start=\"2398\" data-end=\"2414\">K\u00f5rgus: 105 cm<\/p>\n<\/li>\n<li class=\"\" data-start=\"2415\" data-end=\"2443\">\n<p class=\"\" data-start=\"2417\" data-end=\"2443\">Veemaht: u. 1400 liitrit<\/p>\n<\/li>\n<li class=\"\" data-start=\"2444\" data-end=\"2485\">\n<p class=\"\" data-start=\"2446\" data-end=\"2485\">K\u00fctteaeg: u. 1,5\u20132,5 tundi (38\u201340 \u00b0C)<\/p>\n<\/li>\n<li class=\"\" data-start=\"2486\" data-end=\"2567\">\n<p class=\"\" data-start=\"2488\" data-end=\"2567\">Ahju materjal: roostevaba teras AISI 304 (v\u00f5imalik uuendada AISI 316 vastu)<\/p>\n<\/li>\n<li class=\"\" data-start=\"2568\" data-end=\"2598\">\n<p class=\"\" data-start=\"2570\" data-end=\"2598\">Soojustus: lisavarustusena<\/p>\n<\/li>\n<li class=\"\" data-start=\"2599\" data-end=\"2619\">\n<p class=\"\" data-start=\"2601\" data-end=\"2619\">Termokate hinnas<\/p>\n<\/li>\n<li class=\"\" data-start=\"2620\" data-end=\"2683\">\n<p class=\"\" data-start=\"2622\" data-end=\"2683\">Elektri\u00fchenduse v\u00f5imalused: massaa\u017e, valgustus ja elektrik\u00fcte<\/p>\n<\/li>\n<\/ul>\n<p><img loading=\"lazy\" decoding=\"async\" class=\"alignnone wp-image-102101\" src=\"https:\/\/factory.sale\/wp-content\/uploads\/2024\/04\/jets-factory-sale-1-300x60.webp\" alt=\"\" width=\"725\" height=\"145\" srcset=\"https:\/\/factory.sale\/wp-content\/uploads\/2024\/04\/jets-factory-sale-1-300x60.webp 300w, https:\/\/factory.sale\/wp-content\/uploads\/2024\/04\/jets-factory-sale-1-150x30.webp 150w, https:\/\/factory.sale\/wp-content\/uploads\/2024\/04\/jets-factory-sale-1-600x120.webp 600w, https:\/\/factory.sale\/wp-content\/uploads\/2024\/04\/jets-factory-sale-1.webp 750w\" sizes=\"auto, (max-width: 725px) 100vw, 725px\" \/><\/p>\n<h3 class=\"\" data-start=\"2690\" data-end=\"2732\"><strong data-start=\"2694\" data-end=\"2732\">Valikulised lisad (lisatasu eest):<\/strong><\/h3>\n<p class=\"\" data-start=\"2734\" data-end=\"2758\"><strong data-start=\"2734\" data-end=\"2756\">V\u00e4lisviimistlused:<\/strong><\/p>\n<ul>\n<li class=\"\" data-start=\"2759\" data-end=\"2823\">\n<p class=\"\" data-start=\"2761\" data-end=\"2823\">V\u00e4rvitud kuusevooder<\/p>\n<\/li>\n<li class=\"\" data-start=\"2824\" data-end=\"2856\">\n<p class=\"\" data-start=\"2826\" data-end=\"2856\">Termopuit (\u00f5litatud)<\/p>\n<\/li>\n<li class=\"\" data-start=\"2857\" data-end=\"2889\">\n<p class=\"\" data-start=\"2859\" data-end=\"2889\">Termopuit (v\u00e4rvitud)<\/p>\n<\/li>\n<\/ul>\n<p>*viimistletavad Remmers lasuuriga \u2013 lai valik toone. V\u00e4rvikaardid: <a href=\"https:\/\/factory.sale\/wp-content\/uploads\/2024\/06\/Remmers-lasuur.pdf\" target=\"_blank\" rel=\"noopener\">V\u00e4rvikaart 1<\/a>\u00a0<a href=\"https:\/\/factory.sale\/wp-content\/uploads\/2024\/06\/ZI10906_2250_DE_1_81907.pdf\" target=\"_blank\" rel=\"noopener\">V\u00e4rvikaart 2<\/a><\/p>\n<ul>\n<li class=\"\" data-start=\"2890\" data-end=\"2935\">\n<p class=\"\" data-start=\"2892\" data-end=\"2935\">WPC (antratsiit, tumepruun, hall)<\/p>\n<\/li>\n<\/ul>\n<p><img loading=\"lazy\" decoding=\"async\" class=\"alignnone wp-image-102001\" src=\"https:\/\/factory.sale\/wp-content\/uploads\/2024\/04\/WPC-factory-sale-300x100.webp\" alt=\"\" width=\"438\" height=\"146\" srcset=\"https:\/\/factory.sale\/wp-content\/uploads\/2024\/04\/WPC-factory-sale-300x100.webp 300w, https:\/\/factory.sale\/wp-content\/uploads\/2024\/04\/WPC-factory-sale-150x50.webp 150w, https:\/\/factory.sale\/wp-content\/uploads\/2024\/04\/WPC-factory-sale-600x200.webp 600w, https:\/\/factory.sale\/wp-content\/uploads\/2024\/04\/WPC-factory-sale.webp 750w\" sizes=\"auto, (max-width: 438px) 100vw, 438px\" \/><\/p>\n<p>Trepid:<\/p>\n<ul>\n<li class=\"\" data-start=\"2950\" data-end=\"2974\">\n<p class=\"\" data-start=\"2952\" data-end=\"2974\">Standardtrepp<\/p>\n<\/li>\n<li class=\"\" data-start=\"2975\" data-end=\"2996\">\n<p class=\"\" data-start=\"2977\" data-end=\"2996\">\u00dcmar trepp<\/p>\n<\/li>\n<li class=\"\" data-start=\"2997\" data-end=\"3024\">\n<p class=\"\" data-start=\"2999\" data-end=\"3024\">Platvormtrepp M<\/p>\n<\/li>\n<\/ul>\n<p><img loading=\"lazy\" decoding=\"async\" class=\"alignnone wp-image-102148\" src=\"https:\/\/factory.sale\/wp-content\/uploads\/2025\/03\/stairs-2-300x100.webp\" alt=\"\" width=\"807\" height=\"269\" srcset=\"https:\/\/factory.sale\/wp-content\/uploads\/2025\/03\/stairs-2-300x100.webp 300w, https:\/\/factory.sale\/wp-content\/uploads\/2025\/03\/stairs-2-150x50.webp 150w, https:\/\/factory.sale\/wp-content\/uploads\/2025\/03\/stairs-2-600x200.webp 600w, https:\/\/factory.sale\/wp-content\/uploads\/2025\/03\/stairs-2.webp 750w\" sizes=\"auto, (max-width: 807px) 100vw, 807px\" \/><\/p>\n<ul>\n<li>Terasest pingutusrihmad (2 tk)<\/li>\n<\/ul>\n<p class=\"\" data-start=\"3068\" data-end=\"3118\">Riiulid (ainult termopuit v\u00f5i kuuse vooder):<\/p>\n<ul data-start=\"3119\" data-end=\"3171\">\n<li class=\"\" data-start=\"3119\" data-end=\"3143\">\n<p class=\"\" data-start=\"3121\" data-end=\"3143\">Puidust riiul<\/p>\n<\/li>\n<li class=\"\" data-start=\"3144\" data-end=\"3171\">\n<p class=\"\" data-start=\"3146\" data-end=\"3171\">Plastikust riiul<\/p>\n<\/li>\n<\/ul>\n<p><img loading=\"lazy\" decoding=\"async\" class=\"alignnone wp-image-102142\" src=\"https:\/\/factory.sale\/wp-content\/uploads\/2025\/03\/shelf-2-300x100.webp\" alt=\"\" width=\"648\" height=\"216\" srcset=\"https:\/\/factory.sale\/wp-content\/uploads\/2025\/03\/shelf-2-300x100.webp 300w, https:\/\/factory.sale\/wp-content\/uploads\/2025\/03\/shelf-2-150x50.webp 150w, https:\/\/factory.sale\/wp-content\/uploads\/2025\/03\/shelf-2-600x200.webp 600w, https:\/\/factory.sale\/wp-content\/uploads\/2025\/03\/shelf-2.webp 750w\" sizes=\"auto, (max-width: 648px) 100vw, 648px\" \/><\/p>\n<p class=\"\" data-start=\"3173\" data-end=\"3208\">Veepuhastus ja filtreerimine:<\/p>\n<ul data-start=\"3209\" data-end=\"3468\">\n<li class=\"\" data-start=\"3209\" data-end=\"3255\">\n<p class=\"\" data-start=\"3211\" data-end=\"3255\">Roostevabast terasest filtriliitmik<\/p>\n<\/li>\n<li class=\"\" data-start=\"3256\" data-end=\"3279\">\n<p class=\"\" data-start=\"3258\" data-end=\"3279\">Liivafilter<\/p>\n<\/li>\n<li class=\"\" data-start=\"3280\" data-end=\"3321\">\n<p class=\"\" data-start=\"3282\" data-end=\"3321\">T\u00e4itematerjal (puuvillapallid)<\/p>\n<\/li>\n<li class=\"\" data-start=\"3322\" data-end=\"3357\">\n<p class=\"\" data-start=\"3324\" data-end=\"3357\">Liivafiltri kast (kuusk)<\/p>\n<\/li>\n<li class=\"\" data-start=\"3358\" data-end=\"3397\">\n<p class=\"\" data-start=\"3360\" data-end=\"3397\">Liivafiltri kast (termopuit)<\/p>\n<\/li>\n<li class=\"\" data-start=\"3398\" data-end=\"3432\">\n<p class=\"\" data-start=\"3400\" data-end=\"3432\">Liivafiltri kast (WPC)<\/p>\n<\/li>\n<li class=\"\" data-start=\"3433\" data-end=\"3468\">\n<p class=\"\" data-start=\"3435\" data-end=\"3468\">UV-C lamp (Blue Lagoon)<\/p>\n<\/li>\n<\/ul>\n<p class=\"\" data-start=\"3470\" data-end=\"3493\">Elektrik\u00fcte:<\/p>\n<ul data-start=\"3494\" data-end=\"3580\">\n<li class=\"\" data-start=\"3494\" data-end=\"3522\">\n<p class=\"\" data-start=\"3496\" data-end=\"3522\">Elektrik\u00fcte tsirkulatsioonipumbaga 3 kW<\/p>\n<\/li>\n<li class=\"\" data-start=\"3523\" data-end=\"3551\">\n<p class=\"\" data-start=\"3525\" data-end=\"3551\">Elektrik\u00fcte tsirkulatsioonipumbaga 6 kW<\/p>\n<\/li>\n<li class=\"\" data-start=\"3552\" data-end=\"3580\">\n<p class=\"\" data-start=\"3554\" data-end=\"3580\">Elektrik\u00fcte tsirkulatsioonipumbaga 9 kW<\/p>\n<\/li>\n<\/ul>\n<p class=\"\" data-start=\"3582\" data-end=\"3612\">Soojustus ja t\u00e4iustused:<\/p>\n<ul data-start=\"3613\" data-end=\"3704\">\n<li class=\"\" data-start=\"3613\" data-end=\"3657\">\n<p class=\"\" data-start=\"3615\" data-end=\"3657\">Lisaisolatsioon (pol\u00fcuretaanvaht)<\/p>\n<\/li>\n<li class=\"\" data-start=\"3658\" data-end=\"3704\">\n<p class=\"\" data-start=\"3660\" data-end=\"3704\">Ahju uuendus AISI 316 materjalile<\/p>\n<\/li>\n<\/ul>\n<p class=\"\" data-start=\"3706\" data-end=\"3730\">Massaa\u017eis\u00fcsteemid:<\/p>\n<ul data-start=\"3731\" data-end=\"3947\">\n<li class=\"\" data-start=\"3731\" data-end=\"3765\">\n<p class=\"\" data-start=\"3733\" data-end=\"3765\">H\u00fcdromassaa\u017e \u2013 8 d\u00fc\u00fcsi<\/p>\n<\/li>\n<li class=\"\" data-start=\"3766\" data-end=\"3801\">\n<p class=\"\" data-start=\"3768\" data-end=\"3801\">Mullis\u00fcsteem \u2013 12 d\u00fc\u00fcsi<\/p>\n<\/li>\n<li class=\"\" data-start=\"3802\" data-end=\"3858\">\n<p class=\"\" data-start=\"3804\" data-end=\"3858\">Kombineeritud s\u00fcsteem (8 h\u00fcdro + 4 \u00f5hud\u00fc\u00fcsi)<\/p>\n<\/li>\n<li class=\"\" data-start=\"3859\" data-end=\"3911\">\n<p class=\"\" data-start=\"3861\" data-end=\"3911\">Kombineeritud s\u00fcsteem (22 h\u00fcdro + 4 \u00f5hu)<\/p>\n<\/li>\n<li class=\"\" data-start=\"3912\" data-end=\"3947\">\n<p class=\"\" data-start=\"3914\" data-end=\"3947\">Mullis\u00fcsteem \u2013 18 d\u00fc\u00fcsi<\/p>\n<\/li>\n<\/ul>\n<p class=\"\" data-start=\"3949\" data-end=\"3965\">Valgustus:<\/p>\n<ul data-start=\"3966\" data-end=\"4191\">\n<li class=\"\" data-start=\"3966\" data-end=\"3989\">\n<p class=\"\" data-start=\"3968\" data-end=\"3989\">1 \u00d7 suur LED<\/p>\n<\/li>\n<li class=\"\" data-start=\"3990\" data-end=\"4017\">\n<p class=\"\" data-start=\"3992\" data-end=\"4017\">2 \u00d7 suurt LED-i<\/p>\n<\/li>\n<li class=\"\" data-start=\"4018\" data-end=\"4043\">\n<p class=\"\" data-start=\"4020\" data-end=\"4043\">10 \u00d7 mini LED<\/p>\n<\/li>\n<li class=\"\" data-start=\"4044\" data-end=\"4076\">\n<p class=\"\" data-start=\"4046\" data-end=\"4076\">1 suur + 10 mini LED<\/p>\n<\/li>\n<li class=\"\" data-start=\"4077\" data-end=\"4109\">\n<p class=\"\" data-start=\"4079\" data-end=\"4109\">2 suurt + 6 mini LED<\/p>\n<\/li>\n<li class=\"\" data-start=\"4110\" data-end=\"4143\">\n<p class=\"\" data-start=\"4112\" data-end=\"4143\">2 suurt + 10 mini LED<\/p>\n<\/li>\n<li class=\"\" data-start=\"4144\" data-end=\"4191\">\n<p class=\"\" data-start=\"4146\" data-end=\"4191\">LED valgusriba (\u00fcmber k\u00fcmblust\u00fcnni)<\/p>\n<\/li>\n<\/ul>\n<p><img loading=\"lazy\" decoding=\"async\" class=\"alignnone wp-image-102151\" src=\"https:\/\/factory.sale\/wp-content\/uploads\/2025\/03\/led-1-1-300x100.webp\" alt=\"\" width=\"696\" height=\"232\" srcset=\"https:\/\/factory.sale\/wp-content\/uploads\/2025\/03\/led-1-1-300x100.webp 300w, https:\/\/factory.sale\/wp-content\/uploads\/2025\/03\/led-1-1-150x50.webp 150w, https:\/\/factory.sale\/wp-content\/uploads\/2025\/03\/led-1-1-600x200.webp 600w, https:\/\/factory.sale\/wp-content\/uploads\/2025\/03\/led-1-1.webp 750w\" sizes=\"auto, (max-width: 696px) 100vw, 696px\" \/><\/p>\n<p><a href=\"https:\/\/factory.sale\/wp-content\/uploads\/2024\/04\/BlackPearl-manual-short-2025.pdf\" target=\"_blank\" rel=\"noopener\">Kasutusjuhendi leiad siit<\/a><\/p>\n<p>Tootekood: kubblackp1<\/p>\n<div class=\"video-wrapper \"><iframe loading=\"lazy\" title=\"BlackPearl hot tub\" width=\"500\" height=\"281\" src=\"https:\/\/www.youtube.com\/embed\/yC12XRrt2_c?feature=oembed\" frameborder=\"0\" allow=\"accelerometer; autoplay; clipboard-write; encrypted-media; gyroscope; picture-in-picture; web-share\" referrerpolicy=\"strict-origin-when-cross-origin\" allowfullscreen><\/iframe><\/div>\n","protected":false},"excerpt":{"rendered":"<p><strong data-start=\"319\" data-end=\"364\">Ajatu elegants, mis on loodud just sulle.<\/strong><br data-start=\"364\" data-end=\"367\" \/>Must P\u00e4rl 1 on klassikaline puuk\u00fcttega k\u00fcmblust\u00fcnn, millel on mereklassiga klaasfiibrist sisu ja integreeritud roostevabast terasest ahi. Ideaalne neile, kes hindavad mugavust, vastupidavust ja v\u00f5imalust oma t\u00fcnni t\u00e4ielikult isikup\u00e4rastada \u2013 ja mis peamine: termokate kuulub hinna sisse!<\/p>\n","protected":false},"featured_media":102134,"comment_status":"open","ping_status":"closed","template":"","meta":{"_acf_changed":false},"factory":[],"free-shipment":[],"product_brand":[],"product_cat":[2587,2209],"product_tag":[4435],"class_list":{"0":"post-102306","1":"product","2":"type-product","3":"status-publish","4":"has-post-thumbnail","6":"product_cat-klaasplastist-kumblustunnid","7":"product_cat-kumblustunnid","8":"product_tag-luxury-hot-tub-et","10":"first","11":"instock","12":"sale","13":"taxable","14":"shipping-taxable","15":"purchasable","16":"product-type-simple"},"acf":[],"_links":{"self":[{"href":"https:\/\/factory.sale\/et\/wp-json\/wp\/v2\/product\/102306","targetHints":{"allow":["GET"]}}],"collection":[{"href":"https:\/\/factory.sale\/et\/wp-json\/wp\/v2\/product"}],"about":[{"href":"https:\/\/factory.sale\/et\/wp-json\/wp\/v2\/types\/product"}],"replies":[{"embeddable":true,"href":"https:\/\/factory.sale\/et\/wp-json\/wp\/v2\/comments?post=102306"}],"wp:featuredmedia":[{"embeddable":true,"href":"https:\/\/factory.sale\/et\/wp-json\/wp\/v2\/media\/102134"}],"wp:attachment":[{"href":"https:\/\/factory.sale\/et\/wp-json\/wp\/v2\/media?parent=102306"}],"wp:term":[{"taxonomy":"factory","embeddable":true,"href":"https:\/\/factory.sale\/et\/wp-json\/wp\/v2\/factory?post=102306"},{"taxonomy":"free-shipment","embeddable":true,"href":"https:\/\/factory.sale\/et\/wp-json\/wp\/v2\/free-shipment?post=102306"},{"taxonomy":"product_brand","embeddable":true,"href":"https:\/\/factory.sale\/et\/wp-json\/wp\/v2\/product_brand?post=102306"},{"taxonomy":"product_cat","embeddable":true,"href":"https:\/\/factory.sale\/et\/wp-json\/wp\/v2\/product_cat?post=102306"},{"taxonomy":"product_tag","embeddable":true,"href":"https:\/\/factory.sale\/et\/wp-json\/wp\/v2\/product_tag?post=102306"}],"curies":[{"name":"wp","href":"https:\/\/api.w.org\/{rel}","templated":true}]}}