{"id":102010,"date":"2025-03-24T23:17:24","date_gmt":"2025-03-24T20:20:54","guid":{"rendered":"https:\/\/factory.sale\/?post_type=product&#038;p=102010"},"modified":"2025-03-25T11:50:39","modified_gmt":"2025-03-25T08:50:39","slug":"vinuulporand-winclic-3116-tamm-latte-1220x179x40-mm","status":"publish","type":"product","link":"https:\/\/factory.sale\/et\/toode\/vinuulporand-winclic-3116-tamm-latte-1220x179x40-mm\/","title":{"rendered":"Vin\u00fc\u00fclp\u00f5rand Winclic 3116 Tamm Latte 1220x179x4,0 mm"},"content":{"rendered":"<p>Winclic 3116 Tamm Latte on kvaliteetne ja mugav vin\u00fc\u00fcllaud. Winclic vin\u00fc\u00fclp\u00f5randa harjatud pinnal on elegantne tammemuster. Laud on kriimustuskindel t\u00e4nu tugevale pol\u00fcuretaankattele, mis talub h\u00e4sti kulumist ja on lihtsasti puhastatav. Klikklukus\u00fcsteem muudab paigalduse kiireks ja lihtsaks.<\/p>\n<p>&nbsp;<\/p>\n<p>&nbsp;<\/p>\n<p><strong>Toote spetsifikatsioonid:<\/strong><\/p>\n<ul>\n<li>Tootekood: WINCLIC3116-JH12573<\/li>\n<li>GTIN-kood: 4745090460391<\/li>\n<li>Laius (mm): 179<\/li>\n<li>Pikkus (mm): 1 220<\/li>\n<li>Paksus (mm): 4<\/li>\n<li>Pakendi katvus (m\u00b2): 2,62<\/li>\n<li>V\u00e4rv: Hele<\/li>\n<li>Materjal: Vin\u00fc\u00fcl<\/li>\n<li>Puumuster: Tamm<\/li>\n<li>P\u00f5randat\u00fc\u00fcp: \u00dche lauaga<\/li>\n<li>Kasutusklass: 23, 31<\/li>\n<li>Libisemiskindlus: R10<\/li>\n<li>Kulumiskihi paksus: 0,3 mm<\/li>\n<li>Maksimaalne p\u00f5randak\u00fctte temperatuur: +27 \u00b0C<\/li>\n<li>Pind: Pol\u00fcuretaan (PUR)<\/li>\n<\/ul>\n<p>&nbsp;<\/p>\n<p><strong>Paigaldamine:<\/strong><\/p>\n<p>Paigaldusmeetod: Klikklukk<\/p>\n<p>&nbsp;<\/p>\n<p><strong>Pakend:<\/strong><\/p>\n<p>Transpordikaal (kg): 21,71<\/p>\n<p>&nbsp;<\/p>\n","protected":false},"excerpt":{"rendered":"<p>Winclic 3116 Tamm Latte vin\u00fc\u00fclp\u00f5rand toob ruumi heleda tammemustri koos harjatud pinnaviimistluse, kriimustuskindla pol\u00fcuretaankatte ja lihtsa klikklukuga paigaldusega. Vastupidav ja elegantne valik kaasaegsesse interj\u00f6\u00f6ri ja kergeks \u00e4riliseks kasutuseks.<\/p>\n<p><em>Pakendi suurus 2,62m2<\/em><br \/>\n<em>See on ruutmeetri hind!<\/em><\/p>\n","protected":false},"featured_media":102008,"comment_status":"open","ping_status":"closed","template":"","meta":{"_acf_changed":false},"factory":[],"free-shipment":[],"product_brand":[],"product_cat":[176,1595],"product_tag":[],"class_list":{"0":"post-102010","1":"product","2":"type-product","3":"status-publish","4":"has-post-thumbnail","6":"product_cat-porand","7":"product_cat-vinuulporandad","9":"first","10":"instock","11":"sale","12":"taxable","13":"shipping-taxable","14":"purchasable","15":"product-type-simple"},"acf":[],"_links":{"self":[{"href":"https:\/\/factory.sale\/et\/wp-json\/wp\/v2\/product\/102010","targetHints":{"allow":["GET"]}}],"collection":[{"href":"https:\/\/factory.sale\/et\/wp-json\/wp\/v2\/product"}],"about":[{"href":"https:\/\/factory.sale\/et\/wp-json\/wp\/v2\/types\/product"}],"replies":[{"embeddable":true,"href":"https:\/\/factory.sale\/et\/wp-json\/wp\/v2\/comments?post=102010"}],"wp:featuredmedia":[{"embeddable":true,"href":"https:\/\/factory.sale\/et\/wp-json\/wp\/v2\/media\/102008"}],"wp:attachment":[{"href":"https:\/\/factory.sale\/et\/wp-json\/wp\/v2\/media?parent=102010"}],"wp:term":[{"taxonomy":"factory","embeddable":true,"href":"https:\/\/factory.sale\/et\/wp-json\/wp\/v2\/factory?post=102010"},{"taxonomy":"free-shipment","embeddable":true,"href":"https:\/\/factory.sale\/et\/wp-json\/wp\/v2\/free-shipment?post=102010"},{"taxonomy":"product_brand","embeddable":true,"href":"https:\/\/factory.sale\/et\/wp-json\/wp\/v2\/product_brand?post=102010"},{"taxonomy":"product_cat","embeddable":true,"href":"https:\/\/factory.sale\/et\/wp-json\/wp\/v2\/product_cat?post=102010"},{"taxonomy":"product_tag","embeddable":true,"href":"https:\/\/factory.sale\/et\/wp-json\/wp\/v2\/product_tag?post=102010"}],"curies":[{"name":"wp","href":"https:\/\/api.w.org\/{rel}","templated":true}]}}