{"id":101989,"date":"2025-03-24T18:23:59","date_gmt":"2025-03-24T15:30:36","guid":{"rendered":"https:\/\/factory.sale\/?post_type=product&#038;p=101989"},"modified":"2025-03-25T08:20:28","modified_gmt":"2025-03-25T05:20:28","slug":"vinuulporand-winclic-3115-tamm-natural-1220x179x40-mm","status":"publish","type":"product","link":"https:\/\/factory.sale\/et\/toode\/vinuulporand-winclic-3115-tamm-natural-1220x179x40-mm\/","title":{"rendered":"Vin\u00fc\u00fclp\u00f5rand Winclic 3115 tamm natural, 1220x179x4,0 mm"},"content":{"rendered":"<p>Winclic vin\u00fc\u00fcllauad \u00fchendavad loodusl\u00e4hedase puidumustri vin\u00fc\u00fcli vastupidavuse ja lihtsa hooldatavusega. K\u00f5rgekvaliteedilisel ja mugaval Tamm Natural vin\u00fc\u00fclp\u00f5randal on harjatud pind elegantse tammemustriga. Lauad on v\u00e4ga kulumiskindlad ega kriimustu kergesti. T\u00e4nu klikklukus\u00fcsteemile on paigaldus kiire ja lihtne.<\/p>\n<p>&nbsp;<\/p>\n<p><strong>Toote spetsifikatsioonid:<\/strong><\/p>\n<ul>\n<li>Tootekood: HANDWINCLIC3115-BNAS1002<\/li>\n<li>GTIN-kood: 9780201379624<\/li>\n<li>Laius (mm): 179<\/li>\n<li>Pikkus (mm): 1 220<\/li>\n<li>Paksus (mm): 4<\/li>\n<li>Pakendi katvus (m\u00b2): 2,62<\/li>\n<li>V\u00e4rv: Hele<\/li>\n<li>Materjal: Vin\u00fc\u00fcl<\/li>\n<li>Puumuster: Tamm<\/li>\n<li>Pinnaviimistlus: PUR<\/li>\n<li>Sobib p\u00f5randak\u00fcttega: Jah<\/li>\n<li>P\u00f5randat\u00fc\u00fcp: \u00dche lauaga<\/li>\n<li>Kasutusklass: 23, 31<\/li>\n<li>Tuleklass: Bfl-s1<\/li>\n<li>Libisemiskindlus: R10<\/li>\n<li>Maksimaalne p\u00f5randak\u00fctte temperatuur: +27 \u00b0C<\/li>\n<\/ul>\n<p>&nbsp;<\/p>\n<p><strong>Paigaldamine:<\/strong><\/p>\n<p>Paigaldusmeetod: Klikklukk<\/p>\n<p>&nbsp;<\/p>\n<p><strong>Pakendi informatsioon:<\/strong><\/p>\n<p>Transpordikaal (kg): 21,71<\/p>\n","protected":false},"excerpt":{"rendered":"<p>Winclic 3115 tamm natural vin\u00fc\u00fclp\u00f5rand \u00fchendab elegantse tammemustri vin\u00fc\u00fcli vastupidavuse ja lihtsa paigaldusega. Harjatud pind, klikklukus\u00fcsteem ja p\u00f5randak\u00fctte sobivus muudavad selle ideaalseks kaasaegsetesse kodudesse ja kergeks \u00e4riliseks kasutuseks.<\/p>\n<p><em>Pakendi suurus 2,62m2<\/em><br \/>\n<em>See on ruutmeetri hind!<\/em><\/p>\n","protected":false},"featured_media":101987,"comment_status":"open","ping_status":"closed","template":"","meta":{"_acf_changed":false},"factory":[],"free-shipment":[],"product_brand":[],"product_cat":[1595,176],"product_tag":[],"class_list":{"0":"post-101989","1":"product","2":"type-product","3":"status-publish","4":"has-post-thumbnail","6":"product_cat-vinuulporandad","7":"product_cat-porand","9":"first","10":"instock","11":"sale","12":"taxable","13":"shipping-taxable","14":"purchasable","15":"product-type-simple"},"acf":[],"_links":{"self":[{"href":"https:\/\/factory.sale\/et\/wp-json\/wp\/v2\/product\/101989","targetHints":{"allow":["GET"]}}],"collection":[{"href":"https:\/\/factory.sale\/et\/wp-json\/wp\/v2\/product"}],"about":[{"href":"https:\/\/factory.sale\/et\/wp-json\/wp\/v2\/types\/product"}],"replies":[{"embeddable":true,"href":"https:\/\/factory.sale\/et\/wp-json\/wp\/v2\/comments?post=101989"}],"wp:featuredmedia":[{"embeddable":true,"href":"https:\/\/factory.sale\/et\/wp-json\/wp\/v2\/media\/101987"}],"wp:attachment":[{"href":"https:\/\/factory.sale\/et\/wp-json\/wp\/v2\/media?parent=101989"}],"wp:term":[{"taxonomy":"factory","embeddable":true,"href":"https:\/\/factory.sale\/et\/wp-json\/wp\/v2\/factory?post=101989"},{"taxonomy":"free-shipment","embeddable":true,"href":"https:\/\/factory.sale\/et\/wp-json\/wp\/v2\/free-shipment?post=101989"},{"taxonomy":"product_brand","embeddable":true,"href":"https:\/\/factory.sale\/et\/wp-json\/wp\/v2\/product_brand?post=101989"},{"taxonomy":"product_cat","embeddable":true,"href":"https:\/\/factory.sale\/et\/wp-json\/wp\/v2\/product_cat?post=101989"},{"taxonomy":"product_tag","embeddable":true,"href":"https:\/\/factory.sale\/et\/wp-json\/wp\/v2\/product_tag?post=101989"}],"curies":[{"name":"wp","href":"https:\/\/api.w.org\/{rel}","templated":true}]}}