{"id":101977,"date":"2025-03-24T17:49:10","date_gmt":"2025-03-24T15:00:22","guid":{"rendered":"https:\/\/factory.sale\/?post_type=product&#038;p=101977"},"modified":"2025-03-25T00:02:54","modified_gmt":"2025-03-24T21:02:54","slug":"vinuulporand-winclic-3117-tamm-nordic-1220x179x40-mm","status":"publish","type":"product","link":"https:\/\/factory.sale\/et\/toode\/vinuulporand-winclic-3117-tamm-nordic-1220x179x40-mm\/","title":{"rendered":"Vin\u00fc\u00fclp\u00f5rand Winclic 3117 Tamm Nordic 1220x179x4,0 mm"},"content":{"rendered":"<p>Winclic 3117 Tamm Nordic on kvaliteetne ja mugav vin\u00fc\u00fcllaud. Harjatud pinnaga Winclic vin\u00fc\u00fcllaual on elegantne tammemuster. Laud on kriimustuskindel t\u00e4nu vastupidavale ja kergesti puhastatavale pol\u00fcuretaankattele. P\u00f5randa paigaldamine on lihtne t\u00e4nu klikklukus\u00fcsteemile.<\/p>\n<p>&nbsp;<\/p>\n<p>&nbsp;<\/p>\n<p><strong>Tehnilised spetsifikatsioonid:<\/strong><\/p>\n<p>Tootekood: WINCLIC3117-JH614<br \/>\nGTIN-kood: 4745090460407<br \/>\nLaius (mm): 179<br \/>\nPikkus (mm): 1 220<br \/>\nPaksus (mm): 4<br \/>\nPakendis (tk): 12<br \/>\nPakendi katvus (m\u00b2): 2,62<br \/>\nV\u00e4rv: Hele<br \/>\nMaterjal: Vin\u00fc\u00fcl<br \/>\nPuumuster: Tamm<br \/>\nP\u00f5randat\u00fc\u00fcp: \u00dche lauaga<br \/>\nKasutusklass: 23, 31<br \/>\nLibisemiskindlus: R10<br \/>\nKulumiskihi paksus: 0,3 mm<br \/>\nP\u00f5randak\u00fctte max temperatuur: +27 \u00b0C<br \/>\nPind: Pol\u00fcuretaan (PUR)<\/p>\n<p>&nbsp;<\/p>\n<p><strong>Paigaldamine:<\/strong><\/p>\n<p>Paigaldusmeetod: Klikklukk<\/p>\n<p>&nbsp;<\/p>\n<p><strong>Pakendi informatsioon:<\/strong><\/p>\n<p>Transpordikaal (kg): 21,71<\/p>\n<p>&nbsp;<\/p>\n<p>&nbsp;<\/p>\n<p>&nbsp;<\/p>\n<p>&nbsp;<\/p>\n","protected":false},"excerpt":{"rendered":"<p>Vastupidav ja stiilne Winclic 3117 Tamm Nordic vin\u00fc\u00fclp\u00f5rand pakub heledat tammemustrit harjatud viimistlusega, lihtsat klikklukuga paigaldust ja kriimustuskindlat pol\u00fcuretaanpinda \u2013 ideaalne kaasaegsetesse kodudesse ja kergeks \u00e4riliseks kasutuseks.<\/p>\n<p><em>Pakendi suurus 2,62m2<\/em><br \/>\n<em>Antud on ruutmeetri hind!<\/em><\/p>\n","protected":false},"featured_media":101975,"comment_status":"open","ping_status":"closed","template":"","meta":{"_acf_changed":false},"factory":[],"free-shipment":[],"product_brand":[],"product_cat":[1595,176],"product_tag":[132],"class_list":{"0":"post-101977","1":"product","2":"type-product","3":"status-publish","4":"has-post-thumbnail","6":"product_cat-vinuulporandad","7":"product_cat-porand","8":"product_tag-floor-et-2","10":"first","11":"instock","12":"sale","13":"taxable","14":"shipping-taxable","15":"purchasable","16":"product-type-simple"},"acf":[],"_links":{"self":[{"href":"https:\/\/factory.sale\/et\/wp-json\/wp\/v2\/product\/101977","targetHints":{"allow":["GET"]}}],"collection":[{"href":"https:\/\/factory.sale\/et\/wp-json\/wp\/v2\/product"}],"about":[{"href":"https:\/\/factory.sale\/et\/wp-json\/wp\/v2\/types\/product"}],"replies":[{"embeddable":true,"href":"https:\/\/factory.sale\/et\/wp-json\/wp\/v2\/comments?post=101977"}],"wp:featuredmedia":[{"embeddable":true,"href":"https:\/\/factory.sale\/et\/wp-json\/wp\/v2\/media\/101975"}],"wp:attachment":[{"href":"https:\/\/factory.sale\/et\/wp-json\/wp\/v2\/media?parent=101977"}],"wp:term":[{"taxonomy":"factory","embeddable":true,"href":"https:\/\/factory.sale\/et\/wp-json\/wp\/v2\/factory?post=101977"},{"taxonomy":"free-shipment","embeddable":true,"href":"https:\/\/factory.sale\/et\/wp-json\/wp\/v2\/free-shipment?post=101977"},{"taxonomy":"product_brand","embeddable":true,"href":"https:\/\/factory.sale\/et\/wp-json\/wp\/v2\/product_brand?post=101977"},{"taxonomy":"product_cat","embeddable":true,"href":"https:\/\/factory.sale\/et\/wp-json\/wp\/v2\/product_cat?post=101977"},{"taxonomy":"product_tag","embeddable":true,"href":"https:\/\/factory.sale\/et\/wp-json\/wp\/v2\/product_tag?post=101977"}],"curies":[{"name":"wp","href":"https:\/\/api.w.org\/{rel}","templated":true}]}}