{"id":101929,"date":"2025-03-23T21:45:51","date_gmt":"2025-03-23T18:50:06","guid":{"rendered":"https:\/\/factory.sale\/?post_type=product&#038;p=101929"},"modified":"2025-03-24T11:31:14","modified_gmt":"2025-03-24T08:31:14","slug":"termopadjad-seinaklambritele","status":"publish","type":"product","link":"https:\/\/factory.sale\/et\/toode\/termopadjad-seinaklambritele\/","title":{"rendered":"Termopadjad seinaklambritele"},"content":{"rendered":"<p><strong>Tehniline teave:<\/strong><\/p>\n<div class=\"overflow-x-auto contain-inline-size\">\n<table style=\"height: 148px;\" width=\"726\" data-start=\"57\" data-end=\"511\">\n<thead data-start=\"57\" data-end=\"162\">\n<tr data-start=\"57\" data-end=\"162\">\n<th data-start=\"57\" data-end=\"75\"><strong data-start=\"59\" data-end=\"74\">Suurus (mm)<\/strong><\/th>\n<th data-start=\"75\" data-end=\"101\"><strong data-start=\"77\" data-end=\"98\">Suurus (tollides)<\/strong><\/th>\n<th data-start=\"101\" data-end=\"118\"><strong data-start=\"103\" data-end=\"116\">Tootekood<\/strong><\/th>\n<th data-start=\"118\" data-end=\"141\"><strong data-start=\"120\" data-end=\"133\">Kaal \/ tk<\/strong><\/th>\n<th data-start=\"141\" data-end=\"162\"><strong data-start=\"143\" data-end=\"160\">Pakendi kogus<\/strong><\/th>\n<\/tr>\n<\/thead>\n<tbody data-start=\"278\" data-end=\"511\">\n<tr data-start=\"278\" data-end=\"394\">\n<td>104 \u00d7 128<\/td>\n<td>4 1\/8\u2033 \u00d7 5 1\/16\u2033<\/td>\n<td>05.104.128<\/td>\n<td>30 g (0.066 lb)<\/td>\n<td>200 tk<\/td>\n<\/tr>\n<tr data-start=\"395\" data-end=\"511\">\n<td>70 \u00d7 59<\/td>\n<td>2 3\/4\u2033 \u00d7 2 5\/16\u2033<\/td>\n<td>05.59.70<\/td>\n<td>13 g (0.029 lb)<\/td>\n<td>500 tk<\/td>\n<\/tr>\n<\/tbody>\n<\/table>\n<\/div>\n<p>&nbsp;<\/p>\n<p>Materjal: Pol\u00fcprop\u00fcleen<\/p>\n<p>Tehases eelpaigaldatud seinaklambritele (t\u00fc\u00fcpiliselt).<\/p>\n<p>&nbsp;<\/p>\n<p><strong><em>V\u00f5tke meiega \u00fchendust, et saada rohkem teavet v\u00f5i personaalse pakkumise!<\/em><\/strong><\/p>\n<p>&nbsp;<\/p>\n<p>&nbsp;<\/p>\n<p>&nbsp;<\/p>\n<p>&nbsp;<\/p>\n<p>&nbsp;<\/p>\n","protected":false},"excerpt":{"rendered":"<p>Vastupidavad pol\u00fcprop\u00fcleenist termopadjad seinaklambritele, saadaval kahes suuruses (104\u00d7128 mm ja 70\u00d759 mm). Kerged, eelpaigaldatud ja ideaalsed t\u00f5husaks paigaldamiseks.<\/p>\n","protected":false},"featured_media":101927,"comment_status":"open","ping_status":"closed","template":"","meta":{"_acf_changed":false},"factory":[],"free-shipment":[],"product_brand":[],"product_cat":[4256,814],"product_tag":[],"class_list":{"0":"post-101929","1":"product","2":"type-product","3":"status-publish","4":"has-post-thumbnail","6":"product_cat-fassaadi-tugisusteemid","7":"product_cat-uldehitus","9":"first","10":"instock","11":"taxable","12":"shipping-taxable","13":"purchasable","14":"product-type-simple"},"acf":[],"_links":{"self":[{"href":"https:\/\/factory.sale\/et\/wp-json\/wp\/v2\/product\/101929","targetHints":{"allow":["GET"]}}],"collection":[{"href":"https:\/\/factory.sale\/et\/wp-json\/wp\/v2\/product"}],"about":[{"href":"https:\/\/factory.sale\/et\/wp-json\/wp\/v2\/types\/product"}],"replies":[{"embeddable":true,"href":"https:\/\/factory.sale\/et\/wp-json\/wp\/v2\/comments?post=101929"}],"wp:featuredmedia":[{"embeddable":true,"href":"https:\/\/factory.sale\/et\/wp-json\/wp\/v2\/media\/101927"}],"wp:attachment":[{"href":"https:\/\/factory.sale\/et\/wp-json\/wp\/v2\/media?parent=101929"}],"wp:term":[{"taxonomy":"factory","embeddable":true,"href":"https:\/\/factory.sale\/et\/wp-json\/wp\/v2\/factory?post=101929"},{"taxonomy":"free-shipment","embeddable":true,"href":"https:\/\/factory.sale\/et\/wp-json\/wp\/v2\/free-shipment?post=101929"},{"taxonomy":"product_brand","embeddable":true,"href":"https:\/\/factory.sale\/et\/wp-json\/wp\/v2\/product_brand?post=101929"},{"taxonomy":"product_cat","embeddable":true,"href":"https:\/\/factory.sale\/et\/wp-json\/wp\/v2\/product_cat?post=101929"},{"taxonomy":"product_tag","embeddable":true,"href":"https:\/\/factory.sale\/et\/wp-json\/wp\/v2\/product_tag?post=101929"}],"curies":[{"name":"wp","href":"https:\/\/api.w.org\/{rel}","templated":true}]}}