{"id":101914,"date":"2025-03-17T15:35:46","date_gmt":"2025-03-23T12:47:47","guid":{"rendered":"https:\/\/factory.sale\/?post_type=product&#038;p=101914"},"modified":"2025-03-24T11:31:19","modified_gmt":"2025-03-24T08:31:19","slug":"tl-kaheosaline-kinnitusklamber","status":"publish","type":"product","link":"https:\/\/factory.sale\/et\/toode\/tl-kaheosaline-kinnitusklamber\/","title":{"rendered":"T&#038;L kaheosaline kinnitusklamber"},"content":{"rendered":"<p><strong>Tehniline informatsioon:<\/strong><\/p>\n<table cellspacing=\"0\" cellpadding=\"0\">\n<tbody>\n<tr>\n<td valign=\"top\"><strong>Kinnitamine seinale<\/strong><\/td>\n<td valign=\"top\"><span style=\"color: #000000; font-family: Helvetica Neue; font-size: small;\"><b>Tootekood<\/b><\/span><\/td>\n<\/tr>\n<tr>\n<td valign=\"top\">Auk M10 [3\/8\u201d diameetriga] kinnitusvahendile; sobib betoon-\/m\u00fc\u00fcritise seintele<\/td>\n<td valign=\"top\"><span style=\"color: #000000; font-family: Helvetica Neue; font-size: small;\">02.FU.length.10<\/span><\/td>\n<\/tr>\n<tr>\n<td valign=\"top\">Auk M8 [5\/16\u201d diameetriga] kinnitusvahendile; sobib betoon-\/m\u00fc\u00fcritise seintele<\/td>\n<td valign=\"top\"><span style=\"color: #000000; font-family: Helvetica Neue; font-size: small;\">02.FU.length.8<\/span><\/td>\n<\/tr>\n<tr>\n<td valign=\"top\">Auk \u00f86.3 [1\/4\u201d diameetriga] kinnitusvahendile; sobib karkass-seintele<\/td>\n<td valign=\"top\"><span style=\"color: #000000; font-family: Helvetica Neue; font-size: small;\">02.FU.length.63<\/span><\/td>\n<\/tr>\n<\/tbody>\n<\/table>\n<p>&nbsp;<\/p>\n<p>&nbsp;<\/p>\n<p>&nbsp;<\/p>\n<p>Profiili ja klambri \u00fchendamiseks kasutage A2 (304) isepuurivaid kruvisid \u00f84.8&#215;19 mm [#10-16&#215;3\/4\u201d].<\/p>\n<p>&nbsp;<\/p>\n<p>&nbsp;<\/p>\n<p><strong><em>V\u00f5tke meiega \u00fchendust, et saada rohkem teavet v\u00f5i personaalne hinnapakkumine!<\/em><\/strong><\/p>\n<p>&nbsp;<\/p>\n<p>&nbsp;<\/p>\n","protected":false},"excerpt":{"rendered":"<p>Kaheosaline kinnitusklamber pakub tugevat ja usaldusv\u00e4\u00e4rset tuge erinevat t\u00fc\u00fcpi seintele, sealhulgas betoon-, m\u00fc\u00fcri- ja karkass-seintele. Saadaval aukudega M10, M8 v\u00f5i \u00f86.3 mm kinnitusvahenditele, tagades kindla kinnituse. Profiili ja klambri \u00fchendamiseks kasutage A2 (304) isepuurivaid kruvisid \u00f84.8&#215;19 mm. V\u00f5tke meiega \u00fchendust, et saada rohkem teavet v\u00f5i personaalse pakkumise!<\/p>\n","protected":false},"featured_media":101360,"comment_status":"open","ping_status":"closed","template":"","meta":{"_acf_changed":false},"factory":[],"free-shipment":[],"product_brand":[],"product_cat":[4256,814],"product_tag":[],"class_list":{"0":"post-101914","1":"product","2":"type-product","3":"status-publish","4":"has-post-thumbnail","6":"product_cat-fassaadi-tugisusteemid","7":"product_cat-uldehitus","9":"first","10":"instock","11":"taxable","12":"shipping-taxable","13":"purchasable","14":"product-type-simple"},"acf":[],"_links":{"self":[{"href":"https:\/\/factory.sale\/et\/wp-json\/wp\/v2\/product\/101914","targetHints":{"allow":["GET"]}}],"collection":[{"href":"https:\/\/factory.sale\/et\/wp-json\/wp\/v2\/product"}],"about":[{"href":"https:\/\/factory.sale\/et\/wp-json\/wp\/v2\/types\/product"}],"replies":[{"embeddable":true,"href":"https:\/\/factory.sale\/et\/wp-json\/wp\/v2\/comments?post=101914"}],"wp:featuredmedia":[{"embeddable":true,"href":"https:\/\/factory.sale\/et\/wp-json\/wp\/v2\/media\/101360"}],"wp:attachment":[{"href":"https:\/\/factory.sale\/et\/wp-json\/wp\/v2\/media?parent=101914"}],"wp:term":[{"taxonomy":"factory","embeddable":true,"href":"https:\/\/factory.sale\/et\/wp-json\/wp\/v2\/factory?post=101914"},{"taxonomy":"free-shipment","embeddable":true,"href":"https:\/\/factory.sale\/et\/wp-json\/wp\/v2\/free-shipment?post=101914"},{"taxonomy":"product_brand","embeddable":true,"href":"https:\/\/factory.sale\/et\/wp-json\/wp\/v2\/product_brand?post=101914"},{"taxonomy":"product_cat","embeddable":true,"href":"https:\/\/factory.sale\/et\/wp-json\/wp\/v2\/product_cat?post=101914"},{"taxonomy":"product_tag","embeddable":true,"href":"https:\/\/factory.sale\/et\/wp-json\/wp\/v2\/product_tag?post=101914"}],"curies":[{"name":"wp","href":"https:\/\/api.w.org\/{rel}","templated":true}]}}