{"id":101760,"date":"2025-03-20T19:12:52","date_gmt":"2025-03-20T16:12:53","guid":{"rendered":"https:\/\/factory.sale\/?post_type=product&#038;p=101760"},"modified":"2026-03-29T12:04:40","modified_gmt":"2026-03-29T09:04:40","slug":"celestial-saun-3x2-4m-termopuidust","status":"publish","type":"product","link":"https:\/\/factory.sale\/et\/toode\/celestial-saun-3x2-4m-termopuidust\/","title":{"rendered":"Celestial saun 3&#215;2.4m termopuidust"},"content":{"rendered":"<p>Koge rahu ja luksust Celestial t\u00fcnnisaunaga, mis muudab sinu aia t\u00f5eliseks l\u00f5\u00f5gastusparadiisiks. Sauna ruumikas 300 x 240 cm siseruum mahutab mugavalt kogu pere v\u00f5i s\u00f5pruskonna ning elegantne, kaarjas disain tagab optimaalse soojuse jaotumise, pakkudes sulle parimat saunakogemust.<\/p>\n<p><strong>Tehnilised andmed:<\/strong><\/p>\n<ul>\n<li>Kogupikkus: 2400 mm<\/li>\n<li>Laius: 3050 mm<\/li>\n<li>Koguk\u00f5rgus: 2450 mm<\/li>\n<li>K\u00fclgseinad: 42mm<\/li>\n<li>Tagasein: 28mm<\/li>\n<li>Esisein: karastatud klaas 8mm (pronksitoon)<\/li>\n<li>Materjal: termopuit, m\u00e4nd<\/li>\n<li>Pingi materjal: termopuit, haab<\/li>\n<li>Saunalava s\u00fcgavus: 700 mm<\/li>\n<li>Klaasuks: 1890 x 690 mm, karastatud klaas 8 mm (pronksi toon)<\/li>\n<li>Katusev\u00e4rvid: pruun, roheline, must, punane<\/li>\n<\/ul>\n<p>DISAIN<\/p>\n<p>Kuubikujuline disain sobib h\u00e4sti ka kaasaegsete aedadega. Uus disain pakub paremat saunaelamust, kuna selja taga on rohkem ruumi kui tavalises t\u00fcnnsaunas. K\u00f5rgemad kahetasandilised pingid v\u00f5imaldavad k\u00f5rgemat istumiskohta, mis tagab kasutajale parema soojuse jaotumise.<\/p>\n<p>KOMPAKTNE JA LIHTNE<\/p>\n<p>Celestial saun on loodud nii, et seda saab paigutada ka v\u00e4ikesesse aeda ega vaja kallist ettevalmistust\u00f6\u00f6d. Mudeli kokkupanek on lihtne ja j\u00f5ukohane igale perele. Kuigi tegemist on kompaktse mudeliga, mahutab see korraga 6 inimest, kes saavad sauna nautida.<\/p>\n<p>PAINDLIKKUS JA OHUTUS<\/p>\n<p>Kuubiku kujuline Celestial-sauna disain v\u00f5imaldab kasutada nii elektrilisi kui ka puuk\u00fcttega keriseid. Kerised on alati paigutatud sauna tagumisse otsa, mis t\u00e4hendab, et kasutajal on alati turvaline v\u00e4ljuda vastask\u00fcljest.<\/p>\n<p>TERMOT\u00d6\u00d6DELDUD PUIDU OMADUSED JA TOOTMINE<\/p>\n<p>Termot\u00f6\u00f6tlemise k\u00e4igus kuumutatakse puitu temperatuuridel 180\u2013230 \u00b0C hapnikuvabas keskkonnas. Selle protsessi tulemusena v\u00e4heneb oluliselt puidu veemahutavus ning puidukahjustajad, nagu seened ja bakterid, kaotavad oma toiduallika. See suurendab puidu vastupidavust. K\u00f5ik sauna puidust osad (v.a ukseraamid, aknaraamid, katusepaneelid ja vundamenditalad) on valmistatud p\u00f5hjamaade termot\u00f6\u00f6deldud puidust.<\/p>\n<ul>\n<li>eriti pikk kasutusiga<\/li>\n<li>vastupidav m\u00e4danemisele<\/li>\n<li>v\u00e4hene paisumis- ja kokkut\u00f5mbumisoht<\/li>\n<li>v\u00e4hene l\u00f5henemine ja pragude tekkimine<\/li>\n<li>puit j\u00e4\u00e4b m\u00f5\u00f5tmetelt stabiilseks<\/li>\n<li>parandatud kandev\u00f5ime<\/li>\n<\/ul>\n<p data-start=\"2246\" data-end=\"2267\"><strong data-start=\"2246\" data-end=\"2267\">Komplekti kuulub:<\/strong><\/p>\n<ul data-start=\"2269\" data-end=\"2621\">\n<li data-start=\"2269\" data-end=\"2283\">Alusraamid<\/li>\n<li data-start=\"2284\" data-end=\"2307\">K\u00fclg- ja tagasein<\/li>\n<li data-start=\"2284\" data-end=\"2307\">Karastatud klaasist esisein koos uksega<\/li>\n<li data-start=\"2308\" data-end=\"2334\">Saunapingid ja jalatoed<\/li>\n<li data-start=\"2335\" data-end=\"2375\">Katusekattematerjal (bituumensindel)<\/li>\n<li data-start=\"2376\" data-end=\"2397\">Viimistlusliistud<\/li>\n<li data-start=\"2398\" data-end=\"2408\">P\u00f5rand<\/li>\n<li data-start=\"2409\" data-end=\"2454\">Terrass koos pinkide ja p\u00f5randaga<\/li>\n<li data-start=\"2455\" data-end=\"2476\">Kerisekaitsepiire<\/li>\n<li data-start=\"2477\" data-end=\"2517\">Roostevabast terasest pingutusvitsad<\/li>\n<li data-start=\"2518\" data-end=\"2567\">Montaa\u017eikomplekt (kruvid ja kinnitusvahendid)<\/li>\n<li data-start=\"2568\" data-end=\"2592\">Ventilatsioonirestid<\/li>\n<li data-start=\"2593\" data-end=\"2621\">Detailne paigaldusjuhend<\/li>\n<\/ul>\n<p>Pakend: 1 alus 310 x 120 x 160 cm; ~950 kg<\/p>\n<p><strong>Valikulised lisad (lisatasu eest):<\/strong><\/p>\n<ul>\n<li style=\"list-style-type: none;\">\n<ul>\n<li>Esisein peegli viimistlusega<\/li>\n<li>Poolpanoraam aken tagaseinas (saadaval pronksi v\u00f5i peegli viimistlusega)<\/li>\n<li>T\u00e4isklaasist tagasein (saadaval pronksi v\u00f5i peegli viimistlusega)<\/li>\n<li>LED-valgustusribad<\/li>\n<li>Kaelatoekomplekt (2 tk)<\/li>\n<li>Saunatarvikute komplekt (kibu, kulp\u00a0 ja termomeeter)<\/li>\n<li>Veepaak korstnale<\/li>\n<li>Korstnakomplekt + kerisekivid<\/li>\n<li>Puuk\u00fcttega keris <a href=\"https:\/\/factory.sale\/et\/toode\/puukuttega-keris-harvia-20-pro\/\" target=\"_blank\" rel=\"noopener\">Harvia 20 Pro<\/a><\/li>\n<li>Puuk\u00fcttega keris\u00a0<a href=\"https:\/\/factory.sale\/et\/toode\/puukuttega-keris-huum-hive-wood-13-kw\/\" target=\"_blank\" rel=\"noopener\">HUUM HIVE Wood 13 kw<\/a><\/li>\n<li>Elektrikeris <a href=\"https:\/\/factory.sale\/et\/toode\/elektrikeris-huum-hive-12kw\/\" target=\"_blank\" rel=\"noopener\">HUUM HIVE 12 kW<\/a><\/li>\n<\/ul>\n<\/li>\n<\/ul>\n<p>&nbsp;<\/p>\n<p>Celestial t\u00fcnnisaun \u2013 loo oma koju t\u00f5eline taevalik pelgupaik!<\/p>\n","protected":false},"excerpt":{"rendered":"<p>Avasta luksuslik l\u00f5\u00f5gastumine Celestial t\u00fcnnisaunas. Elegantse ja modernse disainiga saun koos panoraamklaasist esiseinaga loob sinu koduaias ideaalse l\u00f5\u00f5gastuspaiga, tuues looduse l\u00e4hemale ning pakkudes \u00fclimat heaolutunnet.<\/p>\n","protected":false},"featured_media":101774,"comment_status":"open","ping_status":"closed","template":"","meta":{"_acf_changed":false},"factory":[4996],"free-shipment":[],"product_brand":[5008],"product_cat":[826,1643,784],"product_tag":[1648,4444,811,3851],"class_list":{"0":"post-101760","1":"product","2":"type-product","3":"status-publish","4":"has-post-thumbnail","6":"factory-inmedias-res-icon-and-standard","7":"product_brand-inmedias-res","8":"product_cat-saunas-et","9":"product_cat-tunnisaun","10":"product_cat-sanitaartehnika","11":"product_tag-barrel-sauna-et","12":"product_tag-garden-sauna-et","13":"product_tag-sauna-et","14":"product_tag-vastupidav-termopuidust-tunnisaun","16":"first","17":"instock","18":"sale","19":"taxable","20":"shipping-taxable","21":"purchasable","22":"product-type-simple"},"acf":[],"_links":{"self":[{"href":"https:\/\/factory.sale\/et\/wp-json\/wp\/v2\/product\/101760","targetHints":{"allow":["GET"]}}],"collection":[{"href":"https:\/\/factory.sale\/et\/wp-json\/wp\/v2\/product"}],"about":[{"href":"https:\/\/factory.sale\/et\/wp-json\/wp\/v2\/types\/product"}],"replies":[{"embeddable":true,"href":"https:\/\/factory.sale\/et\/wp-json\/wp\/v2\/comments?post=101760"}],"wp:featuredmedia":[{"embeddable":true,"href":"https:\/\/factory.sale\/et\/wp-json\/wp\/v2\/media\/101774"}],"wp:attachment":[{"href":"https:\/\/factory.sale\/et\/wp-json\/wp\/v2\/media?parent=101760"}],"wp:term":[{"taxonomy":"factory","embeddable":true,"href":"https:\/\/factory.sale\/et\/wp-json\/wp\/v2\/factory?post=101760"},{"taxonomy":"free-shipment","embeddable":true,"href":"https:\/\/factory.sale\/et\/wp-json\/wp\/v2\/free-shipment?post=101760"},{"taxonomy":"product_brand","embeddable":true,"href":"https:\/\/factory.sale\/et\/wp-json\/wp\/v2\/product_brand?post=101760"},{"taxonomy":"product_cat","embeddable":true,"href":"https:\/\/factory.sale\/et\/wp-json\/wp\/v2\/product_cat?post=101760"},{"taxonomy":"product_tag","embeddable":true,"href":"https:\/\/factory.sale\/et\/wp-json\/wp\/v2\/product_tag?post=101760"}],"curies":[{"name":"wp","href":"https:\/\/api.w.org\/{rel}","templated":true}]}}