{"id":10170,"date":"2022-07-15T09:59:51","date_gmt":"2022-07-25T08:46:55","guid":{"rendered":"https:\/\/factory.sale\/?post_type=product&#038;p=10170"},"modified":"2024-06-27T07:18:15","modified_gmt":"2024-06-27T07:18:15","slug":"pargipink-crb-106","status":"publish","type":"product","link":"https:\/\/factory.sale\/et\/toode\/pargipink-crb-106\/","title":{"rendered":"Pargipink CRB-106"},"content":{"rendered":"<p>Pargipink CRB-106 on v\u00e4limuselt v\u00e4ga soliidne ja kaunis, sobib ideaalselt parki, m\u00e4nguv\u00e4ljakutele ja mujale avalikku ruumi, kus v\u00f5iks veidi istudes hinge t\u00f5mmata ja lihtsalt nautida \u00fcmbritsevat vaadet.<\/p>\n<p>&nbsp;<\/p>\n<p><strong>Lisainformatsioon<\/strong>:<\/p>\n<ul>\n<li>M\u00f5\u00f5dud: 1500 x 440 x 450 mm<\/li>\n<li>Kaal: 80 kg<\/li>\n<\/ul>\n<p>&nbsp;<\/p>\n<p>Vastavalt standardile EN 1176-1 t\u00e4idetud ohutus- ja kaitsen\u00f5ued<br \/>\nOmab ISO 9001 sertifikaati, mis tagab kvaliteetse tootmise ja kasutatavad seadmed, mille eesm\u00e4rk on k\u00f5rgeima standardi l\u00f5pptoodang.<\/p>\n<p>&nbsp;<\/p>\n<p>&nbsp;<\/p>\n<p><em>Minimaalne kogus 8 tk!<\/em><br \/>\n<em>Alates 8 tk transport tasuta!<\/em><\/p>\n","protected":false},"excerpt":{"rendered":"<p>Vastupidav betoonist pargipink, mis on m\u00f5eldud kestma!<\/p>\n<p>Kvaliteetne pink \u00fctleb, et siin on turvaline avada raamat oma lemmiktegelastega v\u00f5i nautida m\u00f5nusat ilma.<\/p>\n","protected":false},"featured_media":10173,"comment_status":"open","ping_status":"closed","template":"","meta":{"_acf_changed":false},"factory":[],"free-shipment":[],"product_brand":[],"product_cat":[1100,1114],"product_tag":[2713],"class_list":{"0":"post-10170","1":"product","2":"type-product","3":"status-publish","4":"has-post-thumbnail","6":"product_cat-linnamoobel","7":"product_cat-pingid","8":"product_tag-bench-et","10":"first","11":"instock","12":"taxable","13":"shipping-taxable","14":"purchasable","15":"product-type-simple"},"acf":[],"_links":{"self":[{"href":"https:\/\/factory.sale\/et\/wp-json\/wp\/v2\/product\/10170","targetHints":{"allow":["GET"]}}],"collection":[{"href":"https:\/\/factory.sale\/et\/wp-json\/wp\/v2\/product"}],"about":[{"href":"https:\/\/factory.sale\/et\/wp-json\/wp\/v2\/types\/product"}],"replies":[{"embeddable":true,"href":"https:\/\/factory.sale\/et\/wp-json\/wp\/v2\/comments?post=10170"}],"wp:featuredmedia":[{"embeddable":true,"href":"https:\/\/factory.sale\/et\/wp-json\/wp\/v2\/media\/10173"}],"wp:attachment":[{"href":"https:\/\/factory.sale\/et\/wp-json\/wp\/v2\/media?parent=10170"}],"wp:term":[{"taxonomy":"factory","embeddable":true,"href":"https:\/\/factory.sale\/et\/wp-json\/wp\/v2\/factory?post=10170"},{"taxonomy":"free-shipment","embeddable":true,"href":"https:\/\/factory.sale\/et\/wp-json\/wp\/v2\/free-shipment?post=10170"},{"taxonomy":"product_brand","embeddable":true,"href":"https:\/\/factory.sale\/et\/wp-json\/wp\/v2\/product_brand?post=10170"},{"taxonomy":"product_cat","embeddable":true,"href":"https:\/\/factory.sale\/et\/wp-json\/wp\/v2\/product_cat?post=10170"},{"taxonomy":"product_tag","embeddable":true,"href":"https:\/\/factory.sale\/et\/wp-json\/wp\/v2\/product_tag?post=10170"}],"curies":[{"name":"wp","href":"https:\/\/api.w.org\/{rel}","templated":true}]}}