{"id":101552,"date":"2025-03-18T18:18:35","date_gmt":"2025-03-18T15:18:37","guid":{"rendered":"https:\/\/factory.sale\/?post_type=product&#038;p=101552"},"modified":"2025-12-10T11:27:10","modified_gmt":"2025-12-10T08:27:10","slug":"tylo-sense-sport-8-hall","status":"publish","type":"product","link":"https:\/\/factory.sale\/et\/toode\/tylo-sense-sport-8-hall\/","title":{"rendered":"Tyl\u00f6 Sense Sport 8 hall"},"content":{"rendered":"<p>Sense Sport elektriline saunakeris on saadaval kahe erineva v\u00f5imsusega versioonides ning seda v\u00f5ib paigaldada nii p\u00f5randale kui ka seinale. Juhtpaneel on integreeritud kerise alaossa.<\/p>\n<ul>\n<li>Thermosafe kaitsekiht.<\/li>\n<li>V\u00e4ldib juhuslikke nahap\u00f5letusi.<\/li>\n<li>Eriti kiire kuumenemisaeg.<\/li>\n<li>Split Output funktsioon.<\/li>\n<li>V\u00e4hendab v\u00f5imsust kui seatud temperatuur on saavutatud.<\/li>\n<\/ul>\n<p>&nbsp;<\/p>\n<p><strong>Tehnilised andmed:<\/strong><\/p>\n<ul>\n<li>V\u00e4rv: hall (61001552)<\/li>\n<li>Paneel: Sisseehitatud<\/li>\n<li>Releekarp: Pole vajalik<\/li>\n<li>Paigaldus: P\u00f5randale seisev v\u00f5i seinale kinnitatav<\/li>\n<li>V\u00f5imsus (kW): 8<\/li>\n<li>M\u00f5\u00f5tmed (LxKxS): 435 x 605 x 375<\/li>\n<li>Sauna suurus (m\u00b3): 6-12<\/li>\n<li>Kivid: 20kg, tellitakse eraldi<\/li>\n<li>Min. kaugus seinast (mm): 110 mm<\/li>\n<li>Min. kaugus laest (mm): 1900 mm<\/li>\n<\/ul>\n<p>&nbsp;<\/p>\n<p>&nbsp;<\/p>\n<p><a href=\"https:\/\/factory.sale\/wp-content\/uploads\/2023\/11\/2900-5250-SENSE-SPORT-installation.pdf\" target=\"_blank\" rel=\"noopener\">2900 5250 SENSE SPORT paigaldamine<\/a><\/p>\n<p><a href=\"https:\/\/factory.sale\/wp-content\/uploads\/2023\/11\/265022-1-Test-report-Sense-Plus_-sport_-sk-.pdf\" target=\"_blank\" rel=\"noopener\">265022-1 Test report Sense Plus_ sport_ sk<\/a><\/p>\n<p><a href=\"https:\/\/factory.sale\/wp-content\/uploads\/2023\/11\/Certificate-Sense-Plus-Sense-Sport-Sense-SK-Sense-MPE.pdf\" target=\"_blank\" rel=\"noopener\">Certificate-Sense-Plus-Sense-Sport-Sense-SK-Sense-MPE<\/a><\/p>\n<p><a href=\"https:\/\/factory.sale\/wp-content\/uploads\/2023\/11\/2900-5251-SENSE-SPORT-User-Guide.pdf\" target=\"_blank\" rel=\"noopener\">2900 5251 SENSE SPORT kasutajatugi<\/a><\/p>\n","protected":false},"excerpt":{"rendered":"<p>Sense Sport elektriline saunakeris on saadaval kahe erineva v\u00f5imsusega versioonides ning seda v\u00f5ib paigaldada nii p\u00f5randale kui ka seinale. Juhtpaneel on integreeritud kerise alaossa.<\/p>\n<ul>\n<li>Thermosafe kaitsekiht.<\/li>\n<li>V\u00e4ldib juhuslikke nahap\u00f5letusi.<\/li>\n<li>Eriti kiire kuumenemisaeg.<\/li>\n<li>Split Output funktsioon.<\/li>\n<li>V\u00e4hendab v\u00f5imsust kui seatud temperatuur on saavutatud.<\/li>\n<\/ul>\n","protected":false},"featured_media":45617,"comment_status":"open","ping_status":"closed","template":"","meta":{"_acf_changed":false},"factory":[],"free-shipment":[],"product_brand":[],"product_cat":[306,2633],"product_tag":[808,811,2176,2181],"class_list":{"0":"post-101552","1":"product","2":"type-product","3":"status-publish","4":"has-post-thumbnail","6":"product_cat-saunakerised","7":"product_cat-tylo-et","8":"product_tag-kerised","9":"product_tag-sauna-et","10":"product_tag-sauna-heater-et","11":"product_tag-sauna-heaters-et","13":"first","14":"instock","15":"sale","16":"taxable","17":"shipping-taxable","18":"purchasable","19":"product-type-simple"},"acf":[],"_links":{"self":[{"href":"https:\/\/factory.sale\/et\/wp-json\/wp\/v2\/product\/101552","targetHints":{"allow":["GET"]}}],"collection":[{"href":"https:\/\/factory.sale\/et\/wp-json\/wp\/v2\/product"}],"about":[{"href":"https:\/\/factory.sale\/et\/wp-json\/wp\/v2\/types\/product"}],"replies":[{"embeddable":true,"href":"https:\/\/factory.sale\/et\/wp-json\/wp\/v2\/comments?post=101552"}],"wp:featuredmedia":[{"embeddable":true,"href":"https:\/\/factory.sale\/et\/wp-json\/wp\/v2\/media\/45617"}],"wp:attachment":[{"href":"https:\/\/factory.sale\/et\/wp-json\/wp\/v2\/media?parent=101552"}],"wp:term":[{"taxonomy":"factory","embeddable":true,"href":"https:\/\/factory.sale\/et\/wp-json\/wp\/v2\/factory?post=101552"},{"taxonomy":"free-shipment","embeddable":true,"href":"https:\/\/factory.sale\/et\/wp-json\/wp\/v2\/free-shipment?post=101552"},{"taxonomy":"product_brand","embeddable":true,"href":"https:\/\/factory.sale\/et\/wp-json\/wp\/v2\/product_brand?post=101552"},{"taxonomy":"product_cat","embeddable":true,"href":"https:\/\/factory.sale\/et\/wp-json\/wp\/v2\/product_cat?post=101552"},{"taxonomy":"product_tag","embeddable":true,"href":"https:\/\/factory.sale\/et\/wp-json\/wp\/v2\/product_tag?post=101552"}],"curies":[{"name":"wp","href":"https:\/\/api.w.org\/{rel}","templated":true}]}}