{"id":101520,"date":"2025-03-18T17:47:55","date_gmt":"2025-03-18T14:47:57","guid":{"rendered":"https:\/\/factory.sale\/?post_type=product&#038;p=101520"},"modified":"2025-12-10T11:24:07","modified_gmt":"2025-12-10T08:24:07","slug":"tylo-sense-combi-pure-8-hall","status":"publish","type":"product","link":"https:\/\/factory.sale\/et\/toode\/tylo-sense-combi-pure-8-hall\/","title":{"rendered":"Tyl\u00f6 Sense Combi Pure 8 hall"},"content":{"rendered":"<p>Sama t\u00f5hus ja kiire t\u00f6\u00f6 nagu \u00fclej\u00e4\u00e4nud Sense keriste perekonnal, kuid Sense Combi Pure pakub traditsioonilist sauna kogemust koos rikkaliku ja \u00fcmbritseva auruga, pakkudes veelgi suuremat mitmek\u00fclgsust ja naudingut.<\/p>\n<ul>\n<li>Auru sauna v\u00f5imalus koos aroomi- ja mineraalteraapiatega.<\/li>\n<li>Split Output funktsionaalsus. Hoolikas automaatne temperatuuri j\u00e4lgimine. V\u00e4hendab v\u00f5imsust, kui seatud temperatuur on saavutatud.<\/li>\n<li>Thermosafe kaitsekatte. V\u00e4ldib juhuslikke nahap\u00f5letusi.<\/li>\n<li>Kvaliteetne roostevabast terasest konstruktsioon kivikomponendile.<\/li>\n<\/ul>\n<p>&nbsp;<\/p>\n<p><strong>Tehnilised andmed:<\/strong><\/p>\n<ul>\n<li>V\u00e4rv: Hall (61001572)<\/li>\n<li>Paneel: Pure (kaasas)<\/li>\n<li>Releekarp: Pole vajalik<\/li>\n<li>Paigaldus: P\u00f5randale seisev v\u00f5i seina k\u00fclge kinnitatav<\/li>\n<li>V\u00f5imsus: 8 kW<\/li>\n<li>M\u00f5\u00f5tmed (L.x K x S): 430 x 615 x 375<\/li>\n<li>Sauna suurus (m3): 6-12<\/li>\n<li>Kivid: 20 kg, tellitakse eraldi<\/li>\n<li>Minimaalne kaugus seinast (mm): 110 mm<\/li>\n<li>Minimaalne kaugus laest (mm): 1900 mm<\/li>\n<\/ul>\n<p>&nbsp;<\/p>\n<p>&nbsp;<\/p>\n<p><a href=\"https:\/\/factory.sale\/wp-content\/uploads\/2023\/11\/2900-5410-SENSE-COMBI-Elite-Pure-installation-2.pdf\" target=\"_blank\" rel=\"noopener\">SENSE COMBI Elite Pure paigaldusjuhend<\/a><\/p>\n<p><a href=\"https:\/\/factory.sale\/wp-content\/uploads\/2023\/11\/2900-5411-SENSE-COMBI-Elite-Pure-User-Guide.pdf\" target=\"_blank\" rel=\"noopener\">SENSE COMBI Elite Pure kasutajatugi<\/a><\/p>\n<p><a href=\"https:\/\/factory.sale\/wp-content\/uploads\/2023\/11\/2900-5411-SENSE-COMBI-Elite-Pure-User-Guide.pdf\" target=\"_blank\" rel=\"noopener\">Statement of Test Results Sense Pure Elite Combi<\/a><\/p>\n","protected":false},"excerpt":{"rendered":"<p>Sama t\u00f5hus ja kiire t\u00f6\u00f6 nagu \u00fclej\u00e4\u00e4nud Sense keriste perekonnal, kuid Sense Combi Pure pakub traditsioonilist sauna kogemust koos rikkaliku ja \u00fcmbritseva auruga, pakkudes veelgi suuremat mitmek\u00fclgsust ja naudingut.<\/p>\n<ul>\n<li>Auru sauna v\u00f5imalus koos aroomi- ja mineraalteraapiatega.<\/li>\n<li>Split Output funktsionaalsus. Hoolikas automaatne temperatuuri j\u00e4lgimine. V\u00e4hendab v\u00f5imsust, kui seatud temperatuur on saavutatud.<\/li>\n<li>Thermosafe kaitsekatte. V\u00e4ldib juhuslikke nahap\u00f5letusi.<\/li>\n<li>Kvaliteetne roostevabast terasest konstruktsioon kivikomponendile.<\/li>\n<\/ul>\n<p>&nbsp;<\/p>\n","protected":false},"featured_media":49646,"comment_status":"open","ping_status":"closed","template":"","meta":{"_acf_changed":false},"factory":[],"free-shipment":[],"product_brand":[],"product_cat":[306,2633],"product_tag":[811,2176],"class_list":{"0":"post-101520","1":"product","2":"type-product","3":"status-publish","4":"has-post-thumbnail","6":"product_cat-saunakerised","7":"product_cat-tylo-et","8":"product_tag-sauna-et","9":"product_tag-sauna-heater-et","11":"first","12":"instock","13":"sale","14":"taxable","15":"shipping-taxable","16":"purchasable","17":"product-type-simple"},"acf":[],"_links":{"self":[{"href":"https:\/\/factory.sale\/et\/wp-json\/wp\/v2\/product\/101520","targetHints":{"allow":["GET"]}}],"collection":[{"href":"https:\/\/factory.sale\/et\/wp-json\/wp\/v2\/product"}],"about":[{"href":"https:\/\/factory.sale\/et\/wp-json\/wp\/v2\/types\/product"}],"replies":[{"embeddable":true,"href":"https:\/\/factory.sale\/et\/wp-json\/wp\/v2\/comments?post=101520"}],"wp:featuredmedia":[{"embeddable":true,"href":"https:\/\/factory.sale\/et\/wp-json\/wp\/v2\/media\/49646"}],"wp:attachment":[{"href":"https:\/\/factory.sale\/et\/wp-json\/wp\/v2\/media?parent=101520"}],"wp:term":[{"taxonomy":"factory","embeddable":true,"href":"https:\/\/factory.sale\/et\/wp-json\/wp\/v2\/factory?post=101520"},{"taxonomy":"free-shipment","embeddable":true,"href":"https:\/\/factory.sale\/et\/wp-json\/wp\/v2\/free-shipment?post=101520"},{"taxonomy":"product_brand","embeddable":true,"href":"https:\/\/factory.sale\/et\/wp-json\/wp\/v2\/product_brand?post=101520"},{"taxonomy":"product_cat","embeddable":true,"href":"https:\/\/factory.sale\/et\/wp-json\/wp\/v2\/product_cat?post=101520"},{"taxonomy":"product_tag","embeddable":true,"href":"https:\/\/factory.sale\/et\/wp-json\/wp\/v2\/product_tag?post=101520"}],"curies":[{"name":"wp","href":"https:\/\/api.w.org\/{rel}","templated":true}]}}