{"id":101459,"date":"2025-03-18T15:50:13","date_gmt":"2025-03-18T12:50:15","guid":{"rendered":"https:\/\/factory.sale\/?post_type=product&#038;p=101459"},"modified":"2025-12-10T11:27:13","modified_gmt":"2025-12-10T08:27:13","slug":"tylo-sense-pure-8-hall","status":"publish","type":"product","link":"https:\/\/factory.sale\/et\/toode\/tylo-sense-pure-8-hall\/","title":{"rendered":"Tyl\u00f6 Sense Pure 8 hall"},"content":{"rendered":"<p>Nagu \u00fclej\u00e4\u00e4nud Sense elektrikeriste perekond, edastab Pure soojust kiiresti ja t\u00f5husalt. See on standardvarustuses digitaalse puutetundliku juhtpaneeliga Pure, mis tagab kasutamise ja mugavuse. Viitk\u00e4ivituse jaoks on vajalik uksekontakt.<\/p>\n<ul>\n<li>Kvaliteetne roostevabast terasest konstruktsioon kivikambrile.<\/li>\n<li>Jagatud v\u00e4ljundi funktsionaalsus. V\u00e4hendab v\u00e4ljundv\u00f5imsust, kui seatud temperatuur on saavutatud.<\/li>\n<li>Thermosafe kaitsekate. Hoiab \u00e4ra juhuslikud nahap\u00f5letused.<\/li>\n<\/ul>\n<p>&nbsp;<\/p>\n<p><strong>Tehnilised andmed:<\/strong><\/p>\n<ul>\n<li>V\u00e4rv: Hall (61001560)<\/li>\n<li>Paneel: Elite (kaasas)<\/li>\n<li>Releekarp: pole vajalik<\/li>\n<li>Paigaldamine:\u00a0p\u00f5randale v\u00f5i seinale paigaldatav<\/li>\n<li>V\u00f5imsus: 8 kW<\/li>\n<li>M\u00f5\u00f5dud (L x K x S): 431 x 600 x 375<\/li>\n<li>Sauna suurus (m3): 6-12<\/li>\n<li>Kivi: 20 kg, eraldi tellitav<\/li>\n<li>Min. Kaugus seinast (mm): 110<\/li>\n<li>Min. kaugus laeni (mm): 1900<\/li>\n<\/ul>\n<p>&nbsp;<\/p>\n<p><a href=\"https:\/\/factory.sale\/wp-content\/uploads\/2023\/11\/2900-5491-SENSE-PURE-User-Guide.pdf\" target=\"_blank\" rel=\"noopener\">SENSE PURE paigaldus<\/a><br \/>\n<a href=\"https:\/\/factory.sale\/wp-content\/uploads\/2023\/11\/Statement-of-Test-Results-Sense-Pure-Elite-Combi-1610962.pdf\" target=\"_blank\" rel=\"noopener\">Statement of Test Results Sense Pure Elite Combi\u00a0<\/a><br \/>\n<a href=\"https:\/\/factory.sale\/wp-content\/uploads\/2023\/11\/2900-5491-SENSE-PURE-User-Guide-1.pdf\" target=\"_blank\" rel=\"noopener\">SENSE PURE kasutusjuhend<\/a><\/p>\n","protected":false},"excerpt":{"rendered":"<p>Nagu \u00fclej\u00e4\u00e4nud Sense elektrikeriste perekond, edastab Pure soojust kiiresti ja t\u00f5husalt. See on standardvarustuses digitaalse puutetundliku juhtpaneeliga Pure, mis tagab kasutamise ja mugavuse. Viitk\u00e4ivituse jaoks on vajalik uksekontakt.<\/p>\n<ul>\n<li>Kvaliteetne roostevabast terasest konstruktsioon kivikambrile.<\/li>\n<li>Jagatud v\u00e4ljundi funktsionaalsus. V\u00e4hendab v\u00e4ljundv\u00f5imsust, kui seatud temperatuur on saavutatud.<\/li>\n<li>Thermosafe kaitsekate. Hoiab \u00e4ra juhuslikud nahap\u00f5letused.<\/li>\n<\/ul>\n","protected":false},"featured_media":50247,"comment_status":"open","ping_status":"closed","template":"","meta":{"_acf_changed":false},"factory":[],"free-shipment":[],"product_brand":[],"product_cat":[306,2633],"product_tag":[811,2176],"class_list":{"0":"post-101459","1":"product","2":"type-product","3":"status-publish","4":"has-post-thumbnail","6":"product_cat-saunakerised","7":"product_cat-tylo-et","8":"product_tag-sauna-et","9":"product_tag-sauna-heater-et","11":"first","12":"instock","13":"sale","14":"taxable","15":"shipping-taxable","16":"purchasable","17":"product-type-simple"},"acf":[],"_links":{"self":[{"href":"https:\/\/factory.sale\/et\/wp-json\/wp\/v2\/product\/101459","targetHints":{"allow":["GET"]}}],"collection":[{"href":"https:\/\/factory.sale\/et\/wp-json\/wp\/v2\/product"}],"about":[{"href":"https:\/\/factory.sale\/et\/wp-json\/wp\/v2\/types\/product"}],"replies":[{"embeddable":true,"href":"https:\/\/factory.sale\/et\/wp-json\/wp\/v2\/comments?post=101459"}],"wp:featuredmedia":[{"embeddable":true,"href":"https:\/\/factory.sale\/et\/wp-json\/wp\/v2\/media\/50247"}],"wp:attachment":[{"href":"https:\/\/factory.sale\/et\/wp-json\/wp\/v2\/media?parent=101459"}],"wp:term":[{"taxonomy":"factory","embeddable":true,"href":"https:\/\/factory.sale\/et\/wp-json\/wp\/v2\/factory?post=101459"},{"taxonomy":"free-shipment","embeddable":true,"href":"https:\/\/factory.sale\/et\/wp-json\/wp\/v2\/free-shipment?post=101459"},{"taxonomy":"product_brand","embeddable":true,"href":"https:\/\/factory.sale\/et\/wp-json\/wp\/v2\/product_brand?post=101459"},{"taxonomy":"product_cat","embeddable":true,"href":"https:\/\/factory.sale\/et\/wp-json\/wp\/v2\/product_cat?post=101459"},{"taxonomy":"product_tag","embeddable":true,"href":"https:\/\/factory.sale\/et\/wp-json\/wp\/v2\/product_tag?post=101459"}],"curies":[{"name":"wp","href":"https:\/\/api.w.org\/{rel}","templated":true}]}}