{"id":101422,"date":"2025-03-18T13:36:30","date_gmt":"2025-03-18T10:36:32","guid":{"rendered":"https:\/\/factory.sale\/?post_type=product&#038;p=101422"},"modified":"2025-03-18T15:05:30","modified_gmt":"2025-03-18T12:05:30","slug":"helo-elektrikeris-hanko-80-d-must","status":"publish","type":"product","link":"https:\/\/factory.sale\/et\/toode\/helo-elektrikeris-hanko-80-d-must\/","title":{"rendered":"Helo elektrikeris Hanko 80 D must"},"content":{"rendered":"<p><strong>Tootekood:<\/strong> 000215 (Must)<\/p>\n<p>&nbsp;<\/p>\n<p>Hanko elektrikeris on meie uus kompaktne keris, millel on kaasaegne disain. See sobib v\u00e4ikestesse ruumidesse ja pakub \u00f5rna soojust. Hanko on hoolika disainiprotsessi tulemus. Meie tipptasemel disainerid l\u00f5id kerise isegi k\u00f5ige n\u00f5udlikumale saunaentusiastile. T\u00e4iesti uus Hanko on valmistatud meie tehases k\u00e4sitsi, kasutades parimaid materjale.<\/p>\n<p>\u2022 D mudel koos eraldi WE 40 relee kasti ja Pure v\u00f5i Elite Free juhtpaneeliga.<\/p>\n<p>Digitaalne juhtimine:<\/p>\n<p>Juhtpaneel Pure\/Elite + Kontaktor box W-30 ( ei kuulu komplekti ).<\/p>\n<p>Kerisekivi kaal 32kg ( ei kuulu\u00a0komplekti\u00a0).<\/p>\n<p>&nbsp;<\/p>\n<p><strong>Tehnilised andmed:<\/strong><\/p>\n<ul>\n<li>V\u00e4rv: Must, Kroom<\/li>\n<li>Kaal (kg): 7.1<\/li>\n<li>Kivide kogus (kg): 32<\/li>\n<li>V\u00f5imsus (kW): 8.0<\/li>\n<li>M\u00f5\u00f5tmed (LxKxS): 365 x 575 x 250<\/li>\n<li>Sauna suurus (m3): 8-12<\/li>\n<li>Ohutuskaugus, \u00fclevalt: 1300<\/li>\n<li>Ohutuskaugus, k\u00fcljelt: 100<\/li>\n<li>Ohutuskaugus, eest: 150<\/li>\n<\/ul>\n<p>&nbsp;<\/p>\n<p>&nbsp;<\/p>\n<p><a href=\"https:\/\/factory.sale\/wp-content\/uploads\/2023\/12\/Hanko-STJ-Installation-manual-and-user-guide.pdf\" target=\"_blank\" rel=\"noopener\">Hanko STJ &#8211; paigaldus-ja kasutusjuhend<\/a><\/p>\n<p><a href=\"https:\/\/factory.sale\/wp-content\/uploads\/2023\/12\/Hanko-STJ-Installation-manual-and-user-guide.pdf\" target=\"_blank\" rel=\"noopener\">Garantii<\/a><\/p>\n<p><a href=\"https:\/\/factory.sale\/wp-content\/uploads\/2023\/12\/Hanko-STJ-Installation-manual-and-user-guide.pdf\" target=\"_blank\" rel=\"noopener\">Hanko &#8211; tooteleht<\/a><\/p>\n","protected":false},"excerpt":{"rendered":"<p>Hanko elektrikeris on meie uus kompaktne keris, millel on kaasaegne disain. See sobib v\u00e4ikestesse ruumidesse ja pakub \u00f5rna soojust. Hanko on hoolika disainiprotsessi tulemus. Meie tipptasemel disainerid l\u00f5id kerise isegi k\u00f5ige n\u00f5udlikumale saunaentusiastile. T\u00e4iesti uus Hanko on valmistatud meie tehases k\u00e4sitsi, kasutades parimaid materjale.<\/p>\n","protected":false},"featured_media":59596,"comment_status":"open","ping_status":"closed","template":"","meta":{"_acf_changed":false},"factory":[],"free-shipment":[],"product_brand":[],"product_cat":[2638,306],"product_tag":[2176],"class_list":{"0":"post-101422","1":"product","2":"type-product","3":"status-publish","4":"has-post-thumbnail","6":"product_cat-helo-et","7":"product_cat-saunakerised","8":"product_tag-sauna-heater-et","10":"first","11":"instock","12":"sale","13":"taxable","14":"shipping-taxable","15":"purchasable","16":"product-type-simple"},"acf":[],"_links":{"self":[{"href":"https:\/\/factory.sale\/et\/wp-json\/wp\/v2\/product\/101422","targetHints":{"allow":["GET"]}}],"collection":[{"href":"https:\/\/factory.sale\/et\/wp-json\/wp\/v2\/product"}],"about":[{"href":"https:\/\/factory.sale\/et\/wp-json\/wp\/v2\/types\/product"}],"replies":[{"embeddable":true,"href":"https:\/\/factory.sale\/et\/wp-json\/wp\/v2\/comments?post=101422"}],"wp:featuredmedia":[{"embeddable":true,"href":"https:\/\/factory.sale\/et\/wp-json\/wp\/v2\/media\/59596"}],"wp:attachment":[{"href":"https:\/\/factory.sale\/et\/wp-json\/wp\/v2\/media?parent=101422"}],"wp:term":[{"taxonomy":"factory","embeddable":true,"href":"https:\/\/factory.sale\/et\/wp-json\/wp\/v2\/factory?post=101422"},{"taxonomy":"free-shipment","embeddable":true,"href":"https:\/\/factory.sale\/et\/wp-json\/wp\/v2\/free-shipment?post=101422"},{"taxonomy":"product_brand","embeddable":true,"href":"https:\/\/factory.sale\/et\/wp-json\/wp\/v2\/product_brand?post=101422"},{"taxonomy":"product_cat","embeddable":true,"href":"https:\/\/factory.sale\/et\/wp-json\/wp\/v2\/product_cat?post=101422"},{"taxonomy":"product_tag","embeddable":true,"href":"https:\/\/factory.sale\/et\/wp-json\/wp\/v2\/product_tag?post=101422"}],"curies":[{"name":"wp","href":"https:\/\/api.w.org\/{rel}","templated":true}]}}