{"id":101346,"date":"2025-03-17T12:11:36","date_gmt":"2025-03-17T09:28:32","guid":{"rendered":"https:\/\/factory.sale\/?post_type=product&#038;p=101346"},"modified":"2025-03-17T12:34:17","modified_gmt":"2025-03-17T09:34:17","slug":"qtb-roostevabast-terasest-seinaklambrid","status":"publish","type":"product","link":"https:\/\/factory.sale\/et\/toode\/qtb-roostevabast-terasest-seinaklambrid\/","title":{"rendered":"QTB roostevabast terasest seinaklambrid"},"content":{"rendered":"<p><strong>Tehnilised andmed:<\/strong><\/p>\n<p>&nbsp;<\/p>\n<table style=\"height: 405px;\" width=\"1326\" cellspacing=\"0\" cellpadding=\"0\">\n<tbody>\n<tr>\n<td valign=\"top\"><span style=\"color: #000000; font-family: Helvetica Neue; font-size: small;\"><b>Klambrit\u00fc\u00fcp<\/b><\/span><\/td>\n<td valign=\"top\"><span style=\"color: #000000; font-family: Helvetica Neue; font-size: small;\"><b>Kasutusala<\/b><\/span><\/td>\n<td valign=\"top\"><span style=\"color: #000000; font-family: Helvetica Neue; font-size: small;\"><b>Kinnituse n\u00f5uded<\/b><\/span><\/td>\n<td valign=\"top\"><span style=\"color: #000000; font-family: Helvetica Neue; font-size: small;\"><b>M\u00f5\u00f5dud<\/b><\/span><\/td>\n<td valign=\"top\"><span style=\"color: #000000; font-family: Helvetica Neue; font-size: small;\"><b>Toote nr.<\/b><\/span><\/td>\n<\/tr>\n<tr>\n<td valign=\"top\"><span style=\"color: #000000; font-family: Helvetica Neue; font-size: small;\"><b>Topeltklamber \u00a0<\/b><\/span><\/td>\n<td valign=\"top\">Kasutatakse fikseeritud punkti \/ p\u00fcsikoormuse toena \u2013 neelab p\u00fcsikoormust ja osa tuulekoormusest.<\/td>\n<td valign=\"top\">Fikseeritud punkti kinnitusvahendid tuleb paigaldada \u00fcmmargustesse aukudesse.<\/td>\n<td valign=\"top\">160 mm [6 5\/16\u201d] k\u00f5rgus<\/td>\n<td valign=\"top\">02.4.pikkus.160.10 (\u00d810 mm kinnitus, betoon\/m\u00fc\u00fcritis seinad), 02.4.pikkus.160.63 (\u00d86.3 mm kinnitus, karkassseinad)<\/td>\n<\/tr>\n<tr>\n<td valign=\"top\"><span style=\"color: #000000; font-family: Helvetica Neue; font-size: small;\"><b>\u00dcksikklamber\u00a0<\/b><\/span><\/td>\n<td valign=\"top\">Kasutatakse liugpunkti \/ tuulekoormuse toena \u2013 neelab tuulekoormust ja profiili termilist liikumist.<\/td>\n<td valign=\"top\">Liugpunkti kinnitusvahendid tuleb paigaldada pilu keskossa, et v\u00f5imaldada profiilil vabalt paisuda ja kahaneda.<\/td>\n<td valign=\"top\">70 mm [2 3\/4\u201d] k\u00f5rgus<\/td>\n<td valign=\"top\">02.4.pikkus.70.10 (\u00d810 mm kinnitus, betoon\/m\u00fc\u00fcritis seinad), 02.4.pikkus.70.63 (\u00d86.3 mm kinnitus, karkassseinad)<\/td>\n<\/tr>\n<\/tbody>\n<\/table>\n<p>&nbsp;<\/p>\n<p>&nbsp;<\/p>\n<p><strong>Reguleerimisvahemik:<\/strong><\/p>\n<p><a href=\"https:\/\/factory.sale\/wp-content\/uploads\/2025\/03\/QTB-stainless-steel-wall-brackets_08-2024.pdf\" target=\"_blank\" rel=\"noopener\"><img loading=\"lazy\" decoding=\"async\" class=\"alignnone wp-image-101342\" src=\"https:\/\/factory.sale\/wp-content\/uploads\/2025\/03\/range-of-adjustments-wall-brackets-factory-sale-300x170.webp\" alt=\"\" width=\"943\" height=\"534\" srcset=\"https:\/\/factory.sale\/wp-content\/uploads\/2025\/03\/range-of-adjustments-wall-brackets-factory-sale-300x170.webp 300w, https:\/\/factory.sale\/wp-content\/uploads\/2025\/03\/range-of-adjustments-wall-brackets-factory-sale-1024x579.webp 1024w, https:\/\/factory.sale\/wp-content\/uploads\/2025\/03\/range-of-adjustments-wall-brackets-factory-sale-150x85.webp 150w, https:\/\/factory.sale\/wp-content\/uploads\/2025\/03\/range-of-adjustments-wall-brackets-factory-sale-1536x869.webp 1536w, https:\/\/factory.sale\/wp-content\/uploads\/2025\/03\/range-of-adjustments-wall-brackets-factory-sale-600x339.webp 600w, https:\/\/factory.sale\/wp-content\/uploads\/2025\/03\/range-of-adjustments-wall-brackets-factory-sale.webp 2048w\" sizes=\"auto, (max-width: 943px) 100vw, 943px\" \/><\/a><\/p>\n<p>Minimaalne 20 mm (3\/4&#8221;) \u00fclekate klambri ja profiili vahel on n\u00f5utav.<\/p>\n<p>K\u00f5ik reguleerimism\u00f5\u00f5tmed p\u00f5hinevad 60 mm (2 3\/8&#8221;) s\u00fcgavusel vertikaalsel profiilil.<\/p>\n<p>Materjal: 1.4404 (AISI 316L) roostevaba teras.<\/p>\n<p>Projektip\u00f5hised seinaklambrid on saadaval tellimisel.<\/p>\n<p>&nbsp;<\/p>\n<p>&nbsp;<\/p>\n<p>&nbsp;<\/p>\n<p>&nbsp;<\/p>\n<p><strong><em>V\u00f5tke meiega \u00fchendust, et saada rohkem teavet v\u00f5i personaalne hinnapakkumine!<\/em><\/strong><\/p>\n<p>&nbsp;<\/p>\n<p>&nbsp;<\/p>\n<p><a href=\"https:\/\/factory.sale\/wp-content\/uploads\/2025\/03\/QTB-stainless-steel-wall-brackets_08-2024.pdf\" target=\"_blank\" rel=\"noopener\">QTB Roostevabast Terasest Seinaklambrid PDF<\/a><\/p>\n","protected":false},"excerpt":{"rendered":"<p>QTB roostevabast terasest seinaklambrid pakuvad vastupidavat ja usaldusv\u00e4\u00e4rset tuge fikseeritud ja liugpunktidele. Valmistatud k\u00f5rgekvaliteedilisest AISI 316L roostevabast terasest, need tagavad tugeva kandev\u00f5ime ja vastupidavuse ilmastikutingimustele. Sobivad betoon-, m\u00fc\u00fcritis- ja karkassseintele, erinevate kinnitusv\u00f5imalustega.<\/p>\n","protected":false},"featured_media":101336,"comment_status":"open","ping_status":"closed","template":"","meta":{"_acf_changed":false},"factory":[],"free-shipment":[],"product_brand":[],"product_cat":[4256,814],"product_tag":[],"class_list":{"0":"post-101346","1":"product","2":"type-product","3":"status-publish","4":"has-post-thumbnail","6":"product_cat-fassaadi-tugisusteemid","7":"product_cat-uldehitus","9":"first","10":"instock","11":"taxable","12":"shipping-taxable","13":"purchasable","14":"product-type-simple"},"acf":[],"_links":{"self":[{"href":"https:\/\/factory.sale\/et\/wp-json\/wp\/v2\/product\/101346","targetHints":{"allow":["GET"]}}],"collection":[{"href":"https:\/\/factory.sale\/et\/wp-json\/wp\/v2\/product"}],"about":[{"href":"https:\/\/factory.sale\/et\/wp-json\/wp\/v2\/types\/product"}],"replies":[{"embeddable":true,"href":"https:\/\/factory.sale\/et\/wp-json\/wp\/v2\/comments?post=101346"}],"wp:featuredmedia":[{"embeddable":true,"href":"https:\/\/factory.sale\/et\/wp-json\/wp\/v2\/media\/101336"}],"wp:attachment":[{"href":"https:\/\/factory.sale\/et\/wp-json\/wp\/v2\/media?parent=101346"}],"wp:term":[{"taxonomy":"factory","embeddable":true,"href":"https:\/\/factory.sale\/et\/wp-json\/wp\/v2\/factory?post=101346"},{"taxonomy":"free-shipment","embeddable":true,"href":"https:\/\/factory.sale\/et\/wp-json\/wp\/v2\/free-shipment?post=101346"},{"taxonomy":"product_brand","embeddable":true,"href":"https:\/\/factory.sale\/et\/wp-json\/wp\/v2\/product_brand?post=101346"},{"taxonomy":"product_cat","embeddable":true,"href":"https:\/\/factory.sale\/et\/wp-json\/wp\/v2\/product_cat?post=101346"},{"taxonomy":"product_tag","embeddable":true,"href":"https:\/\/factory.sale\/et\/wp-json\/wp\/v2\/product_tag?post=101346"}],"curies":[{"name":"wp","href":"https:\/\/api.w.org\/{rel}","templated":true}]}}