{"id":101318,"date":"2025-03-16T19:52:49","date_gmt":"2025-03-16T16:58:27","guid":{"rendered":"https:\/\/factory.sale\/?post_type=product&#038;p=101318"},"modified":"2025-03-17T10:23:54","modified_gmt":"2025-03-17T07:23:54","slug":"qvb-alumiiniumist-seina-klambrid","status":"publish","type":"product","link":"https:\/\/factory.sale\/et\/toode\/qvb-alumiiniumist-seina-klambrid\/","title":{"rendered":"QVB alumiiniumist seina klambrid"},"content":{"rendered":"<p>QVB alumiiniumist seina klambrid kasutatakse tavaliselt fikseeritud punkti \/ p\u00fcsikoormuse toena \u2013 neelavad p\u00fcsikoormust ja osa tuulekoormusest.<\/p>\n<p>Fikseeritud punkti kinnitusvahendid tuleb paigaldada \u00fcmmargustesse aukudesse.<\/p>\n<p>Ekstrudeeritud alumiinium, sulam AW 6063 T6, \u00f5\u00f5nsuse s\u00fcgavus 57 mm [2 1\/4&#8243;] kuni 285 mm [11 3\/16&#8243;], sisseehitatud sisse\/v\u00e4lja reguleeritavus 35 mm [1 3\/8&#8243;], v\u00e4rvimata, t\u00fc\u00fcpiline.<\/p>\n<p>&nbsp;<\/p>\n<p>&nbsp;<\/p>\n<p><strong>Klambrid on saadaval eelpaigaldatud termo-patjadega.<\/strong><\/p>\n<ul>\n<li>Materjal: Pol\u00fcprop\u00fcleen<\/li>\n<li>Paksus: 5 mm [3\/16\u201d]<\/li>\n<li>Tootenumber: 02.pikkus.160.kinnitusT (nt 02.100.160.10T)<\/li>\n<\/ul>\n<p>&nbsp;<\/p>\n<p>&nbsp;<\/p>\n<p>&nbsp;<\/p>\n<p><strong>Tehnilised andmed:<\/strong><\/p>\n<table style=\"height: 505px;\" width=\"453\" cellspacing=\"0\" cellpadding=\"0\">\n<tbody>\n<tr>\n<td valign=\"top\"><span style=\"color: #000000; font-family: Helvetica Neue; font-size: small;\"><b>Pikkus<\/b><\/span><\/td>\n<td valign=\"top\"><span style=\"color: #000000; font-family: Helvetica Neue; font-size: small;\"><b>Toote nr.<\/b><\/span><\/td>\n<td valign=\"top\"><span style=\"color: #000000; font-family: Helvetica Neue; font-size: small;\"><b>Kaal\/tk<\/b><\/span><\/td>\n<td valign=\"top\"><span style=\"color: #000000; font-family: Helvetica Neue; font-size: small;\"><b>Pakend tk<\/b><\/span><\/td>\n<\/tr>\n<tr>\n<td valign=\"top\"><span style=\"color: #000000; font-family: Helvetica Neue; font-size: small;\"><b>50 mm [1 15\/16\u201d]<\/b><\/span><\/td>\n<td valign=\"top\"><span style=\"color: #000000; font-family: Helvetica Neue; font-size: small;\">02.50.90.10<\/span><\/td>\n<td valign=\"top\"><span style=\"color: #000000; font-family: Helvetica Neue; font-size: small;\">91 g [0.205 lb]<\/span><\/td>\n<td valign=\"top\"><span style=\"color: #000000; font-family: Helvetica Neue; font-size: small;\">180<\/span><\/td>\n<\/tr>\n<tr>\n<td valign=\"top\"><span style=\"color: #000000; font-family: Helvetica Neue; font-size: small;\"><b>75 mm [2 15\/16\u201d]<\/b><\/span><\/td>\n<td valign=\"top\"><span style=\"color: #000000; font-family: Helvetica Neue; font-size: small;\">02.75.90.10<\/span><\/td>\n<td valign=\"top\"><span style=\"color: #000000; font-family: Helvetica Neue; font-size: small;\">118 g [0.266 lb]<\/span><\/td>\n<td valign=\"top\"><span style=\"color: #000000; font-family: Helvetica Neue; font-size: small;\">150<\/span><\/td>\n<\/tr>\n<tr>\n<td valign=\"top\"><span style=\"color: #000000; font-family: Helvetica Neue; font-size: small;\"><b>100 mm [3 15\/16\u201d]<\/b><\/span><\/td>\n<td valign=\"top\"><span style=\"color: #000000; font-family: Helvetica Neue; font-size: small;\">02.100.90.10<\/span><\/td>\n<td valign=\"top\"><span style=\"color: #000000; font-family: Helvetica Neue; font-size: small;\">115 g [0.260 lb]<\/span><\/td>\n<td valign=\"top\"><span style=\"color: #000000; font-family: Helvetica Neue; font-size: small;\">180<\/span><\/td>\n<\/tr>\n<tr>\n<td valign=\"top\"><span style=\"color: #000000; font-family: Helvetica Neue; font-size: small;\"><b>125 mm [4 15\/16\u201d]<\/b><\/span><\/td>\n<td valign=\"top\"><span style=\"color: #000000; font-family: Helvetica Neue; font-size: small;\">02.125.90.10<\/span><\/td>\n<td valign=\"top\"><span style=\"color: #000000; font-family: Helvetica Neue; font-size: small;\">136 g [0.308 lb]<\/span><\/td>\n<td valign=\"top\"><span style=\"color: #000000; font-family: Helvetica Neue; font-size: small;\">170<\/span><\/td>\n<\/tr>\n<tr>\n<td valign=\"top\"><span style=\"color: #000000; font-family: Helvetica Neue; font-size: small;\"><b>150 mm [5 7\/8\u201d]<\/b><\/span><\/td>\n<td valign=\"top\"><span style=\"color: #000000; font-family: Helvetica Neue; font-size: small;\">02.150.90.10<\/span><\/td>\n<td valign=\"top\"><span style=\"color: #000000; font-family: Helvetica Neue; font-size: small;\">165 g [0.373 lb]<\/span><\/td>\n<td valign=\"top\"><span style=\"color: #000000; font-family: Helvetica Neue; font-size: small;\">150<\/span><\/td>\n<\/tr>\n<tr>\n<td valign=\"top\"><span style=\"color: #000000; font-family: Helvetica Neue; font-size: small;\"><b>180 mm [7 1\/16\u201d]<\/b><\/span><\/td>\n<td valign=\"top\"><span style=\"color: #000000; font-family: Helvetica Neue; font-size: small;\">02.180.90.10<\/span><\/td>\n<td valign=\"top\"><span style=\"color: #000000; font-family: Helvetica Neue; font-size: small;\">193 g [0.436 lb]<\/span><\/td>\n<td valign=\"top\"><span style=\"color: #000000; font-family: Helvetica Neue; font-size: small;\">100<\/span><\/td>\n<\/tr>\n<tr>\n<td valign=\"top\"><span style=\"color: #000000; font-family: Helvetica Neue; font-size: small;\"><b>210 mm [8 1\/4\u201d]<\/b><\/span><\/td>\n<td valign=\"top\"><span style=\"color: #000000; font-family: Helvetica Neue; font-size: small;\">02.210.90.10<\/span><\/td>\n<td valign=\"top\"><span style=\"color: #000000; font-family: Helvetica Neue; font-size: small;\">236 g [0.531 lb]<\/span><\/td>\n<td valign=\"top\"><span style=\"color: #000000; font-family: Helvetica Neue; font-size: small;\">100<\/span><\/td>\n<\/tr>\n<tr>\n<td valign=\"top\"><span style=\"color: #000000; font-family: Helvetica Neue; font-size: small;\"><b>240 mm [9 7\/16\u201d]<\/b><\/span><\/td>\n<td valign=\"top\"><span style=\"color: #000000; font-family: Helvetica Neue; font-size: small;\">02.240.90.10<\/span><\/td>\n<td valign=\"top\"><span style=\"color: #000000; font-family: Helvetica Neue; font-size: small;\">274 g [0.619 lb]<\/span><\/td>\n<td valign=\"top\"><span style=\"color: #000000; font-family: Helvetica Neue; font-size: small;\">100<\/span><\/td>\n<\/tr>\n<\/tbody>\n<\/table>\n<p>&nbsp;<\/p>\n<p>&nbsp;<\/p>\n<p><strong>Valikud:<\/strong><\/p>\n<table style=\"height: 172px;\" width=\"599\" cellspacing=\"0\" cellpadding=\"0\">\n<tbody>\n<tr>\n<td valign=\"top\"><strong>Klamber-sein \u00fchendus<\/strong><\/td>\n<td valign=\"top\"><span style=\"color: #000000; font-family: Helvetica Neue; font-size: small;\"><b>Toote nr.<\/b><\/span><\/td>\n<\/tr>\n<tr>\n<td valign=\"top\">Augud M10 [3\/8\u201d diameeter] kinnituse jaoks (standard); sobib betooni\/m\u00fc\u00fcritise seinale<\/td>\n<td valign=\"top\"><span style=\"color: #000000; font-family: Helvetica Neue; font-size: small;\">02.pikkus.90.10<\/span><\/td>\n<\/tr>\n<tr>\n<td valign=\"top\">Augud M8 [5\/16\u201d diameeter] kinnituse jaoks; sobib betooni\/m\u00fc\u00fcritise seinale<\/td>\n<td valign=\"top\"><span style=\"color: #000000; font-family: Helvetica Neue; font-size: small;\">02.pikkus.90.8<\/span><\/td>\n<\/tr>\n<tr>\n<td valign=\"top\">Augud \u00f86.3 [1\/4\u201d diameeter] kinnituse jaoks; sobib karkassseintele<\/td>\n<td valign=\"top\"><span style=\"color: #000000; font-family: Helvetica Neue; font-size: small;\">02.pikkus.90.63<\/span><\/td>\n<\/tr>\n<\/tbody>\n<\/table>\n<p>&nbsp;<\/p>\n<p>&nbsp;<\/p>\n<p>&nbsp;<\/p>\n<p>&nbsp;<\/p>\n<p>Profiili ja klambri \u00fchendamiseks kasutage A2 (304) isepuurivaid kruvisid \u00f84.8&#215;19 mm [#10-16&#215;3\/4\u201d].<\/p>\n<p>&nbsp;<\/p>\n<p>&nbsp;<\/p>\n<p><strong><em>Lisainformatsiooni saamiseks kirjuta meile julgelt ja k\u00fcsi personaalset hinnapakkumist!<\/em><\/strong><\/p>\n<p>&nbsp;<\/p>\n<p>&nbsp;<\/p>\n<p><a href=\"https:\/\/factory.sale\/wp-content\/uploads\/2025\/03\/QVB-aluminum-wall-brackets_08-2024.pdf\" target=\"_blank\" rel=\"noopener\">QVB alumiiniumist topelt seina klambrid PDF<\/a><\/p>\n","protected":false},"excerpt":{"rendered":"<p>QVB alumiiniumist seina klambrid kasutatakse tavaliselt fikseeritud punkti \/ p\u00fcsikoormuse toena \u2013 neelavad p\u00fcsikoormust ja osa tuulekoormusest.<\/p>\n<p>Fikseeritud punkti kinnitusvahendid tuleb paigaldada \u00fcmmargustesse aukudesse.<\/p>\n","protected":false},"featured_media":101316,"comment_status":"open","ping_status":"closed","template":"","meta":{"_acf_changed":false},"factory":[],"free-shipment":[],"product_brand":[],"product_cat":[4256,814],"product_tag":[],"class_list":{"0":"post-101318","1":"product","2":"type-product","3":"status-publish","4":"has-post-thumbnail","6":"product_cat-fassaadi-tugisusteemid","7":"product_cat-uldehitus","9":"first","10":"instock","11":"taxable","12":"shipping-taxable","13":"purchasable","14":"product-type-simple"},"acf":[],"_links":{"self":[{"href":"https:\/\/factory.sale\/et\/wp-json\/wp\/v2\/product\/101318","targetHints":{"allow":["GET"]}}],"collection":[{"href":"https:\/\/factory.sale\/et\/wp-json\/wp\/v2\/product"}],"about":[{"href":"https:\/\/factory.sale\/et\/wp-json\/wp\/v2\/types\/product"}],"replies":[{"embeddable":true,"href":"https:\/\/factory.sale\/et\/wp-json\/wp\/v2\/comments?post=101318"}],"wp:featuredmedia":[{"embeddable":true,"href":"https:\/\/factory.sale\/et\/wp-json\/wp\/v2\/media\/101316"}],"wp:attachment":[{"href":"https:\/\/factory.sale\/et\/wp-json\/wp\/v2\/media?parent=101318"}],"wp:term":[{"taxonomy":"factory","embeddable":true,"href":"https:\/\/factory.sale\/et\/wp-json\/wp\/v2\/factory?post=101318"},{"taxonomy":"free-shipment","embeddable":true,"href":"https:\/\/factory.sale\/et\/wp-json\/wp\/v2\/free-shipment?post=101318"},{"taxonomy":"product_brand","embeddable":true,"href":"https:\/\/factory.sale\/et\/wp-json\/wp\/v2\/product_brand?post=101318"},{"taxonomy":"product_cat","embeddable":true,"href":"https:\/\/factory.sale\/et\/wp-json\/wp\/v2\/product_cat?post=101318"},{"taxonomy":"product_tag","embeddable":true,"href":"https:\/\/factory.sale\/et\/wp-json\/wp\/v2\/product_tag?post=101318"}],"curies":[{"name":"wp","href":"https:\/\/api.w.org\/{rel}","templated":true}]}}