{"id":101281,"date":"2025-03-16T09:30:26","date_gmt":"2025-03-16T06:30:27","guid":{"rendered":"https:\/\/factory.sale\/?post_type=product&#038;p=101281"},"modified":"2026-03-05T15:39:28","modified_gmt":"2026-03-05T12:39:28","slug":"huum-korstnakomplekt-labi-seina-tagakulje-uhendusega","status":"publish","type":"product","link":"https:\/\/factory.sale\/et\/toode\/huum-korstnakomplekt-labi-seina-tagakulje-uhendusega\/","title":{"rendered":"HUUM Korstnakomplekt l\u00e4bi seina, tagak\u00fclje \u00fchendusega"},"content":{"rendered":"<h2 data-start=\"0\" data-end=\"18\"><span style=\"font-size: 14pt;\">HUUM Korstnakomplekt l\u00e4bi seina, tagak\u00fclje \u00fchendusega<\/span><\/h2>\n<p data-start=\"0\" data-end=\"18\">KOMPLEKT SISALDAB:<\/p>\n<ul data-start=\"20\" data-end=\"340\">\n<li data-start=\"20\" data-end=\"71\">\u00dcheseinaline korstna\u00fchendus, l\u00f5igatav 150\u2013250 mm<\/li>\n<li data-start=\"72\" data-end=\"112\">Kaheseinaline keevitatud korstna alus<\/li>\n<li data-start=\"113\" data-end=\"144\">Kaheseinaline korsten 0,25 m<\/li>\n<li data-start=\"145\" data-end=\"178\">90-kraadine kaheseinaline p\u00f5lv<\/li>\n<li data-start=\"179\" data-end=\"208\">Katteplaat (kahest osast)<\/li>\n<li data-start=\"209\" data-end=\"252\">T600 isolatsiooniplaat seinale ja laele<\/li>\n<li data-start=\"253\" data-end=\"283\">Kaheseinaline korsten 1,0 m<\/li>\n<li data-start=\"284\" data-end=\"324\">Reguleeritav seinakinnitus 50\u2013150 mm<\/li>\n<li data-start=\"325\" data-end=\"340\">Korstnam\u00fcts<\/li>\n<\/ul>\n<p data-start=\"342\" data-end=\"523\" data-is-last-node=\"\" data-is-only-node=\"\">Ohutuse tagamiseks veenduge, et \u00fche seinaga korstnaosade (A1, A2) ja p\u00f5levmaterjalide vaheline kaugus oleks v\u00e4hemalt 500 mm ning kahe seinaga korstnaosade (H3) puhul v\u00e4hemalt 50 mm.<\/p>\n<p data-start=\"342\" data-end=\"523\" data-is-last-node=\"\" data-is-only-node=\"\"><img loading=\"lazy\" decoding=\"async\" class=\"alignnone wp-image-101295\" src=\"https:\/\/factory.sale\/wp-content\/uploads\/2025\/03\/HUUM-korstnakomplekt-212x300.jpg\" alt=\"\" width=\"851\" height=\"1204\" srcset=\"https:\/\/factory.sale\/wp-content\/uploads\/2025\/03\/HUUM-korstnakomplekt-212x300.jpg 212w, https:\/\/factory.sale\/wp-content\/uploads\/2025\/03\/HUUM-korstnakomplekt-724x1024.jpg 724w, https:\/\/factory.sale\/wp-content\/uploads\/2025\/03\/HUUM-korstnakomplekt-106x150.jpg 106w, https:\/\/factory.sale\/wp-content\/uploads\/2025\/03\/HUUM-korstnakomplekt-1086x1536.jpg 1086w, https:\/\/factory.sale\/wp-content\/uploads\/2025\/03\/HUUM-korstnakomplekt-600x849.jpg 600w, https:\/\/factory.sale\/wp-content\/uploads\/2025\/03\/HUUM-korstnakomplekt.jpg 1414w\" sizes=\"auto, (max-width: 851px) 100vw, 851px\" \/><\/p>\n<p>&nbsp;<\/p>\n<p><strong>EAN:<\/strong> 4744103017539<\/p>\n<p><a href=\"https:\/\/factory.sale\/wp-content\/uploads\/2025\/03\/HUUM-korstnakomplekt.jpg\" target=\"_blank\" rel=\"noopener\">Tooteleht on leitav siit<\/a><\/p>\n","protected":false},"excerpt":{"rendered":"<p id=\"tw-target-text\" class=\"tw-data-text tw-text-large tw-ta\" dir=\"ltr\" data-placeholder=\"T\u00f5lge\"><span class=\"Y2IQFc\" lang=\"et\">See korstnakomplekt on m\u00f5eldud ulatuma l\u00e4bi k\u00fclgseina ja on \u00fchilduv <strong>HUUMi<\/strong> puuk\u00fcttega saunaahjudega.<\/span><\/p>\n","protected":false},"featured_media":101293,"comment_status":"open","ping_status":"closed","template":"","meta":{"_acf_changed":false},"factory":[],"free-shipment":[],"product_brand":[4432],"product_cat":[4160,4892,1028],"product_tag":[718,811],"class_list":{"0":"post-101281","1":"product","2":"type-product","3":"status-publish","4":"has-post-thumbnail","6":"product_brand-huum-et","7":"product_cat-korstnakomplektid","8":"product_cat-saunaahjude-ja-keriste-lisad","9":"product_cat-saunatarvikud","10":"product_tag-huum-et","11":"product_tag-sauna-et","13":"first","14":"instock","15":"sale","16":"taxable","17":"shipping-taxable","18":"purchasable","19":"product-type-simple"},"acf":[],"_links":{"self":[{"href":"https:\/\/factory.sale\/et\/wp-json\/wp\/v2\/product\/101281","targetHints":{"allow":["GET"]}}],"collection":[{"href":"https:\/\/factory.sale\/et\/wp-json\/wp\/v2\/product"}],"about":[{"href":"https:\/\/factory.sale\/et\/wp-json\/wp\/v2\/types\/product"}],"replies":[{"embeddable":true,"href":"https:\/\/factory.sale\/et\/wp-json\/wp\/v2\/comments?post=101281"}],"wp:featuredmedia":[{"embeddable":true,"href":"https:\/\/factory.sale\/et\/wp-json\/wp\/v2\/media\/101293"}],"wp:attachment":[{"href":"https:\/\/factory.sale\/et\/wp-json\/wp\/v2\/media?parent=101281"}],"wp:term":[{"taxonomy":"factory","embeddable":true,"href":"https:\/\/factory.sale\/et\/wp-json\/wp\/v2\/factory?post=101281"},{"taxonomy":"free-shipment","embeddable":true,"href":"https:\/\/factory.sale\/et\/wp-json\/wp\/v2\/free-shipment?post=101281"},{"taxonomy":"product_brand","embeddable":true,"href":"https:\/\/factory.sale\/et\/wp-json\/wp\/v2\/product_brand?post=101281"},{"taxonomy":"product_cat","embeddable":true,"href":"https:\/\/factory.sale\/et\/wp-json\/wp\/v2\/product_cat?post=101281"},{"taxonomy":"product_tag","embeddable":true,"href":"https:\/\/factory.sale\/et\/wp-json\/wp\/v2\/product_tag?post=101281"}],"curies":[{"name":"wp","href":"https:\/\/api.w.org\/{rel}","templated":true}]}}