{"id":101249,"date":"2025-03-15T22:22:03","date_gmt":"2025-03-15T19:22:05","guid":{"rendered":"https:\/\/factory.sale\/?post_type=product&#038;p=101249"},"modified":"2026-03-11T17:44:35","modified_gmt":"2026-03-11T14:44:35","slug":"auto-varjualune-connor-42m%c2%b2-250kg-m%c2%b2","status":"publish","type":"product","link":"https:\/\/factory.sale\/et\/toode\/auto-varjualune-connor-42m%c2%b2-250kg-m%c2%b2\/","title":{"rendered":"Auto varjualune Ralf 42m\u00b2 &#8211; 250kg\/m\u00b2"},"content":{"rendered":"<p>Kujuta ette oma neljarattalist s\u00f5pra, kaitstuna p\u00e4ikese, vihma ja lume eest &#8211; see on midagi, mida iga mees, oskab hinnata. Massiivpuidust praktilised ja<br \/>\npilkup\u00fc\u00fcdvad autovarjualused muudavad autoomaniku elu lihtsamaks. Need hommikud on ajalugu, kus autot enam lumest ning j\u00e4\u00e4st puhastama ei pead, sest n\u00fc\u00fcd j\u00e4\u00e4b alles ainult puhas s\u00f5idur\u00f5\u00f5m.<br \/>\nVarjualuse tugipostid ja kandvad talad on valmistatud vastupidavast liimpuidust, \u00fclej\u00e4\u00e4nud<br \/>\nkonstruktsiooni puhul on kasutatud h\u00f6\u00f6velmaterjali C24, mis tagab vastupidavuse iga ilmaga.<\/p>\n<p>Katusematerjaliks on tuntud RuukkiT20 trapetsplekk ja katuse \u00e4\u00e4red kaetud lisaplekkidega, et anda<br \/>\nvarjualusele visuaalselt terviklik v\u00e4limus. Katuseplekk on saadaval 12 eri v\u00e4rvitoonis, vali endale sobiv toon <a href=\"https:\/\/factory.sale\/wp-content\/uploads\/2024\/07\/roof-colours.png\" target=\"_blank\" rel=\"noopener\">SIIT<\/a>, et varjualune sobituks t\u00e4iuslikult teie kodu ja \u00fcmbrusega.<\/p>\n<p>Komplekti kuulub:<\/p>\n<p>vajalikud tarvikud ja kinnitusvahendid (v\u00e4lja arvatud postitallad vundamendile kinnitamiseks)<br \/>\ndetailsed paigaldusjoonised<br \/>\nkatusematerjal, tugipostid ja kandvad talad.<\/p>\n<p>Lisaks saab juurde tellida:<\/p>\n<p>4 k\u00fclgseina moodulit 2 tagaseina moodulit, mis pakuvad p\u00f5hjamaises kliimas t\u00f5husamat kaitset.<br \/>\nRuukki antikondensaatkangaga T20 plekk (v\u00e4listab kondentsvee tilkumise)<br \/>\nv\u00f5imalus valida sobiv v\u00e4rvitoon karkassi jaoks (<a href=\"https:\/\/factory.sale\/wp-content\/uploads\/2024\/07\/Ral-chart.pdf\" target=\"_blank\" rel=\"noopener\">192 tooni<\/a> kogu RAL v\u00e4rvikataloogist). Materjal v\u00e4rvitakse tehases pintsliga, mis tagab puidukaitse pikemaks ajaks.<\/p>\n<p>Tehnilised andmed:<\/p>\n<ul>\n<li>Laius: 700 cm<\/li>\n<li>S\u00fcgavus: 600 cm<\/li>\n<li>K\u00f5rgus: 270 cm<\/li>\n<li>Pindala: 42 m\u00b2<\/li>\n<li>Sissep\u00e4\u00e4su laius: 652 cm<\/li>\n<li>Sissep\u00e4\u00e4su k\u00f5rgus: 225 cm<\/li>\n<li>Katuse kaldenurk: 2<\/li>\n<li>Katuse materjal: Ruukki T20 trapetsplekk<\/li>\n<li>Kandvad talad: Liimpuit<\/li>\n<li>Tugisambad: liimpuit 140 \u00d7 140; 240 x 240 mm<\/li>\n<li>Katusetalad: liimpuit 115 \u00d7 225; 140 x 270\/320 mm<\/li>\n<li>Katuse koormus (lumekoormus): 250 kg\/m2<\/li>\n<\/ul>\n<p><img loading=\"lazy\" decoding=\"async\" class=\"alignnone size-medium wp-image-89231\" src=\"https:\/\/factory.sale\/wp-content\/uploads\/2024\/08\/Connor-42m2-1-300x240.jpg\" alt=\"\" width=\"300\" height=\"240\" srcset=\"https:\/\/factory.sale\/wp-content\/uploads\/2024\/08\/Connor-42m2-1-300x240.jpg 300w, https:\/\/factory.sale\/wp-content\/uploads\/2024\/08\/Connor-42m2-1-150x120.jpg 150w, https:\/\/factory.sale\/wp-content\/uploads\/2024\/08\/Connor-42m2-1-600x480.jpg 600w, https:\/\/factory.sale\/wp-content\/uploads\/2024\/08\/Connor-42m2-1.jpg 750w\" sizes=\"auto, (max-width: 300px) 100vw, 300px\" \/><\/p>\n<p>Telli juba t\u00e4na!, sest Sinu auto v\u00e4\u00e4rib parimat kaitset. Isegi naaber h\u00f5\u00f5rub enda silmi, sest meie autovarjualusega saab sinu kodust naabruskonna staar!<\/p>\n<p>Transport ja paigaldus:<\/p>\n<p>Objektile peab olema tagatud ligip\u00e4\u00e4s 11m pikkusele veokile, mis kaalub ca. 18 tonni. S\u00f5iduki saabumisel on mahalaadimiseks ette n\u00e4htud 30 minutit.<\/p>\n<p>Pakendi m\u00f5\u00f5tmed: K: 460mm; P: 6000mm; L: 1200mm; kaal: 1140kg<\/p>\n<p>*Tasuta transport Mandri-Eestis<\/p>\n","protected":false},"excerpt":{"rendered":"<p>Kvaliteetne auto varjualune: Vastupidav, stiilne, kohandatav<\/p>\n<p>Kaitske oma s\u00f5idukit meie tipptasemel auto varjualusega. Kohandage oma lemmik katuse v\u00e4rvitooniga ning valikuliste k\u00fclg- ja tagaseina moodulitega. Nautige kiiret ja puhtast paigaldust ning laia v\u00e4rvivalikut. Kvaliteet ja kliendirahulolu garanteeritud. V\u00f5tke meiega \u00fchendust, et kohandada oma ideaalne auto varjualune juba t\u00e4na!<\/p>\n","protected":false},"featured_media":101255,"comment_status":"open","ping_status":"closed","template":"","meta":{"_acf_changed":false},"factory":[5003],"free-shipment":[5024],"product_brand":[],"product_cat":[936],"product_tag":[939],"class_list":{"0":"post-101249","1":"product","2":"type-product","3":"status-publish","4":"has-post-thumbnail","6":"factory-puiduvennad","7":"free-shipment-tasuta-transport","8":"product_cat-auto-varjualused","9":"product_tag-carport-et","11":"first","12":"instock","13":"sale","14":"taxable","15":"shipping-taxable","16":"purchasable","17":"product-type-simple"},"acf":[],"_links":{"self":[{"href":"https:\/\/factory.sale\/et\/wp-json\/wp\/v2\/product\/101249","targetHints":{"allow":["GET"]}}],"collection":[{"href":"https:\/\/factory.sale\/et\/wp-json\/wp\/v2\/product"}],"about":[{"href":"https:\/\/factory.sale\/et\/wp-json\/wp\/v2\/types\/product"}],"replies":[{"embeddable":true,"href":"https:\/\/factory.sale\/et\/wp-json\/wp\/v2\/comments?post=101249"}],"wp:featuredmedia":[{"embeddable":true,"href":"https:\/\/factory.sale\/et\/wp-json\/wp\/v2\/media\/101255"}],"wp:attachment":[{"href":"https:\/\/factory.sale\/et\/wp-json\/wp\/v2\/media?parent=101249"}],"wp:term":[{"taxonomy":"factory","embeddable":true,"href":"https:\/\/factory.sale\/et\/wp-json\/wp\/v2\/factory?post=101249"},{"taxonomy":"free-shipment","embeddable":true,"href":"https:\/\/factory.sale\/et\/wp-json\/wp\/v2\/free-shipment?post=101249"},{"taxonomy":"product_brand","embeddable":true,"href":"https:\/\/factory.sale\/et\/wp-json\/wp\/v2\/product_brand?post=101249"},{"taxonomy":"product_cat","embeddable":true,"href":"https:\/\/factory.sale\/et\/wp-json\/wp\/v2\/product_cat?post=101249"},{"taxonomy":"product_tag","embeddable":true,"href":"https:\/\/factory.sale\/et\/wp-json\/wp\/v2\/product_tag?post=101249"}],"curies":[{"name":"wp","href":"https:\/\/api.w.org\/{rel}","templated":true}]}}