{"id":101232,"date":"2024-11-11T01:16:57","date_gmt":"2025-03-15T18:39:56","guid":{"rendered":"https:\/\/factory.sale\/?post_type=product&#038;p=101232"},"modified":"2026-03-29T14:57:25","modified_gmt":"2026-03-29T11:57:25","slug":"icon-220-saun-termopuidust","status":"publish","type":"product","link":"https:\/\/factory.sale\/et\/toode\/icon-220-saun-termopuidust\/","title":{"rendered":"ICON 220 saun termopuidust"},"content":{"rendered":"<p data-start=\"242\" data-end=\"484\">Meie Icon 220 saun on valmistatud kvaliteetsest t\u00f6\u00f6deldud termopuidust, mis tagab sauna stabiilsuse, pika eluea ning sobib h\u00e4sti ka allergikutele, kellele tavaline puit ei sobi. Hoia oma tervist ning naudi regulaarseid saunaelamusi juba t\u00e4na!<\/p>\n<p data-start=\"486\" data-end=\"508\"><strong data-start=\"486\" data-end=\"508\">Tehnilised andmed:<\/strong><\/p>\n<ul data-start=\"510\" data-end=\"867\">\n<li data-start=\"510\" data-end=\"533\">Kogupikkus: 2200 mm<\/li>\n<li data-start=\"534\" data-end=\"560\">V\u00e4lisl\u00e4bim\u00f5\u00f5t: 2310 mm<\/li>\n<li data-start=\"561\" data-end=\"584\">Koguk\u00f5rgus: 2360 mm<\/li>\n<li data-start=\"585\" data-end=\"606\">K\u00fclgseinad: 42 mm<\/li>\n<li data-start=\"607\" data-end=\"628\">Otsaseinad: 28 mm<\/li>\n<li data-start=\"629\" data-end=\"659\">Materjal: termopuit (m\u00e4nd)<\/li>\n<li data-start=\"660\" data-end=\"691\">Lavalauad: termopuit (haab)<\/li>\n<li data-start=\"692\" data-end=\"721\">Saunalava s\u00fcgavus: 600 mm<\/li>\n<li data-start=\"722\" data-end=\"786\">Klaasuks: 1890 x 690 mm, karastatud klaas 8 mm (pronks-toon)<\/li>\n<li data-start=\"787\" data-end=\"840\">Katusekatte v\u00e4rvid: pruun, roheline, must, punane<\/li>\n<li data-start=\"841\" data-end=\"867\">Mahutavus: 4\u20136 inimest<\/li>\n<\/ul>\n<p data-start=\"869\" data-end=\"879\"><strong data-start=\"869\" data-end=\"879\">Disain<\/strong><\/p>\n<p data-start=\"881\" data-end=\"1153\">Cube-disain sobitub suurep\u00e4raselt ka kaasaegsetesse aedadesse. Uus disain tagab v\u00f5rreldes klassikalise t\u00fcnnisaunaga rohkem ruumi selja taga ning kahe tasapinnaga k\u00f5rgemad lavad v\u00f5imaldavad istuda k\u00f5rgemal, mis tagab efektiivsema kuumuse jaotuse ning mugavama saunaelamuse.<\/p>\n<p data-start=\"1155\" data-end=\"1178\"><strong data-start=\"1155\" data-end=\"1178\">Kompaktne ja lihtne<\/strong><\/p>\n<p data-start=\"1180\" data-end=\"1403\">Icon 220 sobib ka v\u00e4iksematesse aedadesse ega vaja kallist pinnase ettevalmistust. Sauna monteerimine on lihtne ning j\u00f5ukohane igale perele. Vaatamata kompaktsetele m\u00f5\u00f5tmetele mahutab see korraga mugavalt kuni neli inimest.<\/p>\n<p data-start=\"1405\" data-end=\"1430\"><strong data-start=\"1405\" data-end=\"1430\">Paindlikkus ja ohutus<\/strong><\/p>\n<p data-start=\"1432\" data-end=\"1620\">Iconi kuubikukujuline disain v\u00f5imaldab kasutada nii elektri- kui ka puuk\u00fcttega kerist. Keris paigaldatakse alati sauna tagumisse otsa, mis muudab saunast v\u00e4ljumise turvaliseks ja mugavaks.<\/p>\n<p data-start=\"1622\" data-end=\"1661\"><strong data-start=\"1622\" data-end=\"1661\">Termopuidu omadused ja valmistamine<\/strong><\/p>\n<p data-start=\"1663\" data-end=\"2014\">Termot\u00f6\u00f6tluse k\u00e4igus kuumutatakse puitu temperatuuril 180\u2013230 \u00b0C ilma hapniku juurdep\u00e4\u00e4suta. Selle tulemusel v\u00e4heneb oluliselt puidu niiskusimavus ning puidus h\u00e4vivad seened ja bakterid, mis pikendab oluliselt selle eluiga. K\u00f5ik sauna puitosad (v\u00e4lja arvatud ukse- ja aknaraamid, katusepaneelid ja alusraamid) on valmistatud p\u00f5hjamaisest termopuidust.<\/p>\n<ul data-start=\"2016\" data-end=\"2244\">\n<li data-start=\"2016\" data-end=\"2040\">V\u00e4ga pikk kasutusiga<\/li>\n<li data-start=\"2041\" data-end=\"2068\">Vastupidav m\u00e4danemisele<\/li>\n<li data-start=\"2069\" data-end=\"2104\">V\u00e4iksem paisumine ja kahanemine<\/li>\n<li data-start=\"2105\" data-end=\"2140\">V\u00e4hem pragunemist ja l\u00f5henemist<\/li>\n<li data-start=\"2141\" data-end=\"2181\">Puidu m\u00f5\u00f5tmete stabiilsuse s\u00e4ilimine<\/li>\n<li data-start=\"2182\" data-end=\"2202\">Parem kandev\u00f5ime<\/li>\n<li data-start=\"2203\" data-end=\"2244\">Oluliselt v\u00e4iksem niiskuse imendumine<\/li>\n<\/ul>\n<p data-start=\"2246\" data-end=\"2267\"><strong data-start=\"2246\" data-end=\"2267\">Komplekti kuulub:<\/strong><\/p>\n<ul data-start=\"2269\" data-end=\"2621\">\n<li data-start=\"2269\" data-end=\"2283\">Alusraamid<\/li>\n<li data-start=\"2284\" data-end=\"2307\">K\u00fclg- ja tagaseinad<\/li>\n<li>Karastatud klaasist uks k\u00e4epideme ja hingedega<\/li>\n<li data-start=\"2308\" data-end=\"2334\">Saunapingid ja jalatoed<\/li>\n<li data-start=\"2335\" data-end=\"2375\">Katusekattematerjal (bituumensindel)<\/li>\n<li data-start=\"2376\" data-end=\"2397\">Viimistlusliistud<\/li>\n<li data-start=\"2398\" data-end=\"2408\">P\u00f5rand<\/li>\n<li data-start=\"2409\" data-end=\"2454\">Terrass koos pinkide ja p\u00f5randaga<\/li>\n<li data-start=\"2455\" data-end=\"2476\">Kerisekaitsepiire<\/li>\n<li data-start=\"2477\" data-end=\"2517\">Roostevabast terasest pingutusvitsad<\/li>\n<li data-start=\"2518\" data-end=\"2567\">Montaa\u017eikomplekt (kruvid ja kinnitusvahendid)<\/li>\n<li data-start=\"2568\" data-end=\"2592\">Ventilatsioonirestid<\/li>\n<li data-start=\"2593\" data-end=\"2621\">Detailne paigaldusjuhend<\/li>\n<\/ul>\n<p data-start=\"2623\" data-end=\"2675\">Pakend: 1 kaubaalus, m\u00f5\u00f5tudega ca 235 x 120 x 120 cm, kaal ca 900 kg<\/p>\n<p>NB! K\u00fcttekeha ei kuulu komplekti! <a href=\"https:\/\/factory.sale\/et\/toode\/elektriline-keris-harvia-cilindro-pc90\/\" target=\"_blank\" rel=\"noopener\">Leia sobiv elektrikeris siit<\/a> ja <a href=\"https:\/\/factory.sale\/et\/toode\/harvia-m3-puukeris\/\" target=\"_blank\" rel=\"noopener\">puuk\u00fcttega keris siit.<\/a><\/p>\n<p><strong>Valikulised lisad (lisatasu eest):<\/strong><\/p>\n<ul>\n<li>Poolpanoraam aken tagaseinas (saadaval pronksi v\u00f5i peegli viimistlusega)<\/li>\n<li>T\u00e4isklaasist tagasein (saadaval pronksi v\u00f5i peegli viimistlusega)<\/li>\n<li>LED-valgustusribad<\/li>\n<li>2 avatavat akent<\/li>\n<li>2 mitte avanevat akent<\/li>\n<li>Seljatoekomplekt (2tk)<\/li>\n<li>Kaelatoekomplekt (2 tk)<\/li>\n<li>Saunatarvikute komplekt (kibu, kulp\u00a0 ja termomeeter)<\/li>\n<li>Veepaak korstnale<\/li>\n<li>Korstnakomplekt + kerisekivid<\/li>\n<li>Puuk\u00fcttega keris <a href=\"https:\/\/factory.sale\/et\/toode\/harvia-m3-puukeris\/\" target=\"_blank\" rel=\"noopener\">Harvia M3<\/a><\/li>\n<li>Puuk\u00fcttega keris\u00a0<a href=\"https:\/\/factory.sale\/et\/toode\/puukuttega-keris-huum-hive-wood-13-kw\/\" target=\"_blank\" rel=\"noopener\">HUUM HIVE Wood 13 kW<\/a><\/li>\n<li>Puuk\u00fcttega keris <a href=\"https:\/\/factory.sale\/et\/toode\/huum-hive-flow-puukuttega-keris-98kw-2\/\" target=\"_blank\" rel=\"noopener\">HUUM HIVE Flow 9.8 kW<\/a><\/li>\n<li>Elektrikeris <a href=\"https:\/\/factory.sale\/et\/toode\/elektrikeris-huum-hive-12kw\/\" target=\"_blank\" rel=\"noopener\">HUUM HIVE 12 kW<\/a><\/li>\n<li>Elektrikeris <a href=\"https:\/\/factory.sale\/et\/toode\/elektriline-keris-harvia-cilindro-pc90\/\" target=\"_blank\" rel=\"noopener\">Harvia PC90<\/a><\/li>\n<li>Elektrikeris <a href=\"https:\/\/factory.sale\/et\/toode\/elektrikeris-huum-hive-mini-9kw\/\" target=\"_blank\" rel=\"noopener\">HUUM HIVE Mini 9 kW<\/a><\/li>\n<li>Elektrikeris <a href=\"https:\/\/factory.sale\/et\/toode\/elektrikeris-huum-drop-9-kw\/\" target=\"_blank\" rel=\"noopener\">HUUM DROP 9 kW<\/a><\/li>\n<\/ul>\n<p>ICON v\u00e4lisaun sobib ideaalselt koduaeda, terrassile v\u00f5i puhkekeskusesse, kus maksimaalne ruumikasutus ja silmapaistev disain on sama olulised kui kvaliteetne l\u00f5\u00f5gastus.<\/p>\n","protected":false},"excerpt":{"rendered":"<p>Kui saun ei ole lihtsalt saun, vaid disainielement. See avar kuubiksaun pakub saunakogemust, mis \u00fchendab endas modernse disaini ja praktilisuse.<\/p>\n","protected":false},"featured_media":92124,"comment_status":"open","ping_status":"closed","template":"","meta":{"_acf_changed":false},"factory":[],"free-shipment":[],"product_brand":[],"product_cat":[826,1643,784],"product_tag":[4444,811],"class_list":{"0":"post-101232","1":"product","2":"type-product","3":"status-publish","4":"has-post-thumbnail","6":"product_cat-saunas-et","7":"product_cat-tunnisaun","8":"product_cat-sanitaartehnika","9":"product_tag-garden-sauna-et","10":"product_tag-sauna-et","12":"first","13":"instock","14":"sale","15":"taxable","16":"shipping-taxable","17":"purchasable","18":"product-type-simple"},"acf":[],"_links":{"self":[{"href":"https:\/\/factory.sale\/et\/wp-json\/wp\/v2\/product\/101232","targetHints":{"allow":["GET"]}}],"collection":[{"href":"https:\/\/factory.sale\/et\/wp-json\/wp\/v2\/product"}],"about":[{"href":"https:\/\/factory.sale\/et\/wp-json\/wp\/v2\/types\/product"}],"replies":[{"embeddable":true,"href":"https:\/\/factory.sale\/et\/wp-json\/wp\/v2\/comments?post=101232"}],"wp:featuredmedia":[{"embeddable":true,"href":"https:\/\/factory.sale\/et\/wp-json\/wp\/v2\/media\/92124"}],"wp:attachment":[{"href":"https:\/\/factory.sale\/et\/wp-json\/wp\/v2\/media?parent=101232"}],"wp:term":[{"taxonomy":"factory","embeddable":true,"href":"https:\/\/factory.sale\/et\/wp-json\/wp\/v2\/factory?post=101232"},{"taxonomy":"free-shipment","embeddable":true,"href":"https:\/\/factory.sale\/et\/wp-json\/wp\/v2\/free-shipment?post=101232"},{"taxonomy":"product_brand","embeddable":true,"href":"https:\/\/factory.sale\/et\/wp-json\/wp\/v2\/product_brand?post=101232"},{"taxonomy":"product_cat","embeddable":true,"href":"https:\/\/factory.sale\/et\/wp-json\/wp\/v2\/product_cat?post=101232"},{"taxonomy":"product_tag","embeddable":true,"href":"https:\/\/factory.sale\/et\/wp-json\/wp\/v2\/product_tag?post=101232"}],"curies":[{"name":"wp","href":"https:\/\/api.w.org\/{rel}","templated":true}]}}