{"id":101220,"date":"2025-03-15T19:39:18","date_gmt":"2025-03-15T16:39:20","guid":{"rendered":"https:\/\/factory.sale\/?post_type=product&#038;p=101220"},"modified":"2026-03-29T12:16:52","modified_gmt":"2026-03-29T09:16:52","slug":"icon-385-saun","status":"publish","type":"product","link":"https:\/\/factory.sale\/et\/toode\/icon-385-saun\/","title":{"rendered":"ICON 385 saun"},"content":{"rendered":"<p data-start=\"208\" data-end=\"282\">Tutvustame Icon 385 sauna \u2013 ruumikas ja elegantne saun, mis sobib igasse keskkonda.<\/p>\n<p data-start=\"284\" data-end=\"595\">Icon 385 on muljetavaldav saun, mis \u00fchendab avaruse, elegantse disaini ja esmaklassilised materjalid. Valmistatud kvaliteetsest p\u00f5hjamaisest kuuse puidust, mis tagab sauna suurep\u00e4rase stabiilsuse, vastupidavuse ja klassikalise p\u00f5hjamaise v\u00e4limuse. Lava on valmistatud naturaalsest t\u00f6\u00f6tlemata lepapuidust.<\/p>\n<p><strong>Tehnilised andmed:<\/strong><\/p>\n<ul>\n<li>Kogupikkus: 3850 mm<\/li>\n<li>L\u00e4bim\u00f5\u00f5t: 2310 mm<\/li>\n<li>Koguk\u00f5rgus: 2360 mm<\/li>\n<li>K\u00fclgseinad: 42mm<\/li>\n<li>Otsaseinad: 28mm<\/li>\n<li>Materjal: Kvaliteetne skandinaavia kuusk, t\u00f6\u00f6tlemata<\/li>\n<li>Sauna pingid: Lepp, t\u00f6\u00f6tlemata. Puidukaitseks soovitame kasutada\u00a0<a href=\"https:\/\/factory.sale\/et\/toode\/varvitu-oli-saunalavadele-supi-laudesuoja-1l\/\" target=\"_blank\" rel=\"noopener\">Tikkurila Sauna SUPI sarja<\/a><\/li>\n<li>Saunalava s\u00fcgavus: 600 mm<\/li>\n<li>2 x klaasuks: 1890 x 690 mm, karastatud klaas 8 mm (pronksi toon)<\/li>\n<li>Katusekatte v\u00e4rvivalik: pruun, roheline, must, punane<\/li>\n<li>Kaks eraldi ruumi ja terrassi osa<\/li>\n<li>Mahutavus: 4-6 inimest<\/li>\n<\/ul>\n<p>&nbsp;<\/p>\n<p data-start=\"950\" data-end=\"1198\">DISAIN<br data-start=\"956\" data-end=\"959\" \/>Kuubiku kujuline disain sobib suurep\u00e4raselt kaasaegsetesse aedadesse. See uudne disain tagab parema saunaelamuse, pakkudes rohkem ruumi ja mugavust kui tavaline t\u00fcnnsaun. Samas on see endiselt lihtsalt kokkupandav ja vajadusel teisaldatav.<\/p>\n<p data-start=\"1200\" data-end=\"1465\">RUUMIKAS JA NUTIKAS<br data-start=\"1219\" data-end=\"1222\" \/>Icon 385\u00a0 on m\u00f5eldud mahutama kogu pere korraga, samas j\u00e4\u00e4des piisavalt kompaktseks, et sobituda enamikesse kaasaegsetesse aedadesse. Mudeli kokkupanek on lihtne ja j\u00f5ukohane igale perele, muutes sauna kasutamise mugavaks ja nauditavaks.<\/p>\n<p data-start=\"1467\" data-end=\"1677\">KOMPAKTNE JA LIHTNE<br data-start=\"1486\" data-end=\"1489\" \/>Kuigi Icon 385\u00a0 on suurem mudel, ei n\u00f5ua selle paigaldamine keerulist ettevalmistust\u00f6\u00f6d. Mudeli \u00fclesseadmine on lihtne ja j\u00f5ukohane, mis muudab sauna omamise mugavaks ja nauditavaks.<\/p>\n<p data-start=\"1679\" data-end=\"1964\">MUGAVUS<br data-start=\"1686\" data-end=\"1689\" \/>Mudelis on lisaks saunaruumile ka mugav riietumis- ja l\u00f5\u00f5gastusruum, kus saunasessioonide vahel mugavalt puhata ja l\u00e4hedastega suhelda. Lisaruum aitab hoida sauna ruumi soojust ning mudelit saab kasutada nii elektrilise kui ka puuk\u00fcttega kerisega vastavalt kliendi soovile.<\/p>\n<p data-start=\"1966\" data-end=\"2342\">P\u00d5HJAMAISE KUUSE OMADUSED<br data-start=\"1991\" data-end=\"1994\" \/>P\u00f5hjamaine kuusk on traditsiooniline ja vastupidav puitmaterjal, mis sobib suurep\u00e4raselt v\u00e4listingimustes kasutamiseks. Selle loomulik ilu, tugev struktuur ja meeldiv hele v\u00e4limus muudavad selle ideaalseks materjaliks saunade ehitamiseks. Soovitame puitu regulaarselt t\u00f6\u00f6delda puidukaitsevahendiga, et s\u00e4ilitada selle ilu ja pikendada sauna eluiga.<\/p>\n<p>&nbsp;<\/p>\n<p><strong>Komplekt sisaldab:<\/strong><\/p>\n<ul>\n<li data-start=\"2269\" data-end=\"2283\">Alusraamid<\/li>\n<li data-start=\"2284\" data-end=\"2307\">K\u00fclg- ja otsaseinad<\/li>\n<li>2 x klaasuks &#8211; 8mm karastatud klaas (pronksi tooni)<\/li>\n<li data-start=\"2308\" data-end=\"2334\">Saunalavad ja jalatoed<\/li>\n<li data-start=\"2335\" data-end=\"2375\">Katusekattematerjal (bituumensindel)<\/li>\n<li data-start=\"2376\" data-end=\"2397\">Viimistlusliistud<\/li>\n<li data-start=\"2398\" data-end=\"2408\">P\u00f5rand<\/li>\n<li data-start=\"2409\" data-end=\"2454\">Terrass koos pinkide ja p\u00f5randaga<\/li>\n<li data-start=\"2455\" data-end=\"2476\">Kerise kaitsepiire<\/li>\n<li data-start=\"2455\" data-end=\"2476\">Kuumakindel minerit plaat<\/li>\n<li data-start=\"2477\" data-end=\"2517\">Roostevabast terasest pingutusvitsad<\/li>\n<li data-start=\"2518\" data-end=\"2567\">Montaa\u017eikomplekt (kruvid ja kinnitusvahendid)<\/li>\n<li data-start=\"2568\" data-end=\"2592\">Ventilatsioonirestid<\/li>\n<li data-start=\"2593\" data-end=\"2621\">Detailne paigaldusjuhend<\/li>\n<\/ul>\n<p>&nbsp;<\/p>\n<p>NB! Keris ei kuulu komplekti. <a href=\"https:\/\/factory.sale\/et\/toode\/elektriline-keris-harvia-cilindro-pc90\/\" target=\"_blank\" rel=\"noopener\">Sobiva elektrikerise leiate siit<\/a> ja <a href=\"https:\/\/factory.sale\/et\/toode\/harvia-m3-puukeris\/\" target=\"_blank\" rel=\"noopener\">puukerise siit<\/a>.<\/p>\n<p>&nbsp;<\/p>\n<p><strong>Valikulised lisad (lisatasu eest):<\/strong><\/p>\n<ul>\n<li>Poolpanoraam aken tagaseinas (saadaval pronksi v\u00f5i peegli viimistlusega)<\/li>\n<li>T\u00e4isklaasist tagasein (saadaval pronksi v\u00f5i peegli viimistlusega)<\/li>\n<li>Klaasist esisein (klaasuksega) (saadaval pronksi v\u00f5i peegli viimistlusega)<\/li>\n<li>LED-valgustusribad<\/li>\n<li>2 avatavat akent<\/li>\n<li>2 mitte avanevat akent<\/li>\n<li>Seljatoekomplekt (2tk)<\/li>\n<li>Kaelatoekomplekt (2 tk)<\/li>\n<li>Saunatarvikute komplekt (kibu, kulp\u00a0 ja termomeeter)<\/li>\n<li>Veepaak korstnale<\/li>\n<li>Korstnakomplekt + kerisekivid<\/li>\n<li>Puuk\u00fcttega keris <a href=\"https:\/\/factory.sale\/et\/toode\/harvia-m3-puukeris\/\" target=\"_blank\" rel=\"noopener\">Harvia M3<\/a><\/li>\n<li>Puuk\u00fcttega keris\u00a0<a href=\"https:\/\/factory.sale\/et\/toode\/puukuttega-keris-huum-hive-wood-13-kw\/\" target=\"_blank\" rel=\"noopener\">HUUM HIVE Wood 13 kW<\/a><\/li>\n<li>Puuk\u00fcttega keris <a href=\"https:\/\/factory.sale\/et\/toode\/huum-hive-flow-puukuttega-keris-98kw-2\/\" target=\"_blank\" rel=\"noopener\">HUUM HIVE Flow 9.8 kW<\/a><\/li>\n<li>Elektrikeris <a href=\"https:\/\/factory.sale\/et\/toode\/elektrikeris-huum-hive-12kw\/\" target=\"_blank\" rel=\"noopener\">HUUM HIVE 12 kW<\/a><\/li>\n<li>Elektrikeris <a href=\"https:\/\/factory.sale\/et\/toode\/elektriline-keris-harvia-cilindro-pc90\/\" target=\"_blank\" rel=\"noopener\">Harvia PC90<\/a><\/li>\n<li>Elektrikeris <a href=\"https:\/\/factory.sale\/et\/toode\/elektrikeris-huum-hive-mini-9kw\/\" target=\"_blank\" rel=\"noopener\">HUUM HIVE Mini 9 kW<\/a><\/li>\n<li>Elektrikeris <a href=\"https:\/\/factory.sale\/et\/toode\/elektrikeris-huum-drop-9-kw\/\" target=\"_blank\" rel=\"noopener\">HUUM DROP 9 kW<\/a><\/li>\n<\/ul>\n<p>&nbsp;<\/p>\n<p><a href=\"https:\/\/factory.sale\/wp-content\/uploads\/2024\/10\/Icon-Sauna-385O226_compressed.pdf\" target=\"_blank\" rel=\"noopener\">Vaata v\u00f5i lae alla joonis siit<\/a><\/p>\n<p>&nbsp;<\/p>\n<p>P\u00f5hjamaine kuusk, nagu k\u00f5ik puiduliigid, muutub UV-kiirguse m\u00f5jul aja jooksul hallikamaks. Soovitame puitu siiski regulaarselt t\u00f6\u00f6delda puidukaitsevahendiga, et s\u00e4ilitada selle kaunis v\u00e4limus ja tagada pikaajaline vastupidavus.<\/p>\n","protected":false},"excerpt":{"rendered":"<p>Kui saun ei ole lihtsalt saun, vaid disainielement. See avar kuubiksaun pakub saunakogemust, mis \u00fchendab endas modernse disaini ja praktilisuse.<\/p>\n","protected":false},"featured_media":92181,"comment_status":"open","ping_status":"closed","template":"","meta":{"_acf_changed":false},"factory":[],"free-shipment":[],"product_brand":[],"product_cat":[826,1643,2257,784],"product_tag":[4444],"class_list":{"0":"post-101220","1":"product","2":"type-product","3":"status-publish","4":"has-post-thumbnail","6":"product_cat-saunas-et","7":"product_cat-tunnisaun","8":"product_cat-valisaun","9":"product_cat-sanitaartehnika","10":"product_tag-garden-sauna-et","12":"first","13":"instock","14":"sale","15":"taxable","16":"shipping-taxable","17":"purchasable","18":"product-type-simple"},"acf":[],"_links":{"self":[{"href":"https:\/\/factory.sale\/et\/wp-json\/wp\/v2\/product\/101220","targetHints":{"allow":["GET"]}}],"collection":[{"href":"https:\/\/factory.sale\/et\/wp-json\/wp\/v2\/product"}],"about":[{"href":"https:\/\/factory.sale\/et\/wp-json\/wp\/v2\/types\/product"}],"replies":[{"embeddable":true,"href":"https:\/\/factory.sale\/et\/wp-json\/wp\/v2\/comments?post=101220"}],"wp:featuredmedia":[{"embeddable":true,"href":"https:\/\/factory.sale\/et\/wp-json\/wp\/v2\/media\/92181"}],"wp:attachment":[{"href":"https:\/\/factory.sale\/et\/wp-json\/wp\/v2\/media?parent=101220"}],"wp:term":[{"taxonomy":"factory","embeddable":true,"href":"https:\/\/factory.sale\/et\/wp-json\/wp\/v2\/factory?post=101220"},{"taxonomy":"free-shipment","embeddable":true,"href":"https:\/\/factory.sale\/et\/wp-json\/wp\/v2\/free-shipment?post=101220"},{"taxonomy":"product_brand","embeddable":true,"href":"https:\/\/factory.sale\/et\/wp-json\/wp\/v2\/product_brand?post=101220"},{"taxonomy":"product_cat","embeddable":true,"href":"https:\/\/factory.sale\/et\/wp-json\/wp\/v2\/product_cat?post=101220"},{"taxonomy":"product_tag","embeddable":true,"href":"https:\/\/factory.sale\/et\/wp-json\/wp\/v2\/product_tag?post=101220"}],"curies":[{"name":"wp","href":"https:\/\/api.w.org\/{rel}","templated":true}]}}