{"id":10121,"date":"2022-07-15T09:59:52","date_gmt":"2022-07-20T20:19:38","guid":{"rendered":"https:\/\/factory.sale\/?post_type=product&#038;p=10121"},"modified":"2024-06-27T13:13:47","modified_gmt":"2024-06-27T13:13:47","slug":"pargipink-roman-p-ii","status":"publish","type":"product","link":"https:\/\/factory.sale\/et\/toode\/pargipink-roman-p-ii\/","title":{"rendered":"Pargipink &#8220;Roman P II&#8221;"},"content":{"rendered":"<ul>\n<li>Kaasaegne ja samal ajal klassikaline pargipink.<\/li>\n<li>Uusim mudel pinkide perekonnas.<\/li>\n<li>M\u00f5eldud k\u00f5ige n\u00f5udlikumatele kasutajatele.<\/li>\n<li>Ergonoomiline ja esteetiliste v\u00e4\u00e4rtusega, v\u00f5imaldab igal pingi kasutajal paremini l\u00f5\u00f5gastuda.<\/li>\n<li>Seet\u00f5ttu t\u00e4idab Roma pargipink suurep\u00e4raselt linnaruumi, haljasala v\u00f5i elamurajooni.<\/li>\n<\/ul>\n<p>&nbsp;<\/p>\n<p><strong>Lisainformatsioon:<\/strong><\/p>\n<ul>\n<li>Pingi pikkus: 191 cm<\/li>\n<li>Pingi laius: 36 cm<\/li>\n<li>Pingi k\u00f5rgus: 44 cm<\/li>\n<li>Istme pikkus: 161 cm<\/li>\n<li>Istme laius: 34,5 cm<\/li>\n<li>Istme k\u00f5rgus: 44 cm<\/li>\n<li>Materjal: betoon, teras , puit<\/li>\n<li>Tsingitud, pulberv\u00e4rvitud<\/li>\n<li>Puidu toon: Mahagon, tiikpuu, palisander<\/li>\n<li>Sertifikaat: PN EN 1176<\/li>\n<li>Garantii 2 aastat<\/li>\n<\/ul>\n<p>&nbsp;<\/p>\n<p>&nbsp;<\/p>\n<p>&nbsp;<\/p>\n<p><em>Minimaalne kogus 8 tk!<\/em><br \/>\n<em>Alates 8 tk transport tasuta!<\/em><\/p>\n","protected":false},"excerpt":{"rendered":"<p><strong>Vastupidav betoonist pargipink, mis on m\u00f5eldud kestma!<\/strong><\/p>\n<p>Kvaliteetne pink \u00fctleb, et siin on turvaline avada raamat oma lemmiktegelastega v\u00f5i nautida m\u00f5nusat ilma.<\/p>\n","protected":false},"featured_media":10114,"comment_status":"open","ping_status":"closed","template":"","meta":{"_acf_changed":false},"factory":[],"free-shipment":[],"product_brand":[],"product_cat":[1100,1114],"product_tag":[2713],"class_list":{"0":"post-10121","1":"product","2":"type-product","3":"status-publish","4":"has-post-thumbnail","6":"product_cat-linnamoobel","7":"product_cat-pingid","8":"product_tag-bench-et","10":"first","11":"instock","12":"sale","13":"taxable","14":"shipping-taxable","15":"purchasable","16":"product-type-simple"},"acf":[],"_links":{"self":[{"href":"https:\/\/factory.sale\/et\/wp-json\/wp\/v2\/product\/10121","targetHints":{"allow":["GET"]}}],"collection":[{"href":"https:\/\/factory.sale\/et\/wp-json\/wp\/v2\/product"}],"about":[{"href":"https:\/\/factory.sale\/et\/wp-json\/wp\/v2\/types\/product"}],"replies":[{"embeddable":true,"href":"https:\/\/factory.sale\/et\/wp-json\/wp\/v2\/comments?post=10121"}],"wp:featuredmedia":[{"embeddable":true,"href":"https:\/\/factory.sale\/et\/wp-json\/wp\/v2\/media\/10114"}],"wp:attachment":[{"href":"https:\/\/factory.sale\/et\/wp-json\/wp\/v2\/media?parent=10121"}],"wp:term":[{"taxonomy":"factory","embeddable":true,"href":"https:\/\/factory.sale\/et\/wp-json\/wp\/v2\/factory?post=10121"},{"taxonomy":"free-shipment","embeddable":true,"href":"https:\/\/factory.sale\/et\/wp-json\/wp\/v2\/free-shipment?post=10121"},{"taxonomy":"product_brand","embeddable":true,"href":"https:\/\/factory.sale\/et\/wp-json\/wp\/v2\/product_brand?post=10121"},{"taxonomy":"product_cat","embeddable":true,"href":"https:\/\/factory.sale\/et\/wp-json\/wp\/v2\/product_cat?post=10121"},{"taxonomy":"product_tag","embeddable":true,"href":"https:\/\/factory.sale\/et\/wp-json\/wp\/v2\/product_tag?post=10121"}],"curies":[{"name":"wp","href":"https:\/\/api.w.org\/{rel}","templated":true}]}}